{"id":156739,"date":"2015-10-27T16:51:48","date_gmt":"2015-10-27T15:51:48","guid":{"rendered":"https:\/\/mini-bob.com\/den-gule-mini-bob-zipflbob\/"},"modified":"2025-11-22T20:45:11","modified_gmt":"2025-11-22T19:45:11","slug":"den-gule-mini-bob-zipflbob","status":"publish","type":"page","link":"https:\/\/mini-bob.com\/nb\/den-gule-mini-bob-zipflbob\/","title":{"rendered":"den gule mini bob \/ zipflbob"},"content":{"rendered":"<div class=\"wpb-content-wrapper\"><p>[vc_row][vc_column width=&raquo;1\/2&#8243;][vc_single_image image=&raquo;146148&#8243; img_size=&raquo;large&raquo;][\/vc_column][vc_column width=&raquo;1\/2&#8243;][vc_custom_heading text=&raquo;Den originale mini bob (Zipflbob) i gult&raquo; google_fonts=&raquo;font_family:Roboto%20Condensed%3A300%2C300italic%2Cregular%2Citalic%2C700%2C700italic|font_style:400%20regular%3A400%3Anormal&raquo;][vc_column_text]Mini bob (Zipflbob) ble produsert og solgt i fargen gul fra 1976 til 2010.<\/p>\n<p>I Zipflbob&#8217;ens barndom ble den lille plastsleden\/plastbobben fortsatt produsert og solgt med gult h\u00e5ndtak (Zipfl) og kun svart sete. Senere, fra 1980-tallet og utover, ble ogs\u00e5 h\u00e5ndtaket svart, og den gule fargen ble sterkere. <\/p>\n<p>Akkurat som den r\u00f8de zipflboben og den bl\u00e5 zipflboben ble den gule zipflboben en eviggr\u00f8nn. Den gule fargen ble erstattet av oransje f\u00f8rst i 2010. <\/p>\n<p>Siden 2017 har det kommet en ny utgave av den originale mini bob i fargen gul.[\/vc_column_text]<style type=\"text\/css\" data-type=\"the7_shortcodes-inline-css\">#default-btn-feaf5ecc971ec7c4934166b4754ca2e3.ico-right-side > i {\n  margin-right: 0px;\n  margin-left: 8px;\n}\n#default-btn-feaf5ecc971ec7c4934166b4754ca2e3 > i {\n  margin-right: 8px;\n}<\/style><a href=\"https:\/\/mini-bob.com\/nb\/produkt\/original-mini-bob-zipflbob-akebrett-i-gult\/\" class=\"default-btn-shortcode dt-btn dt-btn-l pulse animate-element animation-builder link-hover-off btn-inline-left \" id=\"default-btn-feaf5ecc971ec7c4934166b4754ca2e3\" title=\"+AUSVERKAUFT+ original mini bob (Zipfelbob) in gelb\"><span>KJ\u00d8P GUL ZIPFLBOB<\/span><\/a>[\/vc_column][\/vc_row][vc_row][vc_column][vc_empty_space][\/vc_column][\/vc_row][vc_row][vc_column width=&raquo;1\/2&#8243;][vc_empty_space height=&raquo;70px&raquo;][vc_custom_heading text=&raquo;1980 Prototype gul bob med malt h\u00e5ndtak (Zipfy)&raquo; google_fonts=&raquo;font_family:Roboto%20Condensed%3A300%2C300italic%2Cregular%2Citalic%2C700%2C700italic|font_style:400%20regular%3A400%3Anormal&raquo;][vc_empty_space height=&raquo;50px&raquo;]<style type=\"text\/css\" data-type=\"the7_shortcodes-inline-css\">#default-btn-bd54386a6c0e84e38fa1c6eee4ac46d3.ico-right-side > i {\n  margin-right: 0px;\n  margin-left: 8px;\n}\n#default-btn-bd54386a6c0e84e38fa1c6eee4ac46d3 > i {\n  margin-right: 8px;\n}<\/style><a href=\"https:\/\/mini-bob.com\/nb\/akebrett-mini-bob\/\" class=\"default-btn-shortcode dt-btn dt-btn-l pulse animate-element animation-builder link-hover-off btn-inline-left \" id=\"default-btn-bd54386a6c0e84e38fa1c6eee4ac46d3\" title=\"der mini bob\"><span>MINI BOB I ANDRE FARGER<\/span><\/a>[vc_empty_space]<style type=\"text\/css\" data-type=\"the7_shortcodes-inline-css\">#default-btn-1456b6708678fba44f25293009e3144e.ico-right-side > i {\n  margin-right: 0px;\n  margin-left: 8px;\n}\n#default-btn-1456b6708678fba44f25293009e3144e > i {\n  margin-right: 8px;\n}<\/style><a href=\"https:\/\/mini-bob.com\/mini-bob-zipfelbob-shop\/\" class=\"default-btn-shortcode dt-btn dt-btn-l pulse animate-element animation-builder link-hover-off btn-inline-left \" id=\"default-btn-1456b6708678fba44f25293009e3144e\" title=\"Original mini bob (Zipfelbob) Shop\"><span>KLIKK HER FOR \u00c5 G\u00c5 DIREKTE TIL BUTIKKEN<\/span><\/a>[\/vc_column][vc_column width=&raquo;1\/2&#8243;][vc_single_image image=&raquo;3941&#8243; img_size=&raquo;large&raquo;][\/vc_column][\/vc_row]<\/p>\n<\/div>","protected":false},"excerpt":{"rendered":"<p>[vc_row][vc_column width=&raquo;1\/2&#8243;][vc_single_image image=&raquo;146148&#8243; img_size=&raquo;large&raquo;][\/vc_column][vc_column width=&raquo;1\/2&#8243;][vc_custom_heading text=&raquo;Den originale mini bob (Zipflbob) i gult&raquo; google_fonts=&raquo;font_family:Roboto%20Condensed%3A300%2C300italic%2Cregular%2Citalic%2C700%2C700italic|font_style:400%20regular%3A400%3Anormal&raquo;][vc_column_text]Mini bob (Zipflbob) ble produsert og solgt i fargen gul fra 1976 til 2010. I Zipflbob&#8217;ens barndom ble den lille plastsleden\/plastbobben fortsatt produsert og solgt med gult h\u00e5ndtak (Zipfl) og kun svart sete. Senere, fra 1980-tallet og utover, ble ogs\u00e5 h\u00e5ndtaket svart, og&hellip;<\/p>\n","protected":false},"author":1,"featured_media":0,"parent":0,"menu_order":0,"comment_status":"closed","ping_status":"closed","template":"","meta":{"_acf_changed":false,"footnotes":""},"class_list":["post-156739","page","type-page","status-publish","hentry","description-off"],"acf":[],"_links":{"self":[{"href":"https:\/\/mini-bob.com\/nb\/wp-json\/wp\/v2\/pages\/156739","targetHints":{"allow":["GET"]}}],"collection":[{"href":"https:\/\/mini-bob.com\/nb\/wp-json\/wp\/v2\/pages"}],"about":[{"href":"https:\/\/mini-bob.com\/nb\/wp-json\/wp\/v2\/types\/page"}],"author":[{"embeddable":true,"href":"https:\/\/mini-bob.com\/nb\/wp-json\/wp\/v2\/users\/1"}],"replies":[{"embeddable":true,"href":"https:\/\/mini-bob.com\/nb\/wp-json\/wp\/v2\/comments?post=156739"}],"version-history":[{"count":10,"href":"https:\/\/mini-bob.com\/nb\/wp-json\/wp\/v2\/pages\/156739\/revisions"}],"predecessor-version":[{"id":158334,"href":"https:\/\/mini-bob.com\/nb\/wp-json\/wp\/v2\/pages\/156739\/revisions\/158334"}],"wp:attachment":[{"href":"https:\/\/mini-bob.com\/nb\/wp-json\/wp\/v2\/media?parent=156739"}],"curies":[{"name":"wp","href":"https:\/\/api.w.org\/{rel}","templated":true}]}}