{"id":156768,"date":"2015-10-27T16:34:53","date_gmt":"2015-10-27T15:34:53","guid":{"rendered":"https:\/\/mini-bob.com\/den-oransje-mini-bob-zipflbob\/"},"modified":"2025-11-22T17:28:24","modified_gmt":"2025-11-22T16:28:24","slug":"den-oransje-mini-bob-zipflbob","status":"publish","type":"page","link":"https:\/\/mini-bob.com\/nb\/den-oransje-mini-bob-zipflbob\/","title":{"rendered":"den oransje mini bob \/ zipflbob"},"content":{"rendered":"<div class=\"wpb-content-wrapper\"><p>[vc_row][vc_column width=&raquo;1\/2&#8243;][vc_single_image image=&raquo;4043&#8243; img_size=&raquo;large&raquo;][\/vc_column][vc_column width=&raquo;1\/2&#8243;][vc_custom_heading text=&raquo;Den originale mini bob (Zipflbob) i oransje&raquo; google_fonts=&raquo;font_family:Roboto%20Condensed%3A300%2C300italic%2Cregular%2Citalic%2C700%2C700italic|font_style:400%20regular%3A400%3Anormal&raquo;][vc_column_text]Den oransje mini bob (Zipflbob) erstattet den gule mini bob i 2010 og ble produsert og solgt frem til 2014.<\/p>\n<p>Som en spesiell farge i retrodesign skulle Orange Zipflbob - mini bob minne om fargene som var popul\u00e6re p\u00e5 1970-tallet.<\/p>\n<p>Fargen oransje dominerte hverdagen p\u00e5 1970-tallet. Det fantes biler i oransje, vegger ble tapetsert i oransjegult, og kj\u00f8kkenapparater og m\u00f8bler ble produsert i oransje.[\/vc_column_text][vc_empty_space]<style type=\"text\/css\" data-type=\"the7_shortcodes-inline-css\">#default-btn-29c87eb0f5a251bd1c583eb351fe4b16.ico-right-side > i {\n  margin-right: 0px;\n  margin-left: 8px;\n}\n#default-btn-29c87eb0f5a251bd1c583eb351fe4b16 > i {\n  margin-right: 8px;\n}<\/style><a href=\"https:\/\/mini-bob.com\/mini-bob-zipfelbob-shop\/\" class=\"default-btn-shortcode dt-btn dt-btn-l pulse animate-element animation-builder link-hover-off btn-inline-left \" id=\"default-btn-29c87eb0f5a251bd1c583eb351fe4b16\" title=\"Original mini bob (Zipflbob) Butikk\"><span>KLIKK HER FOR \u00c5 G\u00c5 DIREKTE TIL BUTIKKEN<\/span><\/a>[\/vc_column][\/vc_row][vc_row][vc_column][vc_empty_space][\/vc_column][\/vc_row][vc_row][vc_column width=&raquo;1\/2&#8243;][vc_empty_space][vc_empty_space]<style type=\"text\/css\" data-type=\"the7_shortcodes-inline-css\">#default-btn-c2e38934366ede6c51e2f3f06b104ffa.ico-right-side > i {\n  margin-right: 0px;\n  margin-left: 8px;\n}\n#default-btn-c2e38934366ede6c51e2f3f06b104ffa > i {\n  margin-right: 8px;\n}<\/style><div class=\"btn-align-center\"><a href=\"https:\/\/mini-bob.com\/nb\/akebrett-mini-bob\/\" class=\"default-btn-shortcode dt-btn dt-btn-l pulse animate-element animation-builder link-hover-off \" id=\"default-btn-c2e38934366ede6c51e2f3f06b104ffa\" title=\"mini bob\"><span>MINI BOB I ANDRE FARGER<\/span><\/a><\/div>[\/vc_column][vc_column width=&raquo;1\/2&#8243;][vc_single_image image=&raquo;3943&#8243; img_size=&raquo;large&raquo;][\/vc_column][\/vc_row]<\/p>\n<\/div>","protected":false},"excerpt":{"rendered":"<p>[vc_row][vc_column width=&raquo;1\/2&#8243;][vc_single_image image=&raquo;4043&#8243; img_size=&raquo;large&raquo;][\/vc_column][vc_column width=&raquo;1\/2&#8243;][vc_custom_heading text=&raquo;Den originale mini bob (Zipflbob) i oransje&raquo; google_fonts=&raquo;font_family:Roboto%20Condensed%3A300%2C300italic%2Cregular%2Citalic%2C700%2C700italic|font_style:400%20regular%3A400%3Anormal&raquo;][vc_column_text]Den oransje mini bob (Zipflbob) erstattet den gule mini bob i 2010 og ble produsert og solgt frem til 2014. Som en spesiell farge i retrodesign skulle Orange Zipflbob - mini bob minne om fargene som var popul\u00e6re p\u00e5 1970-tallet. Fargen oransje dominerte&hellip;<\/p>\n","protected":false},"author":1,"featured_media":0,"parent":0,"menu_order":0,"comment_status":"closed","ping_status":"closed","template":"","meta":{"_acf_changed":false,"footnotes":""},"class_list":["post-156768","page","type-page","status-publish","hentry","description-off"],"acf":[],"_links":{"self":[{"href":"https:\/\/mini-bob.com\/nb\/wp-json\/wp\/v2\/pages\/156768","targetHints":{"allow":["GET"]}}],"collection":[{"href":"https:\/\/mini-bob.com\/nb\/wp-json\/wp\/v2\/pages"}],"about":[{"href":"https:\/\/mini-bob.com\/nb\/wp-json\/wp\/v2\/types\/page"}],"author":[{"embeddable":true,"href":"https:\/\/mini-bob.com\/nb\/wp-json\/wp\/v2\/users\/1"}],"replies":[{"embeddable":true,"href":"https:\/\/mini-bob.com\/nb\/wp-json\/wp\/v2\/comments?post=156768"}],"version-history":[{"count":4,"href":"https:\/\/mini-bob.com\/nb\/wp-json\/wp\/v2\/pages\/156768\/revisions"}],"predecessor-version":[{"id":156775,"href":"https:\/\/mini-bob.com\/nb\/wp-json\/wp\/v2\/pages\/156768\/revisions\/156775"}],"wp:attachment":[{"href":"https:\/\/mini-bob.com\/nb\/wp-json\/wp\/v2\/media?parent=156768"}],"curies":[{"name":"wp","href":"https:\/\/api.w.org\/{rel}","templated":true}]}}