{"id":156825,"date":"2015-08-07T11:32:01","date_gmt":"2015-08-07T09:32:01","guid":{"rendered":"https:\/\/mini-bob.com\/plastbob-kjoep-plastkjelker\/"},"modified":"2025-11-22T18:54:13","modified_gmt":"2025-11-22T17:54:13","slug":"plastbob-kjoep-plastkjelker","status":"publish","type":"page","link":"https:\/\/mini-bob.com\/nb\/plastbob-kjoep-plastkjelker\/","title":{"rendered":"Plastbob - Kj\u00f8p plastkjelker"},"content":{"rendered":"<div class=\"wpb-content-wrapper\"><p>[vc_row][vc_column][vc_custom_heading text=&raquo;Kj\u00f8p plastbob - den originale mini bob siden 1976&#8243; google_fonts=&raquo;font_family:Roboto%3A100%2C100italic%2C300%2C300italic%2Cregular%2Citalic%2C500%2C500italic%2C700%2C700italic%2C900%2C900italic|font_style:400%20regular%3A400%3Anormal&raquo;][vc_column_text]Er du p\u00e5 utkikk etter den ultimate plastbobben eller plastkjelken til deg selv eller barna dine?<\/p>\n<p>Enten du vil kj\u00f8pe en plastbob i gave eller er ute etter maksimal akeglede selv &#8230;<\/p>\n<p>har du kommet til rett sted med den originale mini bob!<\/p>\n<p>Her kan du finne ut hva som kanskje er den beste plastboben eller plastkjelken![\/vc_column_text][\/vc_column][\/vc_row][vc_row][vc_column]<style type=\"text\/css\" data-type=\"the7_shortcodes-inline-css\">#default-btn-dca4073c09d64acb96bb2c93a19761f1.ico-right-side > i {\n  margin-right: 0px;\n  margin-left: 8px;\n}\n#default-btn-dca4073c09d64acb96bb2c93a19761f1 > i {\n  margin-right: 8px;\n}<\/style><a href=\"https:\/\/mini-bob.com\/mini-bob-zipfelbob-shop\/\" class=\"default-btn-shortcode dt-btn dt-btn-l link-hover-off btn-inline-left \" id=\"default-btn-dca4073c09d64acb96bb2c93a19761f1\" title=\"Original mini bob (Zipflbob) Butikk\"><i class=\"icomoon-the7-font-the7-arrow-27\"><\/i><span>kj\u00f8p original minibob n\u00e5<\/span><\/a>[\/vc_column][\/vc_row][vc_row][vc_column width=&raquo;1\/2&#8243;][vc_wp_text]<\/p>\n<p><a href=\"\/\"><img decoding=\"async\" class=\"wp-image-1733 size-medium\" src=\"\/wp-content\/uploads\/2014\/03\/mini-bob-rot-350px.png\" alt=\"Kj\u00f8p plastbob\" width=\"500\"><\/a><\/p>\n<p>[\/vc_wp_text][\/vc_column][vc_column width=&raquo;1\/2&#8243;][vc_wp_text]<\/p>\n<p>&nbsp;<\/p>\n<p>&nbsp;<\/p>\n<p>&nbsp;<\/p>\n<p>&nbsp;<\/p>\n<p><a href=\"\/\"><img decoding=\"async\" class=\"wp-image-1733 size-medium\" src=\"\/wp-content\/uploads\/2015\/02\/mini-bob-logo-original10-300x152.png\" alt=\"Logo Original Zipflbob\" width=\"300\" srcset=\"https:\/\/mini-bob.com\/wp-content\/uploads\/2015\/02\/mini-bob-logo-original10-300x152.png 300w, https:\/\/mini-bob.com\/wp-content\/uploads\/2015\/02\/mini-bob-logo-original10.png 500w\" sizes=\"(max-width: 300px) 100vw, 300px\" \/><\/a><\/p>\n<p>[\/vc_wp_text][\/vc_column][\/vc_row][vc_row][vc_column]<style type=\"text\/css\" data-type=\"the7_shortcodes-inline-css\">.gallery-shortcode.gallery-masonry-shortcode-id-f48d8b6e84b09c1f137d732db6ef2108 figure,\n.gallery-shortcode.gallery-masonry-shortcode-id-f48d8b6e84b09c1f137d732db6ef2108 .rollover,\n.gallery-shortcode.gallery-masonry-shortcode-id-f48d8b6e84b09c1f137d732db6ef2108 img,\n.gallery-shortcode.gallery-masonry-shortcode-id-f48d8b6e84b09c1f137d732db6ef2108 .gallery-rollover {\n  border-radius: 0px;\n}\n.gallery-shortcode.gallery-masonry-shortcode-id-f48d8b6e84b09c1f137d732db6ef2108.enable-bg-rollover .gallery-rollover {\n  background: -webkit-linear-gradient();\n  background: linear-gradient();\n}\n.gallery-shortcode.gallery-masonry-shortcode-id-f48d8b6e84b09c1f137d732db6ef2108.enable-bg-rollover.hover-scale figure .rollover:after {\n  background: -webkit-linear-gradient();\n  background: linear-gradient();\n}\n.gallery-shortcode.gallery-masonry-shortcode-id-f48d8b6e84b09c1f137d732db6ef2108 .gallery-zoom-ico {\n  width: 44px;\n  height: 44px;\n  line-height: 44px;\n  border-radius: 100px;\n  margin: -22px 0 0 -22px;\n  border-width: 0px;\n  color: #ffffff;\n}\n.dt-icon-bg-on.gallery-shortcode.gallery-masonry-shortcode-id-f48d8b6e84b09c1f137d732db6ef2108 .gallery-zoom-ico {\n  background: rgba(255,255,255,0.3);\n  box-shadow: none;\n}\n.gallery-shortcode.gallery-masonry-shortcode-id-f48d8b6e84b09c1f137d732db6ef2108 .gallery-zoom-ico:before,\n.gallery-shortcode.gallery-masonry-shortcode-id-f48d8b6e84b09c1f137d732db6ef2108 .gallery-zoom-ico span {\n  font-size: 32px;\n  line-height: 44px;\n  color: #ffffff;\n}\n.gallery-shortcode.gallery-masonry-shortcode-id-f48d8b6e84b09c1f137d732db6ef2108:not(.resize-by-browser-width) .dt-css-grid {\n  grid-row-gap: 10px;\n  grid-column-gap: 10px;\n  grid-template-columns: repeat(auto-fill,minmax(,1fr));\n}\n.gallery-shortcode.gallery-masonry-shortcode-id-f48d8b6e84b09c1f137d732db6ef2108:not(.resize-by-browser-width) .dt-css-grid .double-width {\n  grid-column: span 2;\n}\n.cssgridlegacy.no-cssgrid .gallery-shortcode.gallery-masonry-shortcode-id-f48d8b6e84b09c1f137d732db6ef2108:not(.resize-by-browser-width) .dt-css-grid,\n.no-cssgridlegacy.no-cssgrid .gallery-shortcode.gallery-masonry-shortcode-id-f48d8b6e84b09c1f137d732db6ef2108:not(.resize-by-browser-width) .dt-css-grid {\n  display: flex;\n  flex-flow: row wrap;\n  margin: -5px;\n}\n.cssgridlegacy.no-cssgrid .gallery-shortcode.gallery-masonry-shortcode-id-f48d8b6e84b09c1f137d732db6ef2108:not(.resize-by-browser-width) .dt-css-grid .wf-cell,\n.no-cssgridlegacy.no-cssgrid .gallery-shortcode.gallery-masonry-shortcode-id-f48d8b6e84b09c1f137d732db6ef2108:not(.resize-by-browser-width) .dt-css-grid .wf-cell {\n  flex: 1 0 ;\n  max-width: 100%;\n  padding: 5px;\n  box-sizing: border-box;\n}\n.gallery-shortcode.gallery-masonry-shortcode-id-f48d8b6e84b09c1f137d732db6ef2108.resize-by-browser-width .dt-css-grid {\n  grid-template-columns: repeat(3,1fr);\n  grid-template-rows: auto;\n  grid-column-gap: 10px;\n  grid-row-gap: 10px;\n}\n.gallery-shortcode.gallery-masonry-shortcode-id-f48d8b6e84b09c1f137d732db6ef2108.resize-by-browser-width .dt-css-grid .double-width {\n  grid-column: span 2;\n}\n.cssgridlegacy.no-cssgrid .gallery-shortcode.gallery-masonry-shortcode-id-f48d8b6e84b09c1f137d732db6ef2108.resize-by-browser-width .dt-css-grid {\n  margin: -5px;\n}\n.cssgridlegacy.no-cssgrid .gallery-shortcode.gallery-masonry-shortcode-id-f48d8b6e84b09c1f137d732db6ef2108.resize-by-browser-width .dt-css-grid .wf-cell {\n  width: 33.333333333333%;\n  padding: 5px;\n}\n.cssgridlegacy.no-cssgrid .gallery-shortcode.gallery-masonry-shortcode-id-f48d8b6e84b09c1f137d732db6ef2108.resize-by-browser-width .dt-css-grid .wf-cell.double-width {\n  width: calc(33.333333333333%) * 2;\n}\n.gallery-shortcode.gallery-masonry-shortcode-id-f48d8b6e84b09c1f137d732db6ef2108.resize-by-browser-width:not(.centered-layout-list):not(.content-bg-on) .dt-css-grid {\n  grid-row-gap: 10px - ;\n}\n@media screen and (max-width: 1199px) {\n  .gallery-shortcode.gallery-masonry-shortcode-id-f48d8b6e84b09c1f137d732db6ef2108.resize-by-browser-width .dt-css-grid {\n    grid-template-columns: repeat(3,1fr);\n  }\n  .cssgridlegacy.no-cssgrid .gallery-shortcode.gallery-masonry-shortcode-id-f48d8b6e84b09c1f137d732db6ef2108.resize-by-browser-width .dt-css-grid .wf-cell,\n  .no-cssgridlegacy.no-cssgrid .gallery-shortcode.gallery-masonry-shortcode-id-f48d8b6e84b09c1f137d732db6ef2108.resize-by-browser-width .dt-css-grid .wf-cell {\n    width: 33.333333333333%;\n  }\n  .cssgridlegacy.no-cssgrid .gallery-shortcode.gallery-masonry-shortcode-id-f48d8b6e84b09c1f137d732db6ef2108.resize-by-browser-width .dt-css-grid .wf-cell.double-width,\n  .no-cssgridlegacy.no-cssgrid .gallery-shortcode.gallery-masonry-shortcode-id-f48d8b6e84b09c1f137d732db6ef2108.resize-by-browser-width .dt-css-grid .wf-cell.double-width {\n    width: calc(33.333333333333%)*2;\n  }\n}\n@media screen and (max-width: 991px) {\n  .gallery-shortcode.gallery-masonry-shortcode-id-f48d8b6e84b09c1f137d732db6ef2108.resize-by-browser-width .dt-css-grid {\n    grid-template-columns: repeat(3,1fr);\n  }\n  .cssgridlegacy.no-cssgrid .gallery-shortcode.gallery-masonry-shortcode-id-f48d8b6e84b09c1f137d732db6ef2108.resize-by-browser-width .dt-css-grid .wf-cell,\n  .no-cssgridlegacy.no-cssgrid .gallery-shortcode.gallery-masonry-shortcode-id-f48d8b6e84b09c1f137d732db6ef2108.resize-by-browser-width .dt-css-grid .wf-cell {\n    width: 33.333333333333%;\n  }\n  .cssgridlegacy.no-cssgrid .gallery-shortcode.gallery-masonry-shortcode-id-f48d8b6e84b09c1f137d732db6ef2108.resize-by-browser-width .dt-css-grid .wf-cell.double-width,\n  .no-cssgridlegacy.no-cssgrid .gallery-shortcode.gallery-masonry-shortcode-id-f48d8b6e84b09c1f137d732db6ef2108.resize-by-browser-width .dt-css-grid .wf-cell.double-width {\n    width: calc(33.333333333333%)*2;\n  }\n}\n@media screen and (max-width: 767px) {\n  .gallery-shortcode.gallery-masonry-shortcode-id-f48d8b6e84b09c1f137d732db6ef2108.resize-by-browser-width .dt-css-grid {\n    grid-template-columns: repeat(2,1fr);\n  }\n  .cssgridlegacy.no-cssgrid .gallery-shortcode.gallery-masonry-shortcode-id-f48d8b6e84b09c1f137d732db6ef2108.resize-by-browser-width .dt-css-grid .wf-cell,\n  .no-cssgridlegacy.no-cssgrid .gallery-shortcode.gallery-masonry-shortcode-id-f48d8b6e84b09c1f137d732db6ef2108.resize-by-browser-width .dt-css-grid .wf-cell {\n    width: 50%;\n  }\n  .cssgridlegacy.no-cssgrid .gallery-shortcode.gallery-masonry-shortcode-id-f48d8b6e84b09c1f137d732db6ef2108.resize-by-browser-width .dt-css-grid .wf-cell.double-width,\n  .no-cssgridlegacy.no-cssgrid .gallery-shortcode.gallery-masonry-shortcode-id-f48d8b6e84b09c1f137d732db6ef2108.resize-by-browser-width .dt-css-grid .wf-cell.double-width {\n    width: calc(50%)*2;\n  }\n}<\/style><div class=\"gallery-shortcode dt-gallery-container gallery-masonry-shortcode-id-f48d8b6e84b09c1f137d732db6ef2108 mode-masonry jquery-filter dt-icon-bg-off quick-scale-img enable-bg-rollover resize-by-browser-width  hover-fade loading-effect-none description-on-hover\" data-padding=\"5px\" data-cur-page=\"1\" data-post-limit=\"-1\" data-pagination-mode=\"none\" data-desktop-columns-num=\"3\" data-v-tablet-columns-num=\"3\" data-h-tablet-columns-num=\"3\" data-phone-columns-num=\"2\" data-width=\"0px\" data-columns=\"0\"><div class=\"iso-container\" ><div class=\"wf-cell iso-item\" data-post-id=\"3981\" data-date=\"2015-03-03T16:38:49+01:00\" data-name=\"JUMP-09-1024\"><figure class=\"post visible\"><a href=\"https:\/\/mini-bob.com\/wp-content\/uploads\/2015\/03\/JUMP-09-1024.jpg\" class=\"rollover dt-pswp-item layzr-bg\" data-large_image_width=\"1024\" data-large_image_height=\"683\" data-dt-img-description=\"\" title=\"JUMP-09-1024\"><img fetchpriority=\"high\" decoding=\"async\" class=\"preload-me iso-lazy-load aspect\" src=\"data:image\/svg+xml,%3Csvg%20xmlns%3D&#039;http%3A%2F%2Fwww.w3.org%2F2000%2Fsvg&#039;%20viewBox%3D&#039;0%200%20379%20253&#039;%2F%3E\" data-src=\"https:\/\/mini-bob.com\/wp-content\/uploads\/2015\/03\/JUMP-09-1024-379x253.jpg\" data-srcset=\"https:\/\/mini-bob.com\/wp-content\/uploads\/2015\/03\/JUMP-09-1024-379x253.jpg 379w, https:\/\/mini-bob.com\/wp-content\/uploads\/2015\/03\/JUMP-09-1024-569x380.jpg 569w\" loading=\"eager\" style=\"--ratio: 379 \/ 253\" sizes=\"(max-width: 379px) 100vw, 379px\" alt=\"\" width=\"379\" height=\"253\"><span class=\"gallery-rollover\"><span class=\"gallery-zoom-ico icomoon-the7-font-the7-zoom-06\"><span><\/span><\/span><\/span><\/a><\/figure><\/div><div class=\"wf-cell iso-item\" data-post-id=\"3982\" data-date=\"2015-03-03T16:39:29+01:00\" data-name=\"RACE093-1024\"><figure class=\"post visible\"><a href=\"https:\/\/mini-bob.com\/wp-content\/uploads\/2015\/03\/RACE093-1024.jpg\" class=\"rollover dt-pswp-item layzr-bg\" data-large_image_width=\"1024\" data-large_image_height=\"677\" data-dt-img-description=\"\" title=\"RACE093-1024\"><img decoding=\"async\" class=\"preload-me iso-lazy-load aspect\" src=\"data:image\/svg+xml,%3Csvg%20xmlns%3D&#039;http%3A%2F%2Fwww.w3.org%2F2000%2Fsvg&#039;%20viewBox%3D&#039;0%200%20379%20251&#039;%2F%3E\" data-src=\"https:\/\/mini-bob.com\/wp-content\/uploads\/2015\/03\/RACE093-1024-379x251.jpg\" data-srcset=\"https:\/\/mini-bob.com\/wp-content\/uploads\/2015\/03\/RACE093-1024-379x251.jpg 379w, https:\/\/mini-bob.com\/wp-content\/uploads\/2015\/03\/RACE093-1024-569x377.jpg 569w\" loading=\"eager\" style=\"--ratio: 379 \/ 251\" sizes=\"(max-width: 379px) 100vw, 379px\" alt=\"\" width=\"379\" height=\"251\"><span class=\"gallery-rollover\"><span class=\"gallery-zoom-ico icomoon-the7-font-the7-zoom-06\"><span><\/span><\/span><\/span><\/a><\/figure><\/div><div class=\"wf-cell iso-item\" data-post-id=\"3889\" data-date=\"2015-02-05T15:52:27+01:00\" data-name=\"IMG_4172\"><figure class=\"post visible\"><a href=\"https:\/\/mini-bob.com\/wp-content\/uploads\/2015\/02\/IMG_4172-scaled.jpg\" class=\"rollover dt-pswp-item layzr-bg\" data-large_image_width=\"2560\" data-large_image_height=\"1707\" data-dt-img-description=\"\" title=\"IMG_4172\"><img decoding=\"async\" class=\"preload-me iso-lazy-load aspect\" src=\"data:image\/svg+xml,%3Csvg%20xmlns%3D&#039;http%3A%2F%2Fwww.w3.org%2F2000%2Fsvg&#039;%20viewBox%3D&#039;0%200%20379%20253&#039;%2F%3E\" data-src=\"https:\/\/mini-bob.com\/wp-content\/uploads\/2015\/02\/IMG_4172-scaled-379x253.jpg\" data-srcset=\"https:\/\/mini-bob.com\/wp-content\/uploads\/2015\/02\/IMG_4172-scaled-379x253.jpg 379w, https:\/\/mini-bob.com\/wp-content\/uploads\/2015\/02\/IMG_4172-scaled-569x380.jpg 569w\" loading=\"eager\" style=\"--ratio: 379 \/ 253\" sizes=\"(max-width: 379px) 100vw, 379px\" alt=\"\" width=\"379\" height=\"253\"><span class=\"gallery-rollover\"><span class=\"gallery-zoom-ico icomoon-the7-font-the7-zoom-06\"><span><\/span><\/span><\/span><\/a><\/figure><\/div><div class=\"wf-cell iso-item\" data-post-id=\"3891\" data-date=\"2015-02-06T07:50:03+01:00\" data-name=\"Zipfelbob Funpark\"><figure class=\"post visible\"><a href=\"https:\/\/mini-bob.com\/wp-content\/uploads\/2015\/02\/IMG_2395-scaled.jpg\" class=\"rollover dt-pswp-item layzr-bg\" data-large_image_width=\"2560\" data-large_image_height=\"1707\" data-dt-img-description=\"mini bob im Funpark\" title=\"Zipfelbob Funpark\"><img decoding=\"async\" class=\"preload-me iso-lazy-load aspect\" src=\"data:image\/svg+xml,%3Csvg%20xmlns%3D&#039;http%3A%2F%2Fwww.w3.org%2F2000%2Fsvg&#039;%20viewBox%3D&#039;0%200%20379%20253&#039;%2F%3E\" data-src=\"https:\/\/mini-bob.com\/wp-content\/uploads\/2015\/02\/IMG_2395-scaled-379x253.jpg\" data-srcset=\"https:\/\/mini-bob.com\/wp-content\/uploads\/2015\/02\/IMG_2395-scaled-379x253.jpg 379w, https:\/\/mini-bob.com\/wp-content\/uploads\/2015\/02\/IMG_2395-scaled-569x380.jpg 569w\" loading=\"eager\" style=\"--ratio: 379 \/ 253\" sizes=\"(max-width: 379px) 100vw, 379px\" alt=\"\" width=\"379\" height=\"253\"><span class=\"gallery-rollover\"><span class=\"gallery-zoom-ico icomoon-the7-font-the7-zoom-06\"><span><\/span><\/span><\/span><\/a><\/figure><\/div><div class=\"wf-cell iso-item\" data-post-id=\"3869\" data-date=\"2015-01-20T15:58:56+01:00\" data-name=\"mini bob\"><figure class=\"post visible\"><a href=\"https:\/\/mini-bob.com\/wp-content\/uploads\/2015\/01\/mini-bob-race6.jpg\" class=\"rollover dt-pswp-item layzr-bg\" data-large_image_width=\"1179\" data-large_image_height=\"758\" data-dt-img-description=\"\" title=\"mini bob\"><img decoding=\"async\" class=\"preload-me iso-lazy-load aspect\" src=\"data:image\/svg+xml,%3Csvg%20xmlns%3D&#039;http%3A%2F%2Fwww.w3.org%2F2000%2Fsvg&#039;%20viewBox%3D&#039;0%200%20379%20244&#039;%2F%3E\" data-src=\"https:\/\/mini-bob.com\/wp-content\/uploads\/2015\/01\/mini-bob-race6-379x244.jpg\" data-srcset=\"https:\/\/mini-bob.com\/wp-content\/uploads\/2015\/01\/mini-bob-race6-379x244.jpg 379w, https:\/\/mini-bob.com\/wp-content\/uploads\/2015\/01\/mini-bob-race6-569x366.jpg 569w\" loading=\"eager\" style=\"--ratio: 379 \/ 244\" sizes=\"(max-width: 379px) 100vw, 379px\" alt=\"\" width=\"379\" height=\"244\"><span class=\"gallery-rollover\"><span class=\"gallery-zoom-ico icomoon-the7-font-the7-zoom-06\"><span><\/span><\/span><\/span><\/a><\/figure><\/div><div class=\"wf-cell iso-item\" data-post-id=\"9554\" data-date=\"2018-02-27T16:24:25+01:00\" data-name=\"Zipflbob bl\u00e5 og r\u00f8d - Dammkar\"><figure class=\"post visible\"><a href=\"https:\/\/mini-bob.com\/wp-content\/uploads\/2018\/02\/Zipfelbob-Dammkar.jpg\" class=\"rollover dt-pswp-item layzr-bg\" data-large_image_width=\"1210\" data-large_image_height=\"907\" data-dt-img-description=\"\" title=\"Zipflbob bl\u00e5 og r\u00f8d - Dammkar\"><img decoding=\"async\" class=\"preload-me iso-lazy-load aspect\" src=\"data:image\/svg+xml,%3Csvg%20xmlns%3D&#39;http%3A%2F%2Fwww.w3.org%2F2000%2Fsvg&#39;%20viewBox%3D&#39;0%200%20379%20284&#39;%2F%3E\" data-src=\"https:\/\/mini-bob.com\/wp-content\/uploads\/2018\/02\/Zipfelbob-Dammkar-379x284.jpg\" data-srcset=\"https:\/\/mini-bob.com\/wp-content\/uploads\/2018\/02\/Zipfelbob-Dammkar-379x284.jpg 379w, https:\/\/mini-bob.com\/wp-content\/uploads\/2018\/02\/Zipfelbob-Dammkar-569x426.jpg 569w\" loading=\"eager\" style=\"--ratio: 379 \/ 284\" sizes=\"(max-width: 379px) 100vw, 379px\" alt=\"Dammkar nedstigning Zipfy\" width=\"379\" height=\"284\"  \/><span class=\"gallery-rollover\"><span class=\"gallery-zoom-ico icomoon-the7-font-the7-zoom-06\"><span><\/span><\/span><\/span><\/a><\/figure><\/div><\/div><!-- iso-container|iso-grid --><\/div>[\/vc_column][\/vc_row][vc_row][vc_column][vc_wp_text]<\/p>\n<p>Plastbob: &laquo;Maksimal moro med mini bob&raquo; for barn og voksne - det har v\u00e6rt slagordet til den lille plastboben siden 1976!<\/p>\n<p>Akkurat som Davos-kjelken, plastkjelken, plastbobben, kjelken, <a href=\"https:\/\/mini-bob.com\/nb\/?page_id=156682\">popo-kjelken<\/a>, akebakken, bobben, plastsk\u00e5len, glideplaten, sn\u00f8sklia, rumpesklia, sn\u00f8glideren, sn\u00f8striperen, sn\u00f8woken, airboardet eller en enkel sklie, er plastkjelken &laquo;mini bob&raquo; det ideelle kj\u00f8ret\u00f8yet for maksimal vintermoro i sn\u00f8en i skil\u00f8ypa, akebakken eller rett og slett i bakken i landsbyen. En klassisk akebrett i tre styres alltid med f\u00f8ttene ved \u00e5 ber\u00f8re bakken. Med det s\u00e5kalte airboardet, en type oppbl\u00e5sbar kjelke, flyr du over akebakken (p\u00e5 samme m\u00e5te som en luftputeb\u00e5t over vann). Plastboben &laquo;mini bob&raquo; styres veldig enkelt ved hjelp av styrespaken og ved \u00e5 flytte vekten din. Bob, akebrett og kjelke er derfor ideelt sportsutstyr for vinterglede for b\u00e5de store og sm\u00e5.    <\/p>\n<p>Den lille plastboben eller plastkjelken &laquo;mini bob&raquo; er ideell for barn, da den kan styres raskt og sikkert - barnet ditt vil raskt ha det veldig g\u00f8y i akebakken og v\u00e6re &laquo;kongen&raquo; i bakken.<\/p>\n<p>Hvis du vil kj\u00f8pe en ny plastbob eller plastk\u00e6lk til deg selv eller barna dine, b\u00f8r du v\u00e6re oppmerksom p\u00e5 et par ting:<\/p>\n<p>1. Kvalitet - plastbobben skal ikke v\u00e6re et billig, d\u00e5rligere produkt - den originale mini bobben produseres utelukkende i Tyskland - hver bob blir sjekket for feil etter produksjon og omarbeidet for h\u00e5nd om n\u00f8dvendig.<\/p>\n<p>2. Vekten til f\u00f8reren sammen med plastboben. Mini bob er designet for barn fra 3 \u00e5r og voksne opp til en vekt p\u00e5 90 kg. <\/p>\n<p>3. Utvikling - plastbobben skal v\u00e6re utpr\u00f8vd og testet i mange \u00e5r og alltid fungere feilfritt. En lang levetid til tross for tung bruk skal alltid v\u00e6re garantert. Den originale mini bob har v\u00e6rt p\u00e5 markedet i uendret form siden 1976 og har v\u00e6rt sv\u00e6rt popul\u00e6r i generasjoner.  <\/p>\n<p>S\u00e5 velg en plastbob eller plastkjelke som vil gi deg, familien og vennene dine mye moro i lang tid fremover. Plastboben &laquo;mini bob&raquo; er tilgjengelig hos velassorterte sports- og lekeforhandlere samt i mange nettbutikker! Se imidlertid alltid etter den originale mini bob-logoen, og sp\u00f8r etter &laquo;the original&raquo; n\u00e5r du kj\u00f8per plastbob!  <\/p>\n<p>Du finner forhandlere p\u00e5 siden<a href=\"https:\/\/mini-bob.com\/nb\/kjoepe-den-originale-mini-bob-akebrett\/\">&laquo;Kj\u00f8p mini bob<\/a>&laquo;.<\/p>\n<p>[\/vc_wp_text][\/vc_column][\/vc_row][vc_row][vc_column]<style type=\"text\/css\" data-type=\"the7_shortcodes-inline-css\">#default-btn-dca4073c09d64acb96bb2c93a19761f1.ico-right-side > i {\n  margin-right: 0px;\n  margin-left: 8px;\n}\n#default-btn-dca4073c09d64acb96bb2c93a19761f1 > i {\n  margin-right: 8px;\n}<\/style><a href=\"https:\/\/mini-bob.com\/mini-bob-zipfelbob-shop\/\" class=\"default-btn-shortcode dt-btn dt-btn-l link-hover-off btn-inline-left \" id=\"default-btn-dca4073c09d64acb96bb2c93a19761f1\" title=\"Original mini bob (Zipflbob) Butikk\"><i class=\"icomoon-the7-font-the7-arrow-27\"><\/i><span>kj\u00f8p original minibob - plastbob!<\/span><\/a>[\/vc_column][\/vc_row]<\/p>\n<\/div>","protected":false},"excerpt":{"rendered":"<p>[vc_row][vc_column][vc_custom_heading text=&raquo;Kj\u00f8p plastbob - den originale mini bob siden 1976&#8243; google_fonts=&raquo;font_family:Roboto%3A100%2C100italic%2C300%2C300italic%2Cregular%2Citalic%2C500%2C500italic%2C700%2C700italic%2C900%2C900italic|font_style:400%20regular%3A400%3Anormal&raquo;][vc_column_text]Er du p\u00e5 utkikk etter den ultimate plastbobben eller plastkjelken til deg selv eller barna dine? Enten du vil kj\u00f8pe en plastbob i gave eller er ute etter maksimal akeglede selv &#8230; har du kommet til rett sted med den originale mini bob! Her kan&hellip;<\/p>\n","protected":false},"author":1,"featured_media":0,"parent":0,"menu_order":0,"comment_status":"closed","ping_status":"closed","template":"","meta":{"_acf_changed":false,"footnotes":""},"class_list":["post-156825","page","type-page","status-publish","hentry","description-off"],"acf":[],"_links":{"self":[{"href":"https:\/\/mini-bob.com\/nb\/wp-json\/wp\/v2\/pages\/156825","targetHints":{"allow":["GET"]}}],"collection":[{"href":"https:\/\/mini-bob.com\/nb\/wp-json\/wp\/v2\/pages"}],"about":[{"href":"https:\/\/mini-bob.com\/nb\/wp-json\/wp\/v2\/types\/page"}],"author":[{"embeddable":true,"href":"https:\/\/mini-bob.com\/nb\/wp-json\/wp\/v2\/users\/1"}],"replies":[{"embeddable":true,"href":"https:\/\/mini-bob.com\/nb\/wp-json\/wp\/v2\/comments?post=156825"}],"version-history":[{"count":3,"href":"https:\/\/mini-bob.com\/nb\/wp-json\/wp\/v2\/pages\/156825\/revisions"}],"predecessor-version":[{"id":156828,"href":"https:\/\/mini-bob.com\/nb\/wp-json\/wp\/v2\/pages\/156825\/revisions\/156828"}],"wp:attachment":[{"href":"https:\/\/mini-bob.com\/nb\/wp-json\/wp\/v2\/media?parent=156825"}],"curies":[{"name":"wp","href":"https:\/\/api.w.org\/{rel}","templated":true}]}}