{"id":156966,"date":"2015-10-25T15:30:06","date_gmt":"2015-10-25T14:30:06","guid":{"rendered":"https:\/\/mini-bob.com\/den-lilla-mini-bob-zipflbob\/"},"modified":"2025-11-22T19:04:33","modified_gmt":"2025-11-22T18:04:33","slug":"den-lilla-mini-bob-zipflbob","status":"publish","type":"page","link":"https:\/\/mini-bob.com\/nb\/den-lilla-mini-bob-zipflbob\/","title":{"rendered":"den lilla mini bob \/ zipflbob"},"content":{"rendered":"<div class=\"wpb-content-wrapper\"><p>[vc_row][vc_column width=&raquo;1\/2&#8243;][vc_single_image image=&raquo;4038&#8243; img_size=&raquo;large&raquo;][\/vc_column][vc_column width=&raquo;1\/2&#8243;][vc_custom_heading text=&raquo;Den originale mini bob (Zipflbob) i lilla&raquo; google_fonts=&raquo;font_family:Roboto%20Condensed%3A300%2C300italic%2Cregular%2Citalic%2C700%2C700italic|font_style:400%20regular%3A400%3Anormal&raquo;][vc_column_text]Siden 2015 har den originale mini bob (Zipflbob) v\u00e6rt tilgjengelig i fargen &laquo;purple&raquo;, ogs\u00e5 kjent som:<\/p>\n<p><strong>Fiolett<\/strong>: fargen fiolett grenser til lilla eller er ogs\u00e5 kjent som m\u00f8rk lilla (fiolett zipflbob)<\/p>\n<p><strong>Lilla<\/strong>: Lilla er en lysere fiolett som ogs\u00e5 er kjent som purpur (purple zipflbob)<\/p>\n<p><strong>Magenta<\/strong>: Magenta ligger mellom fiolett og r\u00f8dt og er komplement\u00e6rfargen til gr\u00f8nn! (magentafarget zipflbob) <\/p>\n<p><strong>Rosa<\/strong>: Rosa er den sv\u00e6rt lyse magenta fargen i pastellfarger (rosa zipflbob)<\/p>\n<p>P\u00e5 1990-tallet ble det produsert en spesiell neonrosa farge som ble solgt i to \u00e5r.[\/vc_column_text][\/vc_column][\/vc_row][vc_row][vc_column width=&raquo;1\/2&#8243;][vc_empty_space height=&raquo;90px&raquo;]<style type=\"text\/css\" data-type=\"the7_shortcodes-inline-css\">#default-btn-9314d51dc62288ea41c46f5647b8ee4d.ico-right-side > i {\n  margin-right: 0px;\n  margin-left: 8px;\n}\n#default-btn-9314d51dc62288ea41c46f5647b8ee4d > i {\n  margin-right: 8px;\n}<\/style><div class=\"btn-align-center\"><a href=\"https:\/\/mini-bob.com\/mini-bob-zipfelbob-shop\/\" class=\"default-btn-shortcode dt-btn dt-btn-l pulse animate-element animation-builder link-hover-off \" id=\"default-btn-9314d51dc62288ea41c46f5647b8ee4d\" title=\"Original mini bob (Zipflbob) Butikk\"><span>KLIKK HER FOR \u00c5 G\u00c5 DIREKTE TIL BUTIKKEN<\/span><\/a><\/div>[vc_empty_space]<style type=\"text\/css\" data-type=\"the7_shortcodes-inline-css\">#default-btn-c2e38934366ede6c51e2f3f06b104ffa.ico-right-side > i {\n  margin-right: 0px;\n  margin-left: 8px;\n}\n#default-btn-c2e38934366ede6c51e2f3f06b104ffa > i {\n  margin-right: 8px;\n}<\/style><div class=\"btn-align-center\"><a href=\"https:\/\/mini-bob.com\/nb\/akebrett-mini-bob\/\" class=\"default-btn-shortcode dt-btn dt-btn-l pulse animate-element animation-builder link-hover-off \" id=\"default-btn-c2e38934366ede6c51e2f3f06b104ffa\" title=\"mini bob\"><span>MINI BOB I ANDRE FARGER<\/span><\/a><\/div>[\/vc_column][vc_column width=&raquo;1\/2&#8243;][vc_single_image image=&raquo;4035&#8243; img_size=&raquo;large&raquo;][\/vc_column][\/vc_row]<\/p>\n<\/div>","protected":false},"excerpt":{"rendered":"<p>[vc_row][vc_column width=&raquo;1\/2&#8243;][vc_single_image image=&raquo;4038&#8243; img_size=&raquo;large&raquo;][\/vc_column][vc_column width=&raquo;1\/2&#8243;][vc_custom_heading text=&raquo;Den originale mini bob (Zipflbob) i lilla&raquo; google_fonts=&raquo;font_family:Roboto%20Condensed%3A300%2C300italic%2Cregular%2Citalic%2C700%2C700italic|font_style:400%20regular%3A400%3Anormal&raquo;][vc_column_text]Siden 2015 har den originale mini bob (Zipflbob) v\u00e6rt tilgjengelig i fargen &laquo;purple&raquo;, ogs\u00e5 kjent som: Fiolett: fargen fiolett grenser til lilla eller er ogs\u00e5 kjent som m\u00f8rk lilla (fiolett zipflbob) Lilla: Lilla er en lysere fiolett som ogs\u00e5 er kjent som purpur&hellip;<\/p>\n","protected":false},"author":1,"featured_media":0,"parent":0,"menu_order":0,"comment_status":"closed","ping_status":"closed","template":"","meta":{"_acf_changed":false,"footnotes":""},"class_list":["post-156966","page","type-page","status-publish","hentry","description-off"],"acf":[],"_links":{"self":[{"href":"https:\/\/mini-bob.com\/nb\/wp-json\/wp\/v2\/pages\/156966","targetHints":{"allow":["GET"]}}],"collection":[{"href":"https:\/\/mini-bob.com\/nb\/wp-json\/wp\/v2\/pages"}],"about":[{"href":"https:\/\/mini-bob.com\/nb\/wp-json\/wp\/v2\/types\/page"}],"author":[{"embeddable":true,"href":"https:\/\/mini-bob.com\/nb\/wp-json\/wp\/v2\/users\/1"}],"replies":[{"embeddable":true,"href":"https:\/\/mini-bob.com\/nb\/wp-json\/wp\/v2\/comments?post=156966"}],"version-history":[{"count":4,"href":"https:\/\/mini-bob.com\/nb\/wp-json\/wp\/v2\/pages\/156966\/revisions"}],"predecessor-version":[{"id":156981,"href":"https:\/\/mini-bob.com\/nb\/wp-json\/wp\/v2\/pages\/156966\/revisions\/156981"}],"wp:attachment":[{"href":"https:\/\/mini-bob.com\/nb\/wp-json\/wp\/v2\/media?parent=156966"}],"curies":[{"name":"wp","href":"https:\/\/api.w.org\/{rel}","templated":true}]}}