{"id":156983,"date":"2015-10-25T14:47:40","date_gmt":"2015-10-25T13:47:40","guid":{"rendered":"https:\/\/mini-bob.com\/den-blaa-mini-bob-zipflbob\/"},"modified":"2025-11-22T19:04:39","modified_gmt":"2025-11-22T18:04:39","slug":"den-blaa-mini-bob-zipflbob","status":"publish","type":"page","link":"https:\/\/mini-bob.com\/nb\/den-blaa-mini-bob-zipflbob\/","title":{"rendered":"Den bl\u00e5 mini bob \/ Zipflbob"},"content":{"rendered":"<div class=\"wpb-content-wrapper\"><p>[vc_row][vc_column width=&raquo;1\/2&#8243;][vc_single_image image=&raquo;4040&#8243; img_size=&raquo;large&raquo;][\/vc_column][vc_column width=&raquo;1\/2&#8243;][vc_custom_heading text=&raquo;Den originale mini bob (Zipflbob) i bl\u00e5tt&raquo; google_fonts=&raquo;font_family:Roboto%20Condensed%3A300%2C300italic%2Cregular%2Citalic%2C700%2C700italic|font_style:400%20regular%3A400%3Anormal&raquo;][vc_column_text]Akkurat som den r\u00f8de mini bob (Zipflbob) har den originale mini bob (Zipflbob) v\u00e6rt tilgjengelig i fargen bl\u00e5 siden 1976.<\/p>\n<p>I likhet med den r\u00f8de mini bob, ble den bl\u00e5 zipflbob opprinnelig produsert og solgt helt i bl\u00e5tt - f\u00f8rst senere ble det skapt en kontrast med svart p\u00e5 h\u00e5ndtaket (zipfl) og setet p\u00e5 den bl\u00e5 zipflbob.<\/p>\n<p>Den f\u00f8rste bl\u00e5tonen var fortsatt ganske m\u00f8rk, men ble mye lysere n\u00e5r den ble kombinert med svart. Mange kaller ogs\u00e5 den bl\u00e5 mini bob for &laquo;smurfebobben&raquo;, da fargen minner veldig om de sm\u00e5 smurfene.[\/vc_column_text]<style type=\"text\/css\" data-type=\"the7_shortcodes-inline-css\">#default-btn-c631a08b4eb33e3b80e516c84aa3bd4f.ico-right-side > i {\n  margin-right: 0px;\n  margin-left: 8px;\n}\n#default-btn-c631a08b4eb33e3b80e516c84aa3bd4f > i {\n  margin-right: 8px;\n}<\/style><a href=\"https:\/\/mini-bob.com\/nb\/produkt\/original-mini-bob-zipflbob-akebrett-i-blaatt\/\" class=\"default-btn-shortcode dt-btn dt-btn-l pulse animate-element animation-builder link-hover-off btn-inline-left  vc_custom_1661157285387\" id=\"default-btn-c631a08b4eb33e3b80e516c84aa3bd4f\" title=\"original mini bob (Zipfelbob) in blau\"><span>KJ\u00d8P BL\u00c5 ZIPFLBOB<\/span><\/a>[\/vc_column][\/vc_row][vc_row][vc_column][vc_empty_space][\/vc_column][\/vc_row][vc_row][vc_column width=&raquo;1\/2&#8243;][vc_custom_heading text=&raquo;Den bl\u00e5 Zipflbob (mini bob) p\u00e5 1970-tallet.&raquo; font_container=&raquo;tag:h3|text_align:left&raquo; google_fonts=&raquo;font_family:Roboto%20Condensed%3A300%2C300italic%2Cregular%2Citalic%2C700%2C700italic|font_style:400%20regular%3A400%3Anormal&raquo;][vc_column_text]Noen \u00e5r etter den opprinnelige gule mini bob og den opprinnelige r\u00f8de mini bob, fulgte enda en farge p\u00e5 zipflboben. Det ble raskt klart at det skulle bli en bl\u00e5 zipflbob. <\/p>\n<p>Den originale bl\u00e5 mini bob med det typiske &laquo;zipflbob-h\u00e5ndtaket&raquo; er ogs\u00e5 vist her i bl\u00e5tt. Her ser man det tydelig: Tilbake p\u00e5 70-tallet var den popul\u00e6re plastbobben helt i den respektive fargen, inkludert den originale bl\u00e5 mini bob - i mellomtiden har det svarte h\u00e5ndtaket (Zipfl) og det svarte setet p\u00e5 Zipfibob blitt gjenkjennelig og har gitt opphav til kopiering. <\/p>\n<p>I dag er den bl\u00e5 zipflboben, ved siden av den r\u00f8de zipflboben, en av de mest popul\u00e6re variantene av mini bob. Spesielt &laquo;Schlumpfbob&raquo; har blitt uunnv\u00e6rlig.[\/vc_column_text][vc_empty_space height=&raquo;20px&raquo;]<style type=\"text\/css\" data-type=\"the7_shortcodes-inline-css\">#default-btn-bd54386a6c0e84e38fa1c6eee4ac46d3.ico-right-side > i {\n  margin-right: 0px;\n  margin-left: 8px;\n}\n#default-btn-bd54386a6c0e84e38fa1c6eee4ac46d3 > i {\n  margin-right: 8px;\n}<\/style><a href=\"https:\/\/mini-bob.com\/nb\/akebrett-mini-bob\/\" class=\"default-btn-shortcode dt-btn dt-btn-l pulse animate-element animation-builder link-hover-off btn-inline-left \" id=\"default-btn-bd54386a6c0e84e38fa1c6eee4ac46d3\" title=\"der mini bob\"><span>MINI BOB I ANDRE FARGER<\/span><\/a>[vc_empty_space]<style type=\"text\/css\" data-type=\"the7_shortcodes-inline-css\">#default-btn-29c87eb0f5a251bd1c583eb351fe4b16.ico-right-side > i {\n  margin-right: 0px;\n  margin-left: 8px;\n}\n#default-btn-29c87eb0f5a251bd1c583eb351fe4b16 > i {\n  margin-right: 8px;\n}<\/style><a href=\"https:\/\/mini-bob.com\/mini-bob-zipfelbob-shop\/\" class=\"default-btn-shortcode dt-btn dt-btn-l pulse animate-element animation-builder link-hover-off btn-inline-left \" id=\"default-btn-29c87eb0f5a251bd1c583eb351fe4b16\" title=\"Original mini bob (Zipflbob) Butikk\"><span>KLIKK HER FOR \u00c5 G\u00c5 DIREKTE TIL BUTIKKEN<\/span><\/a>[\/vc_column][vc_column width=&raquo;1\/2&#8243;][vc_single_image image=&raquo;3946&#8243; img_size=&raquo;large&raquo;][vc_column_text]Original bl\u00e5 minibob (Zipfybob, Zipflbob) fra 1970-tallet[\/vc_column_text][\/vc_column][\/vc_row]<\/p>\n<\/div>","protected":false},"excerpt":{"rendered":"<p>[vc_row][vc_column width=&raquo;1\/2&#8243;][vc_single_image image=&raquo;4040&#8243; img_size=&raquo;large&raquo;][\/vc_column][vc_column width=&raquo;1\/2&#8243;][vc_custom_heading text=&raquo;Den originale mini bob (Zipflbob) i bl\u00e5tt&raquo; google_fonts=&raquo;font_family:Roboto%20Condensed%3A300%2C300italic%2Cregular%2Citalic%2C700%2C700italic|font_style:400%20regular%3A400%3Anormal&raquo;][vc_column_text]Akkurat som den r\u00f8de mini bob (Zipflbob) har den originale mini bob (Zipflbob) v\u00e6rt tilgjengelig i fargen bl\u00e5 siden 1976. I likhet med den r\u00f8de mini bob, ble den bl\u00e5 zipflbob opprinnelig produsert og solgt helt i bl\u00e5tt - f\u00f8rst senere ble det&hellip;<\/p>\n","protected":false},"author":1,"featured_media":0,"parent":0,"menu_order":0,"comment_status":"closed","ping_status":"closed","template":"","meta":{"_acf_changed":false,"footnotes":""},"class_list":["post-156983","page","type-page","status-publish","hentry","description-off"],"acf":[],"_links":{"self":[{"href":"https:\/\/mini-bob.com\/nb\/wp-json\/wp\/v2\/pages\/156983","targetHints":{"allow":["GET"]}}],"collection":[{"href":"https:\/\/mini-bob.com\/nb\/wp-json\/wp\/v2\/pages"}],"about":[{"href":"https:\/\/mini-bob.com\/nb\/wp-json\/wp\/v2\/types\/page"}],"author":[{"embeddable":true,"href":"https:\/\/mini-bob.com\/nb\/wp-json\/wp\/v2\/users\/1"}],"replies":[{"embeddable":true,"href":"https:\/\/mini-bob.com\/nb\/wp-json\/wp\/v2\/comments?post=156983"}],"version-history":[{"count":4,"href":"https:\/\/mini-bob.com\/nb\/wp-json\/wp\/v2\/pages\/156983\/revisions"}],"predecessor-version":[{"id":156998,"href":"https:\/\/mini-bob.com\/nb\/wp-json\/wp\/v2\/pages\/156983\/revisions\/156998"}],"wp:attachment":[{"href":"https:\/\/mini-bob.com\/nb\/wp-json\/wp\/v2\/media?parent=156983"}],"curies":[{"name":"wp","href":"https:\/\/api.w.org\/{rel}","templated":true}]}}