{"id":157017,"date":"2015-10-25T14:32:44","date_gmt":"2015-10-25T13:32:44","guid":{"rendered":"https:\/\/mini-bob.com\/den-groenne-mini-bob-zipflbob-zipflbob-i-groent\/"},"modified":"2025-11-23T18:06:20","modified_gmt":"2025-11-23T17:06:20","slug":"den-groenne-mini-bob-zipflbob-zipflbob-i-groent","status":"publish","type":"page","link":"https:\/\/mini-bob.com\/nb\/den-groenne-mini-bob-zipflbob-zipflbob-i-groent\/","title":{"rendered":"den gr\u00f8nne mini bob \/ Zipflbob \/ Zipflbob i gr\u00f8nt"},"content":{"rendered":"<div class=\"wpb-content-wrapper\"><p>[vc_row][vc_column][vc_custom_heading text=&raquo;den originale Zipflbob i gr\u00f8nt&raquo; font_container=&raquo;tag:h1|text_align:left&raquo; google_fonts=&raquo;font_family:Roboto%20Condensed%3A300%2C300italic%2Cregular%2Citalic%2C700%2C700italic|font_style:400%20regular%3A400%3Anormal&raquo;][\/vc_column][\/vc_row][vc_row][vc_column width=&raquo;1\/2&#8243;][vc_single_image image=&raquo;10461&#8243; img_size=&raquo;large&raquo;][\/vc_column][vc_column width=&raquo;1\/2&#8243;][vc_custom_heading text=&raquo;den originale mini bob (Zipflbob) i gr\u00f8nt&raquo; google_fonts=&raquo;font_family:Roboto%20Condensed%3A300%2C300italic%2Cregular%2Citalic%2C700%2C700italic|font_style:400%20regular%3A400%3Anormal&raquo;][vc_column_text]Den originale mini bob (Zipflbob) har blitt produsert og solgt i ulike nyanser av gr\u00f8nt siden 1976.<\/p>\n<p>P\u00e5 1990-tallet var det for eksempel en popul\u00e6r neongr\u00f8nn spesialutgave som bare ble produsert og solgt i to \u00e5r.<\/p>\n<p>En spesialutgave &laquo;green-glitter&raquo; begrenset til 300 eksemplarer er n\u00e5 ogs\u00e5 tilgjengelig i nettbutikken v\u00e5r.<\/p>\n<p>Gr\u00f8nn er en sv\u00e6rt popul\u00e6r farge med ulike betydninger i mange religioner og kulturer. For eksempel symboliserer gr\u00f8nn ofte fargen p\u00e5 oppstandelse og v\u00e5rens oppv\u00e5kning. <\/p>\n<p>Den gr\u00f8nne mini bob \/ Zipflbob er et skikkelig blikkfang i bakken og er spesielt effektiv i sollys.[\/vc_column_text]<style type=\"text\/css\" data-type=\"the7_shortcodes-inline-css\">#default-btn-29c87eb0f5a251bd1c583eb351fe4b16.ico-right-side > i {\n  margin-right: 0px;\n  margin-left: 8px;\n}\n#default-btn-29c87eb0f5a251bd1c583eb351fe4b16 > i {\n  margin-right: 8px;\n}<\/style><a href=\"https:\/\/mini-bob.com\/mini-bob-zipfelbob-shop\/\" class=\"default-btn-shortcode dt-btn dt-btn-l pulse animate-element animation-builder link-hover-off btn-inline-left \" id=\"default-btn-29c87eb0f5a251bd1c583eb351fe4b16\" title=\"Original mini bob (Zipflbob) Butikk\"><span>KLIKK HER FOR \u00c5 KOMME TIL BUTIKKEN!<\/span><\/a>[\/vc_column][\/vc_row][vc_row][vc_column width=&raquo;1\/2&#8243;][vc_custom_heading text=&raquo;Zipflbob gr\u00f8nn fra 2018&#8243; google_fonts=&raquo;font_family:Roboto%20Condensed%3A300%2C300italic%2Cregular%2Citalic%2C700%2C700italic|font_style:400%20regular%3A400%3Anormal&raquo;][vc_single_image image=&raquo;146183&#8243; img_size=&raquo;large&raquo; add_caption=&raquo;yes&raquo;][\/vc_column][vc_column width=&raquo;1\/2&#8243;][vc_custom_heading text=&raquo;Original minibob i gr\u00f8nt&raquo; google_fonts=&raquo;font_family:Roboto%20Condensed%3A300%2C300italic%2Cregular%2Citalic%2C700%2C700italic|font_style:400%20regular%3A400%3Anormal&raquo;][vc_single_image image=&raquo;10486&#8243; img_size=&raquo;large&raquo; add_caption=&raquo;yes&raquo;][\/vc_column][\/vc_row][vc_row][vc_column width=&raquo;1\/2&#8243;][vc_custom_heading text=&raquo;Spesialutgave gr\u00f8nn metallic i sn\u00f8en&raquo; google_fonts=&raquo;font_family:Roboto%20Condensed%3A300%2C300italic%2Cregular%2Citalic%2C700%2C700italic|font_style:400%20regular%3A400%3Anormal&raquo;][vc_single_image image=&raquo;3897&#8243; img_size=&raquo;large&raquo; add_caption=&raquo;yes&raquo;][\/vc_column][vc_column width=&raquo;1\/2&#8243;][vc_custom_heading text=&raquo;den gr\u00f8nne plastboben - mini bob&raquo; google_fonts=&raquo;font_family:Roboto%20Condensed%3A300%2C300italic%2Cregular%2Citalic%2C700%2C700italic|font_style:400%20regular%3A400%3Anormal&raquo;][vc_single_image image=&raquo;10466&#8243; img_size=&raquo;large&raquo; add_caption=&raquo;yes&raquo;][\/vc_column][\/vc_row]<\/p>\n<\/div>","protected":false},"excerpt":{"rendered":"<p>[vc_row][vc_column][vc_custom_heading text=&raquo;den originale Zipflbob i gr\u00f8nt&raquo; font_container=&raquo;tag:h1|text_align:left&raquo; google_fonts=&raquo;font_family:Roboto%20Condensed%3A300%2C300italic%2Cregular%2Citalic%2C700%2C700italic|font_style:400%20regular%3A400%3Anormal&raquo;][\/vc_column][\/vc_row][vc_row][vc_column width=&raquo;1\/2&#8243;][vc_single_image image=&raquo;10461&#8243; img_size=&raquo;large&raquo;][\/vc_column][vc_column width=&raquo;1\/2&#8243;][vc_custom_heading text=&raquo;den originale mini bob (Zipflbob) i gr\u00f8nt&raquo; google_fonts=&raquo;font_family:Roboto%20Condensed%3A300%2C300italic%2Cregular%2Citalic%2C700%2C700italic|font_style:400%20regular%3A400%3Anormal&raquo;][vc_column_text]Den originale mini bob (Zipflbob) har blitt produsert og solgt i ulike nyanser av gr\u00f8nt siden 1976. P\u00e5 1990-tallet var det for eksempel en popul\u00e6r neongr\u00f8nn spesialutgave som bare ble produsert og solgt i to \u00e5r.&hellip;<\/p>\n","protected":false},"author":1,"featured_media":0,"parent":0,"menu_order":0,"comment_status":"closed","ping_status":"closed","template":"","meta":{"_acf_changed":false,"footnotes":""},"class_list":["post-157017","page","type-page","status-publish","hentry","description-off"],"acf":[],"_links":{"self":[{"href":"https:\/\/mini-bob.com\/nb\/wp-json\/wp\/v2\/pages\/157017","targetHints":{"allow":["GET"]}}],"collection":[{"href":"https:\/\/mini-bob.com\/nb\/wp-json\/wp\/v2\/pages"}],"about":[{"href":"https:\/\/mini-bob.com\/nb\/wp-json\/wp\/v2\/types\/page"}],"author":[{"embeddable":true,"href":"https:\/\/mini-bob.com\/nb\/wp-json\/wp\/v2\/users\/1"}],"replies":[{"embeddable":true,"href":"https:\/\/mini-bob.com\/nb\/wp-json\/wp\/v2\/comments?post=157017"}],"version-history":[{"count":16,"href":"https:\/\/mini-bob.com\/nb\/wp-json\/wp\/v2\/pages\/157017\/revisions"}],"predecessor-version":[{"id":158548,"href":"https:\/\/mini-bob.com\/nb\/wp-json\/wp\/v2\/pages\/157017\/revisions\/158548"}],"wp:attachment":[{"href":"https:\/\/mini-bob.com\/nb\/wp-json\/wp\/v2\/media?parent=157017"}],"curies":[{"name":"wp","href":"https:\/\/api.w.org\/{rel}","templated":true}]}}