{"id":157172,"date":"2015-10-25T13:37:22","date_gmt":"2015-10-25T12:37:22","guid":{"rendered":"https:\/\/mini-bob.com\/den-roede-mini-bob-zipflbob\/"},"modified":"2025-11-22T19:16:34","modified_gmt":"2025-11-22T18:16:34","slug":"den-roede-mini-bob-zipflbob","status":"publish","type":"page","link":"https:\/\/mini-bob.com\/nb\/den-roede-mini-bob-zipflbob\/","title":{"rendered":"den r\u00f8de mini bob \/ Zipflbob"},"content":{"rendered":"<div class=\"wpb-content-wrapper\"><p>[vc_row][vc_column width=&raquo;1\/2&#8243;]\n\t\t\t\t<p class=\"rs-p-wp-fix\"><\/p>\n\t\t\t\t<sr7-module data-alias=\"mini-bob-detail\" data-id=\"2\" id=\"SR7_2_1\" data-version=\"6.7.52\">\n\t\t\t\t\t<sr7-adjuster><\/sr7-adjuster>\n\t\t\t\t\t<sr7-content>\n\t\t\t\t\t\t<sr7-slide id=\"SR7_2_1-5\" data-key=\"5\">\n\t\t\t\t\t\t\t<sr7-bg id=\"SR7_2_1-5-slidebg\" class=\"sr7-layer\"><noscript><img decoding=\"async\" src=\"https:\/\/mini-bob.com\/wp-content\/uploads\/2015\/02\/IMG_2427-500.jpg\" alt=\"\" title=\"den r\u00f8de mini bob \/ Zipflbob\"><\/noscript><\/sr7-bg>\n\t\t\t\t\t\t<\/sr7-slide>\n\t\t\t\t\t\t<sr7-slide id=\"SR7_2_1-6\" data-key=\"6\">\n\t\t\t\t\t\t\t<sr7-bg id=\"SR7_2_1-6-slidebg\" class=\"sr7-layer\"><noscript><img decoding=\"async\" src=\"https:\/\/mini-bob.com\/wp-content\/uploads\/2015\/02\/IMG_2529-500.jpg\" alt=\"\" title=\"den r\u00f8de mini bob \/ Zipflbob\"><\/noscript><\/sr7-bg>\n\t\t\t\t\t\t<\/sr7-slide>\n\t\t\t\t\t\t<sr7-slide id=\"SR7_2_1-7\" data-key=\"7\">\n\t\t\t\t\t\t\t<sr7-bg id=\"SR7_2_1-7-slidebg\" class=\"sr7-layer\"><noscript><img decoding=\"async\" src=\"https:\/\/mini-bob.com\/wp-content\/uploads\/2015\/02\/IMG_2517-500.jpg\" alt=\"\" title=\"den r\u00f8de mini bob \/ Zipflbob\"><\/noscript><\/sr7-bg>\n\t\t\t\t\t\t<\/sr7-slide>\n\t\t\t\t\t\t<sr7-slide id=\"SR7_2_1-8\" data-key=\"8\">\n\t\t\t\t\t\t\t<sr7-bg id=\"SR7_2_1-8-slidebg\" class=\"sr7-layer\"><noscript><img decoding=\"async\" src=\"https:\/\/mini-bob.com\/wp-content\/uploads\/2015\/02\/IMG_2442-500.jpg\" alt=\"\" title=\"den r\u00f8de mini bob \/ Zipflbob\"><\/noscript><\/sr7-bg>\n\t\t\t\t\t\t<\/sr7-slide>\n\t\t\t\t\t\t<sr7-slide id=\"SR7_2_1-9\" data-key=\"9\">\n\t\t\t\t\t\t\t<sr7-bg id=\"SR7_2_1-9-slidebg\" class=\"sr7-layer\"><noscript><img decoding=\"async\" src=\"https:\/\/mini-bob.com\/wp-content\/uploads\/2015\/02\/IMG_2435-500.jpg\" alt=\"\" title=\"den r\u00f8de mini bob \/ Zipflbob\"><\/noscript><\/sr7-bg>\n\t\t\t\t\t\t<\/sr7-slide>\n\t\t\t\t\t\t<sr7-slide id=\"SR7_2_1-10\" data-key=\"10\">\n\t\t\t\t\t\t\t<sr7-bg id=\"SR7_2_1-10-slidebg\" class=\"sr7-layer\"><noscript><img decoding=\"async\" src=\"https:\/\/mini-bob.com\/wp-content\/uploads\/2015\/02\/IMG_2418-500.jpg\" alt=\"\" title=\"den r\u00f8de mini bob \/ Zipflbob\"><\/noscript><\/sr7-bg>\n\t\t\t\t\t\t<\/sr7-slide>\n\t\t\t\t\t\t<sr7-slide id=\"SR7_2_1-11\" data-key=\"11\">\n\t\t\t\t\t\t\t<sr7-bg id=\"SR7_2_1-11-slidebg\" class=\"sr7-layer\"><noscript><img decoding=\"async\" src=\"https:\/\/mini-bob.com\/wp-content\/uploads\/2015\/02\/IMG_2495-500.jpg\" alt=\"\" title=\"den r\u00f8de mini bob \/ Zipflbob\"><\/noscript><\/sr7-bg>\n\t\t\t\t\t\t<\/sr7-slide>\n\t\t\t\t\t\t<sr7-slide id=\"SR7_2_1-47\" data-key=\"47\">\n\t\t\t\t\t\t<\/sr7-slide>\n\t\t\t\t\t<\/sr7-content>\n\t\t\t\t<\/sr7-module>\n\t\t\t\t<script>\n\t\t\t\t\twindow.SR7 ??={};SR7.PMH ??={}; SR7.PMH[\"SR7_2_1\"] = {cn:100,state:false,fn: function() { if (window._tpt!==undefined && window._tpt.prepareModuleHeight !== undefined) {  _tpt.prepareModuleHeight({id:\"SR7_2_1\",el:[],type:'standard',shdw:'1',gh:[350],gw:[200],vpt:['-200px'],size:{fullWidth:false, fullHeight:false},mh:'0',onh:0,onw:0,bg:{color:'#E9E9E9'},plType:'0',plColor:'#FFFFFF'});   SR7.PMH[\"SR7_2_1\"].state=true;} else if(SR7.PMH[\"SR7_2_1\"].cn-->0)\tsetTimeout( SR7.PMH[\"SR7_2_1\"].fn,19);}};SR7.PMH[\"SR7_2_1\" ].fn();\n\t\t\t\t<\/script>\n[\/vc_column][vc_column width=&raquo;1\/2&#8243;][vc_custom_heading text=&raquo;Den originale mini bob (Zipflbob) i r\u00f8dt&raquo; google_fonts=&raquo;font_family:Roboto%20Condensed%3A300%2C300italic%2Cregular%2Citalic%2C700%2C700italic|font_style:400%20regular%3A400%3Anormal&raquo;][vc_wp_text]Den originale mini bob (Zipflbob) i fargen r\u00f8d har eksistert siden 1976.<\/p>\n<p>Produsenter fra \u00d8sten bruker n\u00e5 ogs\u00e5 fargekombinasjonen &laquo;r\u00f8d og svart&raquo; p\u00e5 sine kopier for \u00e5 gi inntrykk av at dette er den originale mini bob. Bare med den originale mini bob-logoen er en r\u00f8d zipflbob virkelig den originale r\u00f8de mini bob! <\/p>\n<p>Enten du er mann eller kvinne, ung eller gammel - moro med mini bob er garantert for alle![\/vc_wp_text]<style type=\"text\/css\" data-type=\"the7_shortcodes-inline-css\">#default-btn-b9bfc6c88936e1db5b583f887af81f03.ico-right-side > i {\n  margin-right: 0px;\n  margin-left: 8px;\n}\n#default-btn-b9bfc6c88936e1db5b583f887af81f03 > i {\n  margin-right: 8px;\n}<\/style><a href=\"https:\/\/mini-bob.com\/nb\/produkt\/original-minibob-zipfelbob-akebrett-i-roedt\/\" class=\"default-btn-shortcode dt-btn dt-btn-l pulse animate-element animation-builder link-hover-off btn-inline-left \" id=\"default-btn-b9bfc6c88936e1db5b583f887af81f03\" title=\"der mini bob\"><span>KJ\u00d8P R\u00d8D ZIPFLBOB<\/span><\/a>[\/vc_column][\/vc_row][vc_row][vc_column width=&raquo;1\/2&#8243;][vc_empty_space height=&raquo;110px&raquo;][vc_column_text]I begynnelsen ble den originale mini bob, ogs\u00e5 kjent som Zipflbob eller plastbob, produsert i gjennomg\u00e5ende r\u00f8d farge, f\u00f8rst senere ble det besluttet \u00e5 bruke kontrastfargene r\u00f8dt og svart (&laquo;Zipfl&raquo; og sete i svart, Zipflbob-kropp i r\u00f8dt), slik du fortsatt kan kj\u00f8pe den i dag.<\/p>\n<p>Den r\u00f8de mini bob&#8217;en skiller seg spesielt godt ut mot den sn\u00f8hvite overflaten og har gitt farge i sn\u00f8en siden 1976.<\/p>\n<p>Den r\u00f8de zipflbob&#8217;en er p\u00e5virket av 1970-tallets fargerike tid og imponerer fortsatt i bakker og skibakker i dag - en evergreen i r\u00f8dt.[\/vc_column_text][vc_empty_space]<style type=\"text\/css\" data-type=\"the7_shortcodes-inline-css\">#default-btn-bd54386a6c0e84e38fa1c6eee4ac46d3.ico-right-side > i {\n  margin-right: 0px;\n  margin-left: 8px;\n}\n#default-btn-bd54386a6c0e84e38fa1c6eee4ac46d3 > i {\n  margin-right: 8px;\n}<\/style><a href=\"https:\/\/mini-bob.com\/nb\/akebrett-mini-bob\/\" class=\"default-btn-shortcode dt-btn dt-btn-l pulse animate-element animation-builder link-hover-off btn-inline-left \" id=\"default-btn-bd54386a6c0e84e38fa1c6eee4ac46d3\" title=\"der mini bob\"><span>MINI BOB I ANDRE FARGER<\/span><\/a>[vc_empty_space]<style type=\"text\/css\" data-type=\"the7_shortcodes-inline-css\">#default-btn-1456b6708678fba44f25293009e3144e.ico-right-side > i {\n  margin-right: 0px;\n  margin-left: 8px;\n}\n#default-btn-1456b6708678fba44f25293009e3144e > i {\n  margin-right: 8px;\n}<\/style><a href=\"https:\/\/mini-bob.com\/mini-bob-zipfelbob-shop\/\" class=\"default-btn-shortcode dt-btn dt-btn-l pulse animate-element animation-builder link-hover-off btn-inline-left \" id=\"default-btn-1456b6708678fba44f25293009e3144e\" title=\"Original mini bob (Zipfelbob) Shop\"><span>KLIKK HER FOR \u00c5 G\u00c5 DIREKTE TIL BUTIKKEN<\/span><\/a>[\/vc_column][vc_column width=&raquo;1\/2&#8243; css=&raquo;.vc_custom_1660905577148{padding-top: 70px !important;}&raquo;][vc_single_image image=&raquo;135206&#8243; img_size=&raquo;large&raquo;][\/vc_column][\/vc_row][vc_row][vc_column][vc_single_image image=&raquo;4036&#8243; img_size=&raquo;full&raquo;][\/vc_column][\/vc_row][vc_row][vc_column][vc_wp_text]Den originale mini bob i den klassiske r\u00f8d\/sorte fargen - den eviggr\u00f8nne blant plastbobber[\/vc_wp_text][\/vc_column][\/vc_row]<\/p>\n<\/div>","protected":false},"excerpt":{"rendered":"<p>[vc_row][vc_column width=&raquo;1\/2&#8243;][\/vc_column][vc_column width=&raquo;1\/2&#8243;][vc_custom_heading text=&raquo;Den originale mini bob (Zipflbob) i r\u00f8dt&raquo; google_fonts=&raquo;font_family:Roboto%20Condensed%3A300%2C300italic%2Cregular%2Citalic%2C700%2C700italic|font_style:400%20regular%3A400%3Anormal&raquo;][vc_wp_text]Den originale mini bob (Zipflbob) i fargen r\u00f8d har eksistert siden 1976. Produsenter fra \u00d8sten bruker n\u00e5 ogs\u00e5 fargekombinasjonen &laquo;r\u00f8d og svart&raquo; p\u00e5 sine kopier for \u00e5 gi inntrykk av at dette er den originale mini bob. Bare med den originale mini bob-logoen er en&hellip;<\/p>\n","protected":false},"author":1,"featured_media":0,"parent":0,"menu_order":0,"comment_status":"closed","ping_status":"closed","template":"","meta":{"_acf_changed":false,"footnotes":""},"class_list":["post-157172","page","type-page","status-publish","hentry","description-off"],"acf":[],"_links":{"self":[{"href":"https:\/\/mini-bob.com\/nb\/wp-json\/wp\/v2\/pages\/157172","targetHints":{"allow":["GET"]}}],"collection":[{"href":"https:\/\/mini-bob.com\/nb\/wp-json\/wp\/v2\/pages"}],"about":[{"href":"https:\/\/mini-bob.com\/nb\/wp-json\/wp\/v2\/types\/page"}],"author":[{"embeddable":true,"href":"https:\/\/mini-bob.com\/nb\/wp-json\/wp\/v2\/users\/1"}],"replies":[{"embeddable":true,"href":"https:\/\/mini-bob.com\/nb\/wp-json\/wp\/v2\/comments?post=157172"}],"version-history":[{"count":8,"href":"https:\/\/mini-bob.com\/nb\/wp-json\/wp\/v2\/pages\/157172\/revisions"}],"predecessor-version":[{"id":157196,"href":"https:\/\/mini-bob.com\/nb\/wp-json\/wp\/v2\/pages\/157172\/revisions\/157196"}],"wp:attachment":[{"href":"https:\/\/mini-bob.com\/nb\/wp-json\/wp\/v2\/media?parent=157172"}],"curies":[{"name":"wp","href":"https:\/\/api.w.org\/{rel}","templated":true}]}}