{"id":157186,"date":"2017-01-08T13:29:04","date_gmt":"2017-01-08T12:29:04","guid":{"rendered":"https:\/\/mini-bob.com\/kjoep-den-ultimate-pulken-den-originale-mini-bob\/"},"modified":"2025-11-22T19:16:34","modified_gmt":"2025-11-22T18:16:34","slug":"kjoep-den-ultimate-pulken-den-originale-mini-bob","status":"publish","type":"page","link":"https:\/\/mini-bob.com\/nb\/kjoep-den-ultimate-pulken-den-originale-mini-bob\/","title":{"rendered":"kj\u00f8p den ultimate pulken - den originale mini bob"},"content":{"rendered":"<div class=\"wpb-content-wrapper\"><p>[vc_row][vc_column][vc_custom_heading text=&raquo;Maxi moro med mini bob - den ultimate kjelken&raquo; font_container=&raquo;tag:h1|text_align:left&raquo; google_fonts=&raquo;font_family:Roboto%20Condensed%3A300%2C300italic%2Cregular%2Citalic%2C700%2C700italic|font_style:400%20regular%3A400%3Anormal&raquo;][\/vc_column][\/vc_row][vc_row][vc_column][vc_custom_heading text=&raquo;Hvis aking, s\u00e5 med mini bob!&raquo; font_container=&raquo;tag:h2|text_align:center&raquo; google_fonts=&raquo;font_family:Roboto%20Condensed%3A300%2C300italic%2Cregular%2Citalic%2C700%2C700italic|font_style:400%20regular%3A400%3Anormal&raquo;][\/vc_column][\/vc_row][vc_row][vc_column][vc_single_image image=&raquo;5751&#8243; img_size=&raquo;large&raquo; alignment=&raquo;center&raquo; onclick=&raquo;zoom&raquo; lazy_loading=&raquo;true&raquo;][\/vc_column][\/vc_row][vc_row][vc_column][vc_custom_heading text=&raquo;Den unike og kanskje beste kjelken for moro i sn\u00f8en - produsert i Tyskland siden 1976!&raquo; font_container=&raquo;tag:h2|text_align:center&raquo; google_fonts=&raquo;font_family:Roboto%20Condensed%3A300%2C300italic%2Cregular%2Citalic%2C700%2C700italic|font_style:400%20regular%3A400%3Anormal&raquo;][vc_column_text]Er du bare kjent med de vanlige akebrettene av tre? Da vil du bli overrasket over hvor g\u00f8y aking kan v\u00e6re! <\/p>\n<p>Den originale mini bob-en er oppfunnet i de \u00f8sterrikske Alpene og produsert i Tyskland etter de h\u00f8yeste kvalitetsstandarder siden 1976, og tilbyr maksimal kj\u00f8reglede med maksimal sikkerhet.<\/p>\n<p>Takket v\u00e6re sin unike form og sitt unike konsept er mini bob langt bedre enn vanlige kjelker. Du l\u00e6rer deg raskt \u00e5 styre presist med den og \u00e5 bremse raskt og effektivt. <\/p>\n<p>Fra en enkel utforkj\u00f8ring ned en liten bakke til spektakul\u00e6re stunts - alt er mulig med den lille minikjelken.<\/p>\n<p>Den originale mini bob kan kj\u00f8pes i mange forskjellige farger. S\u00e5 hvis du vil kj\u00f8pe en kjelke, kan du n\u00e5 velge mellom mange sterke farger som gj\u00f8r seg ekstra godt i sn\u00f8en.[\/vc_column_text][\/vc_column][\/vc_row][vc_row][vc_column][vc_custom_heading text=&raquo;mini bob - kj\u00f8p den ultimate sleden?&raquo; google_fonts=&raquo;font_family:Roboto%20Condensed%3A300%2C300italic%2Cregular%2Citalic%2C700%2C700italic|font_style:400%20regular%3A400%3Anormal&raquo;]<style type=\"text\/css\" data-type=\"the7_shortcodes-inline-css\">#default-btn-29c87eb0f5a251bd1c583eb351fe4b16.ico-right-side > i {\n  margin-right: 0px;\n  margin-left: 8px;\n}\n#default-btn-29c87eb0f5a251bd1c583eb351fe4b16 > i {\n  margin-right: 8px;\n}<\/style><a href=\"https:\/\/mini-bob.com\/mini-bob-zipfelbob-shop\/\" class=\"default-btn-shortcode dt-btn dt-btn-l pulse animate-element animation-builder link-hover-off btn-inline-left \" id=\"default-btn-29c87eb0f5a251bd1c583eb351fe4b16\" title=\"Original mini bob (Zipflbob) Butikk\"><span>KJ\u00d8P MINI BOB!<\/span><\/a>[\/vc_column][\/vc_row][vc_row][vc_column][vc_empty_space][vc_masonry_media_grid initial_loading_animation=&raquo;fadeIn&raquo; grid_id=&raquo;vc_gid:1662623660523-c096aec2-2791-10&#8243; include=&raquo;5780,4141,4149,4022,4013&#8243;][\/vc_column][\/vc_row][vc_row][vc_column][vc_column_text]Original mini bob er ikke laget av tre som en vanlig kjelke, men av en uforgjengelig plast som er ekstremt motstandsdyktig og t\u00e5ler selv de t\u00f8ffeste akebakker. Der akebrett av tre g\u00e5r i stykker eller skallbobber av plast g\u00e5r i stykker, fortsetter den originale mini bob \u00e5 fungere. Det betyr at det er mindre risiko for skader enn med vanlige akebrett.  <\/p>\n<p>Takket v\u00e6re det lave tyngdepunktet er skaderisikoen sv\u00e6rt lav, selv ved et eventuelt fall, og derfor kan mini bob kj\u00f8res av personer i alderen 3-99 \u00e5r.<\/p>\n<p>Mini bob byr p\u00e5 den ultimate akeopplevelsen for b\u00e5de store og sm\u00e5.<\/p>\n<p>Takket v\u00e6re den unike bremsefunksjonen (du trekker ganske enkelt styrespaken mot kroppen) kan min bob stanses raskt og trygt.[\/vc_column_text][vc_custom_heading text=&raquo;mini bob - den originale m\u00e5ten \u00e5 ake p\u00e5!&raquo; google_fonts=&raquo;font_family:Roboto%20Condensed%3A300%2C300italic%2Cregular%2Citalic%2C700%2C700italic|font_style:400%20regular%3A400%3Anormal&raquo;][\/vc_column][\/vc_row][vc_row][vc_column][vc_column_text]I v\u00e5r <a href=\"https:\/\/mini-bob.com\/nb\/faq\/\">FAQ<\/a> (sp\u00f8rsm\u00e5l og svar) finner du mer informasjon om den originale mini bob<\/p>\n<p>Under &laquo;mini bob <a href=\"https:\/\/mini-bob.com\/nb\/akebrett-mini-bob\/\">&laquo;<\/a> finner du mer teknisk informasjon om den originale mini bob<\/p>\n<p>Du kan kj\u00f8pe den originale mini bob i spesialforretninger eller p\u00e5 nettet - en liste over forhandlere finner du her: <a href=\"https:\/\/mini-bob.com\/nb\/kjoepe-den-originale-mini-bob-akebrett\/\">kj\u00f8p<\/a> mini bob<\/p>\n<p>Hvis du som forelder har sp\u00f8rsm\u00e5l om mini bob - <a href=\"https:\/\/mini-bob.com\/nb\/mini-bob-kontakt\/\">ta kontakt med<\/a> oss, s\u00e5 hjelper vi deg gjerne![\/vc_column_text][\/vc_column][\/vc_row]<\/p>\n<\/div>","protected":false},"excerpt":{"rendered":"<p>[vc_row][vc_column][vc_custom_heading text=&raquo;Maxi moro med mini bob - den ultimate kjelken&raquo; font_container=&raquo;tag:h1|text_align:left&raquo; google_fonts=&raquo;font_family:Roboto%20Condensed%3A300%2C300italic%2Cregular%2Citalic%2C700%2C700italic|font_style:400%20regular%3A400%3Anormal&raquo;][\/vc_column][\/vc_row][vc_row][vc_column][vc_custom_heading text=&raquo;Hvis aking, s\u00e5 med mini bob!&raquo; font_container=&raquo;tag:h2|text_align:center&raquo; google_fonts=&raquo;font_family:Roboto%20Condensed%3A300%2C300italic%2Cregular%2Citalic%2C700%2C700italic|font_style:400%20regular%3A400%3Anormal&raquo;][\/vc_column][\/vc_row][vc_row][vc_column][vc_single_image image=&raquo;5751&#8243; img_size=&raquo;large&raquo; alignment=&raquo;center&raquo; onclick=&raquo;zoom&raquo; lazy_loading=&raquo;true&raquo;][\/vc_column][\/vc_row][vc_row][vc_column][vc_custom_heading text=&raquo;Den unike og kanskje beste kjelken for moro i sn\u00f8en - produsert i Tyskland siden 1976!&raquo; font_container=&raquo;tag:h2|text_align:center&raquo; google_fonts=&raquo;font_family:Roboto%20Condensed%3A300%2C300italic%2Cregular%2Citalic%2C700%2C700italic|font_style:400%20regular%3A400%3Anormal&raquo;][vc_column_text]Er du bare kjent med de vanlige akebrettene av tre? Da vil du&hellip;<\/p>\n","protected":false},"author":1,"featured_media":0,"parent":0,"menu_order":0,"comment_status":"closed","ping_status":"closed","template":"","meta":{"_acf_changed":false,"footnotes":""},"class_list":["post-157186","page","type-page","status-publish","hentry","description-off"],"acf":[],"_links":{"self":[{"href":"https:\/\/mini-bob.com\/nb\/wp-json\/wp\/v2\/pages\/157186","targetHints":{"allow":["GET"]}}],"collection":[{"href":"https:\/\/mini-bob.com\/nb\/wp-json\/wp\/v2\/pages"}],"about":[{"href":"https:\/\/mini-bob.com\/nb\/wp-json\/wp\/v2\/types\/page"}],"author":[{"embeddable":true,"href":"https:\/\/mini-bob.com\/nb\/wp-json\/wp\/v2\/users\/1"}],"replies":[{"embeddable":true,"href":"https:\/\/mini-bob.com\/nb\/wp-json\/wp\/v2\/comments?post=157186"}],"version-history":[{"count":3,"href":"https:\/\/mini-bob.com\/nb\/wp-json\/wp\/v2\/pages\/157186\/revisions"}],"predecessor-version":[{"id":157198,"href":"https:\/\/mini-bob.com\/nb\/wp-json\/wp\/v2\/pages\/157186\/revisions\/157198"}],"wp:attachment":[{"href":"https:\/\/mini-bob.com\/nb\/wp-json\/wp\/v2\/media?parent=157186"}],"curies":[{"name":"wp","href":"https:\/\/api.w.org\/{rel}","templated":true}]}}