{"id":157214,"date":"2025-11-22T19:31:30","date_gmt":"2025-11-22T18:31:30","guid":{"rendered":"https:\/\/mini-bob.com\/autentisitet-av-vurderinger\/"},"modified":"2025-11-22T19:31:30","modified_gmt":"2025-11-22T18:31:30","slug":"autentisitet-av-vurderinger","status":"publish","type":"page","link":"https:\/\/mini-bob.com\/nb\/autentisitet-av-vurderinger\/","title":{"rendered":"Autentisitet av vurderinger"},"content":{"rendered":"<h1>Merknad om vurderingers autentisitet<\/h1>\n<p>Anmeldelser p\u00e5 nettstedet v\u00e5rt kan bare sendes inn av kunder, og bare for produkter som de faktisk har kj\u00f8pt fra oss.<\/p>\n<p>Valgfrie filtertiltak ved innsending av vurderinger:<\/p>\n<ul>\n<li>Kunder kan bare legge igjen en anmeldelse hvis de faktisk har kj\u00f8pt det aktuelle produktet.<\/li>\n<li>Vi tillater ikke doble vurderinger for samme produkt.<\/li>\n<li>Anmeldelser kontrolleres manuelt av oss for autentisitet (sammenligning av bestilling, navn og e-post til kj\u00f8peren) og aktiveres f\u00f8rst etter vellykket verifisering.<\/li>\n<li>Vurderinger offentliggj\u00f8res uavhengig av resultatet: &laquo;bra eller d\u00e5rlig&raquo; - vi er \u00e5pne for kritikk!<\/li>\n<\/ul>\n","protected":false},"excerpt":{"rendered":"<p>Merknad om vurderingers autentisitet Anmeldelser p\u00e5 nettstedet v\u00e5rt kan bare sendes inn av kunder, og bare for produkter som de faktisk har kj\u00f8pt fra oss. Valgfrie filtertiltak ved innsending av vurderinger: Kunder kan bare legge igjen en anmeldelse hvis de faktisk har kj\u00f8pt det aktuelle produktet. Vi tillater ikke doble vurderinger for samme produkt. Anmeldelser&hellip;<\/p>\n","protected":false},"author":1,"featured_media":0,"parent":0,"menu_order":0,"comment_status":"closed","ping_status":"closed","template":"","meta":{"_acf_changed":false,"footnotes":""},"class_list":["post-157214","page","type-page","status-publish","hentry","description-off"],"acf":[],"_links":{"self":[{"href":"https:\/\/mini-bob.com\/nb\/wp-json\/wp\/v2\/pages\/157214","targetHints":{"allow":["GET"]}}],"collection":[{"href":"https:\/\/mini-bob.com\/nb\/wp-json\/wp\/v2\/pages"}],"about":[{"href":"https:\/\/mini-bob.com\/nb\/wp-json\/wp\/v2\/types\/page"}],"author":[{"embeddable":true,"href":"https:\/\/mini-bob.com\/nb\/wp-json\/wp\/v2\/users\/1"}],"replies":[{"embeddable":true,"href":"https:\/\/mini-bob.com\/nb\/wp-json\/wp\/v2\/comments?post=157214"}],"version-history":[{"count":0,"href":"https:\/\/mini-bob.com\/nb\/wp-json\/wp\/v2\/pages\/157214\/revisions"}],"wp:attachment":[{"href":"https:\/\/mini-bob.com\/nb\/wp-json\/wp\/v2\/media?parent=157214"}],"curies":[{"name":"wp","href":"https:\/\/api.w.org\/{rel}","templated":true}]}}