{"id":3827,"date":"2014-05-30T13:54:44","date_gmt":"2014-05-30T11:54:44","guid":{"rendered":"https:\/\/mini-bob.com\/?page_id=3827"},"modified":"2026-01-01T21:49:50","modified_gmt":"2026-01-01T20:49:50","slug":"home-of-mini-bob-akebrett","status":"publish","type":"page","link":"https:\/\/mini-bob.com\/nb\/","title":{"rendered":"Hjemmet til mini bob - den originale zipflbob"},"content":{"rendered":"<div class=\"wpb-content-wrapper\"><p>[vc_row][vc_column][vc_custom_heading text=&raquo;den originale zipflbob siden 1976 - the mini bob&raquo; font_container=&raquo;tag:h3|text_align:left&raquo; google_fonts=&raquo;font_family:Roboto%20Condensed%3A300%2C300italic%2Cregular%2Citalic%2C700%2C700italic|font_style:400%20regular%3A400%3Anormal&raquo;][vc_empty_space]\n\t\t\t\t<p class=\"rs-p-wp-fix\"><\/p>\n\t\t\t\t<sr7-module data-alias=\"mini-bob-intro-nor\" data-id=\"8\" id=\"SR7_8_1\" class=\"rs-ov-hidden\" data-version=\"6.7.52\">\n\t\t\t\t\t<sr7-adjuster><\/sr7-adjuster>\n\t\t\t\t\t<sr7-content>\n\t\t\t\t\t\t<sr7-slide id=\"SR7_8_1-28\" data-key=\"28\">\n\t\t\t\t\t\t\t<sr7-txt id=\"SR7_8_1-28-2\" class=\"sr7-layer\">oppfunnet i \u00d8sterrike - produsert i Tyskland<\/sr7-txt>\n\t\t\t\t\t\t\t<sr7-txt id=\"SR7_8_1-28-4\" class=\"sr7-layer\">siden 1976 \u2013 made in Germany <\/sr7-txt>\n\t\t\t\t\t\t\t<sr7-txt id=\"SR7_8_1-28-5\" class=\"sr7-layer\">maks moro med mini bob<\/sr7-txt>\n\t\t\t\t\t\t\t<sr7-txt id=\"SR7_8_1-28-6\" class=\"sr7-layer\">akebrett for sm\u00e5 og store<\/sr7-txt>\n\t\t\t\t\t\t\t<sr7-txt id=\"SR7_8_1-28-7\" class=\"sr7-layer\">maks moro med mini bob<\/sr7-txt>\n\t\t\t\t\t\t<\/sr7-slide>\n\t\t\t\t\t\t<sr7-slide id=\"SR7_8_1-29\" data-key=\"29\">\n\t\t\t\t\t\t\t<sr7-bg id=\"SR7_8_1-29-5\" class=\"sr7-layer\"><noscript><img decoding=\"async\" src=\"https:\/\/mini-bob.com\/wp-content\/uploads\/revslider\/mini bob intro1\/mini-bob-bg1.jpg\" alt=\"minibob zipflbob in rot\" title=\"roter Zipfelbob  - mini bob rot\"><\/noscript><\/sr7-bg>\n\t\t\t\t\t\t\t<sr7-txt id=\"SR7_8_1-29-2\" class=\"sr7-layer\">En ursprunglig \"Zipfelbob\"<\/sr7-txt>\n\t\t\t\t\t\t\t<sr7-txt id=\"SR7_8_1-29-3\" class=\"sr7-layer\">uppfunnen i \u00d6sterrike, framst\u00e4lld i Tyskland<\/sr7-txt>\n\t\t\t\t\t\t\t<sr7-txt id=\"SR7_8_1-29-4\" class=\"sr7-layer\">sedan 1976 - made in Germany<\/sr7-txt>\n\t\t\t\t\t\t<\/sr7-slide>\n\t\t\t\t\t\t<sr7-slide id=\"SR7_8_1-41\" data-key=\"41\">\n\t\t\t\t\t\t<\/sr7-slide>\n\t\t\t\t\t<\/sr7-content>\n\t\t\t\t\t<image_lists style=\"display:none\">\n\t\t\t\t\t\t<img data-src=\"\/\/mini-bob.com\/wp-content\/uploads\/revslider\/mini bob intro1\/logo-slider.png\" data-libid=\"2225\" alt=\"minibob logo\" title=\"mini bob logo\" width=\"0\" height=\"0\" data-dbsrc=\"Ly9taW5pLWJvYi5jb20vd3AtY29udGVudC91cGxvYWRzL3JldnNsaWRlci9taW5pIGJvYiBpbnRybzEvbG9nby1zbGlkZXIucG5n\"\/>\n\t\t\t\t\t\t<img data-src=\"\/\/mini-bob.com\/wp-content\/uploads\/revslider\/mini bob intro1\/mini-bob-bg1.jpg\" width=\"0\" height=\"0\" data-dbsrc=\"Ly9taW5pLWJvYi5jb20vd3AtY29udGVudC91cGxvYWRzL3JldnNsaWRlci9taW5pIGJvYiBpbnRybzEvbWluaS1ib2ItYmcxLmpwZw==\"\/>\n\t\t\t\t\t<\/image_lists>\n\t\t\t\t<\/sr7-module>\n\t\t\t\t<script>\n\t\t\t\t\twindow.SR7 ??={};SR7.PMH ??={}; SR7.PMH[\"SR7_8_1\"] = {cn:100,state:false,fn: function() { if (window._tpt!==undefined && window._tpt.prepareModuleHeight !== undefined) {  _tpt.prepareModuleHeight({id:\"SR7_8_1\",el:[850,850,768,960,720],type:'standard',shdw:'0',gh:[850,850,702,533,329],gw:[1240,1240,1024,778,480],vpt:['-200px'],size:{fullWidth:true, fullHeight:false},mh:'0',onh:0,onw:0,bg:{color:'{\"orig\":\"transparent\",\"type\":\"solid\",\"string\":\"transparent\"}'},plType:'-1',plColor:'#FFFFFF'});   SR7.PMH[\"SR7_8_1\"].state=true;} else if(SR7.PMH[\"SR7_8_1\"].cn-->0)\tsetTimeout( SR7.PMH[\"SR7_8_1\"].fn,19);}};SR7.PMH[\"SR7_8_1\" ].fn();\n\t\t\t\t<\/script>\n[vc_separator][vc_custom_heading text=&raquo;Kvalitet produsert i Tyskland siden 1976&#8243; font_container=&raquo;tag:h3|text_align:left&raquo; google_fonts=&raquo;font_family:Roboto%20Condensed%3A300%2C300italic%2Cregular%2Citalic%2C700%2C700italic|font_style:400%20regular%3A400%3Anormal&raquo;][vc_separator][vc_column_text css=&raquo;&raquo;]I mer enn 50 \u00e5r har mini bob (den originale zipflbob) fortsatt \u00e5 bevise hva den er laget av. Mini bob ble f\u00f8dt i \u00d8sterrike p\u00e5 1970-tallet, og takket v\u00e6re ideene og kreativiteten til den entusiastiske fanskaren lever den videre i dag, ogs\u00e5 kjent som &laquo;Zipflbob&raquo; i alperegionen. \u00c9n ting har imidlertid alltid st\u00e5tt i forgrunnen&#8230; MAXISPASS for store og sm\u00e5 med den originale mini bob.[\/vc_column_text][vc_empty_space][\/vc_column][\/vc_row][vc_row][vc_column width=&raquo;1\/2&#8243;][vc_wp_text]<\/p>\n<p style=\"margin-left: 60px; margin-top: 47px;\"><img loading=\"lazy\" decoding=\"async\" title=\"original Zipflbob - Zipflbob r\u00f8d\" src=\"\/wp-content\/uploads\/2015\/01\/mini-bob-rot-500px.png\" alt=\"mini bob - den originale zipflbob Zipflbob\" width=\"500\" height=\"433\" \/><\/p>\n<p>[\/vc_wp_text][\/vc_column][vc_column width=&raquo;1\/2&#8243;][vc_accordion active_tab=&raquo;1&#8243; title=&raquo;mini bob - Hvorfor originalen?&raquo;][vc_accordion_tab title=&raquo;Vellykket og uforandret siden 1976&#8243;][vc_column_text]Siden utviklingen p\u00e5 1970-tallet har mini bob&#8217;en gjennomg\u00e5tt mange utviklingsstadier f\u00f8r den n\u00e5dde den formen og perfeksjonen den fortsatt har i dag.<\/p>\n<p>Mini bob har blitt produsert i denne perfeksjonerte designen i Tyskland siden 1976 - allerede den gang ble det tatt hensyn til funksjon, design, holdbarhet og milj\u00f8vennlighet i materialene og produksjonen.<\/p>\n<p>Mini bob har en ergonomisk seteform og et perfekt st\u00f8pt h\u00e5ndtak, noe som sikrer maksimal moro og sikkerhet for sm\u00e5 og store.<\/p>\n<p>Takket v\u00e6re joysticken og den spesielle formen kan mini bob styres presist, raskt og sikkert. Takket v\u00e6re det intuitive betjeningskonseptet er den en fryd \u00e5 kj\u00f8re fra f\u00f8rste minutt.<\/p>\n<p>Allerede mange \u00e5r f\u00f8r lovgivningen ble innf\u00f8rt, ble det s\u00f8rget for at mini bob ble produsert ftalatfritt (uten myknere). Selv i dag best\u00e5r mini bob de h\u00f8yeste material- og sikkerhetstestene uten noen klager.[\/vc_column_text][\/vc_accordion_tab][vc_accordion_tab title=&raquo;Nok en gang hedret med Bob.art Industry Arward 2014&#8243;][vc_column_text]Det er ikke bare i Formel 1 at kombinasjonen av vekt, fart, stabilitet, perfekt balanse og design er en garanti for seire!<\/p>\n<p>I motsetning til kopiene av produktet v\u00e5rt, har denne garantien v\u00e6rt en del av den originale mini bob helt siden begynnelsen. Dette garanterer deg h\u00f8yest mulig niv\u00e5 av trygg kj\u00f8reglede.[\/vc_column_text][\/vc_accordion_tab][vc_accordion_tab title=&raquo;Oppfunnet i \u00d8sterrike - produsert i Tyskland&raquo;][vc_column_text]Siden oppfinnelsen p\u00e5 1970-tallet har mini bob blitt produsert utelukkende i Tyskland. Dette sikrer de h\u00f8ye kravene som stilles til dette kvalitetsproduktet, og garanterer brukeren maksimal sikkerhet og holdbarhet.<\/p>\n<p>Den originale mini bob er et kvalitetsprodukt i generasjoner - ikke bare en kjedelig plastbob.[\/vc_column_text][\/vc_accordion_tab][\/vc_accordion][\/vc_column][\/vc_row][vc_row][vc_column][vc_separator][\/vc_column][\/vc_row][vc_row][vc_column][vc_empty_space][vc_cta h2=&raquo;Klikk her for \u00e5 g\u00e5 til nettbutikken&raquo; txt_align=&raquo;justify&raquo; shape=&raquo;square&raquo; add_button=&raquo;left&raquo; btn_title=&raquo;til mini bob-butikken&raquo; btn_shape=&raquo;square&raquo; btn_color=&raquo;danger&raquo; btn_size=&raquo;lg&raquo; btn_align=&raquo;right&raquo; btn_i_type=&raquo;the7&#8243; btn_i_icon_the7=&raquo;icomoon-the7-font-the7-arrow-27&#8243; btn_button_block=&raquo;true&raquo; btn_add_icon=&raquo;true&raquo; btn_link=&raquo;url:https%3A%2F%2Fmini-bob.com%2Fmini-bob-zipfelbob-shop%2F|title:mini%20bob%20%28Zipfelbob%29%20kaufen|&raquo;]Du kan ogs\u00e5 kj\u00f8pe alle tilgjengelige farger i nettbutikken v\u00e5r[\/vc_cta][vc_cta h2=&raquo;kj\u00f8pe mini bob - zipflbob?&raquo; txt_align=&raquo;justify&raquo; shape=&raquo;square&raquo; add_button=&raquo;left&raquo; btn_title=&raquo;kj\u00f8p mini bob&raquo; btn_shape=&raquo;square&raquo; btn_color=&raquo;danger&raquo; btn_size=&raquo;lg&raquo; btn_i_type=&raquo;the7&#8243; btn_i_icon_the7=&raquo;icomoon-the7-font-the7-arrow-27&#8243; btn_add_icon=&raquo;true&raquo; btn_link=&raquo;url:https%3A%2F%2Fmini-bob.com%2Fnb%2Fkjoepe-den-originale-mini-bob-akebrett%2F|title:mini%20bob%20%28Zipfelbob%29%20kaufen|&raquo;]Du kan kj\u00f8pe den originale mini bob fra sertifiserte forhandlere her![\/vc_cta][vc_cta h2=&raquo;Bli en handelspartner?&raquo; txt_align=&raquo;justify&raquo; shape=&raquo;square&raquo; add_button=&raquo;left&raquo; btn_title=&raquo;Foresp\u00f8rsel fra partner&raquo; btn_shape=&raquo;square&raquo; btn_color=&raquo;danger&raquo; btn_size=&raquo;lg&raquo; btn_align=&raquo;right&raquo; btn_i_type=&raquo;the7&#8243; btn_i_icon_the7=&raquo;icomoon-the7-font-the7-arrow-27&#8243; btn_button_block=&raquo;true&raquo; btn_add_icon=&raquo;true&raquo; btn_link=&raquo;url:https%3A%2F%2Fmini-bob.com%2Fnb%2Fmini-bob-kontakt%2F|title:mini%20bob%20%28Zipfelbob%29%20kaufen|&raquo;]Har du en butikk eller en nettbutikk og \u00f8nsker \u00e5 selge den originale mini bob?[\/vc_cta][\/vc_column][\/vc_row][vc_row][vc_column][vc_empty_space][vc_basic_grid post_type=&raquo;post&raquo; max_items=&raquo;10&#8243; element_width=&raquo;3&#8243; grid_id=&raquo;vc_gid:1767300567555-49fb8b2b-930e-10&#8243;][\/vc_column][\/vc_row]<\/p>\n<\/div>","protected":false},"excerpt":{"rendered":"<p>[vc_row][vc_column][vc_custom_heading text=&raquo;den originale zipflbob siden 1976 - the mini bob&raquo; font_container=&raquo;tag:h3|text_align:left&raquo; google_fonts=&raquo;font_family:Roboto%20Condensed%3A300%2C300italic%2Cregular%2Citalic%2C700%2C700italic|font_style:400%20regular%3A400%3Anormal&raquo;][vc_empty_space][vc_separator][vc_custom_heading text=&raquo;Kvalitet produsert i Tyskland siden 1976&#8243; font_container=&raquo;tag:h3|text_align:left&raquo; google_fonts=&raquo;font_family:Roboto%20Condensed%3A300%2C300italic%2Cregular%2Citalic%2C700%2C700italic|font_style:400%20regular%3A400%3Anormal&raquo;][vc_separator][vc_column_text css=&raquo;&raquo;]I mer enn 50 \u00e5r har mini bob (den originale zipflbob) fortsatt \u00e5 bevise hva den er laget av. Mini bob ble f\u00f8dt i \u00d8sterrike p\u00e5 1970-tallet, og takket v\u00e6re ideene og kreativiteten til den&hellip;<\/p>\n","protected":false},"author":1,"featured_media":0,"parent":0,"menu_order":0,"comment_status":"closed","ping_status":"closed","template":"","meta":{"_acf_changed":false,"footnotes":""},"class_list":["post-3827","page","type-page","status-publish","hentry","description-off"],"acf":[],"_links":{"self":[{"href":"https:\/\/mini-bob.com\/nb\/wp-json\/wp\/v2\/pages\/3827","targetHints":{"allow":["GET"]}}],"collection":[{"href":"https:\/\/mini-bob.com\/nb\/wp-json\/wp\/v2\/pages"}],"about":[{"href":"https:\/\/mini-bob.com\/nb\/wp-json\/wp\/v2\/types\/page"}],"author":[{"embeddable":true,"href":"https:\/\/mini-bob.com\/nb\/wp-json\/wp\/v2\/users\/1"}],"replies":[{"embeddable":true,"href":"https:\/\/mini-bob.com\/nb\/wp-json\/wp\/v2\/comments?post=3827"}],"version-history":[{"count":11,"href":"https:\/\/mini-bob.com\/nb\/wp-json\/wp\/v2\/pages\/3827\/revisions"}],"predecessor-version":[{"id":165383,"href":"https:\/\/mini-bob.com\/nb\/wp-json\/wp\/v2\/pages\/3827\/revisions\/165383"}],"wp:attachment":[{"href":"https:\/\/mini-bob.com\/nb\/wp-json\/wp\/v2\/media?parent=3827"}],"curies":[{"name":"wp","href":"https:\/\/api.w.org\/{rel}","templated":true}]}}