{"id":3846,"date":"2015-02-28T15:18:16","date_gmt":"2015-02-28T14:18:16","guid":{"rendered":"https:\/\/mini-bob.com\/?page_id=3846"},"modified":"2025-11-22T19:05:05","modified_gmt":"2025-11-22T18:05:05","slug":"kjoepe-den-originale-mini-bob-akebrett","status":"publish","type":"page","link":"https:\/\/mini-bob.com\/nb\/kjoepe-den-originale-mini-bob-akebrett\/","title":{"rendered":"kj\u00f8p mini bob (Zipflbob)"},"content":{"rendered":"<div class=\"wpb-content-wrapper\"><p>[vc_row][vc_column][vc_custom_heading text=&raquo;Zipflbob - kj\u00f8p den originale mini bob i butikk&raquo; google_fonts=&raquo;font_family:Roboto%20Condensed%3A300%2C300italic%2Cregular%2Citalic%2C700%2C700italic|font_style:400%20regular%3A400%3Anormal&raquo;][vc_column_text]Du kan kj\u00f8pe Original mini bob (zipflbob) hos en velassortert sports- og leket\u00f8ysforhandler n\u00e6r deg!<\/p>\n<p>Hvis din lokale forhandler ikke f\u00f8rer Original mini bob, er du velkommen til \u00e5 henvise dem til oss - <a href=\"https:\/\/mini-bob.com\/nb\/mini-bob-kontakt\/?v=3a52f3c22ed6\">vi tar gjerne imot foresp\u00f8rsler fra forhandlere<\/a>.[\/vc_column_text]<style type=\"text\/css\" data-type=\"the7_shortcodes-inline-css\">#default-btn-a09a9a79380c0ade20ac6e838c779d7b.ico-right-side > i {\n  margin-right: 0px;\n  margin-left: 8px;\n}\n#default-btn-a09a9a79380c0ade20ac6e838c779d7b > i {\n  margin-right: 8px;\n}<\/style><a href=\"https:\/\/mini-bob.com\/mini-bob-zipfelbob-shop\/\" class=\"default-btn-shortcode dt-btn dt-btn-l link-hover-off btn-inline-left \" id=\"default-btn-a09a9a79380c0ade20ac6e838c779d7b\" title=\"Original mini bob (Zipflbob) Butikk\"><span>KLIKK HER FOR \u00c5 KOMME TIL BUTIKKEN<\/span><\/a>[vc_empty_space][vc_column_text]Du kan kj\u00f8pe den originale mini bob (Zipflbob) fra f\u00f8lgende forhandlere:[\/vc_column_text][\/vc_column][\/vc_row][vc_row][vc_column width=&raquo;1\/2&#8243;][vc_wp_text]<img decoding=\"async\" src=\"\/wp-content\/uploads\/2015\/02\/deutschland.gif\" alt=\"\" width=\"\" height=\"\">  <img decoding=\"async\" src=\"\/wp-content\/uploads\/2015\/02\/oestereich.gif\" alt=\"\" width=\"\" height=\"\">  <img decoding=\"async\" src=\"\/wp-content\/uploads\/2015\/02\/schweiz02.gif\" alt=\"\" width=\"\" height=\"\"><\/p>\n<p>Tyskland, \u00d8sterrike og Sveits<\/p>\n<p>Her kan du f\u00e5 <strong>spesialutgavene<\/strong> av de originale mini bob&#8217;ene p\u00e5 nettet:<\/p>\n<p><strong>mini bob Webshop<\/strong><br \/>\ne-post: vertrieb@mini-bob.com<\/p>\n<p>&nbsp;<\/p>\n<p><strong>Du kan f\u00e5 den originale mini bob i alle andre farger p\u00e5 nettet her:<\/strong><\/p>\n<p><strong>Rodelfuehrer.de<\/strong><br \/>\nFr\u00fchlingstr. 13<br \/>\n<strong>D-82223<\/strong> Eichenau<br \/>\nTelefon: +49(0)89\/381695562<br \/>\nNettbutikk: <a href=\"https:\/\/www.rodelfuehrer.de\/rodel-shop\/Zipflbob-Minibob\" target=\"_blank\" rel=\"nofollow noopener\">www.rodelfuehrer.de<\/a><\/p>\n<p>&nbsp;<\/p>\n<p><strong>OBI Landsberg<\/strong><br \/>\nAm Penzinger Feld 21<br \/>\n<strong>D-86899<\/strong> Landsberg am Lech<br \/>\nTelefon: +49(0)8191 973900<br \/>\nNettsted: <a href=\"https:\/\/www.obi.de\/baumarkt\/landsberg-am-lech\/\" target=\"_blank\" rel=\"nofollow noopener\">OBI Landsberg<\/a><\/p>\n<p>&nbsp;<\/p>\n<p><strong>JAKO-O M\u00f6bel und Spielmittel f\u00fcr die junge Familie GmbH<\/strong><br \/>\nAugust-Grosch-Stra\u00dfe 28-38<br \/>\n<strong>D-96476<\/strong> Bad Rodach<br \/>\nNettbutikk: <a href=\"https:\/\/www.jako-o.de\/produkte-sport-kinder-sportgeraete-wintersport-mini-bob--047626.html\" target=\"_blank\" rel=\"nofollow noopener\">www.jako-o.de<\/a><\/p>\n<p>&nbsp;<\/p>\n<p><strong>JAKO-O \u00d8sterrike nettbutikk<\/strong><br \/>\n<strong>AT<\/strong><br \/>\nNettbutikk: <a href=\"https:\/\/www.jako-o.at\/produkte-sport-sportarten-wintersport-mini-bob--047626.html\" target=\"_blank\" rel=\"nofollow noopener\">www.jako-o.at<\/a><\/p>\n<p>&nbsp;<\/p>\n<p><strong>Kastner &amp; \u00d6hler Mode GmbH<\/strong><br \/>\nSackstra\u00dfe 7-13<br \/>\n<strong>AT-8010<\/strong> Graz<br \/>\nTelefon: +43 (0)316 870-0<br \/>\nE-post: kontakt@kastner-oehler.at<br \/>\nNettbutikk: <a href=\"https:\/\/www.kastner-oehler.at\/ZipflBob.html\" target=\"_blank\" rel=\"nofollow noopener\">www.kastner-oehler.at<\/a><\/p>\n<p>&nbsp;<\/p>\n<p><strong>McTREK <\/strong>(YEAH! AG)<br \/>\nKeltenstr. 20b<br \/>\n<strong>D-63486<\/strong> Bruchk\u00f6bel<br \/>\nTel: +49 (0)6181-952630<br \/>\nWebshop: <a href=\"https:\/\/www.mctrek.de\" target=\"_blank\" rel=\"nofollow noopener\">www.mctrek.de<\/a><\/p>\n<p>&nbsp;<\/p>\n<p><strong>Globetrotter Equipment GmbH<\/strong><br \/>\n<strong>Hele Tyskland<\/strong><br \/>\nKj\u00f8p p\u00e5 stedet: <a href=\"https:\/\/www.globetrotter.de\/filialen\/\" target=\"_blank\" rel=\"nofollow noopener\">Shop finder<br \/>\nNettbutikk<\/a>: <a href=\"https:\/\/www.globetrotter.de\/shop\/zipflbob-308405\/\" target=\"_blank\" rel=\"nofollow noopener\">www.globetrotter.de<\/a><\/p>\n<p>&nbsp;<\/p>\n<p><strong>SchuhSki<\/strong><br \/>\nSalzburger Stra\u00dfe 92<br \/>\n<strong>AT-4820<\/strong> Bad Ischl<br \/>\nTelefon: +43 720 530 936<br \/>\nE-post: support@schuhski.com<br \/>\nNettbutikk: <a href=\"https:\/\/www.schuhski.com\/e-vendo.php?SessionId=&amp;a=search&amp;SearchStr=mini-bob\" target=\"_blank\" rel=\"nofollow noopener\">www.schuhski.com<\/a><\/p>\n<p>&nbsp;<\/p>\n<p><strong>Sport M\u00fcller<\/strong><br \/>\nPassauer Strasse 24<br \/>\n<strong>D-94060<\/strong> Pocking<br \/>\nTelefon: +49(0)8531 4803<br \/>\nE-post: info@sportmueller-pocking.de<br \/>\nNettbutikk: <a href=\"https:\/\/www.sportmueller-pocking.de\" target=\"_blank\" rel=\"nofollow noopener\">www.sportmueller-pocking.de<\/a><\/p>\n<p>&nbsp;<\/p>\n<p><strong>Probst Household Goods<\/strong><br \/>\nBahnhofstr. 2<br \/>\n<strong>D-83661<\/strong> Lenggries<br \/>\nTelefon: +49(0)8042 8931<br \/>\nE-post: probst@haushaltswaren-lenggries.de<br \/>\nWeb: <a href=\"https:\/\/www.haushaltswaren-lenggries.de\/\" target=\"_blank\" rel=\"nofollow noopener\">https:\/\/haushaltswaren-lenggries.de<\/a><\/p>\n<p>&nbsp;<\/p>\n<p><strong>Sport EDER + BERGER GmbH &amp; Co. KG<\/strong><br \/>\nSulzbacher Str. 1<br \/>\n<strong>D-<\/strong> 94152 Neuhaus am Inn<br \/>\nTelefon: +49(0)8503 86 10<br \/>\nE-post: versand@eder-tauchsport.de<br \/>\nNettbutikk: <a href=\"https:\/\/www.tauchshop-online.de\/zipflbob_minibob-onlineshop.php\" target=\"_blank\" rel=\"nofollow noopener\">www.tauchshop-online.de<\/a><\/p>\n<p>&nbsp;<\/p>\n<p><strong>Sportsproff<\/strong><br \/>\nFalkenburg 102<br \/>\n<strong>AT-8952<\/strong> Irdning <strong>(nettfrakt Sveits!)<\/strong><br \/>\nTelefon: +43 (0) 3682 229527<br \/>\nE-post: office@sportsprofi.com<br \/>\nNettbutikk: <a href=\"https:\/\/www.sportsprofi.com\/Sportarten\/Rodelsport\/Bobs\/Bob-mit-Stiel-Zipfelbob.html\" target=\"_blank\" rel=\"nofollow noopener\">www.sportsprofi.com<\/a><\/p>\n<p>&nbsp;<\/p>\n<p><strong>Sportworld24 GmbH<\/strong><br \/>\nGehringstrasse 26a<br \/>\n<strong>D-93444<\/strong> Bad K\u00f6tzting<br \/>\nE-post: info@sportworld24.de<br \/>\nNettbutikk: <a href=\"https:\/\/www.sportworld24.de\/de\/mini-bob-schlitten-bob-mini.html\" target=\"_blank\" rel=\"nofollow noopener\">www.sportworld24.de<\/a>[\/vc_wp_text][\/vc_column][vc_column width=&raquo;1\/2&#8243;][vc_wp_text]<\/p>\n<p>&nbsp;<\/p>\n<p><img loading=\"lazy\" decoding=\"async\" src=\"\/wp-content\/uploads\/2015\/02\/deutschland.gif\" width=\"46\" height=\"31\" alt=\"\"><\/p>\n<p><strong>INTERSPORT Multichannel GmbH<\/strong><br \/>\nWannen\u00e4ckerstrasse 36<br \/>\n<strong>D-74078<\/strong> Heilbronn<br \/>\nTelefon: +49 7131 123 00 90<br \/>\nE-post: service@intersport.de<\/p>\n<p>Forhandlers\u00f8k: <a href=\"https:\/\/www.intersport.de\/suche?SearchTerm=M%C3%BCnchen&amp;SelectedSearchResult=MerchantSearch\" target=\"_blank\" rel=\"nofollow noopener\">www.intersport.de<\/a><\/p>\n<p>&nbsp;<\/p>\n<p><img decoding=\"async\" src=\"\/wp-content\/uploads\/2015\/02\/oestereich.gif\" alt=\"\" width=\"\" height=\"\"><\/p>\n<p><strong>INTERSPORT Austria Gesellschaft mbH<\/strong><br \/>\nFlugplatzstra\u00dfe 10<br \/>\n<strong>AT-4600<\/strong> Wels<br \/>\nTelefon: +43 7242 233 - 0<br \/>\nE-post: headoffice@intersport.at<br \/>\nWeb: <a href=\"https:\/\/www.intersport.at\" target=\"_blank\" rel=\"nofollow noopener\">www.intersport.at<\/a><\/p>\n<p>Finn forhandler: <a href=\"https:\/\/www.intersport.at\/standorte\/index.html\" target=\"_blank\" rel=\"nofollow noopener\">www.intersport.at<\/a><\/p>\n<p>Nettbutikk: <a href=\"https:\/\/www.intersport.at\/eshop\/Snow-Ice\/Bobs-Schlitten\/Minibob-mit-Stiel-rot-30-000.html\" target=\"_blank\" rel=\"nofollow noopener\">www.intersport.at<\/a><\/p>\n<p>&nbsp;<\/p>\n<p><img decoding=\"async\" src=\"\/wp-content\/uploads\/2017\/06\/spanien.gif\" alt=\"\" width=\"\" height=\"\">  <img loading=\"lazy\" decoding=\"async\" src=\"\/wp-content\/uploads\/2017\/06\/andorra.gif\" alt=\"\" width=\"46\" height=\"31\">  <img loading=\"lazy\" decoding=\"async\" src=\"\/wp-content\/uploads\/2017\/06\/portugal.gif\" alt=\"\" width=\"46\" height=\"31\"><\/p>\n<p><strong>Spania, Andorra og Portugal<br \/>\n<\/strong><\/p>\n<p><strong>Whitefun Sports<\/strong><br \/>\nc\/North 8<br \/>\n<strong>ES<\/strong> 25550 Bossost<br \/>\nTelefon: + 34 667594488<br \/>\nE-post: info@whitefun.com<br \/>\nNettbutikk: <a href=\"https:\/\/www.whitefun.com\/sports\/es\/home\/70-minibob.html\" target=\"_blank\" rel=\"nofollow noopener\">www.whitefun.com<\/a><\/p>\n<p>&nbsp;<\/p>\n<p><img loading=\"lazy\" decoding=\"async\" src=\"\/wp-content\/uploads\/2018\/01\/frankreich.gif\" width=\"46\" height=\"31\" alt=\"\"><\/p>\n<p><strong>Frankrike<br \/>\n<\/strong><\/p>\n<p><strong>Val d&#8217;Allos Sport<\/strong><br \/>\n04260 La Foux d&#8217;Allos<br \/>\nOuvert toute la saison d&#8217;hiver 7\/7<br \/>\nPhone: + 33 6 82 73 73 <a class=\"_sEo iGHZATw6ZO1Y-6WH35iSZ2V0 rllt__link\" style=\"padding-right: 0;\" tabindex=\"0\" role=\"link\" data-rtid=\"iGHZATw6ZO1Y\" data-cid=\"1123861482795003801\" data-ved=\"0ahUKEwi_u-SP1cjYAhWB2KQKHee6BxIQyTMILzAA\"><span class=\"rllt__details lqhpac\">33 6 24 82 57 73<\/span><\/a><br \/>\nE-post: info@valdallossport.fr<br \/>\nNettbutikk: <a href=\"https:\/\/www.valdallossport.fr\/produit\/luge-mini-bob-val-d-allos-sport\/\" target=\"_blank\" rel=\"nofollow noopener\">www.valdallossport.fr<\/a><\/p>\n<p>&nbsp;<\/p>\n<p><img loading=\"lazy\" decoding=\"async\" src=\"\/wp-content\/uploads\/2018\/11\/hu.png\" width=\"46\" height=\"31\" alt=\"\"><\/p>\n<p><strong>Ungarn<br \/>\n<\/strong><\/p>\n<p><strong>SKI TRAVEL UTAZASI IRODA<\/strong><br \/>\n8200 Veszprem<br \/>\nBudapest ut 89\/A.<br \/>\nTelefon: + <span class=\"rllt__details lqhpac\">36 88 567 401<\/span><br \/>\nE-post: sitanoda@skitravel.hu<br \/>\nNettbutikk: <a href=\"https:\/\/www.sitanoda.hu\" target=\"_blank\" rel=\"nofollow noopener\">www.sitanoda.hu<\/a><\/p>\n<p>&nbsp;<\/p>\n<p><img decoding=\"async\" src=\"\/wp-content\/uploads\/2015\/02\/rumaenien.gif\" alt=\"\" width=\"\" height=\"\"><\/p>\n<p><strong>Romania<\/strong><\/p>\n<p><strong>SC Toptools SRL<\/strong><br \/>\nStr. Meteor 71B<br \/>\nCluj Napoca 400492<br \/>\nTelefon: +40264438490<br \/>\nE-post: info@sanuis.ro<br \/>\nNettbutikk: <a href=\"https:\/\/www.sanius.ro\" target=\"_blank\" rel=\"nofollow noopener\">www.sanius.ro<\/a><\/p>\n<p>&nbsp;<\/p>\n<p><img decoding=\"async\" src=\"\/wp-content\/uploads\/2015\/02\/europa.gif\" alt=\"\" width=\"\" height=\"\"><\/p>\n<p><strong style=\"font-style: normal;\">IIC-INTERSPORT International Corporation<\/strong><br \/>\nWeb: <a href=\"https:\/\/www.intersport.com\" target=\"_blank\" rel=\"nofollow noopener\">www.intersport.com<\/a><\/p>\n<p>&nbsp;<\/p>\n<p><img loading=\"lazy\" decoding=\"async\" src=\"\/wp-content\/uploads\/2016\/08\/norwegen.gif\" alt=\"\" width=\"46\" height=\"31\">  <img loading=\"lazy\" decoding=\"async\" src=\"\/wp-content\/uploads\/2016\/08\/finnland.gif\" alt=\"\" width=\"46\" height=\"31\">  <img loading=\"lazy\" decoding=\"async\" src=\"\/wp-content\/uploads\/2016\/08\/schweden.gif\" alt=\"\" width=\"46\" height=\"31\"><\/p>\n<p>mini bob\/Zipflbob i Skandinavia:<\/p>\n<p>Norge:<\/p>\n<p><strong style=\"font-style: normal;\">Snowcon<\/strong><br \/>\nWeb: <a href=\"https:\/\/snowcon.no\/shop\/\" target=\"_blank\" rel=\"nofollow noopener\">www.snowcon.no<\/a><br \/>\nmail: kundeservice@snowcon.no<\/p>\n<p>Sverige:<\/p>\n<p><strong style=\"font-style: normal;\">Snowcon<\/strong><br \/>\nWeb: <a href=\"https:\/\/snowcon.se\/shop\/\" target=\"_blank\" rel=\"nofollow noopener\">www.snowcon.se<\/a><br \/>\nmail: kundeservice@snowcon.se<\/p>\n<p>Finland:<\/p>\n<p><strong style=\"font-style: normal;\">Snowcon<\/strong><br \/>\nWeb: <a href=\"https:\/\/snowcon.fi\/shop\/\" target=\"_blank\" rel=\"nofollow noopener\">www.snowcon.fi<\/a><br \/>\nmail: kundeservice@snowcon.fi<\/p>\n<p>[\/vc_wp_text][\/vc_column][\/vc_row][vc_row][vc_column][vc_empty_space][\/vc_column][\/vc_row][vc_row][vc_column][vc_custom_heading text=&raquo;\u00d8nsker du \u00e5 bli en original mini bob-forhandler?&raquo; google_fonts=&raquo;font_family:Roboto%20Condensed%3A300%2C300italic%2Cregular%2Citalic%2C700%2C700italic|font_style:400%20regular%3A400%3Anormal&raquo;]<style type=\"text\/css\" data-type=\"the7_shortcodes-inline-css\">#default-btn-af9afcb6dc3e08dee2bec0b054d9091c.ico-right-side > i {\n  margin-right: 0px;\n  margin-left: 8px;\n}\n#default-btn-af9afcb6dc3e08dee2bec0b054d9091c > i {\n  margin-right: 8px;\n}<\/style><a href=\"https:\/\/mini-bob.com\/nb\/mini-bob-kontakt\/\" class=\"default-btn-shortcode dt-btn dt-btn-l pulse animate-element animation-builder link-hover-off btn-inline-left \" id=\"default-btn-af9afcb6dc3e08dee2bec0b054d9091c\" title=\"Vi ser frem til din henvendelse!\"><span>BLI FORHANDLER<\/span><\/a>[\/vc_column][\/vc_row][vc_row][vc_column][vc_empty_space][\/vc_column][\/vc_row][vc_row][vc_column][vc_column_text]N\u00e5r du kj\u00f8per en mini bob (eller Zipfybob, Zipflbob eller Zipflbob), m\u00e5 du alltid forsikre deg om at det er den originale mini bob! Du kan kjenne igjen dette p\u00e5 den originale mini bob-logoen. Du finner mer informasjon om dette under: <a href=\"https:\/\/mini-bob.com\/nb\/akebrett-mini-bob\/\">mini bob<\/a>  <\/p>\n<p>Hvis du er ute etter den ultimate <a href=\"https:\/\/mini-bob.com\/nb\/?page_id=156825\">plastbob<\/a> <a href=\"https:\/\/mini-bob.com\/nb\/?page_id=156682\">, popo slide,<\/a> <a href=\"https:\/\/mini-bob.com\/nb\/?page_id=156825\">plastkjelke<\/a>, <a href=\"https:\/\/mini-bob.com\/nb\/?page_id=156622\">pinnebob<\/a> eller <a href=\"https:\/\/mini-bob.com\/nb\/bob-sled-min-bob-den-ultimate-moderne-sleden\/\">bob kjelke <\/a>, b\u00f8r du g\u00e5 for den originale mini bob!<\/p>\n<p>Kj\u00f8p den originale Zipflbob - kvalitet produsert i Tyskland siden 1976[\/vc_column_text][\/vc_column][\/vc_row]<\/p>\n<\/div>","protected":false},"excerpt":{"rendered":"<p>[vc_row][vc_column][vc_custom_heading text=&raquo;Zipflbob - kj\u00f8p den originale mini bob i butikk&raquo; google_fonts=&raquo;font_family:Roboto%20Condensed%3A300%2C300italic%2Cregular%2Citalic%2C700%2C700italic|font_style:400%20regular%3A400%3Anormal&raquo;][vc_column_text]Du kan kj\u00f8pe Original mini bob (zipflbob) hos en velassortert sports- og leket\u00f8ysforhandler n\u00e6r deg! Hvis din lokale forhandler ikke f\u00f8rer Original mini bob, er du velkommen til \u00e5 henvise dem til oss - vi tar gjerne imot foresp\u00f8rsler fra forhandlere.[\/vc_column_text][vc_empty_space][vc_column_text]Du kan kj\u00f8pe den originale&hellip;<\/p>\n","protected":false},"author":1,"featured_media":0,"parent":0,"menu_order":0,"comment_status":"closed","ping_status":"closed","template":"","meta":{"_acf_changed":false,"footnotes":""},"class_list":["post-3846","page","type-page","status-publish","hentry","description-off"],"acf":[],"_links":{"self":[{"href":"https:\/\/mini-bob.com\/nb\/wp-json\/wp\/v2\/pages\/3846","targetHints":{"allow":["GET"]}}],"collection":[{"href":"https:\/\/mini-bob.com\/nb\/wp-json\/wp\/v2\/pages"}],"about":[{"href":"https:\/\/mini-bob.com\/nb\/wp-json\/wp\/v2\/types\/page"}],"author":[{"embeddable":true,"href":"https:\/\/mini-bob.com\/nb\/wp-json\/wp\/v2\/users\/1"}],"replies":[{"embeddable":true,"href":"https:\/\/mini-bob.com\/nb\/wp-json\/wp\/v2\/comments?post=3846"}],"version-history":[{"count":4,"href":"https:\/\/mini-bob.com\/nb\/wp-json\/wp\/v2\/pages\/3846\/revisions"}],"predecessor-version":[{"id":157051,"href":"https:\/\/mini-bob.com\/nb\/wp-json\/wp\/v2\/pages\/3846\/revisions\/157051"}],"wp:attachment":[{"href":"https:\/\/mini-bob.com\/nb\/wp-json\/wp\/v2\/media?parent=3846"}],"curies":[{"name":"wp","href":"https:\/\/api.w.org\/{rel}","templated":true}]}}