{"id":4213,"date":"2016-10-21T14:38:37","date_gmt":"2016-10-21T12:38:37","guid":{"rendered":"https:\/\/mini-bob.com\/en\/?page_id=4213"},"modified":"2025-11-22T18:57:24","modified_gmt":"2025-11-22T17:57:24","slug":"legal-information","status":"publish","type":"page","link":"https:\/\/mini-bob.com\/nb\/legal-information\/","title":{"rendered":"Avtrykk"},"content":{"rendered":"<p>Denne juridiske merknaden gjelder ogs\u00e5 for v\u00e5re bedriftssider p\u00e5 <a href=\"https:\/\/www.facebook.com\/zipflbob\/\" target=\"_blank\" rel=\"noopener nofollow\">Facebook<\/a> og <a href=\"https:\/\/www.youtube.com\/channel\/UCn3eWIhTjy0_Tq4BEy463OQ\" target=\"_blank\" rel=\"noopener nofollow\">YouTube.<\/a><\/p>\n<h1>Avtrykk<\/h1>\n<h2>Informasjon i henhold til \u00a7 5 TMG<\/h2>\n<p>Loeger GmbH<br \/>\nHauptstr. 57<br \/>\n82327 Tutzing <\/p>\n<h2>Representert av<\/h2>\n<p>Siegmund L\u00f6ger<\/p>\n<h2>Kontakt oss<\/h2>\n<p>Telefon: +49 (0)8158 92101<br \/>\nFaks: +49 (0)8158 7288<br \/>\nE-post: info@mini-bob.com<\/p>\n<h2>Registeroppf\u00f8ring<\/h2>\n<p>Oppf\u00f8ring i handelsregisteret.<br \/>\nRegisterdomstol: M\u00fcnchen HRB 54019<br \/>\nRegisternummer: HRB 54019<\/p>\n<h2>Merverdiavgift<\/h2>\n<p>Identifikasjonsnummer for merverdiavgift i henhold til \u00a727 a i merverdiavgiftsloven:<br \/>\nDE128234280<\/p>\n<h2>Tvistel\u00f8sning<\/h2>\n<p>Europakommisjonen tilbyr en plattform for tvistel\u00f8sning p\u00e5 nett: <a href=\"https:\/\/ec.europa.eu\/consumers\/odr\" target=\"_blank\" rel=\"noopener nofollow\">https:\/\/ec.europa.eu\/consumers\/odr.<\/a><br \/>\nDu finner e-postadressen v\u00e5r i den juridiske merknaden ovenfor.<\/p>\n<p>Vi er ikke villige eller forpliktet til \u00e5 delta i tvistel\u00f8sningsprosedyrer for en voldgiftsnemnd for forbrukere.<\/p>\n<h3>Ansvar for innhold<\/h3>\n<p>Som tjenesteleverand\u00f8r er vi ansvarlige for v\u00e5rt eget innhold p\u00e5 disse sidene i henhold til alminnelig lovgivning. Som tjenesteleverand\u00f8r er vi imidlertid ikke forpliktet til \u00e5 overv\u00e5ke overf\u00f8rt eller lagret tredjepartsinformasjon eller til \u00e5 etterforske forhold som tyder p\u00e5 ulovlig aktivitet. <\/p>\n<p>Forpliktelser til \u00e5 fjerne eller blokkere bruken av informasjon i henhold til generell lovgivning forblir up\u00e5virket av dette. Ansvar i denne forbindelse er imidlertid bare mulig fra det tidspunktet vi blir oppmerksomme p\u00e5 en konkret overtredelse. S\u00e5 snart vi blir oppmerksomme p\u00e5 slike overtredelser, vil vi fjerne dette innholdet umiddelbart.  <\/p>\n<h3>Ansvar for lenker<\/h3>\n<p>Nettstedet v\u00e5rt inneholder lenker til eksterne tredjeparts nettsteder som vi ikke har noen innflytelse over innholdet p\u00e5. Derfor kan vi ikke p\u00e5ta oss noe ansvar for dette tredjepartsinnholdet. Det er alltid den respektive leverand\u00f8ren eller operat\u00f8ren av sidene som er ansvarlig for innholdet p\u00e5 de lenkede sidene. De lenkede sidene ble kontrollert for mulige lovbrudd p\u00e5 tidspunktet for lenkingen. Ulovlig innhold var ikke gjenkjennelig p\u00e5 tidspunktet for lenkingen.    <\/p>\n<p>Det er imidlertid ikke rimelig \u00e5 overv\u00e5ke innholdet p\u00e5 sidene det lenkes til permanent uten at det foreligger konkrete bevis p\u00e5 lovbrudd. Hvis vi blir oppmerksomme p\u00e5 lovbrudd, vil vi fjerne slike lenker umiddelbart. <\/p>\n<h3>Opphavsrett<\/h3>\n<p>Innholdet og verkene som er skapt av nettstedets operat\u00f8rer p\u00e5 disse sidene, er underlagt tysk lov om opphavsrett. Kopiering, bearbeiding, distribusjon og enhver form for bruk utenfor opphavsrettslovens grenser krever skriftlig samtykke fra den respektive forfatteren eller opphavsmannen. Nedlasting og kopiering av dette nettstedet er kun tillatt for privat, ikke-kommersiell bruk.  <\/p>\n<p>I den grad innholdet p\u00e5 dette nettstedet ikke er opprettet av operat\u00f8ren, respekteres opphavsretten til tredjeparter. Spesielt er tredjepartsinnhold merket som s\u00e5dan. Skulle du likevel bli oppmerksom p\u00e5 brudd p\u00e5 opphavsretten, ber vi deg informere oss om dette. Hvis vi blir oppmerksomme p\u00e5 brudd p\u00e5 opphavsretten, vil vi fjerne slikt innhold umiddelbart.<br \/>\n<div class=\"woocommerce woocommerce-gzd woocommerce-gzd-complaints-shortcode\">\n\t\t\t<h3>Alternative Dispute Resolution in accordance with Art. 14 (1) ODR-VO and \u00a7 36 VSBG:<\/h3>\n\t\nZur Teilnahme an einem Streitbeilegungsverfahren vor einer Verbraucherschlichtungsstelle sind wir nicht verpflichtet und nicht bereit.<\/div>\n","protected":false},"excerpt":{"rendered":"<p>Denne juridiske merknaden gjelder ogs\u00e5 for v\u00e5re bedriftssider p\u00e5 Facebook og YouTube. Avtrykk Informasjon i henhold til \u00a7 5 TMG Loeger GmbH Hauptstr. 57 82327 Tutzing Representert av Siegmund L\u00f6ger Kontakt oss Telefon: +49 (0)8158 92101 Faks: +49 (0)8158 7288 E-post: info@mini-bob.com Registeroppf\u00f8ring Oppf\u00f8ring i handelsregisteret. Registerdomstol: M\u00fcnchen HRB 54019 Registernummer: HRB 54019 Merverdiavgift Identifikasjonsnummer&hellip;<\/p>\n","protected":false},"author":1,"featured_media":0,"parent":0,"menu_order":0,"comment_status":"closed","ping_status":"closed","template":"","meta":{"_acf_changed":false,"footnotes":""},"class_list":["post-4213","page","type-page","status-publish","hentry","description-off"],"acf":[],"_links":{"self":[{"href":"https:\/\/mini-bob.com\/nb\/wp-json\/wp\/v2\/pages\/4213","targetHints":{"allow":["GET"]}}],"collection":[{"href":"https:\/\/mini-bob.com\/nb\/wp-json\/wp\/v2\/pages"}],"about":[{"href":"https:\/\/mini-bob.com\/nb\/wp-json\/wp\/v2\/types\/page"}],"author":[{"embeddable":true,"href":"https:\/\/mini-bob.com\/nb\/wp-json\/wp\/v2\/users\/1"}],"replies":[{"embeddable":true,"href":"https:\/\/mini-bob.com\/nb\/wp-json\/wp\/v2\/comments?post=4213"}],"version-history":[{"count":7,"href":"https:\/\/mini-bob.com\/nb\/wp-json\/wp\/v2\/pages\/4213\/revisions"}],"predecessor-version":[{"id":156876,"href":"https:\/\/mini-bob.com\/nb\/wp-json\/wp\/v2\/pages\/4213\/revisions\/156876"}],"wp:attachment":[{"href":"https:\/\/mini-bob.com\/nb\/wp-json\/wp\/v2\/media?parent=4213"}],"curies":[{"name":"wp","href":"https:\/\/api.w.org\/{rel}","templated":true}]}}