{"id":151805,"date":"2020-01-22T19:52:39","date_gmt":"2020-01-22T18:52:39","guid":{"rendered":"https:\/\/mini-bob.com\/produkt\/solgt-utsolgt-original-mini-bob-kjelke-i-groent\/"},"modified":"2026-02-16T00:15:02","modified_gmt":"2026-02-15T23:15:02","slug":"mini-bob-slede-gront","status":"publish","type":"product","link":"https:\/\/mini-bob.com\/nb\/produkt\/mini-bob-slede-gront\/","title":{"rendered":"Original mini bob (zipflbob akebrett) i gr\u00f8nn farge"},"content":{"rendered":"<h2>Original mini bob (Zipflbob) gr\u00f8nn<\/h2>\n<p>Den <strong>originale mini bob<\/strong> (ogs\u00e5 kjent som &laquo;Zipflbob&raquo;, &laquo;Zipflbob&raquo; eller &laquo;Zipfybob&raquo;) ble oppfunnet i \u00d8sterrike p\u00e5 1970-tallet og har blitt produsert av oss i Tyskland siden 1976, fortsatt delvis for h\u00e5nd.<\/p>\n<p>Takket v\u00e6re den bruddsikre og kompakte hule plastkonstruksjonen, som har blitt utpr\u00f8vd og testet med suksess i flere ti\u00e5r, er den gr\u00f8nne <strong>mini bob-en<\/strong> praktisk talt uforgjengelig og fortsatt sv\u00e6rt lett med en vekt p\u00e5 ca. 1,7 kg. Den lave sittestillingen, som er tilpasset kroppen, gj\u00f8r det mulig for b\u00e5de store og sm\u00e5 \u00e5 ha en komfortabel og utmattelsesfri vinteropplevelse. Siden oppfinnelsen p\u00e5 1970-tallet har tre generasjoner kunnet f\u00f8lge slagordet: <strong>&laquo;Maxi fun with mini bob&raquo;.<\/strong> <strong>Mini bob i gr\u00f8nt<\/strong> er egnet for alle takket v\u00e6re de trygge kj\u00f8reegenskapene! Moro er garantert i korte og flate akebakker s\u00e5 vel som p\u00e5 racerbaner. Takket v\u00e6re den stabile konstruksjonen og den ekstreme man\u00f8vreringsevnen er h\u00f8ye hastigheter ikke noe problem.     <\/p>\n<blockquote><p><span style=\"color: #ff0000;\">!! H\u00f8r etter!!! Duplikater tilbys i forskjellige nettbutikker. N\u00e5r du kj\u00f8per, se etter en lisensiert forhandler og mini bob-logoen!<\/span><\/p><\/blockquote>\n<p>Den originale mini bob i gr\u00f8nt er en flerfoldig vinner i nasjonale og internasjonale &laquo;Zipflbob&raquo;-mesterskap.<\/p>\n<p>Data:<\/p>\n<h3>gr\u00f8nn zipflbob (mini bob)<\/h3>\n<p>Vekt: ca. 1,7 kg<br \/>\nDimensjoner L x B x H (i cm): 53 x 33 x 40<br \/>\nMateriale: HD PE (ftalatfri)<br \/>\nTillatt last: maks 100 kg<\/p>\n<p>Produsert i Tyskland - Made in Germany<\/p>\n<p>Advarsel: Ikke egnet for barn under tre \u00e5r. Brukes under direkte tilsyn av en voksen.  Skal brukes med verneutstyr.<\/p>\n<p>De lovbestemte garantirettighetene gjelder for v\u00e5re varer. V\u00e6r oppmerksom p\u00e5 v\u00e5re sikkerhetsinstruksjoner og v\u00e5re <a href=\"https:\/\/mini-bob.com\/nb\/faq\/\" target=\"_blank\" rel=\"noopener noreferrer\">vanlige sp\u00f8rsm\u00e5l<\/a>! <\/p>\n<p>Du kan finne mer interessant informasjon om den originale zipflbob p\u00e5 <strong>nettstedet til mini bob:<\/strong><strong><a href=\"https:\/\/mini-bob.com\/nb\/akebrett-mini-bob\/\" target=\"_blank\" rel=\"noopener noreferrer\">original mini bob nettside<\/a><\/strong><\/p>\n<p>Selges kun i husholdningskvantum - kun til privat bruk! Videresalg til bedrifter (med tilleggsavgift) er forbudt! <\/p>\n","protected":false},"excerpt":{"rendered":"<p>Original mini bob i gr\u00f8nn - Zipflbob gr\u00f8nn.<\/p>\n","protected":false},"featured_media":152311,"comment_status":"open","ping_status":"closed","template":"","meta":{"_acf_changed":false},"product_brand":[],"product_cat":[215,223,601],"product_tag":[922,931,940,611],"class_list":{"0":"post-151805","1":"product","2":"type-product","3":"status-publish","4":"has-post-thumbnail","6":"product_cat-minibob-nb","7":"product_cat-mini-bob-specialedition-nb","8":"product_cat-minibob-groenn","9":"product_tag-mini-bob-groenn","10":"product_tag-zipfybob-groenn","11":"product_tag-zipflbob-groenn","12":"product_tag-plast-bob-groenn","13":"product_shipping_class-minibob-nb-2","14":"description-off","16":"first","17":"instock","18":"featured","19":"taxable","20":"shipping-taxable","21":"purchasable","22":"product-type-simple"},"acf":[],"_links":{"self":[{"href":"https:\/\/mini-bob.com\/nb\/wp-json\/wp\/v2\/product\/151805","targetHints":{"allow":["GET"]}}],"collection":[{"href":"https:\/\/mini-bob.com\/nb\/wp-json\/wp\/v2\/product"}],"about":[{"href":"https:\/\/mini-bob.com\/nb\/wp-json\/wp\/v2\/types\/product"}],"replies":[{"embeddable":true,"href":"https:\/\/mini-bob.com\/nb\/wp-json\/wp\/v2\/comments?post=151805"}],"wp:featuredmedia":[{"embeddable":true,"href":"https:\/\/mini-bob.com\/nb\/wp-json\/wp\/v2\/media\/152311"}],"wp:attachment":[{"href":"https:\/\/mini-bob.com\/nb\/wp-json\/wp\/v2\/media?parent=151805"}],"wp:term":[{"taxonomy":"product_brand","embeddable":true,"href":"https:\/\/mini-bob.com\/nb\/wp-json\/wp\/v2\/product_brand?post=151805"},{"taxonomy":"product_cat","embeddable":true,"href":"https:\/\/mini-bob.com\/nb\/wp-json\/wp\/v2\/product_cat?post=151805"},{"taxonomy":"product_tag","embeddable":true,"href":"https:\/\/mini-bob.com\/nb\/wp-json\/wp\/v2\/product_tag?post=151805"}],"curies":[{"name":"wp","href":"https:\/\/api.w.org\/{rel}","templated":true}]}}