{"id":155425,"date":"2025-06-22T15:55:15","date_gmt":"2025-06-22T13:55:15","guid":{"rendered":"https:\/\/mini-bob.com\/produkt\/original-minibob-zipfelbob-akebrett-i-roedt\/"},"modified":"2026-02-16T00:09:56","modified_gmt":"2026-02-15T23:09:56","slug":"original-minibob-zipfelbob-akebrett-i-roedt","status":"publish","type":"product","link":"https:\/\/mini-bob.com\/nb\/produkt\/original-minibob-zipfelbob-akebrett-i-roedt\/","title":{"rendered":"Original mini bob (zipflbob akebrett) i r\u00f8dt"},"content":{"rendered":"<h2>Original mini bob (Zipflbob) r\u00f8d<\/h2>\n<p>Den <strong>originale mini bob<\/strong> (ogs\u00e5 kjent som &laquo;Zipflbob&raquo;, &laquo;Zipflbob&raquo; eller &laquo;Zipfybob&raquo;) ble oppfunnet i \u00d8sterrike p\u00e5 1970-tallet, og har blitt produsert av oss i Tyskland siden 1976, delvis fortsatt for h\u00e5nd, som en bruddsikker og lett kjelke.<\/p>\n<p>Den originale mini bob i r\u00f8dt har et ergonomisk sete med et spesielt setemateriale som ogs\u00e5 brukes i bilindustrien. Den kraftige joysticken, som er fast koblet til den r\u00f8de (zipflbob) mini bob, er ogs\u00e5 ergonomisk formet og sklisikker for \u00e5 passe til h\u00e5ndens form. Sporsporene p\u00e5 undersiden av mini bob-en s\u00f8rger for retningsstabilitet og kj\u00f8restabilitet.  <\/p>\n<blockquote><p><span style=\"color: #ff0000;\">!! H\u00f8r etter!!! Duplikater tilbys i forskjellige nettbutikker. N\u00e5r du kj\u00f8per, se etter en lisensiert forhandler og mini bob-logoen!<\/span><\/p><\/blockquote>\n<p>Data:<\/p>\n<h3>r\u00f8d zipflbob (mini bob)<\/h3>\n<p>Vekt: ca. 1,7 kg<br \/>\nDimensjoner L x B x H (i cm): 53 x 33 x 40<br \/>\nMateriale: HD PE (ftalatfri)<br \/>\nTillatt last: maks 100 kg<br \/>\nProdusert i Tyskland - Made in Germany<\/p>\n<p>Advarsel: Ikke egnet for barn under tre \u00e5r. Brukes under direkte tilsyn av en voksen.  Skal brukes med verneutstyr.<\/p>\n<p>De lovbestemte garantirettighetene gjelder for v\u00e5re varer. V\u00e6r oppmerksom p\u00e5 v\u00e5re sikkerhetsinstruksjoner og v\u00e5re <a href=\"https:\/\/mini-bob.com\/nb\/faq\/\" target=\"_blank\" rel=\"noopener noreferrer\">vanlige sp\u00f8rsm\u00e5l<\/a>! <\/p>\n<p>Du kan finne mer interessant informasjon om den originale zipflbob p\u00e5 <strong>nettstedet til mini bob:<\/strong><strong><a href=\"https:\/\/mini-bob.com\/nb\/akebrett-mini-bob\/\">original mini bob nettside<\/a><\/strong><\/p>\n<p>Selges kun i husholdningskvantum - kun til privat bruk! Videresalg til bedrifter (med tilleggsavgift) er forbudt! <\/p>\n","protected":false},"excerpt":{"rendered":"<p>Original mini bob i r\u00f8dt - Zipflbob red<\/p>\n","protected":false},"featured_media":154656,"comment_status":"open","ping_status":"closed","template":"","meta":{"_acf_changed":false},"product_brand":[],"product_cat":[215,598],"product_tag":[919,921,930,936,939],"class_list":{"0":"post-155425","1":"product","2":"type-product","3":"status-publish","4":"has-post-thumbnail","6":"product_cat-minibob-nb","7":"product_cat-minibob-standardutgaver","8":"product_tag-roed-plastbob-nb","9":"product_tag-minibob-roed-nb","10":"product_tag-zipfybob-roed-nb","11":"product_tag-zipfy-bob-roed-nb","12":"product_tag-zipflbob-roed-nb","13":"product_shipping_class-minibob-nb-2","14":"description-off","16":"first","17":"instock","18":"featured","19":"taxable","20":"shipping-taxable","21":"purchasable","22":"product-type-simple"},"acf":[],"_links":{"self":[{"href":"https:\/\/mini-bob.com\/nb\/wp-json\/wp\/v2\/product\/155425","targetHints":{"allow":["GET"]}}],"collection":[{"href":"https:\/\/mini-bob.com\/nb\/wp-json\/wp\/v2\/product"}],"about":[{"href":"https:\/\/mini-bob.com\/nb\/wp-json\/wp\/v2\/types\/product"}],"replies":[{"embeddable":true,"href":"https:\/\/mini-bob.com\/nb\/wp-json\/wp\/v2\/comments?post=155425"}],"wp:featuredmedia":[{"embeddable":true,"href":"https:\/\/mini-bob.com\/nb\/wp-json\/wp\/v2\/media\/154656"}],"wp:attachment":[{"href":"https:\/\/mini-bob.com\/nb\/wp-json\/wp\/v2\/media?parent=155425"}],"wp:term":[{"taxonomy":"product_brand","embeddable":true,"href":"https:\/\/mini-bob.com\/nb\/wp-json\/wp\/v2\/product_brand?post=155425"},{"taxonomy":"product_cat","embeddable":true,"href":"https:\/\/mini-bob.com\/nb\/wp-json\/wp\/v2\/product_cat?post=155425"},{"taxonomy":"product_tag","embeddable":true,"href":"https:\/\/mini-bob.com\/nb\/wp-json\/wp\/v2\/product_tag?post=155425"}],"curies":[{"name":"wp","href":"https:\/\/api.w.org\/{rel}","templated":true}]}}