{"id":155458,"date":"2024-11-21T17:41:47","date_gmt":"2024-11-21T16:41:47","guid":{"rendered":"https:\/\/mini-bob.com\/produkt\/original-mini-bob-zipfelbob-kjelke-i-turkis\/"},"modified":"2026-01-13T18:45:08","modified_gmt":"2026-01-13T17:45:08","slug":"original-mini-bob-zipfelbob-kjelke-i-turkis","status":"publish","type":"product","link":"https:\/\/mini-bob.com\/nb\/produkt\/original-mini-bob-zipfelbob-kjelke-i-turkis\/","title":{"rendered":"Original mini bob (zipflbob kjelke) i turkis"},"content":{"rendered":"<p>basert p\u00e5 fargen fra 70-tallet, den originale mini bob i turkis<\/p>\n<p>&nbsp;<\/p>\n<h2>Original mini bob (Zipflbob) turkis<\/h2>\n<p>Den <strong>originale mini bob<\/strong> (ogs\u00e5 kjent som &laquo;Zipflbob&raquo;, &laquo;Zipflbob&raquo; eller &laquo;Zipfybob&raquo;) ble oppfunnet i \u00d8sterrike p\u00e5 1970-tallet og har blitt produsert av oss i Tyskland siden 1976, fortsatt delvis for h\u00e5nd.<\/p>\n<p>Takket v\u00e6re den bruddsikre og kompakte hule plastkonstruksjonen, som har blitt utpr\u00f8vd og testet med suksess i flere ti\u00e5r, er den <strong>turkise<\/strong> <strong>mini bob<\/strong> praktisk talt uforgjengelig og med sine ca. 1,7 kilo fortsatt sv\u00e6rt lett. Den lave sittestillingen, som er tilpasset kroppen, gj\u00f8r det mulig for b\u00e5de store og sm\u00e5 \u00e5 kj\u00f8re komfortabelt og uten \u00e5 bli slitne om vinteren. Siden oppfinnelsen p\u00e5 1970-tallet har tre generasjoner kunnet f\u00f8lge slagordet: <strong>&laquo;Maxi fun with mini bob&raquo;.<\/strong> <strong>Mini bob i turkis<\/strong> passer for alle takket v\u00e6re den trygge kj\u00f8reegenskapene! Kj\u00f8remoro er garantert b\u00e5de i korte og flate akebakker og p\u00e5 racerbaner. Den stabile konstruksjonen og ekstreme man\u00f8vreringsevnen gj\u00f8r at h\u00f8ye hastigheter ikke er noe problem.     <\/p>\n<blockquote><p><span style=\"color: #ff0000;\">!! H\u00f8r etter!!! Duplikater tilbys i forskjellige nettbutikker. N\u00e5r du kj\u00f8per, se etter en lisensiert forhandler og mini bob-logoen!  <\/span><\/p><\/blockquote>\n<p>Den originale mini bob er en flerfoldig vinner i nasjonale og internasjonale &laquo;Zipflbob&raquo;-mesterskap.<\/p>\n<p>Data:<\/p>\n<h3>turkis zipflbob (mini bob)<\/h3>\n<p>Vekt: ca. 1,7 kg<br \/>\nDimensjoner L x B x H (i cm): 53 x 33 x 40<br \/>\nMateriale: HD PE (ftalatfri)<br \/>\nTillatt last: maks 100 kg<\/p>\n<p>Produsert i Tyskland - Made in Germany<\/p>\n<p>Advarsel: Ikke egnet for barn under tre \u00e5r. Brukes under direkte tilsyn av en voksen.  Skal brukes med verneutstyr.<\/p>\n<p>De lovbestemte garantirettighetene gjelder for v\u00e5re varer. V\u00e6r oppmerksom p\u00e5 v\u00e5re sikkerhetsinstruksjoner og v\u00e5re <a href=\"https:\/\/mini-bob.com\/nb\/faq\/\" target=\"_blank\" rel=\"noopener noreferrer\">vanlige sp\u00f8rsm\u00e5l<\/a>! <\/p>\n<p>Du kan finne mer interessant informasjon om den <strong>originale zipflboben<\/strong> i <strong>fargen turkis<\/strong> p\u00e5 <strong>nettstedet til mini bob:<\/strong><strong><a href=\"https:\/\/mini-bob.com\/nb\/akebrett-mini-bob\/\" target=\"_blank\" rel=\"noopener noreferrer\">original mini bob nettside<\/a><\/strong><\/p>\n<p>Selges kun i husholdningskvantum - kun til privat bruk! Videresalg til bedrifter (med tilleggsavgift) er forbudt! <\/p>\n","protected":false},"excerpt":{"rendered":"<p>Original mini bob i turkis - Zipflbob turkis. turkis mini bob <\/p>\n","protected":false},"featured_media":154593,"comment_status":"open","ping_status":"closed","template":"","meta":{"_acf_changed":false},"product_brand":[],"product_cat":[215,223,602],"product_tag":[],"class_list":{"0":"post-155458","1":"product","2":"type-product","3":"status-publish","4":"has-post-thumbnail","6":"product_cat-minibob-nb","7":"product_cat-mini-bob-specialedition-nb","8":"product_cat-minibob-turkis","9":"product_shipping_class-minibob-nb-2","10":"description-off","12":"first","13":"instock","14":"featured","15":"taxable","16":"shipping-taxable","17":"purchasable","18":"product-type-simple"},"acf":[],"_links":{"self":[{"href":"https:\/\/mini-bob.com\/nb\/wp-json\/wp\/v2\/product\/155458","targetHints":{"allow":["GET"]}}],"collection":[{"href":"https:\/\/mini-bob.com\/nb\/wp-json\/wp\/v2\/product"}],"about":[{"href":"https:\/\/mini-bob.com\/nb\/wp-json\/wp\/v2\/types\/product"}],"replies":[{"embeddable":true,"href":"https:\/\/mini-bob.com\/nb\/wp-json\/wp\/v2\/comments?post=155458"}],"wp:featuredmedia":[{"embeddable":true,"href":"https:\/\/mini-bob.com\/nb\/wp-json\/wp\/v2\/media\/154593"}],"wp:attachment":[{"href":"https:\/\/mini-bob.com\/nb\/wp-json\/wp\/v2\/media?parent=155458"}],"wp:term":[{"taxonomy":"product_brand","embeddable":true,"href":"https:\/\/mini-bob.com\/nb\/wp-json\/wp\/v2\/product_brand?post=155458"},{"taxonomy":"product_cat","embeddable":true,"href":"https:\/\/mini-bob.com\/nb\/wp-json\/wp\/v2\/product_cat?post=155458"},{"taxonomy":"product_tag","embeddable":true,"href":"https:\/\/mini-bob.com\/nb\/wp-json\/wp\/v2\/product_tag?post=155458"}],"curies":[{"name":"wp","href":"https:\/\/api.w.org\/{rel}","templated":true}]}}