{"id":156380,"date":"2019-11-01T11:18:24","date_gmt":"2019-11-01T10:18:24","guid":{"rendered":"https:\/\/mini-bob.com\/produkt\/original-mini-bob-zipflbob-hoodie-kids-moerkeblaa\/"},"modified":"2025-11-22T16:52:51","modified_gmt":"2025-11-22T15:52:51","slug":"original-mini-bob-zipflbob-hoodie-kids-moerkeblaa","status":"publish","type":"product","link":"https:\/\/mini-bob.com\/nb\/produkt\/original-mini-bob-zipflbob-hoodie-kids-moerkeblaa\/","title":{"rendered":"Original mini bob - Zipflbob Hoodie Kids - M\u00f8rkebl\u00e5"},"content":{"rendered":"<h2>Original mini bob (Zipflbob) hettegenser for barn - M\u00f8rkebl\u00e5<\/h2>\n<ul>\n<li>80 % bomull, kjemmet og ringspunnet, 20 % polyester (3-lags)<\/li>\n<li>Fin og sv\u00e6rt glatt overflate laget av 100 % bomull<\/li>\n<li>B\u00f8rstet fleecestoff p\u00e5 innsiden<\/li>\n<li>Hette i to lag (uten sn\u00f8ring)<\/li>\n<li>Vidde i nederkant og mansjetter med elastan<\/li>\n<li>Sides\u00f8mmer for optimal passform<\/li>\n<li>P\u00e5sydd kengurulomme<\/li>\n<li>Dekks\u00f8mmer p\u00e5 ermhull, mansjetter og linning<\/li>\n<li>Bredere ribbestrikkede mansjetter og linning.<\/li>\n<li>Original mini bob &laquo;Silhouette&raquo; foran - trykk av h\u00f8y kvalitet<\/li>\n<li>Original mini bob-logo p\u00e5 baksiden - trykk i h\u00f8y kvalitet<\/li>\n<li>40 \u00b0C maskinvask, egnet for t\u00f8rketrommel (lav temperatur)<\/li>\n<\/ul>\n","protected":false},"excerpt":{"rendered":"<p>Hettegenser for barn 80 % bomull 20 % polyester med zipflbob-logo i fargen french navy (m\u00f8rkebl\u00e5)<\/p>\n","protected":false},"featured_media":147129,"comment_status":"closed","ping_status":"closed","template":"","meta":{"_acf_changed":false},"product_brand":[],"product_cat":[1021],"product_tag":[],"class_list":{"0":"post-156380","1":"product","2":"type-product","3":"status-publish","4":"has-post-thumbnail","6":"product_cat-minibob-hettegenser-for-barn","7":"product_shipping_class-minibob-nb-2","8":"description-off","10":"first","11":"instock","12":"taxable","13":"shipping-taxable","14":"purchasable","15":"product-type-variable"},"acf":[],"_links":{"self":[{"href":"https:\/\/mini-bob.com\/nb\/wp-json\/wp\/v2\/product\/156380","targetHints":{"allow":["GET"]}}],"collection":[{"href":"https:\/\/mini-bob.com\/nb\/wp-json\/wp\/v2\/product"}],"about":[{"href":"https:\/\/mini-bob.com\/nb\/wp-json\/wp\/v2\/types\/product"}],"replies":[{"embeddable":true,"href":"https:\/\/mini-bob.com\/nb\/wp-json\/wp\/v2\/comments?post=156380"}],"wp:featuredmedia":[{"embeddable":true,"href":"https:\/\/mini-bob.com\/nb\/wp-json\/wp\/v2\/media\/147129"}],"wp:attachment":[{"href":"https:\/\/mini-bob.com\/nb\/wp-json\/wp\/v2\/media?parent=156380"}],"wp:term":[{"taxonomy":"product_brand","embeddable":true,"href":"https:\/\/mini-bob.com\/nb\/wp-json\/wp\/v2\/product_brand?post=156380"},{"taxonomy":"product_cat","embeddable":true,"href":"https:\/\/mini-bob.com\/nb\/wp-json\/wp\/v2\/product_cat?post=156380"},{"taxonomy":"product_tag","embeddable":true,"href":"https:\/\/mini-bob.com\/nb\/wp-json\/wp\/v2\/product_tag?post=156380"}],"curies":[{"name":"wp","href":"https:\/\/api.w.org\/{rel}","templated":true}]}}