{"id":156456,"date":"2018-12-09T15:01:12","date_gmt":"2018-12-09T14:01:12","guid":{"rendered":"https:\/\/mini-bob.com\/produkt\/utsolgt-edition-mini-bob-zipflbob-akebrett-i-bronse\/"},"modified":"2025-12-07T22:39:01","modified_gmt":"2025-12-07T21:39:01","slug":"utsolgt-edition-mini-bob-zipflbob-akebrett-i-bronse","status":"publish","type":"product","link":"https:\/\/mini-bob.com\/nb\/produkt\/utsolgt-edition-mini-bob-zipflbob-akebrett-i-bronse\/","title":{"rendered":"+UTSOLGT+ Edition mini bob (zipflbob akebrett) i bronse"},"content":{"rendered":"<p><strong>+UTSOLGT+<\/strong><\/p>\n<h2>Original mini bob (Zipflbob) bronse<\/h2>\n<p>Den <strong>originale mini bob<\/strong> (ogs\u00e5 kjent som &laquo;Zipflbob&raquo;, &laquo;Zipflbob&raquo; eller &laquo;Zipfybob&raquo;) ble oppfunnet i \u00d8sterrike p\u00e5 1970-tallet og har blitt produsert av oss i Tyskland siden 1976, fortsatt delvis for h\u00e5nd.<\/p>\n<p>Bronze <strong>mini bob<\/strong> er praktisk talt uforgjengelig takket v\u00e6re den bruddsikre og kompakte hule plastkonstruksjonen, som har blitt testet med suksess i flere ti\u00e5r, og er fortsatt sv\u00e6rt lett med sine ca. 1,7 kg. Den lave sittestillingen, som er tilpasset kroppen, gj\u00f8r det mulig for b\u00e5de store og sm\u00e5 \u00e5 kj\u00f8re komfortabelt og uten \u00e5 bli slitne om vinteren. Siden oppfinnelsen p\u00e5 1970-tallet har tre generasjoner kunnet f\u00f8lge slagordet: <strong>&laquo;Maksimal moro med mini bob&raquo;.<\/strong> Den <strong>bronsefargede mini bob<\/strong> passer for alle takket v\u00e6re de trygge kj\u00f8reegenskapene!  Kj\u00f8remoro er garantert b\u00e5de i korte og flate akebakker og p\u00e5 racerbaner. Den stabile konstruksjonen og ekstreme man\u00f8vreringsevnen gj\u00f8r at h\u00f8ye hastigheter ikke er noe problem.<\/p>\n<p>Den originale mini bob er en flerfoldig vinner i nasjonale og internasjonale &laquo;Zipflbob&raquo;-mesterskap.<\/p>\n<p>&nbsp;<\/p>\n<p><span style=\"color: #ff0000;\">!! H\u00f8r etter!!! Duplikater tilbys i forskjellige nettbutikker. N\u00e5r du kj\u00f8per, se etter en lisensiert forhandler og mini bob-logoen!<\/span><\/p>\n<p>&nbsp;<\/p>\n<p>Data:<\/p>\n<p><strong>zipflbob (mini bob) i bronse<\/strong><\/p>\n<p>Vekt: ca. 1,7 kg<br \/>\nM\u00e5l L x B x H (i cm): 53 x 33 x 40<br \/>\nMateriale: HD PE (ftalatfri)<br \/>\nTillatt belastning: maks. 100 kg<br \/>\nMade in Germany - Produsert i Tyskland<\/p>\n<p>Advarsel: Ikke egnet for barn under tre \u00e5r. Brukes under direkte tilsyn av en voksen. Skal brukes med verneutstyr.<\/p>\n<p>De lovbestemte garantirettighetene gjelder for v\u00e5re varer. V\u00e6r oppmerksom p\u00e5 v\u00e5re sikkerhetsinstruksjoner og v\u00e5re <a href=\"https:\/\/mini-bob.com\/nb\/faq\/\" target=\"_blank\" rel=\"noopener noreferrer\">vanlige sp\u00f8rsm\u00e5l<\/a>!<\/p>\n<p>Du kan finne mer interessant informasjon om den originale zipflbob p\u00e5 <strong>nettstedet til mini bob:<\/strong><strong><a href=\"https:\/\/mini-bob.com\/nb\/akebrett-mini-bob\/\">original mini bob nettside<\/a><\/strong><\/p>\n<p>Selges kun i normale husholdningsmengder (maks. 2 stk. per farge!) - kun til privat bruk! Videresalg til bedrifter (med tilleggsavgift) er forbudt!<\/p>\n","protected":false},"excerpt":{"rendered":"<p>+UTSOLGT+<\/p>\n<p>Spesialserie i bronse med metallisk effekt. Avhengig av lysinnfallet skaper denne <strong>originale mini bob-en<\/strong> en spesiell fargeeffekt. <\/p>\n<p><strong>Produksjonen er strengt begrenset til bare 700 enheter.<\/strong>  S\u00e5 v\u00e6r rask slik at du kan bli en av de heldige!<\/p>\n","protected":false},"featured_media":10144,"comment_status":"open","ping_status":"closed","template":"","meta":{"_acf_changed":false},"product_brand":[],"product_cat":[223],"product_tag":[607,925,926,929,942],"class_list":{"0":"post-156456","1":"product","2":"type-product","3":"status-publish","4":"has-post-thumbnail","6":"product_cat-mini-bob-specialedition-nb","7":"product_tag-plast-bob-bronse","8":"product_tag-mini-bob-spesialutgave","9":"product_tag-mini-bob-bronse","10":"product_tag-zipfy-bronse","11":"product_tag-zipflbob-bronse","12":"product_shipping_class-minibob-nb-2","13":"description-off","15":"first","16":"outofstock","17":"taxable","18":"shipping-taxable","19":"purchasable","20":"product-type-simple"},"acf":[],"_links":{"self":[{"href":"https:\/\/mini-bob.com\/nb\/wp-json\/wp\/v2\/product\/156456","targetHints":{"allow":["GET"]}}],"collection":[{"href":"https:\/\/mini-bob.com\/nb\/wp-json\/wp\/v2\/product"}],"about":[{"href":"https:\/\/mini-bob.com\/nb\/wp-json\/wp\/v2\/types\/product"}],"replies":[{"embeddable":true,"href":"https:\/\/mini-bob.com\/nb\/wp-json\/wp\/v2\/comments?post=156456"}],"wp:featuredmedia":[{"embeddable":true,"href":"https:\/\/mini-bob.com\/nb\/wp-json\/wp\/v2\/media\/10144"}],"wp:attachment":[{"href":"https:\/\/mini-bob.com\/nb\/wp-json\/wp\/v2\/media?parent=156456"}],"wp:term":[{"taxonomy":"product_brand","embeddable":true,"href":"https:\/\/mini-bob.com\/nb\/wp-json\/wp\/v2\/product_brand?post=156456"},{"taxonomy":"product_cat","embeddable":true,"href":"https:\/\/mini-bob.com\/nb\/wp-json\/wp\/v2\/product_cat?post=156456"},{"taxonomy":"product_tag","embeddable":true,"href":"https:\/\/mini-bob.com\/nb\/wp-json\/wp\/v2\/product_tag?post=156456"}],"curies":[{"name":"wp","href":"https:\/\/api.w.org\/{rel}","templated":true}]}}