{"id":156461,"date":"2020-10-22T16:34:13","date_gmt":"2020-10-22T14:34:13","guid":{"rendered":"https:\/\/mini-bob.com\/produkt\/original-mini-bob-zipflbob-akebrett-i-gult\/"},"modified":"2026-02-07T10:05:00","modified_gmt":"2026-02-07T09:05:00","slug":"original-mini-bob-zipflbob-akebrett-i-gult","status":"publish","type":"product","link":"https:\/\/mini-bob.com\/nb\/produkt\/original-mini-bob-zipflbob-akebrett-i-gult\/","title":{"rendered":"Original mini bob (zipflbob akebrett) i gult"},"content":{"rendered":"<h2>Original mini bob (Zipflbob) gul<\/h2>\n<p>Produsert i Tyskland siden 1976 som en bruddsikker og lett plastbjelke. Den <strong>originale mini bob<\/strong> i gult har et ergonomisk sete med et spesielt setemateriale som ogs\u00e5 brukes i bilindustrien. Den kraftige joysticken, som er godt festet til den gule (zipflbob) mini bob, er ogs\u00e5 ergonomisk formet og sklisikker slik at den passer til h\u00e5ndens form.  Sporsporene p\u00e5 undersiden av mini bob-en s\u00f8rger for retningsstabilitet og kj\u00f8restabilitet.<\/p>\n<blockquote><p><span style=\"color: #ff0000;\">!! H\u00f8r etter!!! Duplikater tilbys i forskjellige nettbutikker. N\u00e5r du kj\u00f8per, se etter en lisensiert forhandler og mini bob-logoen!<\/span><\/p><\/blockquote>\n<p>Data:<\/p>\n<h3>gul zipflbob (mini bob)<\/h3>\n<p>Vekt: ca. 1,7 kg<br \/>\nDimensjoner L x B x H (i cm): 53 x 33 x 40<br \/>\nMateriale: HD PE (ftalatfri)<br \/>\nTillatt last: maks 100 kg<br \/>\nProdusert i Tyskland - Made in Germany<\/p>\n<p>Advarsel: Ikke egnet for barn under tre \u00e5r. Brukes under direkte tilsyn av en voksen.  Skal brukes med verneutstyr.<\/p>\n<p>De lovbestemte garantirettighetene gjelder for v\u00e5re varer. V\u00e6r oppmerksom p\u00e5 v\u00e5re sikkerhetsinstruksjoner og v\u00e5re <a href=\"https:\/\/mini-bob.com\/nb\/faq\/\" target=\"_blank\" rel=\"noopener noreferrer\">vanlige sp\u00f8rsm\u00e5l<\/a>! <\/p>\n<p>Du kan finne mer interessant informasjon om den originale zipflbob p\u00e5 <strong>nettstedet til mini bob:<\/strong><strong><a href=\"https:\/\/mini-bob.com\/nb\/akebrett-mini-bob\/\">original mini bob nettside<\/a><\/strong><\/p>\n<p>Selges kun i husholdningskvantum - kun til privat bruk! Videresalg til bedrifter (med tilleggsavgift) er forbudt! <\/p>\n","protected":false},"excerpt":{"rendered":"<p>Original mini bob i gul - Zipflbob gul<\/p>\n","protected":false},"featured_media":6500,"comment_status":"open","ping_status":"closed","template":"","meta":{"_acf_changed":false},"product_brand":[],"product_cat":[215,598],"product_tag":[610,923,933,937,941],"class_list":{"0":"post-156461","1":"product","2":"type-product","3":"status-publish","4":"has-post-thumbnail","6":"product_cat-minibob-nb","7":"product_cat-minibob-standardutgaver","8":"product_tag-plast-bob-gul-nb","9":"product_tag-minibob-gul-nb","10":"product_tag-zipfybob-gul","11":"product_tag-zipfy-bob-gul-nb","12":"product_tag-zipflbob-gul","13":"product_shipping_class-minibob-nb-2","14":"description-off","16":"first","17":"outofstock","18":"featured","19":"taxable","20":"shipping-taxable","21":"purchasable","22":"product-type-simple"},"acf":[],"_links":{"self":[{"href":"https:\/\/mini-bob.com\/nb\/wp-json\/wp\/v2\/product\/156461","targetHints":{"allow":["GET"]}}],"collection":[{"href":"https:\/\/mini-bob.com\/nb\/wp-json\/wp\/v2\/product"}],"about":[{"href":"https:\/\/mini-bob.com\/nb\/wp-json\/wp\/v2\/types\/product"}],"replies":[{"embeddable":true,"href":"https:\/\/mini-bob.com\/nb\/wp-json\/wp\/v2\/comments?post=156461"}],"wp:featuredmedia":[{"embeddable":true,"href":"https:\/\/mini-bob.com\/nb\/wp-json\/wp\/v2\/media\/6500"}],"wp:attachment":[{"href":"https:\/\/mini-bob.com\/nb\/wp-json\/wp\/v2\/media?parent=156461"}],"wp:term":[{"taxonomy":"product_brand","embeddable":true,"href":"https:\/\/mini-bob.com\/nb\/wp-json\/wp\/v2\/product_brand?post=156461"},{"taxonomy":"product_cat","embeddable":true,"href":"https:\/\/mini-bob.com\/nb\/wp-json\/wp\/v2\/product_cat?post=156461"},{"taxonomy":"product_tag","embeddable":true,"href":"https:\/\/mini-bob.com\/nb\/wp-json\/wp\/v2\/product_tag?post=156461"}],"curies":[{"name":"wp","href":"https:\/\/api.w.org\/{rel}","templated":true}]}}