{"id":156463,"date":"2020-01-21T17:45:28","date_gmt":"2020-01-21T16:45:28","guid":{"rendered":"https:\/\/mini-bob.com\/produkt\/original-mini-bob-zipflbob-akebrett-i-rosa\/"},"modified":"2026-03-30T19:26:48","modified_gmt":"2026-03-30T17:26:48","slug":"original-mini-bob-zipflbob-akebrett-i-rosa","status":"publish","type":"product","link":"https:\/\/mini-bob.com\/nb\/produkt\/original-mini-bob-zipflbob-akebrett-i-rosa\/","title":{"rendered":"Original mini bob (zipflbob akebrett) i rosa"},"content":{"rendered":"<h2>Original mini bob (zipflbob) rosa - rosa<\/h2>\n<p>Den <strong>originale mini bob<\/strong> (ogs\u00e5 kjent som &laquo;Zipflbob&raquo;, &laquo;Zipflbob&raquo; eller &laquo;Zipfybob&raquo;) ble oppfunnet i \u00d8sterrike p\u00e5 1970-tallet og har blitt produsert av oss i Tyskland siden 1976, fortsatt delvis for h\u00e5nd.<\/p>\n<p>Takket v\u00e6re den bruddsikre og kompakte hulkroppskonstruksjonen i plast, som har blitt testet og utpr\u00f8vd med suksess i flere ti\u00e5r, er den rosa <strong>mini bob<\/strong> praktisk talt uforgjengelig og med sine ca. 1,7 kilo fortsatt sv\u00e6rt lett. Den lave sittestillingen, som er tilpasset kroppen, gj\u00f8r det mulig for b\u00e5de store og sm\u00e5 \u00e5 kj\u00f8re komfortabelt og uten \u00e5 bli slitne om vinteren. Siden oppfinnelsen p\u00e5 1970-tallet har tre generasjoner kunnet f\u00f8lge slagordet: <strong>&laquo;Maxi fun with mini bob&raquo;.<\/strong>  Mini bob i rosa passer for alle takket v\u00e6re de trygge kj\u00f8reegenskapene! Moro er garantert i korte og flate akebakker s\u00e5 vel som p\u00e5 racerbaner. Takket v\u00e6re den stabile konstruksjonen og den ekstreme man\u00f8vreringsevnen er h\u00f8ye hastigheter ikke noe problem.  <\/p>\n<blockquote><p><span style=\"color: #ff0000;\">!! H\u00f8r etter!!! Duplikater tilbys i forskjellige nettbutikker. N\u00e5r du kj\u00f8per, se etter en lisensiert forhandler og mini bob-logoen!  <\/span><\/p><\/blockquote>\n<p>Den originale mini bob i rosa er en flerfoldig vinner i nasjonale og internasjonale &laquo;Zipflbob&raquo;-mesterskap.<\/p>\n<p>Data:<\/p>\n<h3>rosa zipflbob (mini bob)<\/h3>\n<p>Vekt: ca. 1,7 kg<br \/>\nDimensjoner L x B x H (i cm): 53 x 33 x 40<br \/>\nMateriale: HD PE (ftalatfri)<br \/>\nTillatt last: maks 100 kg<\/p>\n<p>Produsert i Tyskland - Made in Germany<\/p>\n<p>Advarsel: Ikke egnet for barn under tre \u00e5r. Brukes under direkte tilsyn av en voksen.  Skal brukes med verneutstyr.<\/p>\n<p>De lovbestemte garantirettighetene gjelder for v\u00e5re varer. V\u00e6r oppmerksom p\u00e5 v\u00e5re sikkerhetsinstruksjoner og v\u00e5re <a href=\"https:\/\/mini-bob.com\/nb\/faq\/\" target=\"_blank\" rel=\"noopener noreferrer\">vanlige sp\u00f8rsm\u00e5l<\/a>! <\/p>\n<p>Du kan finne mer interessant informasjon om den originale rosa zipflboben p\u00e5 <strong>nettstedet til mini bob:<\/strong><strong><a href=\"https:\/\/mini-bob.com\/nb\/akebrett-mini-bob\/\" target=\"_blank\" rel=\"noopener noreferrer\">original mini bob nettside<\/a><\/strong><\/p>\n<p>Selges kun i husholdningskvantum - kun til privat bruk! Videresalg til bedrifter (med tilleggsavgift) er forbudt! <\/p>\n","protected":false},"excerpt":{"rendered":"<p>Original mini bob i rosa - Zipflbob pink. rosa zipflbob <\/p>\n","protected":false},"featured_media":152304,"comment_status":"open","ping_status":"closed","template":"","meta":{"_acf_changed":false},"product_brand":[],"product_cat":[215,223],"product_tag":[],"class_list":{"0":"post-156463","1":"product","2":"type-product","3":"status-publish","4":"has-post-thumbnail","6":"product_cat-minibob-nb","7":"product_cat-mini-bob-specialedition-nb","8":"product_shipping_class-minibob-nb-2","9":"description-off","11":"first","12":"instock","13":"featured","14":"taxable","15":"shipping-taxable","16":"purchasable","17":"product-type-simple"},"acf":[],"_links":{"self":[{"href":"https:\/\/mini-bob.com\/nb\/wp-json\/wp\/v2\/product\/156463","targetHints":{"allow":["GET"]}}],"collection":[{"href":"https:\/\/mini-bob.com\/nb\/wp-json\/wp\/v2\/product"}],"about":[{"href":"https:\/\/mini-bob.com\/nb\/wp-json\/wp\/v2\/types\/product"}],"replies":[{"embeddable":true,"href":"https:\/\/mini-bob.com\/nb\/wp-json\/wp\/v2\/comments?post=156463"}],"wp:featuredmedia":[{"embeddable":true,"href":"https:\/\/mini-bob.com\/nb\/wp-json\/wp\/v2\/media\/152304"}],"wp:attachment":[{"href":"https:\/\/mini-bob.com\/nb\/wp-json\/wp\/v2\/media?parent=156463"}],"wp:term":[{"taxonomy":"product_brand","embeddable":true,"href":"https:\/\/mini-bob.com\/nb\/wp-json\/wp\/v2\/product_brand?post=156463"},{"taxonomy":"product_cat","embeddable":true,"href":"https:\/\/mini-bob.com\/nb\/wp-json\/wp\/v2\/product_cat?post=156463"},{"taxonomy":"product_tag","embeddable":true,"href":"https:\/\/mini-bob.com\/nb\/wp-json\/wp\/v2\/product_tag?post=156463"}],"curies":[{"name":"wp","href":"https:\/\/api.w.org\/{rel}","templated":true}]}}