{"id":156466,"date":"2018-01-19T16:34:21","date_gmt":"2018-01-19T15:34:21","guid":{"rendered":"https:\/\/mini-bob.com\/produkt\/black-edition-red-original-mini-bob-zipflbob-slede-i-svart-og-roedt\/"},"modified":"2025-11-22T17:05:47","modified_gmt":"2025-11-22T16:05:47","slug":"black-edition-red-original-mini-bob-zipflbob-slede-i-svart-og-roedt","status":"publish","type":"product","link":"https:\/\/mini-bob.com\/nb\/produkt\/black-edition-red-original-mini-bob-zipflbob-slede-i-svart-og-roedt\/","title":{"rendered":"+BLACK EDITION RED+ Original mini bob (zipflbob slede) i svart og r\u00f8dt"},"content":{"rendered":"<h2>++ SVART UTGAVE R\u00d8D ++<\/h2>\n<p>Ny BLACK EDITION av den originale mini bob fra 2010 med farget sete!<\/p>\n<p>&nbsp;<\/p>\n<h2>Original mini bob (Zipflbob) svart med r\u00f8dt sete<\/h2>\n<p>Den <strong>originale mini bob<\/strong> (ogs\u00e5 kjent som &laquo;Zipflbob&raquo;, &laquo;Zipflbob&raquo; eller &laquo;Zipfybob&raquo;) ble oppfunnet i \u00d8sterrike p\u00e5 1970-tallet og har blitt produsert av oss i Tyskland siden 1976, fortsatt delvis for h\u00e5nd.<\/p>\n<p>Takket v\u00e6re den bruddsikre og kompakte hulkroppskonstruksjonen i plast, som har blitt testet og utpr\u00f8vd med suksess i flere ti\u00e5r, er den <strong>svarte<\/strong> <strong>mini bob<\/strong> praktisk talt uforgjengelig og med sine ca. 1,7 kilo fortsatt sv\u00e6rt lett. Den lave sittestillingen, som er tilpasset kroppen, gj\u00f8r det mulig for b\u00e5de store og sm\u00e5 \u00e5 kj\u00f8re komfortabelt og uten \u00e5 bli slitne om vinteren. Siden oppfinnelsen p\u00e5 1970-tallet har tre generasjoner kunnet f\u00f8lge slagordet: <strong>&laquo;Maxi fun with mini bob&raquo;.<\/strong> <strong>Mini bob i svart <\/strong>passer for alle takket v\u00e6re de trygge kj\u00f8reegenskapene!  Kj\u00f8remoro er garantert b\u00e5de i korte og flate akebakker og p\u00e5 racerbaner. Den stabile konstruksjonen og ekstreme man\u00f8vreringsevnen gj\u00f8r at h\u00f8ye hastigheter ikke er noe problem.<\/p>\n<blockquote><p><span style=\"color: #ff0000;\">!! H\u00f8r etter!!! Duplikater tilbys i forskjellige nettbutikker. N\u00e5r du kj\u00f8per, se etter en lisensiert forhandler og mini bob-logoen!<\/span><\/p><\/blockquote>\n<p>Den originale mini bob er en flerfoldig vinner i nasjonale og internasjonale &laquo;Zipflbob&raquo;-mesterskap.<\/p>\n<p>Data:<\/p>\n<h3>svart zipflbob (mini bob Black Edition red)<\/h3>\n<p>Vekt: ca. 1,7 kg<br \/>\nDimensjoner L x B x H (i cm): 53 x 33 x 40<br \/>\nMateriale: HD PE (ftalatfri)<br \/>\nTillatt last: maks 100 kg<\/p>\n<p>Produsert i Tyskland - Made in Germany<\/p>\n<p>Advarsel: Ikke egnet for barn under tre \u00e5r. Brukes under direkte tilsyn av en voksen. Skal brukes med verneutstyr.<\/p>\n<p>De lovbestemte garantirettighetene gjelder for v\u00e5re varer. V\u00e6r oppmerksom p\u00e5 v\u00e5re sikkerhetsinstruksjoner og v\u00e5re <a href=\"https:\/\/mini-bob.com\/nb\/faq\/\" target=\"_blank\" rel=\"noopener noreferrer\">vanlige sp\u00f8rsm\u00e5l<\/a>!<\/p>\n<p>Du finner mer interessant informasjon om den <strong>originale zipflboben<\/strong> i <strong>fargen svart\/r\u00f8d <\/strong>p\u00e5 <strong>nettstedet til mini bob:<\/strong><strong><a href=\"https:\/\/mini-bob.com\/nb\/akebrett-mini-bob\/\" target=\"_blank\" rel=\"noopener noreferrer\">original mini bob nettside<\/a><\/strong><\/p>\n<p>Selges kun i husholdningskvantum - kun til privat bruk! Videresalg til bedrifter (med tilleggsavgift) er forbudt!<\/p>\n","protected":false},"excerpt":{"rendered":"<h3><strong>+SVART UTGAVE R\u00d8D+<\/strong><\/h3>\n<p>Ny utgave av den svarte mini bob - Original mini bob i sort med r\u00f8dt sete - Zipflbob sort. svart zipflbob<\/p>\n","protected":false},"featured_media":153550,"comment_status":"open","ping_status":"closed","template":"","meta":{"_acf_changed":false},"product_brand":[],"product_cat":[215,223,878],"product_tag":[],"class_list":{"0":"post-156466","1":"product","2":"type-product","3":"status-publish","4":"has-post-thumbnail","6":"product_cat-minibob-nb","7":"product_cat-mini-bob-specialedition-nb","8":"product_cat-zipfybob-svart-nb","9":"product_shipping_class-minibob-nb-2","10":"description-off","12":"first","13":"outofstock","14":"taxable","15":"shipping-taxable","16":"purchasable","17":"product-type-simple"},"acf":[],"_links":{"self":[{"href":"https:\/\/mini-bob.com\/nb\/wp-json\/wp\/v2\/product\/156466","targetHints":{"allow":["GET"]}}],"collection":[{"href":"https:\/\/mini-bob.com\/nb\/wp-json\/wp\/v2\/product"}],"about":[{"href":"https:\/\/mini-bob.com\/nb\/wp-json\/wp\/v2\/types\/product"}],"replies":[{"embeddable":true,"href":"https:\/\/mini-bob.com\/nb\/wp-json\/wp\/v2\/comments?post=156466"}],"wp:featuredmedia":[{"embeddable":true,"href":"https:\/\/mini-bob.com\/nb\/wp-json\/wp\/v2\/media\/153550"}],"wp:attachment":[{"href":"https:\/\/mini-bob.com\/nb\/wp-json\/wp\/v2\/media?parent=156466"}],"wp:term":[{"taxonomy":"product_brand","embeddable":true,"href":"https:\/\/mini-bob.com\/nb\/wp-json\/wp\/v2\/product_brand?post=156466"},{"taxonomy":"product_cat","embeddable":true,"href":"https:\/\/mini-bob.com\/nb\/wp-json\/wp\/v2\/product_cat?post=156466"},{"taxonomy":"product_tag","embeddable":true,"href":"https:\/\/mini-bob.com\/nb\/wp-json\/wp\/v2\/product_tag?post=156466"}],"curies":[{"name":"wp","href":"https:\/\/api.w.org\/{rel}","templated":true}]}}