{"id":156467,"date":"2019-11-03T17:20:45","date_gmt":"2019-11-03T16:20:45","guid":{"rendered":"https:\/\/mini-bob.com\/produkt\/mini-bob-zipflbob-lue-forskjellige-farger\/"},"modified":"2025-11-22T17:05:52","modified_gmt":"2025-11-22T16:05:52","slug":"mini-bob-zipflbob-lue-forskjellige-farger","status":"publish","type":"product","link":"https:\/\/mini-bob.com\/nb\/produkt\/mini-bob-zipflbob-lue-forskjellige-farger\/","title":{"rendered":"mini bob - zipflbob lue - forskjellige farger"},"content":{"rendered":"<h2>Original mini bob (zipflbob) hette<\/h2>\n<ul>\n<li>100 % \u00f8kologisk bomullsstoff<\/li>\n<li>Med 100 % OCS-sertifisert \u00f8kologisk bomull, sertifisert av Control Union CU811033<\/li>\n<li>Lett, pustende stoff<\/li>\n<li>Dobbelt lag med strikk<\/li>\n<li>Original mini bob-logo av h\u00f8y kvalitet<\/li>\n<li>Farger: svart, r\u00f8d, gr\u00e5, gul, gr\u00f8nn, bl\u00e5 og beige<\/li>\n<\/ul>\n","protected":false},"excerpt":{"rendered":"<p>Ullhatter i 100 % bomull med zipflbob-logo<\/p>\n","protected":false},"featured_media":143786,"comment_status":"closed","ping_status":"closed","template":"","meta":{"_acf_changed":false},"product_brand":[],"product_cat":[603],"product_tag":[944,605],"class_list":{"0":"post-156467","1":"product","2":"type-product","3":"status-publish","4":"has-post-thumbnail","6":"product_cat-caps-nb","7":"product_tag-spiss-bobhatt","8":"product_tag-cap","9":"product_shipping_class-minibob-nb-2","10":"description-off","12":"first","13":"instock","14":"taxable","15":"shipping-taxable","16":"purchasable","17":"product-type-variable"},"acf":[],"_links":{"self":[{"href":"https:\/\/mini-bob.com\/nb\/wp-json\/wp\/v2\/product\/156467","targetHints":{"allow":["GET"]}}],"collection":[{"href":"https:\/\/mini-bob.com\/nb\/wp-json\/wp\/v2\/product"}],"about":[{"href":"https:\/\/mini-bob.com\/nb\/wp-json\/wp\/v2\/types\/product"}],"replies":[{"embeddable":true,"href":"https:\/\/mini-bob.com\/nb\/wp-json\/wp\/v2\/comments?post=156467"}],"wp:featuredmedia":[{"embeddable":true,"href":"https:\/\/mini-bob.com\/nb\/wp-json\/wp\/v2\/media\/143786"}],"wp:attachment":[{"href":"https:\/\/mini-bob.com\/nb\/wp-json\/wp\/v2\/media?parent=156467"}],"wp:term":[{"taxonomy":"product_brand","embeddable":true,"href":"https:\/\/mini-bob.com\/nb\/wp-json\/wp\/v2\/product_brand?post=156467"},{"taxonomy":"product_cat","embeddable":true,"href":"https:\/\/mini-bob.com\/nb\/wp-json\/wp\/v2\/product_cat?post=156467"},{"taxonomy":"product_tag","embeddable":true,"href":"https:\/\/mini-bob.com\/nb\/wp-json\/wp\/v2\/product_tag?post=156467"}],"curies":[{"name":"wp","href":"https:\/\/api.w.org\/{rel}","templated":true}]}}