{"id":161536,"date":"2014-05-30T13:54:44","date_gmt":"2014-05-30T11:54:44","guid":{"rendered":"https:\/\/mini-bob.com\/dom-mini-boba-oryginalnego-zipflboba\/"},"modified":"2026-01-01T21:35:12","modified_gmt":"2026-01-01T20:35:12","slug":"dom-mini-boba-oryginalnego-zipflboba","status":"publish","type":"page","link":"https:\/\/mini-bob.com\/pl\/","title":{"rendered":"Dom mini boba - oryginalnego zipflboba"},"content":{"rendered":"<div class=\"wpb-content-wrapper\"><p>[vc_row][vc_column][vc_custom_heading text=&#8221;Oryginalny Zipfelbob od 1976 roku - mini bob&#8221; font_container=&#8221;tag:h3|text_align:left&#8221; google_fonts=&#8221;font_family:Roboto%20Condensed%3A300%2C300italic%2Cregular%2Citalic%2C700%2C700italic|font_style:400%20regular%3A400%3Anormal&#8221;][vc_empty_space]<script>console.log(\"mini bob intro 1: No active slides found\")<\/script>\n[vc_separator][vc_custom_heading text=&#8221;Jako?? produkowana w Niemczech od 1976 roku&#8221; font_container=&#8221;tag:h3|text_align:left&#8221; google_fonts=&#8221;font_family:Roboto%20Condensed%3A300%2C300italic%2Cregular%2Citalic%2C700%2C700italic|font_style:400%20regular%3A400%3Anormal&#8221;][vc_separator][vc_column_text css=&#8221;&#8221;]Od ponad 50 lat mini bob (oryginalny Zipflbob) wci?? udowadnia, na co go sta?. Narodzony w Austrii w latach 70. mini bob, czule znany r\u00f3wnie? jako &#8222;Zipflbob&#8221; w regionie alpejskim, ?yje do dzi? dzi?ki pomys?om i kreatywno?ci entuzjastycznej spo?eczno?ci fan\u00f3w. Jednak jedna rzecz zawsze by?a na pierwszym planie&#8230; MAXISPASS dla m?odszych i starszych z oryginalnym mini bobem.[\/vc_column_text][vc_empty_space][\/vc_column][\/vc_row][vc_row][vc_column width=&#8221;1\/2&#8243;][vc_wp_text]<\/p>\n<p style=\"margin-left: 60px; margin-top: 47px;\"><img loading=\"lazy\" decoding=\"async\" title=\"oryginalny Zipflbob - Zipflbob czerwony\" src=\"\/wp-content\/uploads\/2015\/01\/mini-bob-rot-500px.png\" alt=\"mini bob - oryginalny zipflbob Zipfelbob\" width=\"500\" height=\"433\"><\/p>\n<p>[\/vc_wp_text][\/vc_column][vc_column width=&#8221;1\/2&#8243;][vc_accordion active_tab=&#8221;1&#8243; title=&#8221;mini bob - Dlaczego orygina??&#8221;][vc_accordion_tab title=&#8221;Sukces i niezmienno?? od 1976 roku&#8221;][vc_column_text]Od momentu powstania w latach 70-tych, mini bob przeszed? wiele etap\u00f3w ewolucji, a? osi?gn?? form? i doskona?o??, kt\u00f3r? posiada do dzi?.<\/p>\n<p>Mini bob jest produkowany w tej udoskonalonej konstrukcji w Niemczech od 1976 roku - nawet w tamtych czasach funkcja, konstrukcja, trwa?o?? i przyjazno?? dla ?rodowiska by?y brane pod uwag? w materia?ach i produkcji.<\/p>\n<p>Mini bob ma ergonomiczny kszta?t siedziska i doskonale wyprofilowany uchwyt, co zapewnia maksymaln? zabaw? i bezpiecze?stwo dla m?odych i m?odych duchem.<\/p>\n<p>Dzi?ki joystickowi i specjalnemu kszta?towi mini bobem mo?na sterowa? precyzyjnie, szybko i bezpiecznie. Intuicyjna koncepcja obs?ugi sprawia, ?e jazda jest przyjemno?ci? ju? od pierwszej minuty. <\/p>\n<p>Na wiele lat przed wprowadzeniem odpowiednich przepis\u00f3w zadbano o to, aby mini bob by? produkowany bez ftalan\u00f3w (bez plastyfikator\u00f3w). Nawet dzi? mini bob przechodzi najwy?sze testy materia?owe i bezpiecze?stwa bez ?adnych skarg.[\/vc_column_text][\/vc_accordion_tab][vc_accordion_tab title=&#8221;Po raz kolejny uhonorowany nagrod? Bob.art Industry Award 2014&#8243;][vc_column_text]Nie tylko w Formule 1 po??czenie wagi, pr?dko?ci, stabilno?ci, doskona?ego wywa?enia i designu jest gwarancj? zwyci?stw!<\/p>\n<p>W przeciwie?stwie do replik naszego produktu, gwarancja ta jest cz??ci? oryginalnego mini boba od samego pocz?tku. Gwarantuje to najwy?szy mo?liwy poziom bezpiecznej zabawy podczas jazdy.[\/vc_column_text][\/vc_accordion_tab][vc_accordion_tab title=&#8221;Wynalezione w Austrii - wyprodukowane w Niemczech&#8221;][vc_column_text]Od momentu wynalezienia w latach 70-tych, mini bob jest produkowany wy??cznie w Niemczech. Zapewnia to wysokie wymagania stawiane temu wysokiej jako?ci produktowi i gwarantuje u?ytkownikowi maksymalne bezpiecze?stwo i trwa?o??. <\/p>\n<p>Oryginalny mini bob to wysokiej jako?ci produkt na pokolenia - nie jest to tylko nudny plastikowy bob.[\/vc_column_text][\/vc_accordion_tab][\/vc_accordion][\/vc_column][\/vc_row][vc_row][vc_column][vc_separator][\/vc_column][\/vc_row][vc_row][vc_column][vc_empty_space][vc_cta h2=&#8221;Kliknij tutaj, aby przej?? do sklepu internetowego&#8221; txt_align=&#8221;justify&#8221; shape=&#8221;square&#8221; add_button=&#8221;left&#8221; btn_title=&#8221;do sklepu mini bob&#8221; btn_shape=&#8221;square&#8221; btn_color=&#8221;danger&#8221; btn_size=&#8221;lg&#8221; btn_align=&#8221;right&#8221; btn_i_type=&#8221;the7&#8243; btn_i_icon_the7=&#8221;icomoon-the7-font-the7-arrow-27&#8243; btn_button_block=&#8221;true&#8221; btn_add_icon=&#8221;true&#8221; btn_link=&#8221;url:https%3A%2F%2Fmini-bob.com%2Fmini-bob-zipfelbob-shop%2F|title:kup%20mini%20boba%20%28Zipfelbob%29|&#8221;]Wszystkie aktualnie dost?pne kolory mo?na r\u00f3wnie? kupi? w naszym sklepie internetowym[\/vc_cta][vc_cta h2=&#8221;kupi? mini bob - zipfelbob?&#8221; txt_align=&#8221;justify&#8221; shape=&#8221;square&#8221; add_button=&#8221;left&#8221; btn_title=&#8221;kup mini bob&#8221; btn_shape=&#8221;square&#8221; btn_color=&#8221;danger&#8221; btn_size=&#8221;lg&#8221; btn_i_type=&#8221;the7&#8243; btn_i_icon_the7=&#8221;icomoon-the7-font-the7-arrow-27&#8243; btn_add_icon=&#8221;true&#8221; btn_link=&#8221;url:https%3A%2F%2Fmini-bob.com%2Fpl%2Fkup-mini-boba-zipfelbob%2F|title:kup%20mini%20boba%20%28Zipfelbob%29|&#8221;]Oryginalnego mini boba mo?na kupi? u certyfikowanych sprzedawc\u00f3w tutaj![\/vc_cta][vc_cta h2=&#8221;Zosta? partnerem handlowym?&#8221; txt_align=&#8221;justify&#8221; shape=&#8221;square&#8221; add_button=&#8221;left&#8221; btn_title=&#8221;Zapytanie o partnera&#8221; btn_shape=&#8221;square&#8221; btn_color=&#8221;danger&#8221; btn_size=&#8221;lg&#8221; btn_align=&#8221;right&#8221; btn_i_type=&#8221;the7&#8243; btn_i_icon_the7=&#8221;icomoon-the7-font-the7-arrow-27&#8243; btn_button_block=&#8221;true&#8221; btn_add_icon=&#8221;true&#8221; btn_link=&#8221;url:https%3A%2F%2Fmini-bob.com%2Fpl%2Fczekamy-na-twoje-zapytanie%2F|title:kup%20mini%20boba%20%28Zipfelbob%29|&#8221;]Masz sklep lub sklep internetowy i chcia?by? sprzedawa? oryginalnego mini boba?[\/vc_cta][\/vc_column][\/vc_row][vc_row][vc_column][vc_empty_space][vc_basic_grid post_type=&#8221;post&#8221; max_items=&#8221;10&#8243; element_width=&#8221;3&#8243; grid_id=&#8221;vc_gid:1767299586999-9e25d1ab-97fc-2&#8243;][\/vc_column][\/vc_row]<\/p>\n<\/div>","protected":false},"excerpt":{"rendered":"<p>[vc_row][vc_column][vc_custom_heading text=&#8221;Oryginalny Zipfelbob od 1976 roku - mini bob&#8221; font_container=&#8221;tag:h3|text_align:left&#8221; google_fonts=&#8221;font_family:Roboto%20Condensed%3A300%2C300italic%2Cregular%2Citalic%2C700%2C700italic|font_style:400%20regular%3A400%3Anormal&#8221;][vc_empty_space][vc_separator][vc_custom_heading text=&#8221;Jako?? produkowana w Niemczech od 1976 roku&#8221; font_container=&#8221;tag:h3|text_align:left&#8221; google_fonts=&#8221;font_family:Roboto%20Condensed%3A300%2C300italic%2Cregular%2Citalic%2C700%2C700italic|font_style:400%20regular%3A400%3Anormal&#8221;][vc_separator][vc_column_text css=&#8221;&#8221;]Od ponad 50 lat mini bob (oryginalny Zipflbob) wci?? udowadnia, na co go sta?. Narodzony w Austrii w latach 70. mini bob, czule znany r\u00f3wnie? jako &#8222;Zipflbob&#8221; w regionie alpejskim, ?yje do dzi? dzi?ki pomys?om&hellip;<\/p>\n","protected":false},"author":1,"featured_media":0,"parent":0,"menu_order":0,"comment_status":"closed","ping_status":"closed","template":"","meta":{"_acf_changed":false,"footnotes":""},"class_list":["post-161536","page","type-page","status-publish","hentry","description-off"],"acf":[],"_links":{"self":[{"href":"https:\/\/mini-bob.com\/pl\/wp-json\/wp\/v2\/pages\/161536","targetHints":{"allow":["GET"]}}],"collection":[{"href":"https:\/\/mini-bob.com\/pl\/wp-json\/wp\/v2\/pages"}],"about":[{"href":"https:\/\/mini-bob.com\/pl\/wp-json\/wp\/v2\/types\/page"}],"author":[{"embeddable":true,"href":"https:\/\/mini-bob.com\/pl\/wp-json\/wp\/v2\/users\/1"}],"replies":[{"embeddable":true,"href":"https:\/\/mini-bob.com\/pl\/wp-json\/wp\/v2\/comments?post=161536"}],"version-history":[{"count":4,"href":"https:\/\/mini-bob.com\/pl\/wp-json\/wp\/v2\/pages\/161536\/revisions"}],"predecessor-version":[{"id":165377,"href":"https:\/\/mini-bob.com\/pl\/wp-json\/wp\/v2\/pages\/161536\/revisions\/165377"}],"wp:attachment":[{"href":"https:\/\/mini-bob.com\/pl\/wp-json\/wp\/v2\/media?parent=161536"}],"curies":[{"name":"wp","href":"https:\/\/api.w.org\/{rel}","templated":true}]}}