{"id":161538,"date":"2015-02-05T14:23:28","date_gmt":"2015-02-05T13:23:28","guid":{"rendered":"https:\/\/mini-bob.com\/nadruk\/"},"modified":"2015-02-05T14:23:28","modified_gmt":"2015-02-05T13:23:28","slug":"nadruk","status":"publish","type":"page","link":"https:\/\/mini-bob.com\/pl\/nadruk\/","title":{"rendered":"Nadruk"},"content":{"rendered":"<p>Niniejsza informacja prawna dotyczy r\u00f3wnie? naszych stron firmowych na <a href=\"https:\/\/www.facebook.com\/zipflbob\/\" target=\"_blank\" rel=\"noopener nofollow\">Facebooku<\/a> i <a href=\"https:\/\/www.youtube.com\/channel\/UCn3eWIhTjy0_Tq4BEy463OQ\" target=\"_blank\" rel=\"noopener nofollow\">YouTube<\/a>.<\/p>\n<h1>Nadruk<\/h1>\n<h2>Informacje zgodnie z \u00a7 5 TMG<\/h2>\n<p>Loeger GmbH<br \/>\nHauptstr. 57<br \/>\n82327 Tutzing <\/p>\n<h2>Reprezentowany przez<\/h2>\n<p>Siegmund L\u00f6ger<\/p>\n<h2>Skontaktuj si? z nami<\/h2>\n<p>Telefon: +49 (0)8158 92101<br \/>\nFaks: +49 (0)8158 7288<br \/>\nE-mail: info@mini-bob.com<\/p>\n<h2>Wpis do rejestru<\/h2>\n<p>Wpis do rejestru handlowego.<br \/>\nS?d rejestrowy: Monachium HRB 54019<br \/>\nNumer rejestracyjny: HRB 54019<\/p>\n<h2>Podatek od warto?ci dodanej<\/h2>\n<p>Numer identyfikacyjny podatku od warto?ci dodanej zgodnie z \u00a727a ustawy o podatku od warto?ci dodanej:<br \/>\nDE128234280<\/p>\n<h2>Rozstrzyganie spor\u00f3w<\/h2>\n<p>Komisja Europejska zapewnia platform? internetowego rozstrzygania spor\u00f3w (OS): <a href=\"https:\/\/ec.europa.eu\/consumers\/odr\" target=\"_blank\" rel=\"noopener nofollow\">https:\/\/ec.europa.eu\/consumers\/odr.<\/a><br \/>\nNasz adres e-mail mo?na znale?? w powy?szej nocie prawnej.<\/p>\n<p>Nie jeste?my sk?onni ani zobowi?zani do udzia?u w post?powaniu rozstrzygaj?cym spory przed komisj? arbitra?ow? ds. konsument\u00f3w.<\/p>\n<h3>Odpowiedzialno?? za tre??<\/h3>\n<p>Jako dostawca us?ug jeste?my odpowiedzialni za w?asne tre?ci na tych stronach zgodnie z og\u00f3lnymi przepisami prawa. Jako us?ugodawca nie jeste?my jednak zobowi?zani do monitorowania przesy?anych lub przechowywanych informacji os\u00f3b trzecich ani do badania okoliczno?ci wskazuj?cych na nielegaln? dzia?alno??. <\/p>\n<p>Nie ma to wp?ywu na obowi?zek usuni?cia lub zablokowania korzystania z informacji zgodnie z og\u00f3lnymi przepisami prawa. Odpowiedzialno?? w tym zakresie jest jednak mo?liwa dopiero od momentu, w kt\u00f3rym dowiemy si? o konkretnym naruszeniu. Gdy tylko dowiemy si? o takich naruszeniach, natychmiast usuniemy te tre?ci.  <\/p>\n<h3>Odpowiedzialno?? za linki<\/h3>\n<p>Nasza witryna internetowa zawiera ??cza do zewn?trznych witryn internetowych os\u00f3b trzecich, na kt\u00f3rych tre?? nie mamy wp?ywu. W zwi?zku z tym nie mo?emy ponosi? ?adnej odpowiedzialno?ci za tre?ci stron trzecich. Odpowiedni dostawca lub operator stron jest zawsze odpowiedzialny za tre?? stron, do kt\u00f3rych prowadz? linki. Po??czone strony zosta?y sprawdzone pod k?tem mo?liwych narusze? prawa w momencie ??czenia. Nielegalne tre?ci nie by?y rozpoznawalne w momencie linkowania.    <\/p>\n<p>Sta?e monitorowanie tre?ci stron, do kt\u00f3rych prowadz? linki, nie jest jednak uzasadnione bez konkretnych dowod\u00f3w naruszenia prawa. Je?li dowiemy si? o jakichkolwiek naruszeniach prawa, niezw?ocznie usuniemy takie linki. <\/p>\n<h3>Prawa autorskie<\/h3>\n<p>Tre?ci i dzie?a stworzone przez operator\u00f3w witryn na tych stronach podlegaj? niemieckiemu prawu autorskiemu. Powielanie, przetwarzanie, rozpowszechnianie i wszelkiego rodzaju wykorzystywanie poza granicami prawa autorskiego wymaga pisemnej zgody odpowiedniego autora lub tw\u00f3rcy. Pobieranie i kopiowanie tej strony jest dozwolone wy??cznie do prywatnego, niekomercyjnego u?ytku.  <\/p>\n<p>O ile tre?ci na tej stronie nie zosta?y stworzone przez operatora, prawa autorskie os\u00f3b trzecich s? przestrzegane. W szczeg\u00f3lno?ci tre?ci os\u00f3b trzecich s? oznaczone jako takie. Je?li mimo to dowiesz si? o naruszeniu praw autorskich, poinformuj nas o tym. Je?li dowiemy si? o jakichkolwiek naruszeniach, niezw?ocznie usuniemy takie tre?ci.<br \/>\n<div class=\"woocommerce woocommerce-gzd woocommerce-gzd-complaints-shortcode\">\n\t\t\t<h3>Alternative Dispute Resolution in accordance with Art. 14 (1) ODR-VO and \u00a7 36 VSBG:<\/h3>\n\t\nZur Teilnahme an einem Streitbeilegungsverfahren vor einer Verbraucherschlichtungsstelle sind wir nicht verpflichtet und nicht bereit.<\/div>\n","protected":false},"excerpt":{"rendered":"<p>Niniejsza informacja prawna dotyczy r\u00f3wnie? naszych stron firmowych na Facebooku i YouTube. Nadruk Informacje zgodnie z \u00a7 5 TMG Loeger GmbH Hauptstr. 57 82327 Tutzing Reprezentowany przez Siegmund L\u00f6ger Skontaktuj si? z nami Telefon: +49 (0)8158 92101 Faks: +49 (0)8158 7288 E-mail: info@mini-bob.com Wpis do rejestru Wpis do rejestru handlowego. S?d rejestrowy: Monachium HRB 54019&hellip;<\/p>\n","protected":false},"author":1,"featured_media":0,"parent":0,"menu_order":0,"comment_status":"closed","ping_status":"closed","template":"","meta":{"_acf_changed":false,"footnotes":""},"class_list":["post-161538","page","type-page","status-publish","hentry","description-off"],"acf":[],"_links":{"self":[{"href":"https:\/\/mini-bob.com\/pl\/wp-json\/wp\/v2\/pages\/161538","targetHints":{"allow":["GET"]}}],"collection":[{"href":"https:\/\/mini-bob.com\/pl\/wp-json\/wp\/v2\/pages"}],"about":[{"href":"https:\/\/mini-bob.com\/pl\/wp-json\/wp\/v2\/types\/page"}],"author":[{"embeddable":true,"href":"https:\/\/mini-bob.com\/pl\/wp-json\/wp\/v2\/users\/1"}],"replies":[{"embeddable":true,"href":"https:\/\/mini-bob.com\/pl\/wp-json\/wp\/v2\/comments?post=161538"}],"version-history":[{"count":0,"href":"https:\/\/mini-bob.com\/pl\/wp-json\/wp\/v2\/pages\/161538\/revisions"}],"wp:attachment":[{"href":"https:\/\/mini-bob.com\/pl\/wp-json\/wp\/v2\/media?parent=161538"}],"curies":[{"name":"wp","href":"https:\/\/api.w.org\/{rel}","templated":true}]}}