{"id":161561,"date":"2014-03-25T15:34:11","date_gmt":"2014-03-25T14:34:11","guid":{"rendered":"https:\/\/mini-bob.com\/faq\/"},"modified":"2025-12-01T20:02:09","modified_gmt":"2025-12-01T19:02:09","slug":"faq","status":"publish","type":"page","link":"https:\/\/mini-bob.com\/pl\/faq\/","title":{"rendered":"FAQ"},"content":{"rendered":"<div class=\"wpb-content-wrapper\"><p>[vc_row][vc_column][vc_custom_heading text=&#8221;Pytania? Odpowiadamy na nie! &#8221; font_container=&#8221;tag:h4|text_align:left&#8221; google_fonts=&#8221;font_family:Roboto%20Condensed%3A300%2C300italic%2Cregular%2Citalic%2C700%2C700italic|font_style:400%20regular%3A400%3Anormal&#8221;][vc_column_text]Tutaj staramy si? odpowiedzie? na wszystkie pytania dotycz?ce mini boba - je?li nadal potrzebujesz wi?cej informacji, nie wahaj si? z nami <a href=\"https:\/\/mini-bob.com\/pl\/czekamy-na-twoje-zapytanie\/?v=3a52f3c22ed6\">skontaktowa?<\/a>![\/vc_column_text][\/vc_column][\/vc_row][vc_row][vc_column][vc_toggle title=&#8221;Jak rozpozna? oryginalnego mini boba?&#8221; style=&#8221;round&#8221;]Oryginalny mini bob mo?na rozpozna? po niepowtarzalnym, chronionym logo mini bob wyt?oczonym z przodu.<\/p>\n<p><img decoding=\"async\" src=\"\/wp-content\/uploads\/2015\/02\/MaxispassmitMinibob.gif\" alt=\"\" width=\"300\">[\/vc_toggle][vc_toggle title=&#8221;Czym jest zipflbob?&#8221; style=&#8221;round&#8221;]Mini bob jest r\u00f3wnie? czule znany (w zale?no?ci od dialektu) jako &#8222;Zipflbob&#8221;, &#8222;Zipfelbob&#8221;, &#8222;Zipfibob&#8221; lub &#8222;Zipfybob&#8221;. Okre?lenie to powsta?o w g\u00f3rach Tyrolu ze wzgl?du na jego unikalny kszta?t. <\/p>\n<p>Tak wi?c tylko oryginalny mini bob jest jednocze?nie prawdziwym &#8222;zipflbobem&#8221;![\/vc_toggle][vc_toggle title=&#8221;Jak d?ugo istnieje mini bob?&#8221; style=&#8221;round&#8221;]Pomys? narodzi? si? podczas urlopu narciarskiego w Kitzb\u00fchel w latach 70.<br \/>\nMini bob jest produkowany i sprzedawany w niemal niezmienionej formie w Niemczech przez firm? Loeger GmbH od 1976 roku.[\/vc_toggle][vc_toggle title=&#8221;Kto wynalaz? mini boba?&#8221; style=&#8221;round&#8221;]Mini bob zosta? opracowany i opatentowany przez Siegmunda Loegera i Johanna Uttenthalera w latach 70-tych. Po ?mierci Johanna Uttenthalera prawa patentowe zosta?y przeniesione na firm? Loeger GmbH, kt\u00f3ra od tamtej pory jest wy??cznym producentem i dystrybutorem mini boba.[\/vc_toggle][vc_toggle title=&#8221;Gdzie produkowany jest mini bob?&#8221; style=&#8221;round&#8221;]Mini bob jest produkowany w Niemczech od 1976 roku. Wsp\u00f3?pracujemy z ma?ymi i ?rednimi firmami rodzinnymi.[\/vc_toggle][vc_toggle title=&#8221;M\u00f3j mini bob ma dwie dziury w siedzisku. Czy to normalne? &#8221; style=&#8221;round&#8221;]Podczas produkcji mini boba, tak zwana &#8222;pokrywa siedziska&#8221; w formie rozdmuchowej jest zawieszona \/ przymocowana do dw\u00f3ch &#8222;kolc\u00f3w&#8221;. Te dwa kolce pozostawiaj? charakterystyczne wg??bienia na powierzchni siedziska (patrz zdj?cie). Nie s? to otwory, a jedynie wg??bienie w materiale, kt\u00f3re nie ma wp?ywu na dzia?anie i bezpiecze?stwo mini boba.  <\/p>\n<p>&nbsp;<\/p>\n<p><img loading=\"lazy\" decoding=\"async\" src=\"\/wp-content\/uploads\/2017\/01\/Loch-in-mini-bob-zipflbob.jpg\" alt=\"Otw\u00f3r w mini bobie - otwory w siedzisku\" width=\"350\" height=\"382\">[\/vc_toggle][vc_toggle title=&#8221;Czy mini bob jest bezpieczny dla zdrowia?&#8221; style=&#8221;round&#8221;]Od momentu wynalezienia w latach 70-tych, mini bob zosta? r\u00f3wnie? zaprojektowany jako sanki dla dzieci. Od samego pocz?tku przy opracowywaniu i wyborze materia?\u00f3w zwracano uwag? na kompatybilno?? ze sk\u00f3r?. Na przyk?ad w oryginalnym mini bobie nie zastosowano ?adnych plastyfikator\u00f3w (nie zawiera ftalan\u00f3w).  <\/p>\n<p>Zastosowany materia? HD PE jest dopuszczony do kontaktu z ?ywno?ci?, bezpieczny dla ?ywno?ci i fizjologicznie nieszkodliwy. Na przyk?ad, HD PE jest r\u00f3wnie? u?ywany do produkcji desek do krojenia w kuchni i pude?ek do przechowywania ?ywno?ci, kt\u00f3re maj? kontakt z ?ywno?ci?.[\/vc_toggle][vc_toggle title=&#8221;Czy mini bob mo?e by? poddany recyklingowi?&#8221; style=&#8221;round&#8221;]Mini bob jest wykonany z wytrzyma?ego i trwa?ego materia?u HD-PE, co oznacza polietylen o wysokiej g?sto?ci. HD-PE charakteryzuje si? wysok? wytrzyma?o?ci? i sztywno?ci? (nawet w bardzo niskich temperaturach) oraz bardzo dobr? odporno?ci? chemiczn?. Oryginalny mini bob to produkt na pokolenia, zaprojektowany z my?l? o d?ugim okresie u?ytkowania.  <\/p>\n<p>Je?li jednak zajdzie potrzeba pozbycia si? mini boba, nie stanowi to problemu. HD-PE sk?ada si? wy??cznie z w?gla i wodoru, dzi?ki czemu jego utylizacja jest bardzo przyjazna dla ?rodowiska. Po prostu zanie? mini boba do najbli?szego centrum recyklingu, aby m\u00f3g? zosta? prawid?owo poddany recyklingowi.[\/vc_toggle][vc_toggle title=&#8221;Czy mini bob niszczy stok\/nawierzchni??&#8221; style=&#8221;round&#8221;]Dzi?ki p?askiej konstrukcji od spodu, mini bob jest szczeg\u00f3lnie delikatny na stokach saneczkowych i narciarskich. W przeciwie?stwie do klasycznych drewnianych sanek z p?ozami, mini bob nawet &#8222;toczy si?&#8221; po powierzchni, zamiast j? niszczy?. Dzi?ki temu mini bob nie ma negatywnego wp?ywu na ro?linno?? ani przygotowan? tras? zjazdow?[\/vc_toggle][vc_toggle title=&#8221;W jakim wieku mog? je?dzi? na mini bobie?&#8221; style=&#8221;round&#8221;]Mini bob jest odpowiedni dla ka?dego w wieku 3-99 lat. Zabawa na mini bobie nie zna granic wiekowych. Dzi?ki niskiej wysoko?ci siedziska ma?e plastikowe sanki prawie si? nie przewracaj? i dlatego mog? na nich je?dzi? nawet najm?odsze dzieci. Niewielka waga wynosz?ca zaledwie ok. 1,6 kg sprawia, ?e s? to jedne z najl?ejszych plastikowych sanek na rynku, dzi?ki czemu nawet najm?odsi fani mini boba mog? bez wysi?ku ci?gn?? je na sznurku w g\u00f3r? stoku.[\/vc_toggle][vc_toggle title=&#8221;Do jakiej wagi mog? je?dzi? na mini bobie?&#8221; style=&#8221;round&#8221;]Dzi?ki niet?uk?cemu si? tworzywu sztucznemu mini bob jest bardzo wytrzyma?y i mo?na na nim je?dzi? do wagi 100 kg.[\/vc_toggle][vc_toggle title=&#8221;Gdzie mog? kupi? mini boba?&#8221; style=&#8221;round&#8221;]Mini bob jest dost?pny w dobrze zaopatrzonych sklepach sportowych i sklepach z zabawkami, a tak?e na wielu portalach internetowych.<br \/>\nWszystkich znanych nam sprzedawc\u00f3w mo?na znale?? pod adresem<a href=\"https:\/\/mini-bob.com\/pl\/kup-mini-boba-zipfelbob\/\">&#8222;buy mini bob<\/a>&#8222;.<\/p>\n<p>I oczywi?cie w naszym <a href=\"https:\/\/mini-bob.com\/mini-bob-zipfelbob-shop\/\">sklepie<\/a>![\/vc_toggle][vc_toggle title=&#8221;W jakich kolorach dost?pny jest mini bob?&#8221; style=&#8221;round&#8221;]Mini bob jest obecnie dost?pny w kolorach czerwonym, r\u00f3?owym i niebieskim.<\/p>\n<p>Kolory czerwony i ?\u00f3?ty s? obecne od czasu wynalezienia mini boba w latach 70-tych. Przez kr\u00f3tki czas mini bob by? r\u00f3wnie? dost?pny w modnych kolorach neonowej zieleni, neonowego r\u00f3?u i czerni z ?\u00f3?tym siedziskiem. <\/p>\n<p>W 2010 roku pojawi? si? pomara?czowy zipflbob, kt\u00f3ry zosta? zast?piony &#8222;nowym&#8221; ?\u00f3?tym zipflbobem w 2014 roku. W 2013 roku mini bob by? dost?pny w br?zowo-metalicznej, zielono-metalicznej i bia?o-per?owej edycji specjalnej w ograniczonej liczbie. W 2015 roku ma?y plastikowy bob by? r\u00f3wnie? dost?pny w kolorze fioletowym. Ostatni specjalny kolor &#8222;r\u00f3?owy&#8221; zosta? wyprodukowany w 2020 roku.   <\/p>\n<p>Aby nigdy si? nie nudzi?, ju? planujemy nowy specjalny kolor!<\/p>\n<p>Warto wi?c regularnie odwiedza? nasz? stron? :-)[\/vc_toggle][vc_toggle title=&#8221;Czy mog? r\u00f3wnie? kupi? mini bob w poszczeg\u00f3lnych kolorach?&#8221; style=&#8221;round&#8221;]Zasadniczo mamy mo?liwo?? wyprodukowania mini boba w indywidualnych kolorach, ale jest to mo?liwe dopiero od okre?lonej ilo?ci. Dla firm i du?ych klient\u00f3w mo?emy na przyk?ad zaoferowa? mini bob w indywidualnych kombinacjach kolorystycznych jako artyku? promocyjny (patrz<a href=\"https:\/\/mini-bob.com\/pl\/materialy-reklamowe\/\">&#8222;Referencje<\/a>&#8222;). <\/p>\n<p>Cieszymy si?, ?e otrzymali?my Twoje zapytanie![\/vc_toggle][vc_toggle title=&#8221;Jak mog? wzi?? udzia? w wy?cigach mini bob\u00f3w?&#8221; style=&#8221;round&#8221;]W wi?kszo?ci przypadk\u00f3w ka?dy mo?e wzi?? udzia? w wy?cigu mini bob\u00f3w. Zazwyczaj istnieje podzia? na klasy m?skie i ?e?skie oraz w zale?no?ci od wieku uczestnik\u00f3w. Cz?sto s? te? klasy hobbystyczne i profesjonalne. Zwyci?zcy s? nast?pnie wy?aniani w systemie pucharowym. Noszenie kasku jest obowi?zkowe, a ochraniacze s? zalecane. Dok?adne warunki dla ka?dego wydarzenia mo?na uzyska? od organizatora.[\/vc_toggle][vc_toggle title=&#8221;Czy s? wy?cigi mini bob\u00f3w?&#8221; style=&#8221;round&#8221;]Obecnie organizowanych jest wiele wy?cig\u00f3w w r\u00f3?nych klasach. Daty i raporty z wy?cig\u00f3w mo?na znale?? w sekcji &#8222;Aktualno?ci&#8221;. Istnieje ?wiatowa seria Zipflbob, a tak?e wiele imprez regionalnych.  <\/p>\n<p>Je?li sam organizujesz Zipfelbobrennen, ch?tnie Ci pomo?emy! Wystarczy skorzysta? z naszego <a href=\"https:\/\/mini-bob.com\/pl\/czekamy-na-twoje-zapytanie\/?v=3a52f3c22ed6\">formularza kontaktowego<\/a>![\/vc_toggle][vc_toggle title=&#8221;Czy istniej? mini kluby boba?&#8221; style=&#8221;round&#8221;]Tak, istniej? obecnie dobrze zorganizowane kluby mini bob\u00f3w \/ zipflbob\u00f3w.<\/p>\n<p>Je?li jako klub chcia?by? zamie?ci? na naszej stronie relacj? z wy?cigu lub og?oszenie o wy?cigu zipflbob\u00f3w, <a href=\"https:\/\/mini-bob.com\/pl\/czekamy-na-twoje-zapytanie\/?v=3a52f3c22ed6\">skontaktuj si?<\/a> z nami - ch?tnie Ci? wesprzemy![\/vc_toggle][vc_toggle title=&#8221;Gdzie mog? je?dzi? mini bobem?&#8221; style=&#8221;round&#8221;]Mini bob mo?e by? u?ywany niemal wsz?dzie. Jako urz?dzenie do sport\u00f3w zimowych czuje si? r\u00f3wnie dobrze na ma?ych stokach ?nie?nych, jak i na stromych stokach narciarskich. Niekt\u00f3rzy je?dzili nawet na mini bobie po piasku w temperaturze +30 stopni Celsjusza. Jest to mo?liwe na przyk?ad na Monte Kaolino w Niemczech. Wi?cej obszar\u00f3w saneczkarskich w Alpach wraz z raportami ?niegowymi i warunkami na torach mo?na znale?? w zak?adce &#8222;Przewodnik saneczkarski&#8221;.[\/vc_toggle][vc_toggle title=&#8221;Czego potrzebuj? do mini-bobbingu? Czy potrzebuj? specjalnej odzie?y? &#8221; style=&#8221;round&#8221;]Minibobbing nie wymaga ?adnej specjalnej odzie?y, ale jak w przypadku ka?dego sportu zimowego, wa?ne jest, aby ubra? si? odpowiednio do pogody. Tylko w wodoodpornej odzie?y mo?na naprawd? cieszy? si? zabaw?.<br \/>\nZalecamy r\u00f3wnie? solidne obuwie (np. buty snowboardowe), a tak?e noszenie gogli narciarskich, ochraniaczy i kasku.<br \/>\nKask jest obowi?zkowy podczas wy?cig\u00f3w, a ochraniacze r\u00f3wnie? powinny by? noszone. W wy?cigach mini bob\u00f3w osi?gane s? czasami du?e pr?dko?ci, wi?c &#8222;bezpiecze?stwo przede wszystkim&#8221; ma tu zawsze zastosowanie![\/vc_toggle][vc_toggle title=&#8221;Chc? sam zorganizowa? wy?cig mini bob\u00f3w, co musz? wzi?? pod uwag??&#8221; style=&#8221;round&#8221;]Ch?tnie pomo?emy Ci z naszym do?wiadczeniem w przygotowaniu wydarzenia i skontaktujemy Ci? z profesjonalnymi organizatorami. Otrzymasz wa?ne wskaz\u00f3wki dotycz?ce udanego i ekscytuj?cego wydarzenia. Ch?tnie opublikujemy r\u00f3wnie? informacje o wydarzeniu na naszej oficjalnej stronie g?\u00f3wnej mini bob i stronie na Facebooku, a tak?e raporty z wy?cigu z tekstem, zdj?ciami i filmami. Po prostu wy?lij nam swoje zapytanie za pomoc? naszego <a href=\"https:\/\/mini-bob.com\/pl\/czekamy-na-twoje-zapytanie\/?v=3a52f3c22ed6\">formularza kontaktowego<\/a>![\/vc_toggle][\/vc_column][\/vc_row]<\/p>\n<\/div>","protected":false},"excerpt":{"rendered":"<p>[vc_row][vc_column][vc_custom_heading text=&#8221;Pytania? Odpowiadamy na nie! &#8221; font_container=&#8221;tag:h4|text_align:left&#8221; google_fonts=&#8221;font_family:Roboto%20Condensed%3A300%2C300italic%2Cregular%2Citalic%2C700%2C700italic|font_style:400%20regular%3A400%3Anormal&#8221;][vc_column_text]Tutaj staramy si? odpowiedzie? na wszystkie pytania dotycz?ce mini boba - je?li nadal potrzebujesz wi?cej informacji, nie wahaj si? z nami skontaktowa?![\/vc_column_text][\/vc_column][\/vc_row][vc_row][vc_column][vc_toggle title=&#8221;Jak rozpozna? oryginalnego mini boba?&#8221; style=&#8221;round&#8221;]Oryginalny mini bob mo?na rozpozna? po niepowtarzalnym, chronionym logo mini bob wyt?oczonym z przodu. [\/vc_toggle][vc_toggle title=&#8221;Czym jest zipflbob?&#8221; style=&#8221;round&#8221;]Mini bob jest&hellip;<\/p>\n","protected":false},"author":1,"featured_media":0,"parent":0,"menu_order":0,"comment_status":"closed","ping_status":"closed","template":"","meta":{"_acf_changed":false,"footnotes":""},"class_list":["post-161561","page","type-page","status-publish","hentry","description-off"],"acf":[],"_links":{"self":[{"href":"https:\/\/mini-bob.com\/pl\/wp-json\/wp\/v2\/pages\/161561","targetHints":{"allow":["GET"]}}],"collection":[{"href":"https:\/\/mini-bob.com\/pl\/wp-json\/wp\/v2\/pages"}],"about":[{"href":"https:\/\/mini-bob.com\/pl\/wp-json\/wp\/v2\/types\/page"}],"author":[{"embeddable":true,"href":"https:\/\/mini-bob.com\/pl\/wp-json\/wp\/v2\/users\/1"}],"replies":[{"embeddable":true,"href":"https:\/\/mini-bob.com\/pl\/wp-json\/wp\/v2\/comments?post=161561"}],"version-history":[{"count":2,"href":"https:\/\/mini-bob.com\/pl\/wp-json\/wp\/v2\/pages\/161561\/revisions"}],"predecessor-version":[{"id":161571,"href":"https:\/\/mini-bob.com\/pl\/wp-json\/wp\/v2\/pages\/161561\/revisions\/161571"}],"wp:attachment":[{"href":"https:\/\/mini-bob.com\/pl\/wp-json\/wp\/v2\/media?parent=161561"}],"curies":[{"name":"wp","href":"https:\/\/api.w.org\/{rel}","templated":true}]}}