{"id":161600,"date":"2015-10-27T17:12:27","date_gmt":"2015-10-27T16:12:27","guid":{"rendered":"https:\/\/mini-bob.com\/brazowy-mini-bob-zipflbob\/"},"modified":"2025-12-01T20:02:21","modified_gmt":"2025-12-01T19:02:21","slug":"brazowy-mini-bob-zipflbob","status":"publish","type":"page","link":"https:\/\/mini-bob.com\/pl\/brazowy-mini-bob-zipflbob\/","title":{"rendered":"br?zowy mini bob \/ zipflbob"},"content":{"rendered":"<div class=\"wpb-content-wrapper\"><p>[vc_row][vc_column width=&#8221;1\/2&#8243;][vc_single_image image=&#8221;161601&#8243; img_size=&#8221;large&#8221;][\/vc_column][vc_column width=&#8221;1\/2&#8243;][vc_custom_heading text=&#8221;Oryginalny mini bob (Zipflbob) w kolorze br?zowym&#8221; google_fonts=&#8221;font_family:Roboto%20Condensed%3A300%2C300italic%2Cregular%2Citalic%2C700%2C700italic|font_style:400%20regular%3A400%3Anormal&#8221;][vc_column_text]Oryginalny mini bob w kolorze br?zowym jest bardzo wyj?tkowym modelem Zipfelboba i zosta? ograniczony do zaledwie 700 sztuk.<\/p>\n<p>W 2014 roku, wraz ze specjalnym kolorem &#8222;Green Glitter&#8221;, specjalna seria oryginalnego mini boba w kolorze br?zowym zosta?a r\u00f3wnie? ograniczona do zaledwie 700 sztuk.<\/p>\n<p>Ten wyj?tkowy kolor naprawd? wyr\u00f3?nia si? w ?wietle s?onecznym i inspiruje nie tylko m?odych je?d?c\u00f3w Zipflbob\u00f3w, ale w szczeg\u00f3lno?ci Zipflbob\u00f3w drugiej i trzeciej generacji.<\/p>\n<p>Br?zowego mini boba mo?na kupi? w naszym sklepie internetowym (do wyczerpania zapas\u00f3w).[\/vc_column_text]<style type=\"text\/css\" data-type=\"the7_shortcodes-inline-css\">#default-btn-ac107bd352b3f4b1a32a022f91705632.ico-right-side > i {\n  margin-right: 0px;\n  margin-left: 8px;\n}\n#default-btn-ac107bd352b3f4b1a32a022f91705632 > i {\n  margin-right: 8px;\n}<\/style><a href=\"https:\/\/mini-bob.com\/produkt\/mini-bob-zipfelbob-in-bronze-metallic\/\" class=\"default-btn-shortcode dt-btn dt-btn-l pulse animate-element animation-builder link-hover-off btn-inline-left \" id=\"default-btn-ac107bd352b3f4b1a32a022f91705632\" title=\"+SOLD OUT+ Edycja mini bob (Zipfelbob) w kolorze br?zowym\"><span>KUP BR?ZOWY ZIPFELBOB<\/span><\/a>[\/vc_column][\/vc_row][vc_row][vc_column width=&#8221;1\/2&#8243;][vc_empty_space height=&#8221;120px&#8221;]<style type=\"text\/css\" data-type=\"the7_shortcodes-inline-css\">#default-btn-4f1ce86119f292de38830e6c52ecf874.ico-right-side > i {\n  margin-right: 0px;\n  margin-left: 8px;\n}\n#default-btn-4f1ce86119f292de38830e6c52ecf874 > i {\n  margin-right: 8px;\n}<\/style><div class=\"btn-align-center\"><a href=\"https:\/\/mini-bob.com\/pl\/mini-bob\/\" class=\"default-btn-shortcode dt-btn dt-btn-l pulse animate-element animation-builder link-hover-off \" id=\"default-btn-4f1ce86119f292de38830e6c52ecf874\" title=\"mini bob\"><span>MINI BOB W INNYCH KOLORACH<\/span><\/a><\/div>[vc_empty_space]<style type=\"text\/css\" data-type=\"the7_shortcodes-inline-css\">#default-btn-c598e5d3be6bff6197cfa80de90436ad.ico-right-side > i {\n  margin-right: 0px;\n  margin-left: 8px;\n}\n#default-btn-c598e5d3be6bff6197cfa80de90436ad > i {\n  margin-right: 8px;\n}<\/style><div class=\"btn-align-center\"><a href=\"https:\/\/mini-bob.com\/mini-bob-zipfelbob-shop\/\" class=\"default-btn-shortcode dt-btn dt-btn-l pulse animate-element animation-builder link-hover-off \" id=\"default-btn-c598e5d3be6bff6197cfa80de90436ad\" title=\"Oryginalny mini bob (Zipfelbob) Sklep\"><span>KLIKNIJ TUTAJ, ABY PRZEJ?? BEZPO?REDNIO DO SKLEPU<\/span><\/a><\/div>[\/vc_column][vc_column width=&#8221;1\/2&#8243;][vc_single_image image=&#8221;161603&#8243; img_size=&#8221;large&#8221;][\/vc_column][\/vc_row]<\/p>\n<\/div>","protected":false},"excerpt":{"rendered":"<p>[vc_row][vc_column width=&#8221;1\/2&#8243;][vc_single_image image=&#8221;161601&#8243; img_size=&#8221;large&#8221;][\/vc_column][vc_column width=&#8221;1\/2&#8243;][vc_custom_heading text=&#8221;Oryginalny mini bob (Zipflbob) w kolorze br?zowym&#8221; google_fonts=&#8221;font_family:Roboto%20Condensed%3A300%2C300italic%2Cregular%2Citalic%2C700%2C700italic|font_style:400%20regular%3A400%3Anormal&#8221;][vc_column_text]Oryginalny mini bob w kolorze br?zowym jest bardzo wyj?tkowym modelem Zipfelboba i zosta? ograniczony do zaledwie 700 sztuk. W 2014 roku, wraz ze specjalnym kolorem &#8222;Green Glitter&#8221;, specjalna seria oryginalnego mini boba w kolorze br?zowym zosta?a r\u00f3wnie? ograniczona do zaledwie 700 sztuk. Ten&hellip;<\/p>\n","protected":false},"author":1,"featured_media":0,"parent":0,"menu_order":0,"comment_status":"closed","ping_status":"closed","template":"","meta":{"_acf_changed":false,"footnotes":""},"class_list":["post-161600","page","type-page","status-publish","hentry","description-off"],"acf":[],"_links":{"self":[{"href":"https:\/\/mini-bob.com\/pl\/wp-json\/wp\/v2\/pages\/161600","targetHints":{"allow":["GET"]}}],"collection":[{"href":"https:\/\/mini-bob.com\/pl\/wp-json\/wp\/v2\/pages"}],"about":[{"href":"https:\/\/mini-bob.com\/pl\/wp-json\/wp\/v2\/types\/page"}],"author":[{"embeddable":true,"href":"https:\/\/mini-bob.com\/pl\/wp-json\/wp\/v2\/users\/1"}],"replies":[{"embeddable":true,"href":"https:\/\/mini-bob.com\/pl\/wp-json\/wp\/v2\/comments?post=161600"}],"version-history":[{"count":3,"href":"https:\/\/mini-bob.com\/pl\/wp-json\/wp\/v2\/pages\/161600\/revisions"}],"predecessor-version":[{"id":161616,"href":"https:\/\/mini-bob.com\/pl\/wp-json\/wp\/v2\/pages\/161600\/revisions\/161616"}],"wp:attachment":[{"href":"https:\/\/mini-bob.com\/pl\/wp-json\/wp\/v2\/media?parent=161600"}],"curies":[{"name":"wp","href":"https:\/\/api.w.org\/{rel}","templated":true}]}}