{"id":161614,"date":"2015-10-25T15:30:06","date_gmt":"2015-10-25T14:30:06","guid":{"rendered":"https:\/\/mini-bob.com\/fioletowy-mini-bob-zipflbob\/"},"modified":"2025-12-01T20:02:36","modified_gmt":"2025-12-01T19:02:36","slug":"fioletowy-mini-bob-zipflbob","status":"publish","type":"page","link":"https:\/\/mini-bob.com\/pl\/fioletowy-mini-bob-zipflbob\/","title":{"rendered":"fioletowy mini bob \/ zipflbob"},"content":{"rendered":"<div class=\"wpb-content-wrapper\"><p>[vc_row][vc_column width=&#8221;1\/2&#8243;][vc_single_image image=&#8221;161615&#8243; img_size=&#8221;large&#8221;][\/vc_column][vc_column width=&#8221;1\/2&#8243;][vc_custom_heading text=&#8221;Oryginalny mini bob (Zipflbob) w kolorze fioletowym&#8221; google_fonts=&#8221;font_family:Roboto%20Condensed%3A300%2C300italic%2Cregular%2Citalic%2C700%2C700italic|font_style:400%20regular%3A400%3Anormal&#8221;][vc_column_text]Od 2015 roku oryginalny mini bob (Zipflbob) jest dost?pny w kolorze &#8222;fioletowym&#8221;, znanym r\u00f3wnie? jako:<\/p>\n<p><strong>Fioletowy<\/strong>: kolor fioletowy graniczy z purpur? lub jest r\u00f3wnie? znany jako ciemnofioletowy (fioletowy zipflbob).<\/p>\n<p><strong>Fioletowy<\/strong>: Fioletowy to ja?niejszy odcie? fioletu, kt\u00f3ry znany jest r\u00f3wnie? jako purpura (purpura zipflbob)<\/p>\n<p><strong>Magenta<\/strong>: Magenta jest kolorem pomi?dzy fioletem a czerwieni? i jest kolorem uzupe?niaj?cym dla zieleni! (zipflbob w kolorze magenta) <\/p>\n<p><strong>R\u00f3?owy<\/strong>: R\u00f3?owy to bardzo jasny kolor magenta w pastelowych odcieniach (r\u00f3?owy zipflbob)<\/p>\n<p>W latach 90. istnia? specjalny neonowy r\u00f3?owy kolor, kt\u00f3ry by? produkowany i sprzedawany przez dwa lata.[\/vc_column_text][\/vc_column][\/vc_row][vc_row][vc_column width=&#8221;1\/2&#8243;][vc_empty_space height=&#8221;90px&#8221;]<style type=\"text\/css\" data-type=\"the7_shortcodes-inline-css\">#default-btn-c598e5d3be6bff6197cfa80de90436ad.ico-right-side > i {\n  margin-right: 0px;\n  margin-left: 8px;\n}\n#default-btn-c598e5d3be6bff6197cfa80de90436ad > i {\n  margin-right: 8px;\n}<\/style><div class=\"btn-align-center\"><a href=\"https:\/\/mini-bob.com\/mini-bob-zipfelbob-shop\/\" class=\"default-btn-shortcode dt-btn dt-btn-l pulse animate-element animation-builder link-hover-off \" id=\"default-btn-c598e5d3be6bff6197cfa80de90436ad\" title=\"Oryginalny mini bob (Zipfelbob) Sklep\"><span>KLIKNIJ TUTAJ, ABY PRZEJ?? BEZPO?REDNIO DO SKLEPU<\/span><\/a><\/div>[vc_empty_space]<style type=\"text\/css\" data-type=\"the7_shortcodes-inline-css\">#default-btn-4f1ce86119f292de38830e6c52ecf874.ico-right-side > i {\n  margin-right: 0px;\n  margin-left: 8px;\n}\n#default-btn-4f1ce86119f292de38830e6c52ecf874 > i {\n  margin-right: 8px;\n}<\/style><div class=\"btn-align-center\"><a href=\"https:\/\/mini-bob.com\/pl\/mini-bob\/\" class=\"default-btn-shortcode dt-btn dt-btn-l pulse animate-element animation-builder link-hover-off \" id=\"default-btn-4f1ce86119f292de38830e6c52ecf874\" title=\"mini bob\"><span>MINI BOB W INNYCH KOLORACH<\/span><\/a><\/div>[\/vc_column][vc_column width=&#8221;1\/2&#8243;][vc_single_image image=&#8221;161592&#8243; img_size=&#8221;large&#8221;][\/vc_column][\/vc_row]<\/p>\n<\/div>","protected":false},"excerpt":{"rendered":"<p>[vc_row][vc_column width=&#8221;1\/2&#8243;][vc_single_image image=&#8221;161615&#8243; img_size=&#8221;large&#8221;][\/vc_column][vc_column width=&#8221;1\/2&#8243;][vc_custom_heading text=&#8221;Oryginalny mini bob (Zipflbob) w kolorze fioletowym&#8221; google_fonts=&#8221;font_family:Roboto%20Condensed%3A300%2C300italic%2Cregular%2Citalic%2C700%2C700italic|font_style:400%20regular%3A400%3Anormal&#8221;][vc_column_text]Od 2015 roku oryginalny mini bob (Zipflbob) jest dost?pny w kolorze &#8222;fioletowym&#8221;, znanym r\u00f3wnie? jako: Fioletowy: kolor fioletowy graniczy z purpur? lub jest r\u00f3wnie? znany jako ciemnofioletowy (fioletowy zipflbob). Fioletowy: Fioletowy to ja?niejszy odcie? fioletu, kt\u00f3ry znany jest r\u00f3wnie? jako purpura (purpura zipflbob)&hellip;<\/p>\n","protected":false},"author":1,"featured_media":0,"parent":0,"menu_order":0,"comment_status":"closed","ping_status":"closed","template":"","meta":{"_acf_changed":false,"footnotes":""},"class_list":["post-161614","page","type-page","status-publish","hentry","description-off"],"acf":[],"_links":{"self":[{"href":"https:\/\/mini-bob.com\/pl\/wp-json\/wp\/v2\/pages\/161614","targetHints":{"allow":["GET"]}}],"collection":[{"href":"https:\/\/mini-bob.com\/pl\/wp-json\/wp\/v2\/pages"}],"about":[{"href":"https:\/\/mini-bob.com\/pl\/wp-json\/wp\/v2\/types\/page"}],"author":[{"embeddable":true,"href":"https:\/\/mini-bob.com\/pl\/wp-json\/wp\/v2\/users\/1"}],"replies":[{"embeddable":true,"href":"https:\/\/mini-bob.com\/pl\/wp-json\/wp\/v2\/comments?post=161614"}],"version-history":[{"count":7,"href":"https:\/\/mini-bob.com\/pl\/wp-json\/wp\/v2\/pages\/161614\/revisions"}],"predecessor-version":[{"id":161647,"href":"https:\/\/mini-bob.com\/pl\/wp-json\/wp\/v2\/pages\/161614\/revisions\/161647"}],"wp:attachment":[{"href":"https:\/\/mini-bob.com\/pl\/wp-json\/wp\/v2\/media?parent=161614"}],"curies":[{"name":"wp","href":"https:\/\/api.w.org\/{rel}","templated":true}]}}