{"id":161630,"date":"2015-12-07T17:28:58","date_gmt":"2015-12-07T16:28:58","guid":{"rendered":"https:\/\/mini-bob.com\/gtc\/"},"modified":"2025-12-09T09:42:13","modified_gmt":"2025-12-09T08:42:13","slug":"gtc","status":"publish","type":"page","link":"https:\/\/mini-bob.com\/pl\/gtc\/","title":{"rendered":"GTC"},"content":{"rendered":"<h1>Og\u00f3lne warunki handlowe<\/h1>\n<h3>\u00a7 1 Wa?no??, definicje termin\u00f3w<\/h3>\n<p>(1) Loeger GmbH, Hauptstr. 57, D-82327 Tutzing, Niemcy (dalej: &#8222;my&#8221; lub &#8222;mini bob shop&#8221;) prowadzi sklep internetowy z towarami pod adresem https:\/\/mini-bob.com. Poni?sze og\u00f3lne warunki maj? zastosowanie do wszystkich us?ug mi?dzy nami a naszymi klientami (dalej: &#8222;klient&#8221; lub &#8222;ty&#8221;) w wersji obowi?zuj?cej w momencie sk?adania zam\u00f3wienia, chyba ?e wyra?nie uzgodniono inaczej.  <\/p>\n<p>(2) &#8222;Konsument&#8221; w rozumieniu niniejszych Warunk\u00f3w to ka?da osoba fizyczna, kt\u00f3ra dokonuje czynno?ci prawnej w celach, kt\u00f3re w przewa?aj?cej mierze nie s? zwi?zane z jej dzia?alno?ci? handlow?, gospodarcz? lub zawodow?. &#8222;Przedsi?biorca&#8221; to osoba fizyczna lub prawna lub sp\u00f3?ka osobowa posiadaj?ca zdolno?? prawn?, kt\u00f3ra zawieraj?c transakcj? prawn?, dzia?a w ramach swojej dzia?alno?ci handlowej lub niezale?nej dzia?alno?ci zawodowej, przy czym sp\u00f3?ka osobowa posiadaj?ca zdolno?? prawn? to sp\u00f3?ka osobowa posiadaj?ca zdolno?? do nabywania praw i zaci?gania zobowi?za?. <\/p>\n<h3>\u00a7 2 Zawieranie um\u00f3w, przechowywanie tekstu umowy<\/h3>\n<p>(1) Poni?sze postanowienia dotycz?ce zawierania um\u00f3w maj? zastosowanie do zam\u00f3wie? sk?adanych za po?rednictwem naszego sklepu internetowego pod adresem https:\/\/mini-bob.com.<\/p>\n<p>(2) Nasze prezentacje produkt\u00f3w w Internecie s? niewi???ce i nie stanowi? wi???cej oferty zawarcia umowy.<\/p>\n<p>(3) Po otrzymaniu zam\u00f3wienia w naszym sklepie internetowym obowi?zuj? nast?puj?ce zasady: Klient sk?ada wi???c? ofert? umown? poprzez pomy?lne zako?czenie procedury sk?adania zam\u00f3wienia udost?pnionej w naszym sklepie internetowym. Zam\u00f3wienie jest sk?adane w nast?puj?cych krokach: <\/p>\n<ol>\n<li>Wyb\u00f3r po??danych towar\u00f3w,<\/li>\n<li>Dodaj produkty, klikaj?c odpowiedni przycisk (np. &#8222;Dodaj do koszyka&#8221;, &#8222;Dodaj do torby na zakupy&#8221; lub podobny),<\/li>\n<li>Sprawd? szczeg\u00f3?y w koszyku,<\/li>\n<li>Wywo?aj przegl?d zam\u00f3wienia, klikaj?c odpowiedni przycisk (np. &#8222;Przejd? do kasy&#8221;, &#8222;Przejd? do p?atno?ci&#8221;, &#8222;Przejd? do przegl?du zam\u00f3wienia&#8221; lub podobny),<\/li>\n<li>Wprowadzenie\/weryfikacja adresu i danych kontaktowych, wyb\u00f3r metody p?atno?ci, potwierdzenie og\u00f3lnych warunk\u00f3w i zasad anulowania,<\/li>\n<li>Je?li uzgodniona jako?? towar\u00f3w odbiega od ich zwyk?ej jako?ci i warunk\u00f3w u?ytkowania, potwierdzenie negatywnej umowy jako?ciowej,<\/li>\n<li>Doko?cz zam\u00f3wienie, klikaj?c przycisk &#8222;Kup teraz&#8221;. Stanowi to wi???ce zam\u00f3wienie. <\/li>\n<li>Umowa zostaje zawarta w momencie otrzymania od nas potwierdzenia zam\u00f3wienia w ci?gu trzech dni roboczych na podany adres e-mail.<\/li>\n<\/ol>\n<p>(4) W przypadku zawarcia umowy, umowa zostaje zawarta z Loeger GmbH, Hauptstr. 57, D-82327 Tutzing, Niemcy. <\/p>\n<p>(5) Przed z?o?eniem zam\u00f3wienia dane zam\u00f3wienia mo?na wydrukowa? lub zapisa? elektronicznie za pomoc? funkcji drukowania w przegl?darce. Przetwarzanie zam\u00f3wienia i przekazywanie wszystkich informacji wymaganych w zwi?zku z zawarciem umowy, w szczeg\u00f3lno?ci danych zam\u00f3wienia, OWH i zasad anulowania, odbywa si? poczt? elektroniczn? po z?o?eniu zam\u00f3wienia, w niekt\u00f3rych przypadkach automatycznie. Nie zapisujemy tekstu umowy po jej zawarciu.  <\/p>\n<p>(6) B??dy wprowadzania danych mo?na poprawi? za pomoc? zwyk?ych funkcji klawiatury, myszy i przegl?darki (np. przycisku &#8222;wstecz&#8221; przegl?darki). Mo?na je r\u00f3wnie? skorygowa? poprzez przedwczesne anulowanie procesu zam\u00f3wienia, zamkni?cie okna przegl?darki i powt\u00f3rzenie procesu. <\/p>\n<p>(7) Przetwarzanie zam\u00f3wienia i przekazywanie wszystkich informacji wymaganych w zwi?zku z zawarciem umowy jest cz??ciowo zautomatyzowane za po?rednictwem poczty elektronicznej. U?ytkownik musi zatem upewni? si?, ?e podany przez niego adres e-mail jest prawid?owy, ?e odbi\u00f3r wiadomo?ci e-mail jest technicznie zapewniony, a w szczeg\u00f3lno?ci, ?e nie jest on blokowany przez filtry SPAM. <\/p>\n<h3>\u00a7 3 Przedmiot umowy i istotne cechy produkt\u00f3w<\/h3>\n<p>(1) Przedmiotem umowy jest nasz sklep internetowy:<\/p>\n<ol style=\"list-style-type: lower-alpha\">\n<li>Sprzeda? towar\u00f3w. Konkretne oferowane towary mo?na znale?? na naszych stronach produkt\u00f3w. <\/li>\n<\/ol>\n<p>(2) Istotne cechy towar\u00f3w mo?na znale?? w opisie przedmiotu. Je?li uzgodniona jako?? towar\u00f3w odbiega od ich zwyk?ej jako?ci i warunk\u00f3w u?ytkowania, nale?y to wyra?nie wskaza? w opisie przedmiotu (negatywna umowa jako?ciowa). O ile klient wyrazi? wyra?n? zgod? na negatywne odchylenie jako?ciowe, okre?la to przedmiot umowy.  <\/p>\n<h3>\u00a7 4 Ceny, koszty wysy?ki i dostawy<\/h3>\n<p>(1) Ceny podane w poszczeg\u00f3lnych ofertach, jak r\u00f3wnie? koszty wysy?ki s? cenami ca?kowitymi i obejmuj? wszystkie sk?adniki ceny, w tym wszystkie obowi?zuj?ce podatki.<\/p>\n<p>(2) Odpowiednia cena zakupu musi zosta? zap?acona przed dostaw? produktu (p?atno?? z g\u00f3ry), chyba ?e wyra?nie oferujemy zakup na konto. Dost?pne metody p?atno?ci s? wy?wietlane pod odpowiednio oznaczonym przyciskiem w sklepie internetowym lub w odpowiedniej ofercie. O ile nie okre?lono inaczej dla poszczeg\u00f3lnych metod p?atno?ci, roszczenia o zap?at? s? wymagalne natychmiast.  <\/p>\n<p>(3) Opr\u00f3cz podanych cen za dostaw? produkt\u00f3w mog? zosta? naliczone koszty wysy?ki, chyba ?e dany produkt jest oznaczony jako wolny od koszt\u00f3w wysy?ki. Koszty wysy?ki zostan? ponownie wyra?nie podane w ofertach, w stosownych przypadkach w systemie koszyka zakup\u00f3w i w przegl?dzie zam\u00f3wie?. <\/p>\n<p>(4) O ile wyra?nie nie zaznaczono inaczej w opisie produktu, wszystkie oferowane produkty s? gotowe do natychmiastowej wysy?ki (czas dostawy: zam\u00f3wienie od poniedzia?ku do pi?tku do godziny 16:00 wysy?ka zwykle tego samego dnia po otrzymaniu p?atno?ci).<\/p>\n<p>(5) Obowi?zuj? nast?puj?ce ograniczenia dotycz?ce obszaru dostawy: Dostawa jest realizowana do nast?puj?cych kraj\u00f3w: Andora, Belgia, Niemcy, Dania, Finlandia, Francja, Irlandia, W?ochy, Chorwacja, Liechtenstein, Holandia, Norwegia, Polska, Szwecja, Szwajcaria, S?owacja, S?owenia, Hiszpania, Czechy, Wielka Brytania, Austria.<\/p>\n<p>(6) Je?li dostawa towar\u00f3w nie powiedzie si? z przyczyn le??cych po stronie u?ytkownika, u?ytkownik poniesie uzasadnione koszty poniesione przez nas w zwi?zku z tym. Nie dotyczy to koszt\u00f3w przesy?ki zwrotnej, je?li u?ytkownik skutecznie skorzysta z prawa do odst?pienia od umowy. W przypadku skutecznego skorzystania przez u?ytkownika z prawa do odst?pienia od umowy, w odniesieniu do koszt\u00f3w zwrotu zastosowanie ma postanowienie zawarte w polityce odst?pienia od umowy.  <\/p>\n<h3>\u00a7 5 Prawo zatrzymania, zastrze?enie w?asno?ci<\/h3>\n<p>(1) U?ytkownik mo?e skorzysta? z prawa zatrzymania tylko w zakresie, w jakim dotyczy ono roszcze? wynikaj?cych z tego samego stosunku umownego.<\/p>\n<p>(2) Towar pozostaje nasz? w?asno?ci? do momentu ca?kowitej zap?aty ceny zakupu.<\/p>\n<h3>\u00a7 6 Prawo do odst?pienia od umowy<\/h3>\n<p>Jako konsument masz prawo do odst?pienia od umowy. Jest to regulowane przez nasz? <a href=\"https:\/\/mini-bob.com\/pl\/polityka-anulowania\/\">polityk? anulowania<\/a>. <\/p>\n<h3>\u00a7 7 J?zyk umowy<\/h3>\n<p>J?zykiem umowy jest wy??cznie j?zyk niemiecki.<\/p>\n<h3>\u00a7 8 Odpowiedzialno??<\/h3>\n<p>(1) Z zastrze?eniem poni?szych wyj?tk\u00f3w, nasza odpowiedzialno?? za umowne naruszenia obowi?zk\u00f3w i za niedozwolone dzia?ania jest ograniczona do umy?lnego dzia?ania lub ra??cego niedbalstwa.<\/p>\n<p>(2) Ponosimy odpowiedzialno?? bez ogranicze? w przypadku lekkiego zaniedbania w przypadku uszkodzenia ?ycia, cia?a lub zdrowia lub w przypadku naruszenia istotnego zobowi?zania umownego. Je?li nie wywi?zujemy si? z umowy z powodu lekkiego zaniedbania, je?li wykonanie umowy sta?o si? niemo?liwe lub je?li naruszyli?my istotne zobowi?zanie umowne, odpowiedzialno?? za szkody maj?tkowe i wynikaj?ce z nich straty finansowe jest ograniczona do <strong>przewidywalnej szkody typowej dla umowy<\/strong>. Istotny obowi?zek umowny to taki, kt\u00f3rego wype?nienie jest niezb?dne do prawid?owego wykonania umowy, kt\u00f3rego naruszenie zagra?a osi?gni?ciu celu umowy i na kt\u00f3rego przestrzeganiu mo?na regularnie polega?. Obejmuje to w szczeg\u00f3lno?ci nasze zobowi?zanie do podj?cia dzia?a? i spe?nienia ?wiadczenia umownego, kt\u00f3re zosta?o opisane w \u00a7 3.   <\/p>\n<h3>\u00a7 9 Gwarancja<\/h3>\n<p>(1) Gwarancja podlega przepisom ustawowym.<\/p>\n<p>(2) Okres gwarancji na towary dostarczane przedsi?biorcom wynosi 12 miesi?cy.<\/p>\n<p>(3) Jako konsument jeste? proszony o sprawdzenie przedmiotu\/towaru cyfrowego lub ?wiadczonej us?ugi natychmiast po wykonaniu umowy pod k?tem kompletno?ci, oczywistych wad i szk\u00f3d transportowych oraz o jak najszybsze powiadomienie nas i przewo?nika o wszelkich reklamacjach. Je?li tego nie zrobisz, nie b?dzie to oczywi?cie mia?o wp?ywu na twoje ustawowe roszczenia gwarancyjne. <\/p>\n<h3>\u00a7 10 Postanowienia ko?cowe\/rozwi?zywanie spor\u00f3w<\/h3>\n<p>(1) Zastosowanie ma prawo niemieckie. W przypadku konsument\u00f3w ten wyb\u00f3r prawa ma zastosowanie tylko w takim zakresie, w jakim ochrona zapewniana przez bezwzgl?dnie obowi?zuj?ce przepisy prawa pa?stwa zwyk?ego pobytu konsumenta nie jest tym samym cofni?ta (zasada uprzywilejowania). <\/p>\n<p>(2) Postanowienia Konwencji Narod\u00f3w Zjednoczonych o umowach mi?dzynarodowej sprzeda?y towar\u00f3w wyra?nie nie maj? zastosowania.<\/p>\n<p>(3) Je?li klient jest handlowcem, osob? prawn? prawa publicznego lub specjalnym funduszem prawa publicznego, miejscem jurysdykcji dla wszystkich spor\u00f3w wynikaj?cych ze stosunk\u00f3w umownych mi?dzy klientem a us?ugodawc? jest siedziba us?ugodawcy.<\/p>\n<p>(4)  \n\nZur Teilnahme an einem Streitbeilegungsverfahren vor einer Verbraucherschlichtungsstelle sind wir nicht verpflichtet und nicht bereit.<\/p>\n","protected":false},"excerpt":{"rendered":"<p>Og\u00f3lne warunki handlowe \u00a7 1 Wa?no??, definicje termin\u00f3w (1) Loeger GmbH, Hauptstr. 57, D-82327 Tutzing, Niemcy (dalej: &#8222;my&#8221; lub &#8222;mini bob shop&#8221;) prowadzi sklep internetowy z towarami pod adresem https:\/\/mini-bob.com. Poni?sze og\u00f3lne warunki maj? zastosowanie do wszystkich us?ug mi?dzy nami a naszymi klientami (dalej: &#8222;klient&#8221; lub &#8222;ty&#8221;) w wersji obowi?zuj?cej w momencie sk?adania zam\u00f3wienia, chyba&hellip;<\/p>\n","protected":false},"author":1,"featured_media":0,"parent":0,"menu_order":0,"comment_status":"closed","ping_status":"closed","template":"","meta":{"_acf_changed":false,"footnotes":""},"class_list":["post-161630","page","type-page","status-publish","hentry","description-off"],"acf":[],"_links":{"self":[{"href":"https:\/\/mini-bob.com\/pl\/wp-json\/wp\/v2\/pages\/161630","targetHints":{"allow":["GET"]}}],"collection":[{"href":"https:\/\/mini-bob.com\/pl\/wp-json\/wp\/v2\/pages"}],"about":[{"href":"https:\/\/mini-bob.com\/pl\/wp-json\/wp\/v2\/types\/page"}],"author":[{"embeddable":true,"href":"https:\/\/mini-bob.com\/pl\/wp-json\/wp\/v2\/users\/1"}],"replies":[{"embeddable":true,"href":"https:\/\/mini-bob.com\/pl\/wp-json\/wp\/v2\/comments?post=161630"}],"version-history":[{"count":1,"href":"https:\/\/mini-bob.com\/pl\/wp-json\/wp\/v2\/pages\/161630\/revisions"}],"predecessor-version":[{"id":163349,"href":"https:\/\/mini-bob.com\/pl\/wp-json\/wp\/v2\/pages\/161630\/revisions\/163349"}],"wp:attachment":[{"href":"https:\/\/mini-bob.com\/pl\/wp-json\/wp\/v2\/media?parent=161630"}],"curies":[{"name":"wp","href":"https:\/\/api.w.org\/{rel}","templated":true}]}}