{"id":161641,"date":"2022-05-27T09:24:00","date_gmt":"2022-05-27T07:24:00","guid":{"rendered":"https:\/\/mini-bob.com\/autentycznosc-ocen\/"},"modified":"2022-05-27T09:24:00","modified_gmt":"2022-05-27T07:24:00","slug":"autentycznosc-ocen","status":"publish","type":"page","link":"https:\/\/mini-bob.com\/pl\/autentycznosc-ocen\/","title":{"rendered":"Autentyczno?? ocen"},"content":{"rendered":"<h1>Uwaga dotycz?ca autentyczno?ci ocen<\/h1>\n<p>Recenzje na naszej stronie internetowej mog? by? przesy?ane wy??cznie przez klient\u00f3w i tylko w odniesieniu do produkt\u00f3w, kt\u00f3re faktycznie od nas zakupili.<\/p>\n<p>Opcjonalne ?rodki filtruj?ce podczas przesy?ania ocen:<\/p>\n<ul>\n<li>Klienci mog? zostawi? recenzj? tylko wtedy, gdy faktycznie kupili dany produkt.<\/li>\n<li>Nie zezwalamy na podw\u00f3jne oceny tego samego produktu.<\/li>\n<li>Recenzje s? przez nas r?cznie sprawdzane pod k?tem autentyczno?ci (por\u00f3wnanie zam\u00f3wienia, imi? i nazwisko oraz adres e-mail kupuj?cego) i aktywowane dopiero po pomy?lnej weryfikacji.<\/li>\n<li>Oceny s? publikowane niezale?nie od wyniku: &#8222;dobry czy z?y&#8221; - jeste?my otwarci na krytyk?!<\/li>\n<\/ul>\n","protected":false},"excerpt":{"rendered":"<p>Uwaga dotycz?ca autentyczno?ci ocen Recenzje na naszej stronie internetowej mog? by? przesy?ane wy??cznie przez klient\u00f3w i tylko w odniesieniu do produkt\u00f3w, kt\u00f3re faktycznie od nas zakupili. Opcjonalne ?rodki filtruj?ce podczas przesy?ania ocen: Klienci mog? zostawi? recenzj? tylko wtedy, gdy faktycznie kupili dany produkt. Nie zezwalamy na podw\u00f3jne oceny tego samego produktu. Recenzje s? przez nas&hellip;<\/p>\n","protected":false},"author":1,"featured_media":0,"parent":0,"menu_order":0,"comment_status":"closed","ping_status":"closed","template":"","meta":{"_acf_changed":false,"footnotes":""},"class_list":["post-161641","page","type-page","status-publish","hentry","description-off"],"acf":[],"_links":{"self":[{"href":"https:\/\/mini-bob.com\/pl\/wp-json\/wp\/v2\/pages\/161641","targetHints":{"allow":["GET"]}}],"collection":[{"href":"https:\/\/mini-bob.com\/pl\/wp-json\/wp\/v2\/pages"}],"about":[{"href":"https:\/\/mini-bob.com\/pl\/wp-json\/wp\/v2\/types\/page"}],"author":[{"embeddable":true,"href":"https:\/\/mini-bob.com\/pl\/wp-json\/wp\/v2\/users\/1"}],"replies":[{"embeddable":true,"href":"https:\/\/mini-bob.com\/pl\/wp-json\/wp\/v2\/comments?post=161641"}],"version-history":[{"count":0,"href":"https:\/\/mini-bob.com\/pl\/wp-json\/wp\/v2\/pages\/161641\/revisions"}],"wp:attachment":[{"href":"https:\/\/mini-bob.com\/pl\/wp-json\/wp\/v2\/media?parent=161641"}],"curies":[{"name":"wp","href":"https:\/\/api.w.org\/{rel}","templated":true}]}}