{"id":161684,"date":"2017-01-08T13:29:04","date_gmt":"2017-01-08T12:29:04","guid":{"rendered":"https:\/\/mini-bob.com\/kup-najlepsze-sanki-oryginalny-mini-bob\/"},"modified":"2025-12-01T20:02:56","modified_gmt":"2025-12-01T19:02:56","slug":"kup-najlepsze-sanki-oryginalny-mini-bob","status":"publish","type":"page","link":"https:\/\/mini-bob.com\/pl\/kup-najlepsze-sanki-oryginalny-mini-bob\/","title":{"rendered":"kup najlepsze sanki - oryginalny mini bob"},"content":{"rendered":"<div class=\"wpb-content-wrapper\"><p>[vc_row][vc_column][vc_custom_heading text=&#8221;Maxi zabawa z mini bobem - najlepsze sanki&#8221; font_container=&#8221;tag:h1|text_align:left&#8221; google_fonts=&#8221;font_family:Roboto%20Condensed%3A300%2C300italic%2Cregular%2Citalic%2C700%2C700italic|font_style:400%20regular%3A400%3Anormal&#8221;][\/vc_column][\/vc_row][vc_row][vc_column][vc_custom_heading text=&#8221;Je?li sanki, to z mini bobem!&#8221; font_container=&#8221;tag:h2|text_align:center&#8221; google_fonts=&#8221;font_family:Roboto%20Condensed%3A300%2C300italic%2Cregular%2Citalic%2C700%2C700italic|font_style:400%20regular%3A400%3Anormal&#8221;][\/vc_column][\/vc_row][vc_row][vc_column][vc_single_image image=&#8221;161685&#8243; img_size=&#8221;large&#8221; alignment=&#8221;center&#8221; onclick=&#8221;zoom&#8221; lazy_loading=&#8221;true&#8221;][\/vc_column][\/vc_row][vc_row][vc_column][vc_custom_heading text=&#8221;Wyj?tkowe i prawdopodobnie najlepsze sanki do zabawy na ?niegu - produkowane w Niemczech od 1976 roku!&#8221; font_container=&#8221;tag:h2|text_align:center&#8221; google_fonts=&#8221;font_family:Roboto%20Condensed%3A300%2C300italic%2Cregular%2Citalic%2C700%2C700italic|font_style:400%20regular%3A400%3Anormal&#8221;][vc_column_text]Czy znasz tylko zwyk?e drewniane sanki? W takim razie b?dziesz zaskoczony, jak wiele frajdy mo?e sprawi? jazda na sankach! <\/p>\n<p>Wynaleziony w austriackich Alpach i produkowany w Niemczech zgodnie z najwy?szymi standardami jako?ci od 1976 roku, oryginalny mini bob oferuje maksymaln? rado?? z jazdy przy maksymalnym bezpiecze?stwie.<\/p>\n<p>Dzi?ki unikalnemu kszta?towi i koncepcji, mini bob jest znacznie lepszy od zwyk?ych sanek. Szybko nauczysz si? nim precyzyjnie sterowa? oraz szybko i skutecznie hamowa?. <\/p>\n<p>Od prostego zjazdu z niewielkiego wzniesienia po spektakularne akrobacje - z ma?ymi mini sankami wszystko jest mo?liwe.<\/p>\n<p>Oryginalny mini bob mo?na kupi? w wielu r\u00f3?nych kolorach. Je?li wi?c chcesz kupi? sanki, masz teraz do wyboru wiele jasnych kolor\u00f3w, kt\u00f3re szczeg\u00f3lnie dobrze wygl?daj? na ?niegu.[\/vc_column_text][\/vc_column][\/vc_row][vc_row][vc_column][vc_custom_heading text=&#8221;mini bob - kupi? najlepsze sanki?&#8221; google_fonts=&#8221;font_family:Roboto%20Condensed%3A300%2C300italic%2Cregular%2Citalic%2C700%2C700italic|font_style:400%20regular%3A400%3Anormal&#8221;]<style type=\"text\/css\" data-type=\"the7_shortcodes-inline-css\">#default-btn-36d096564ca6a751ae78fdece8c9d56f.ico-right-side > i {\n  margin-right: 0px;\n  margin-left: 8px;\n}\n#default-btn-36d096564ca6a751ae78fdece8c9d56f > i {\n  margin-right: 8px;\n}<\/style><a href=\"https:\/\/mini-bob.com\/mini-bob-zipfelbob-shop\/\" class=\"default-btn-shortcode dt-btn dt-btn-l pulse animate-element animation-builder link-hover-off btn-inline-left \" id=\"default-btn-36d096564ca6a751ae78fdece8c9d56f\" title=\"Oryginalny mini bob (Zipfelbob) Sklep\"><span>KUP MINI BOBA!<\/span><\/a>[\/vc_column][\/vc_row][vc_row][vc_column][vc_empty_space][vc_masonry_media_grid initial_loading_animation=&#8221;fadeIn&#8221; grid_id=&#8221;vc_gid:1662623660523-c096aec2-2791-10&#8243; include=&#8221;161686,161687,161688,161689,161690&#8243;][\/vc_column][\/vc_row][vc_row][vc_column][vc_column_text]Oryginalny mini bob nie jest wykonany z drewna jak zwyk?e sanki, ale z niezniszczalnego tworzywa sztucznego, kt\u00f3re jest niezwykle odporne i mo?e wytrzyma? nawet najtrudniejsze tory saneczkowe. Tam, gdzie drewniane sanki p?kaj? lub plastikowe boby p?kaj?, oryginalny mini bob nadal dzia?a. Oznacza to, ?e ryzyko obra?e? jest mniejsze ni? w przypadku konwencjonalnych sanek.  <\/p>\n<p>Dzi?ki nisko po?o?onemu ?rodkowi ci??ko?ci ryzyko obra?e? jest bardzo niskie nawet w przypadku upadku, dlatego na mini bobie mog? je?dzi? osoby w wieku 3-99 lat.<\/p>\n<p>Mini bob oferuje najlepsze wra?enia z jazdy na sankach dla m?odszych i starszych.<\/p>\n<p>Dzi?ki unikalnej formie hamowania (wystarczy poci?gn?? dr??ek steruj?cy w kierunku cia?a), min boba mo?na szybko i bezpiecznie zatrzyma?.[\/vc_column_text][vc_custom_heading text=&#8221;mini bob - oryginalny spos\u00f3b na sanki!&#8221; google_fonts=&#8221;font_family:Roboto%20Condensed%3A300%2C300italic%2Cregular%2Citalic%2C700%2C700italic|font_style:400%20regular%3A400%3Anormal&#8221;][\/vc_column][\/vc_row][vc_row][vc_column][vc_column_text]W naszym <a href=\"https:\/\/mini-bob.com\/pl\/faq\/\">FAQ<\/a> (pytania i odpowiedzi) znajdziesz wi?cej informacji na temat oryginalnego mini boba<\/p>\n<p>W zak?adce <a href=\"https:\/\/mini-bob.com\/pl\/mini-bob\/\">&#8222;mini bob&#8221;<\/a> znajdziesz wi?cej informacji technicznych na temat oryginalnego mini boba<\/p>\n<p>Oryginalnego mini boba mo?na kupi? w specjalistycznych sklepach lub online - list? sprzedawc\u00f3w mo?na znale?? tutaj: <a href=\"https:\/\/mini-bob.com\/pl\/kup-mini-boba-zipfelbob\/\">kup mini boba<\/a><\/p>\n<p>Je?li jako rodzic masz jakiekolwiek pytania dotycz?ce mini boba - <a href=\"https:\/\/mini-bob.com\/pl\/czekamy-na-twoje-zapytanie\/\">skontaktuj si?<\/a> z nami, ch?tnie Ci pomo?emy![\/vc_column_text][\/vc_column][\/vc_row]<\/p>\n<\/div>","protected":false},"excerpt":{"rendered":"<p>[vc_row][vc_column][vc_custom_heading text=&#8221;Maxi zabawa z mini bobem - najlepsze sanki&#8221; font_container=&#8221;tag:h1|text_align:left&#8221; google_fonts=&#8221;font_family:Roboto%20Condensed%3A300%2C300italic%2Cregular%2Citalic%2C700%2C700italic|font_style:400%20regular%3A400%3Anormal&#8221;][\/vc_column][\/vc_row][vc_row][vc_column][vc_custom_heading text=&#8221;Je?li sanki, to z mini bobem!&#8221; font_container=&#8221;tag:h2|text_align:center&#8221; google_fonts=&#8221;font_family:Roboto%20Condensed%3A300%2C300italic%2Cregular%2Citalic%2C700%2C700italic|font_style:400%20regular%3A400%3Anormal&#8221;][\/vc_column][\/vc_row][vc_row][vc_column][vc_single_image image=&#8221;161685&#8243; img_size=&#8221;large&#8221; alignment=&#8221;center&#8221; onclick=&#8221;zoom&#8221; lazy_loading=&#8221;true&#8221;][\/vc_column][\/vc_row][vc_row][vc_column][vc_custom_heading text=&#8221;Wyj?tkowe i prawdopodobnie najlepsze sanki do zabawy na ?niegu - produkowane w Niemczech od 1976 roku!&#8221; font_container=&#8221;tag:h2|text_align:center&#8221; google_fonts=&#8221;font_family:Roboto%20Condensed%3A300%2C300italic%2Cregular%2Citalic%2C700%2C700italic|font_style:400%20regular%3A400%3Anormal&#8221;][vc_column_text]Czy znasz tylko zwyk?e drewniane sanki? W takim razie b?dziesz zaskoczony, jak wiele frajdy&hellip;<\/p>\n","protected":false},"author":1,"featured_media":0,"parent":0,"menu_order":0,"comment_status":"closed","ping_status":"closed","template":"","meta":{"_acf_changed":false,"footnotes":""},"class_list":["post-161684","page","type-page","status-publish","hentry","description-off"],"acf":[],"_links":{"self":[{"href":"https:\/\/mini-bob.com\/pl\/wp-json\/wp\/v2\/pages\/161684","targetHints":{"allow":["GET"]}}],"collection":[{"href":"https:\/\/mini-bob.com\/pl\/wp-json\/wp\/v2\/pages"}],"about":[{"href":"https:\/\/mini-bob.com\/pl\/wp-json\/wp\/v2\/types\/page"}],"author":[{"embeddable":true,"href":"https:\/\/mini-bob.com\/pl\/wp-json\/wp\/v2\/users\/1"}],"replies":[{"embeddable":true,"href":"https:\/\/mini-bob.com\/pl\/wp-json\/wp\/v2\/comments?post=161684"}],"version-history":[{"count":3,"href":"https:\/\/mini-bob.com\/pl\/wp-json\/wp\/v2\/pages\/161684\/revisions"}],"predecessor-version":[{"id":161700,"href":"https:\/\/mini-bob.com\/pl\/wp-json\/wp\/v2\/pages\/161684\/revisions\/161700"}],"wp:attachment":[{"href":"https:\/\/mini-bob.com\/pl\/wp-json\/wp\/v2\/media?parent=161684"}],"curies":[{"name":"wp","href":"https:\/\/api.w.org\/{rel}","templated":true}]}}