{"id":161701,"date":"2022-08-22T16:16:54","date_gmt":"2022-08-22T14:16:54","guid":{"rendered":"https:\/\/mini-bob.com\/rozowy-mini-bob-zipfelbob\/"},"modified":"2025-12-01T20:03:01","modified_gmt":"2025-12-01T19:03:01","slug":"rozowy-mini-bob-zipfelbob","status":"publish","type":"page","link":"https:\/\/mini-bob.com\/pl\/rozowy-mini-bob-zipfelbob\/","title":{"rendered":"r\u00f3?owy mini bob \/ Zipfelbob"},"content":{"rendered":"<div class=\"wpb-content-wrapper\"><p>[vc_row][vc_column width=&#8221;1\/2&#8243;][vc_single_image image=&#8221;161702&#8243; img_size=&#8221;large&#8221;][\/vc_column][vc_column width=&#8221;1\/2&#8243;][vc_custom_heading text=&#8221;Oryginalny mini bob (Zipflbob) w kolorze r\u00f3?owym&#8221; google_fonts=&#8221;font_family:Roboto%20Condensed%3A300%2C300italic%2Cregular%2Citalic%2C700%2C700italic|font_style:400%20regular%3A400%3Anormal&#8221;][vc_column_text]Mini bob (Zipfelbob) jest dost?pny w specjalnym r\u00f3?owym kolorze od 2020 roku.<\/p>\n<p>Po neonowo-r\u00f3?owym mini bobie (lata 80-te), fioletowym mini bobie (lata 90-te), Zipflbobie we wzorze Milka (lata 2000-te) i Zipflbobie w kolorze &#8222;fioletowym&#8221; (lata 2010-te), w 2020 roku pojawi? si? wreszcie upragniony oryginalny mini bob w kolorze r\u00f3?owym.<br \/>\nWysoki popyt na &#8222;dziewcz?cego&#8221; plastikowego boba doprowadzi? nas do naszego specjalnego koloru: r\u00f3?owego.<br \/>\nW ko?cu, co mog?oby lepiej pasowa? do naszego Zipfiboba z lat 70. ni? kolor r\u00f3?owy (kt\u00f3rego nazwa pochodzi od kwiatu o tej samej nazwie), kt\u00f3ry sta? si? kobiecym symbolem w latach 70? Zgadza si?, oryginalny mini bob w r\u00f3?owym kolorze. <\/p>\n<p>Od ponad 45 lat u?ywamy tych kolor\u00f3w ponownie i ponownie, zapewniaj?c, ?e s?ynny Zipfelbob stale zmienia kolor.[\/vc_column_text][\/vc_column][\/vc_row][vc_row][vc_column width=&#8221;1\/2&#8243;][vc_empty_space height=&#8221;200px&#8221;]<style type=\"text\/css\" data-type=\"the7_shortcodes-inline-css\">#default-btn-8dd5379197479e2784bb33c318c9ccca.ico-right-side > i {\n  margin-right: 0px;\n  margin-left: 8px;\n}\n#default-btn-8dd5379197479e2784bb33c318c9ccca > i {\n  margin-right: 8px;\n}<\/style><a href=\"https:\/\/mini-bob.com\/produkt\/mini-bob-zipfelbob-pink\/\" class=\"default-btn-shortcode dt-btn dt-btn-l pulse animate-element animation-builder link-hover-off btn-inline-left \" id=\"default-btn-8dd5379197479e2784bb33c318c9ccca\" title=\"oryginalny mini bob (spiczasty bob) w kolorze r\u00f3?owym\"><span>KUP R\u00d3?OWEGO ZIPFELBOBA<\/span><\/a>[vc_empty_space]<style type=\"text\/css\" data-type=\"the7_shortcodes-inline-css\">#default-btn-b947d475d517a2edbc895d228b5b4a1e.ico-right-side > i {\n  margin-right: 0px;\n  margin-left: 8px;\n}\n#default-btn-b947d475d517a2edbc895d228b5b4a1e > i {\n  margin-right: 8px;\n}<\/style><a href=\"https:\/\/mini-bob.com\/pl\/mini-bob\/\" class=\"default-btn-shortcode dt-btn dt-btn-l pulse animate-element animation-builder link-hover-off btn-inline-left \" id=\"default-btn-b947d475d517a2edbc895d228b5b4a1e\" title=\"mini bob\"><span>MINI BOB W INNYCH KOLORACH<\/span><\/a>[vc_empty_space]<style type=\"text\/css\" data-type=\"the7_shortcodes-inline-css\">#default-btn-36d096564ca6a751ae78fdece8c9d56f.ico-right-side > i {\n  margin-right: 0px;\n  margin-left: 8px;\n}\n#default-btn-36d096564ca6a751ae78fdece8c9d56f > i {\n  margin-right: 8px;\n}<\/style><a href=\"https:\/\/mini-bob.com\/mini-bob-zipfelbob-shop\/\" class=\"default-btn-shortcode dt-btn dt-btn-l pulse animate-element animation-builder link-hover-off btn-inline-left \" id=\"default-btn-36d096564ca6a751ae78fdece8c9d56f\" title=\"Oryginalny mini bob (Zipfelbob) Sklep\"><span>KLIKNIJ TUTAJ, ABY PRZEJ?? BEZPO?REDNIO DO SKLEPU<\/span><\/a>[\/vc_column][vc_column width=&#8221;1\/2&#8243;][vc_single_image image=&#8221;161703&#8243; img_size=&#8221;large&#8221;][\/vc_column][\/vc_row][vc_row][vc_column][vc_single_image image=&#8221;161704&#8243; img_size=&#8221;full&#8221; alignment=&#8221;center&#8221;][\/vc_column][\/vc_row]<\/p>\n<\/div>","protected":false},"excerpt":{"rendered":"<p>[vc_row][vc_column width=&#8221;1\/2&#8243;][vc_single_image image=&#8221;161702&#8243; img_size=&#8221;large&#8221;][\/vc_column][vc_column width=&#8221;1\/2&#8243;][vc_custom_heading text=&#8221;Oryginalny mini bob (Zipflbob) w kolorze r\u00f3?owym&#8221; google_fonts=&#8221;font_family:Roboto%20Condensed%3A300%2C300italic%2Cregular%2Citalic%2C700%2C700italic|font_style:400%20regular%3A400%3Anormal&#8221;][vc_column_text]Mini bob (Zipfelbob) jest dost?pny w specjalnym r\u00f3?owym kolorze od 2020 roku. Po neonowo-r\u00f3?owym mini bobie (lata 80-te), fioletowym mini bobie (lata 90-te), Zipflbobie we wzorze Milka (lata 2000-te) i Zipflbobie w kolorze &#8222;fioletowym&#8221; (lata 2010-te), w 2020 roku pojawi? si? wreszcie upragniony&hellip;<\/p>\n","protected":false},"author":3,"featured_media":0,"parent":0,"menu_order":0,"comment_status":"closed","ping_status":"closed","template":"","meta":{"_acf_changed":false,"footnotes":""},"class_list":["post-161701","page","type-page","status-publish","hentry","description-off"],"acf":[],"_links":{"self":[{"href":"https:\/\/mini-bob.com\/pl\/wp-json\/wp\/v2\/pages\/161701","targetHints":{"allow":["GET"]}}],"collection":[{"href":"https:\/\/mini-bob.com\/pl\/wp-json\/wp\/v2\/pages"}],"about":[{"href":"https:\/\/mini-bob.com\/pl\/wp-json\/wp\/v2\/types\/page"}],"author":[{"embeddable":true,"href":"https:\/\/mini-bob.com\/pl\/wp-json\/wp\/v2\/users\/3"}],"replies":[{"embeddable":true,"href":"https:\/\/mini-bob.com\/pl\/wp-json\/wp\/v2\/comments?post=161701"}],"version-history":[{"count":3,"href":"https:\/\/mini-bob.com\/pl\/wp-json\/wp\/v2\/pages\/161701\/revisions"}],"predecessor-version":[{"id":161711,"href":"https:\/\/mini-bob.com\/pl\/wp-json\/wp\/v2\/pages\/161701\/revisions\/161711"}],"wp:attachment":[{"href":"https:\/\/mini-bob.com\/pl\/wp-json\/wp\/v2\/media?parent=161701"}],"curies":[{"name":"wp","href":"https:\/\/api.w.org\/{rel}","templated":true}]}}