{"id":161706,"date":"2017-01-20T21:03:33","date_gmt":"2017-01-20T20:03:33","guid":{"rendered":"https:\/\/mini-bob.com\/bob-sledge-min-bob-najlepsze-nowoczesne-sanki\/"},"modified":"2025-12-01T20:03:02","modified_gmt":"2025-12-01T19:03:02","slug":"bob-sledge-min-bob-najlepsze-nowoczesne-sanki","status":"publish","type":"page","link":"https:\/\/mini-bob.com\/pl\/bob-sledge-min-bob-najlepsze-nowoczesne-sanki\/","title":{"rendered":"bob sledge min bob - najlepsze nowoczesne sanki"},"content":{"rendered":"<div class=\"wpb-content-wrapper\"><p>[vc_row][vc_column][vc_custom_heading text=&#8221;Tak wygl?da dzisiejsza akcja bob sled!&#8221; google_fonts=&#8221;font_family:Roboto%20Condensed%3A300%2C300italic%2Cregular%2Citalic%2C700%2C700italic|font_style:400%20regular%3A400%3Anormal&#8221;][vc_column_text]Najlepsze sanki dla m?odych i starszych, sprawdzone w wielu testach - niezmienione i wypr\u00f3bowane od 1976 roku.[\/vc_column_text][vc_video link=&#8221;https:\/\/player.vimeo.com\/video\/200398022&#8243;][vc_column_text]Znasz tylko &#8222;zwyk?e&#8221; drewniane sanki lub plastikowe sanki z kierownic?? W takim razie zdecydowanie powiniene? wypr\u00f3bowa? oryginalnego mini boba! Innowacyjne sanki, mimo ?e istniej? od 1976 roku, ich koncepcja nadal imponuje w por\u00f3wnaniu z tradycyjnymi drewnianymi sankami. W wielu testach por\u00f3wnawczych sanki wielokrotnie udowadnia?y, jak pomys?owa i prosta jest ich koncepcja. Dlatego te? minibob by? ju? wielokrotnie kopiowany, a jego koncepcja dr??ka kierowniczego na?ladowana.    <\/p>\n<p>Dlatego kupuj?c sanki upewnij si?, ?e kupujesz oryginalnego mini boba - niestety obecnie jest wiele tanich kopii z Dalekiego Wschodu, kt\u00f3re cz?sto nie spe?niaj? wymaganych wysokich standard\u00f3w bezpiecze?stwa.<\/p>\n<p>Sanki 2.0 - oryginalny mini bob![\/vc_column_text][\/vc_column][\/vc_row][vc_row][vc_column][vc_empty_space][\/vc_column][\/vc_row][vc_row][vc_column][vc_custom_heading text=&#8221;Najlepszy bob sled dzisiejszych czas\u00f3w&#8221; google_fonts=&#8221;font_family:Roboto%20Condensed%3A300%2C300italic%2Cregular%2Citalic%2C700%2C700italic|font_style:400%20regular%3A400%3Anormal&#8221;][vc_column_text]Wynaleziony w latach 70. i wci?? nowoczesny - ponadczasowy klasyk: mini bob.<\/p>\n<p>Je?li szukasz sanek, kt\u00f3re zapewniaj? ?wietn? zabaw? na ?niegu i mog? by? szybko, ?atwo i bezpiecznie opanowane zar\u00f3wno przez m?odszych, jak i starszych, to nasze plastikowe sanki &#8222;mini bob&#8221; z pewno?ci? Ci? uszcz??liwi?!<\/p>\n<p>Od czasu wynalezienia w Austrii w latach 70-tych, mini bob jest produkowany w Niemczech i od tego czasu inspiruje kolejne pokolenia.<\/p>\n<p>Dzi?ki lekkiej i wytrzyma?ej plastikowej konstrukcji, ma?e sanki mog? by? transportowane i sterowane nawet przez najmniejsze dzieci. Dzi?ki stabilnej konstrukcji nawet wysocy i ci??cy je?d?cy nie stanowi? problemu dla sanek &#8222;mini bob&#8221; - mo?liwe jest obci??enie do 100 kg![\/vc_column_text][\/vc_column][\/vc_row][vc_row][vc_column][vc_custom_heading text=&#8221;kup mini bob sanki&#8221; google_fonts=&#8221;font_family:Roboto%20Condensed%3A300%2C300italic%2Cregular%2Citalic%2C700%2C700italic|font_style:400%20regular%3A400%3Anormal&#8221;][vc_column_text]<\/p>\n<h4>tutaj mo?esz kupi? najlepsze sanki &#8222;mini bob&#8221;!<\/h4>\n<p>[\/vc_column_text]<style type=\"text\/css\" data-type=\"the7_shortcodes-inline-css\">#default-btn-36d096564ca6a751ae78fdece8c9d56f.ico-right-side > i {\n  margin-right: 0px;\n  margin-left: 8px;\n}\n#default-btn-36d096564ca6a751ae78fdece8c9d56f > i {\n  margin-right: 8px;\n}<\/style><a href=\"https:\/\/mini-bob.com\/mini-bob-zipfelbob-shop\/\" class=\"default-btn-shortcode dt-btn dt-btn-l pulse animate-element animation-builder link-hover-off btn-inline-left \" id=\"default-btn-36d096564ca6a751ae78fdece8c9d56f\" title=\"Oryginalny mini bob (Zipfelbob) Sklep\"><span>KUP MINI BOBA<\/span><\/a>[\/vc_column][\/vc_row][vc_row][vc_column][vc_empty_space][\/vc_column][\/vc_row][vc_row][vc_column][vc_custom_heading text=&#8221;Wszystkie informacje na temat mini boba boba&#8221; google_fonts=&#8221;font_family:Roboto%20Condensed%3A300%2C300italic%2Cregular%2Citalic%2C700%2C700italic|font_style:400%20regular%3A400%3Anormal&#8221;][vc_single_image image=&#8221;161685&#8243; img_size=&#8221;large&#8221;][vc_column_text]bob sledge<\/p>\n<p>&nbsp;<\/p>\n<p>Na naszej stronie internetowej znajdziesz wszystkie potrzebne informacje, od historii mini boba po jego obecny rozw\u00f3j. Je?li masz jakie? pytania, mo?esz zapozna? si? z naszym obszernym <a href=\"https:\/\/mini-bob.com\/pl\/faq\/\">FAQ<\/a> i skontaktowa? si? z nami bezpo?rednio. <\/p>\n<p>Je?li chcesz kupi? oryginalnego mini boba, znajdziesz to, czego szukasz w zak?adce &#8222;kup mini boba&#8221;. Z tego miejsca mo?na uzyska? dost?p do naszego sklepu z edycjami specjalnymi, a tak?e do dealer\u00f3w, kt\u00f3rzy sprzedaj? sanki bob online i w sklepach. <\/p>\n<p>Je?li szukasz informacji na temat sanek, znajdziesz r\u00f3wnie? kilka pomocnych artyku?\u00f3w w naszej sekcji aktualno?ci.[\/vc_column_text][\/vc_column][\/vc_row]<\/p>\n<\/div>","protected":false},"excerpt":{"rendered":"<p>[vc_row][vc_column][vc_custom_heading text=&#8221;Tak wygl?da dzisiejsza akcja bob sled!&#8221; google_fonts=&#8221;font_family:Roboto%20Condensed%3A300%2C300italic%2Cregular%2Citalic%2C700%2C700italic|font_style:400%20regular%3A400%3Anormal&#8221;][vc_column_text]Najlepsze sanki dla m?odych i starszych, sprawdzone w wielu testach - niezmienione i wypr\u00f3bowane od 1976 roku.[\/vc_column_text][vc_video link=&#8221;https:\/\/player.vimeo.com\/video\/200398022&#8243;][vc_column_text]Znasz tylko &#8222;zwyk?e&#8221; drewniane sanki lub plastikowe sanki z kierownic?? W takim razie zdecydowanie powiniene? wypr\u00f3bowa? oryginalnego mini boba! Innowacyjne sanki, mimo ?e istniej? od 1976 roku, ich koncepcja nadal imponuje&hellip;<\/p>\n","protected":false},"author":1,"featured_media":0,"parent":0,"menu_order":0,"comment_status":"closed","ping_status":"closed","template":"","meta":{"_acf_changed":false,"footnotes":""},"class_list":["post-161706","page","type-page","status-publish","hentry","description-off"],"acf":[],"_links":{"self":[{"href":"https:\/\/mini-bob.com\/pl\/wp-json\/wp\/v2\/pages\/161706","targetHints":{"allow":["GET"]}}],"collection":[{"href":"https:\/\/mini-bob.com\/pl\/wp-json\/wp\/v2\/pages"}],"about":[{"href":"https:\/\/mini-bob.com\/pl\/wp-json\/wp\/v2\/types\/page"}],"author":[{"embeddable":true,"href":"https:\/\/mini-bob.com\/pl\/wp-json\/wp\/v2\/users\/1"}],"replies":[{"embeddable":true,"href":"https:\/\/mini-bob.com\/pl\/wp-json\/wp\/v2\/comments?post=161706"}],"version-history":[{"count":3,"href":"https:\/\/mini-bob.com\/pl\/wp-json\/wp\/v2\/pages\/161706\/revisions"}],"predecessor-version":[{"id":161712,"href":"https:\/\/mini-bob.com\/pl\/wp-json\/wp\/v2\/pages\/161706\/revisions\/161712"}],"wp:attachment":[{"href":"https:\/\/mini-bob.com\/pl\/wp-json\/wp\/v2\/media?parent=161706"}],"curies":[{"name":"wp","href":"https:\/\/api.w.org\/{rel}","templated":true}]}}