{"id":161713,"date":"2022-09-23T17:26:41","date_gmt":"2022-09-23T15:26:41","guid":{"rendered":"https:\/\/mini-bob.com\/turkusowy-mini-bob-zipflbob\/"},"modified":"2025-12-01T20:03:06","modified_gmt":"2025-12-01T19:03:06","slug":"turkusowy-mini-bob-zipflbob","status":"publish","type":"page","link":"https:\/\/mini-bob.com\/pl\/turkusowy-mini-bob-zipflbob\/","title":{"rendered":"turkusowy mini bob \/ zipflbob"},"content":{"rendered":"<div class=\"wpb-content-wrapper\"><p>[vc_row][vc_column width=&#8221;1\/2&#8243;][vc_single_image image=&#8221;161715&#8243; img_size=&#8221;large&#8221;][\/vc_column][vc_column width=&#8221;1\/2&#8243;][vc_custom_heading text=&#8221;Oryginalny mini bob (Zipflbob) w kolorze turkusowym&#8221; google_fonts=&#8221;font_family:Roboto%20Condensed%3A300%2C300italic%2Cregular%2Citalic%2C700%2C700italic|font_style:400%20regular%3A400%3Anormal&#8221;][vc_column_text]Oryginalny mini bob (Zipfelbob) jest dost?pny w specjalnym kolorze turkusowym od wrze?nia 2022 roku.<\/p>\n<p>Tym razem Zipflbob w specjalnym kolorze turkusowym nie zast?puje Zipflboba w specjalnym kolorze r\u00f3?owym, jak zwykle. Wr?cz przeciwnie! Oryginalny mini bob w kolorze mi?towym jest dodatkiem do naszego sklepu, dzi?ki kt\u00f3remu mo?emy zaoferowa? naszym ma?ym i du?ym klientom szerok? gam? kolor\u00f3w. Zgodnie z mottem: im bardziej kolorowo, tym lepiej.   <\/p>\n<p>Ta wyj?tkowa mieszanka niebieskiego i zielonego natychmiast przyci?ga wzrok i b?dzie niezast?piona w 2022 roku. Dlatego tak wa?ne by?o dla nas wyprodukowanie oryginalnego mini boba w modnym kolorze turkusowym. Jasne kolory s? zawsze szczeg\u00f3lnie popularne w?r\u00f3d dzieci. Kolory fioletowy i turkusowy szczeg\u00f3lnie kojarz? si? z popularn? kr\u00f3low? lodu, a co mo?e lepiej pasowa? do ?niegu ni? turkusowy Original mini bob?   <\/p>\n<p>Podobny mini bob w kolorze &#8222;petrol&#8221; zosta? wyprodukowany w latach 70-tych i ju? wtedy zosta? dobrze przyj?ty. A jak wszyscy wiemy, trend powtarza si? co kilka lat. Tym lepiej, ?e mo?emy ponownie wykorzysta? t? palet? kolor\u00f3w i przenie?? kawa?ek lat 70. do wsp\u00f3?czesno?ci.[\/vc_column_text]<style type=\"text\/css\" data-type=\"the7_shortcodes-inline-css\">#default-btn-5e373eb609e7961d615900dfe5149133.ico-right-side > i {\n  margin-right: 0px;\n  margin-left: 8px;\n}\n#default-btn-5e373eb609e7961d615900dfe5149133 > i {\n  margin-right: 8px;\n}<\/style><a href=\"https:\/\/mini-bob.com\/produkt\/tuerkis-original-mini-bob-zipfelbob\/\" class=\"default-btn-shortcode dt-btn dt-btn-l pulse animate-element animation-builder link-hover-off btn-inline-left \" id=\"default-btn-5e373eb609e7961d615900dfe5149133\" title=\"++NOWY KOLOR++ Oryginalny mini bob (spiczasty bob) w kolorze turkusowym\"><span>KUP TURKUSOWY ZIPFELBOB<\/span><\/a>[\/vc_column][\/vc_row][vc_row][vc_column][vc_empty_space][\/vc_column][\/vc_row][vc_row][vc_column width=&#8221;1\/2&#8243;][vc_empty_space height=&#8221;60px&#8221;][vc_empty_space height=&#8221;60px&#8221;]<style type=\"text\/css\" data-type=\"the7_shortcodes-inline-css\">#default-btn-4f1ce86119f292de38830e6c52ecf874.ico-right-side > i {\n  margin-right: 0px;\n  margin-left: 8px;\n}\n#default-btn-4f1ce86119f292de38830e6c52ecf874 > i {\n  margin-right: 8px;\n}<\/style><div class=\"btn-align-center\"><a href=\"https:\/\/mini-bob.com\/pl\/mini-bob\/\" class=\"default-btn-shortcode dt-btn dt-btn-l pulse animate-element animation-builder link-hover-off \" id=\"default-btn-4f1ce86119f292de38830e6c52ecf874\" title=\"mini bob\"><span>MINI BOB W INNYCH KOLORACH<\/span><\/a><\/div>[vc_empty_space]<style type=\"text\/css\" data-type=\"the7_shortcodes-inline-css\">#default-btn-c598e5d3be6bff6197cfa80de90436ad.ico-right-side > i {\n  margin-right: 0px;\n  margin-left: 8px;\n}\n#default-btn-c598e5d3be6bff6197cfa80de90436ad > i {\n  margin-right: 8px;\n}<\/style><div class=\"btn-align-center\"><a href=\"https:\/\/mini-bob.com\/mini-bob-zipfelbob-shop\/\" class=\"default-btn-shortcode dt-btn dt-btn-l pulse animate-element animation-builder link-hover-off \" id=\"default-btn-c598e5d3be6bff6197cfa80de90436ad\" title=\"Oryginalny mini bob (Zipfelbob) Sklep\"><span>KLIKNIJ TUTAJ, ABY PRZEJ?? BEZPO?REDNIO DO SKLEPU<\/span><\/a><\/div>[\/vc_column][vc_column width=&#8221;1\/2&#8243;][vc_single_image image=&#8221;161716&#8243; img_size=&#8221;large&#8221;][vc_column_text]Oparty na podobnym Zipfybobie w kolorze benzyny z lat 70-tych.[\/vc_column_text][\/vc_column][\/vc_row]<\/p>\n<\/div>","protected":false},"excerpt":{"rendered":"<p>[vc_row][vc_column width=&#8221;1\/2&#8243;][vc_single_image image=&#8221;161715&#8243; img_size=&#8221;large&#8221;][\/vc_column][vc_column width=&#8221;1\/2&#8243;][vc_custom_heading text=&#8221;Oryginalny mini bob (Zipflbob) w kolorze turkusowym&#8221; google_fonts=&#8221;font_family:Roboto%20Condensed%3A300%2C300italic%2Cregular%2Citalic%2C700%2C700italic|font_style:400%20regular%3A400%3Anormal&#8221;][vc_column_text]Oryginalny mini bob (Zipfelbob) jest dost?pny w specjalnym kolorze turkusowym od wrze?nia 2022 roku. Tym razem Zipflbob w specjalnym kolorze turkusowym nie zast?puje Zipflboba w specjalnym kolorze r\u00f3?owym, jak zwykle. Wr?cz przeciwnie! Oryginalny mini bob w kolorze mi?towym jest dodatkiem do naszego sklepu,&hellip;<\/p>\n","protected":false},"author":3,"featured_media":0,"parent":0,"menu_order":0,"comment_status":"closed","ping_status":"closed","template":"","meta":{"_acf_changed":false,"footnotes":""},"class_list":["post-161713","page","type-page","status-publish","hentry","description-off"],"acf":[],"_links":{"self":[{"href":"https:\/\/mini-bob.com\/pl\/wp-json\/wp\/v2\/pages\/161713","targetHints":{"allow":["GET"]}}],"collection":[{"href":"https:\/\/mini-bob.com\/pl\/wp-json\/wp\/v2\/pages"}],"about":[{"href":"https:\/\/mini-bob.com\/pl\/wp-json\/wp\/v2\/types\/page"}],"author":[{"embeddable":true,"href":"https:\/\/mini-bob.com\/pl\/wp-json\/wp\/v2\/users\/3"}],"replies":[{"embeddable":true,"href":"https:\/\/mini-bob.com\/pl\/wp-json\/wp\/v2\/comments?post=161713"}],"version-history":[{"count":3,"href":"https:\/\/mini-bob.com\/pl\/wp-json\/wp\/v2\/pages\/161713\/revisions"}],"predecessor-version":[{"id":161721,"href":"https:\/\/mini-bob.com\/pl\/wp-json\/wp\/v2\/pages\/161713\/revisions\/161721"}],"wp:attachment":[{"href":"https:\/\/mini-bob.com\/pl\/wp-json\/wp\/v2\/media?parent=161713"}],"curies":[{"name":"wp","href":"https:\/\/api.w.org\/{rel}","templated":true}]}}