{"id":161745,"date":"2015-10-27T16:51:48","date_gmt":"2015-10-27T15:51:48","guid":{"rendered":"https:\/\/mini-bob.com\/zolty-mini-bob-zipflbob\/"},"modified":"2025-12-01T20:03:22","modified_gmt":"2025-12-01T19:03:22","slug":"zolty-mini-bob-zipflbob","status":"publish","type":"page","link":"https:\/\/mini-bob.com\/pl\/zolty-mini-bob-zipflbob\/","title":{"rendered":"?\u00f3?ty mini bob \/ zipflbob"},"content":{"rendered":"<div class=\"wpb-content-wrapper\"><p>[vc_row][vc_column width=&#8221;1\/2&#8243;][vc_single_image image=&#8221;161747&#8243; img_size=&#8221;large&#8221;][\/vc_column][vc_column width=&#8221;1\/2&#8243;][vc_custom_heading text=&#8221;Oryginalny mini bob (Zipfelbob) w kolorze ?\u00f3?tym&#8221; google_fonts=&#8221;font_family:Roboto%20Condensed%3A300%2C300italic%2Cregular%2Citalic%2C700%2C700italic|font_style:400%20regular%3A400%3Anormal&#8221;][vc_column_text]Mini bob (Zipflbob) by? produkowany i sprzedawany w kolorze ?\u00f3?tym od 1976 do 2010 roku.<\/p>\n<p>We wczesnych dniach Zipflbob, ma?e plastikowe sanki \/ plastikowy bob by? nadal produkowany i sprzedawany z ?\u00f3?t? r?czk? (Zipfl) i tylko czarnym siedziskiem. P\u00f3?niej, od lat 80-tych, uchwyt sta? si? r\u00f3wnie? czarny, a ?\u00f3?ty kolor sta? si? mocniejszy. <\/p>\n<p>Podobnie jak czerwony Zipflbob i niebieski Zipflbob, ?\u00f3?ty Zipflbob sta? si? wiecznie zielony. Kolor ?\u00f3?ty zosta? zast?piony pomara?czowym dopiero w 2010 roku. <\/p>\n<p>Od 2017 roku dost?pna jest nowa edycja oryginalnego mini boba w kolorze ?\u00f3?tym.[\/vc_column_text]<style type=\"text\/css\" data-type=\"the7_shortcodes-inline-css\">#default-btn-4bb49cd6c637e62e1c6b947b5f80ddd8.ico-right-side > i {\n  margin-right: 0px;\n  margin-left: 8px;\n}\n#default-btn-4bb49cd6c637e62e1c6b947b5f80ddd8 > i {\n  margin-right: 8px;\n}<\/style><a href=\"https:\/\/mini-bob.com\/produkt\/mini-bob-zipfelbob-in-gelb\/\" class=\"default-btn-shortcode dt-btn dt-btn-l pulse animate-element animation-builder link-hover-off btn-inline-left \" id=\"default-btn-4bb49cd6c637e62e1c6b947b5f80ddd8\" title=\"+SOLD OUT+ oryginalny mini bob (Zipfelbob) w kolorze ?\u00f3?tym\"><span>KUPI? ?\u00d3?TY ZIPFELBOB<\/span><\/a>[\/vc_column][\/vc_row][vc_row][vc_column][vc_empty_space][\/vc_column][\/vc_row][vc_row][vc_column width=&#8221;1\/2&#8243;][vc_empty_space height=&#8221;70px&#8221;][vc_custom_heading text=&#8221;1980 Prototypowy ?\u00f3?ty bob z malowan? r?czk? (Zipfy)&#8221; google_fonts=&#8221;font_family:Roboto%20Condensed%3A300%2C300italic%2Cregular%2Citalic%2C700%2C700italic|font_style:400%20regular%3A400%3Anormal&#8221;][vc_empty_space height=&#8221;50px&#8221;]<style type=\"text\/css\" data-type=\"the7_shortcodes-inline-css\">#default-btn-b947d475d517a2edbc895d228b5b4a1e.ico-right-side > i {\n  margin-right: 0px;\n  margin-left: 8px;\n}\n#default-btn-b947d475d517a2edbc895d228b5b4a1e > i {\n  margin-right: 8px;\n}<\/style><a href=\"https:\/\/mini-bob.com\/pl\/mini-bob\/\" class=\"default-btn-shortcode dt-btn dt-btn-l pulse animate-element animation-builder link-hover-off btn-inline-left \" id=\"default-btn-b947d475d517a2edbc895d228b5b4a1e\" title=\"mini bob\"><span>MINI BOB W INNYCH KOLORACH<\/span><\/a>[vc_empty_space]<style type=\"text\/css\" data-type=\"the7_shortcodes-inline-css\">#default-btn-36d096564ca6a751ae78fdece8c9d56f.ico-right-side > i {\n  margin-right: 0px;\n  margin-left: 8px;\n}\n#default-btn-36d096564ca6a751ae78fdece8c9d56f > i {\n  margin-right: 8px;\n}<\/style><a href=\"https:\/\/mini-bob.com\/mini-bob-zipfelbob-shop\/\" class=\"default-btn-shortcode dt-btn dt-btn-l pulse animate-element animation-builder link-hover-off btn-inline-left \" id=\"default-btn-36d096564ca6a751ae78fdece8c9d56f\" title=\"Oryginalny mini bob (Zipfelbob) Sklep\"><span>KLIKNIJ TUTAJ, ABY PRZEJ?? BEZPO?REDNIO DO SKLEPU<\/span><\/a>[\/vc_column][vc_column width=&#8221;1\/2&#8243;][vc_single_image image=&#8221;161748&#8243; img_size=&#8221;large&#8221;][\/vc_column][\/vc_row]<\/p>\n<\/div>","protected":false},"excerpt":{"rendered":"<p>[vc_row][vc_column width=&#8221;1\/2&#8243;][vc_single_image image=&#8221;161747&#8243; img_size=&#8221;large&#8221;][\/vc_column][vc_column width=&#8221;1\/2&#8243;][vc_custom_heading text=&#8221;Oryginalny mini bob (Zipfelbob) w kolorze ?\u00f3?tym&#8221; google_fonts=&#8221;font_family:Roboto%20Condensed%3A300%2C300italic%2Cregular%2Citalic%2C700%2C700italic|font_style:400%20regular%3A400%3Anormal&#8221;][vc_column_text]Mini bob (Zipflbob) by? produkowany i sprzedawany w kolorze ?\u00f3?tym od 1976 do 2010 roku. We wczesnych dniach Zipflbob, ma?e plastikowe sanki \/ plastikowy bob by? nadal produkowany i sprzedawany z ?\u00f3?t? r?czk? (Zipfl) i tylko czarnym siedziskiem. P\u00f3?niej, od lat 80-tych, uchwyt&hellip;<\/p>\n","protected":false},"author":1,"featured_media":0,"parent":0,"menu_order":0,"comment_status":"closed","ping_status":"closed","template":"","meta":{"_acf_changed":false,"footnotes":""},"class_list":["post-161745","page","type-page","status-publish","hentry","description-off"],"acf":[],"_links":{"self":[{"href":"https:\/\/mini-bob.com\/pl\/wp-json\/wp\/v2\/pages\/161745","targetHints":{"allow":["GET"]}}],"collection":[{"href":"https:\/\/mini-bob.com\/pl\/wp-json\/wp\/v2\/pages"}],"about":[{"href":"https:\/\/mini-bob.com\/pl\/wp-json\/wp\/v2\/types\/page"}],"author":[{"embeddable":true,"href":"https:\/\/mini-bob.com\/pl\/wp-json\/wp\/v2\/users\/1"}],"replies":[{"embeddable":true,"href":"https:\/\/mini-bob.com\/pl\/wp-json\/wp\/v2\/comments?post=161745"}],"version-history":[{"count":3,"href":"https:\/\/mini-bob.com\/pl\/wp-json\/wp\/v2\/pages\/161745\/revisions"}],"predecessor-version":[{"id":161752,"href":"https:\/\/mini-bob.com\/pl\/wp-json\/wp\/v2\/pages\/161745\/revisions\/161752"}],"wp:attachment":[{"href":"https:\/\/mini-bob.com\/pl\/wp-json\/wp\/v2\/media?parent=161745"}],"curies":[{"name":"wp","href":"https:\/\/api.w.org\/{rel}","templated":true}]}}