{"id":161754,"date":"2015-10-25T13:37:22","date_gmt":"2015-10-25T12:37:22","guid":{"rendered":"https:\/\/mini-bob.com\/czerwony-mini-bob-zipflbob\/"},"modified":"2025-12-01T20:03:29","modified_gmt":"2025-12-01T19:03:29","slug":"czerwony-mini-bob-zipflbob","status":"publish","type":"page","link":"https:\/\/mini-bob.com\/pl\/czerwony-mini-bob-zipflbob\/","title":{"rendered":"czerwony mini bob \/ zipflbob"},"content":{"rendered":"<div class=\"wpb-content-wrapper\"><p>[vc_row][vc_column width=&#8221;1\/2&#8243;]\n\t\t\t\t<p class=\"rs-p-wp-fix\"><\/p>\n\t\t\t\t<sr7-module data-alias=\"mini-bob-detail\" data-id=\"2\" id=\"SR7_2_1\" data-version=\"6.7.52\">\n\t\t\t\t\t<sr7-adjuster><\/sr7-adjuster>\n\t\t\t\t\t<sr7-content>\n\t\t\t\t\t\t<sr7-slide id=\"SR7_2_1-5\" data-key=\"5\">\n\t\t\t\t\t\t\t<sr7-bg id=\"SR7_2_1-5-slidebg\" class=\"sr7-layer\"><noscript><img decoding=\"async\" src=\"https:\/\/mini-bob.com\/wp-content\/uploads\/2015\/02\/IMG_2427-500.jpg\" alt=\"\" title=\"czerwony mini bob \/ zipflbob\"><\/noscript><\/sr7-bg>\n\t\t\t\t\t\t<\/sr7-slide>\n\t\t\t\t\t\t<sr7-slide id=\"SR7_2_1-6\" data-key=\"6\">\n\t\t\t\t\t\t\t<sr7-bg id=\"SR7_2_1-6-slidebg\" class=\"sr7-layer\"><noscript><img decoding=\"async\" src=\"https:\/\/mini-bob.com\/wp-content\/uploads\/2015\/02\/IMG_2529-500.jpg\" alt=\"\" title=\"czerwony mini bob \/ zipflbob\"><\/noscript><\/sr7-bg>\n\t\t\t\t\t\t<\/sr7-slide>\n\t\t\t\t\t\t<sr7-slide id=\"SR7_2_1-7\" data-key=\"7\">\n\t\t\t\t\t\t\t<sr7-bg id=\"SR7_2_1-7-slidebg\" class=\"sr7-layer\"><noscript><img decoding=\"async\" src=\"https:\/\/mini-bob.com\/wp-content\/uploads\/2015\/02\/IMG_2517-500.jpg\" alt=\"\" title=\"czerwony mini bob \/ zipflbob\"><\/noscript><\/sr7-bg>\n\t\t\t\t\t\t<\/sr7-slide>\n\t\t\t\t\t\t<sr7-slide id=\"SR7_2_1-8\" data-key=\"8\">\n\t\t\t\t\t\t\t<sr7-bg id=\"SR7_2_1-8-slidebg\" class=\"sr7-layer\"><noscript><img decoding=\"async\" src=\"https:\/\/mini-bob.com\/wp-content\/uploads\/2015\/02\/IMG_2442-500.jpg\" alt=\"\" title=\"czerwony mini bob \/ zipflbob\"><\/noscript><\/sr7-bg>\n\t\t\t\t\t\t<\/sr7-slide>\n\t\t\t\t\t\t<sr7-slide id=\"SR7_2_1-9\" data-key=\"9\">\n\t\t\t\t\t\t\t<sr7-bg id=\"SR7_2_1-9-slidebg\" class=\"sr7-layer\"><noscript><img decoding=\"async\" src=\"https:\/\/mini-bob.com\/wp-content\/uploads\/2015\/02\/IMG_2435-500.jpg\" alt=\"\" title=\"czerwony mini bob \/ zipflbob\"><\/noscript><\/sr7-bg>\n\t\t\t\t\t\t<\/sr7-slide>\n\t\t\t\t\t\t<sr7-slide id=\"SR7_2_1-10\" data-key=\"10\">\n\t\t\t\t\t\t\t<sr7-bg id=\"SR7_2_1-10-slidebg\" class=\"sr7-layer\"><noscript><img decoding=\"async\" src=\"https:\/\/mini-bob.com\/wp-content\/uploads\/2015\/02\/IMG_2418-500.jpg\" alt=\"\" title=\"czerwony mini bob \/ zipflbob\"><\/noscript><\/sr7-bg>\n\t\t\t\t\t\t<\/sr7-slide>\n\t\t\t\t\t\t<sr7-slide id=\"SR7_2_1-11\" data-key=\"11\">\n\t\t\t\t\t\t\t<sr7-bg id=\"SR7_2_1-11-slidebg\" class=\"sr7-layer\"><noscript><img decoding=\"async\" src=\"https:\/\/mini-bob.com\/wp-content\/uploads\/2015\/02\/IMG_2495-500.jpg\" alt=\"\" title=\"czerwony mini bob \/ zipflbob\"><\/noscript><\/sr7-bg>\n\t\t\t\t\t\t<\/sr7-slide>\n\t\t\t\t\t\t<sr7-slide id=\"SR7_2_1-47\" data-key=\"47\">\n\t\t\t\t\t\t<\/sr7-slide>\n\t\t\t\t\t<\/sr7-content>\n\t\t\t\t<\/sr7-module>\n\t\t\t\t<script>\n\t\t\t\t\twindow.SR7 ??={};SR7.PMH ??={}; SR7.PMH[\"SR7_2_1\"] = {cn:100,state:false,fn: function() { if (window._tpt!==undefined && window._tpt.prepareModuleHeight !== undefined) {  _tpt.prepareModuleHeight({id:\"SR7_2_1\",el:[],type:'standard',shdw:'1',gh:[350],gw:[200],vpt:['-200px'],size:{fullWidth:false, fullHeight:false},mh:'0',onh:0,onw:0,bg:{color:'#E9E9E9'},plType:'0',plColor:'#FFFFFF'});   SR7.PMH[\"SR7_2_1\"].state=true;} else if(SR7.PMH[\"SR7_2_1\"].cn-->0)\tsetTimeout( SR7.PMH[\"SR7_2_1\"].fn,19);}};SR7.PMH[\"SR7_2_1\" ].fn();\n\t\t\t\t<\/script>\n[\/vc_column][vc_column width=&#8221;1\/2&#8243;][vc_custom_heading text=&#8221;Oryginalny mini bob (Zipflbob) w kolorze czerwonym&#8221; google_fonts=&#8221;font_family:Roboto%20Condensed%3A300%2C300italic%2Cregular%2Citalic%2C700%2C700italic|font_style:400%20regular%3A400%3Anormal&#8221;][vc_wp_text]Oryginalny mini bob (Zipfelbob) w kolorze czerwonym istnieje od 1976 roku.<\/p>\n<p>Producenci z Dalekiego Wschodu r\u00f3wnie? u?ywaj? kombinacji kolor\u00f3w &#8222;czerwonego i czarnego&#8221; dla swoich kopii, aby sprawia? wra?enie, ?e jest to oryginalny mini bob. Tylko z oryginalnym logo mini bob czerwony zipflbob jest naprawd? oryginalnym czerwonym mini bobem! <\/p>\n<p>M??czyzna czy kobieta, m?ody czy stary - zabawa z mini bobem jest gwarantowana dla ka?dego![\/vc_wp_text]<style type=\"text\/css\" data-type=\"the7_shortcodes-inline-css\">#default-btn-56a701d3600aa27be535cfe84f51f886.ico-right-side > i {\n  margin-right: 0px;\n  margin-left: 8px;\n}\n#default-btn-56a701d3600aa27be535cfe84f51f886 > i {\n  margin-right: 8px;\n}<\/style><a href=\"https:\/\/mini-bob.com\/produkt\/mini-bob-zipfelbob-rot\/\" class=\"default-btn-shortcode dt-btn dt-btn-l pulse animate-element animation-builder link-hover-off btn-inline-left \" id=\"default-btn-56a701d3600aa27be535cfe84f51f886\" title=\"mini bob\"><span>KUP CZERWONY ZIPFELBOB<\/span><\/a>[\/vc_column][\/vc_row][vc_row][vc_column width=&#8221;1\/2&#8243;][vc_empty_space height=&#8221;110px&#8221;][vc_column_text]Na pocz?tku jego wynalezienia, oryginalny mini bob, znany r\u00f3wnie? jako Zipfelbob lub plastikowy bob, by? produkowany w kolorze czerwonym na ca?ej powierzchni, dopiero p\u00f3?niej zdecydowano si? na u?ycie kontrastuj?cych kolor\u00f3w czerwonego i czarnego (&#8222;Zipfl&#8221; i siedzisko w kolorze czarnym, korpus Zipflbob w kolorze czerwonym), tak jak mo?na go kupi? do dzi?.<\/p>\n<p>Czerwony mini bob szczeg\u00f3lnie dobrze wyr\u00f3?nia si? na tle ?nie?nobia?ej powierzchni i zapewnia kolor na ?niegu od 1976 roku.<\/p>\n<p>Pod wp?ywem kolorowych czas\u00f3w lat 70-tych, czerwony Zipflbob do dzi? zachwyca na wzg\u00f3rzach i stokach narciarskich - wiecznie zielony w kolorze czerwonym.[\/vc_column_text][vc_empty_space]<style type=\"text\/css\" data-type=\"the7_shortcodes-inline-css\">#default-btn-b947d475d517a2edbc895d228b5b4a1e.ico-right-side > i {\n  margin-right: 0px;\n  margin-left: 8px;\n}\n#default-btn-b947d475d517a2edbc895d228b5b4a1e > i {\n  margin-right: 8px;\n}<\/style><a href=\"https:\/\/mini-bob.com\/pl\/mini-bob\/\" class=\"default-btn-shortcode dt-btn dt-btn-l pulse animate-element animation-builder link-hover-off btn-inline-left \" id=\"default-btn-b947d475d517a2edbc895d228b5b4a1e\" title=\"mini bob\"><span>MINI BOB W INNYCH KOLORACH<\/span><\/a>[vc_empty_space]<style type=\"text\/css\" data-type=\"the7_shortcodes-inline-css\">#default-btn-36d096564ca6a751ae78fdece8c9d56f.ico-right-side > i {\n  margin-right: 0px;\n  margin-left: 8px;\n}\n#default-btn-36d096564ca6a751ae78fdece8c9d56f > i {\n  margin-right: 8px;\n}<\/style><a href=\"https:\/\/mini-bob.com\/mini-bob-zipfelbob-shop\/\" class=\"default-btn-shortcode dt-btn dt-btn-l pulse animate-element animation-builder link-hover-off btn-inline-left \" id=\"default-btn-36d096564ca6a751ae78fdece8c9d56f\" title=\"Oryginalny mini bob (Zipfelbob) Sklep\"><span>KLIKNIJ TUTAJ, ABY PRZEJ?? BEZPO?REDNIO DO SKLEPU<\/span><\/a>[\/vc_column][vc_column width=&#8221;1\/2&#8243; css=&#8221;.vc_custom_1660905577148{padding-top: 70px !important;}&#8221;][vc_single_image image=&#8221;161759&#8243; img_size=&#8221;large&#8221;][\/vc_column][\/vc_row][vc_row][vc_column][vc_single_image image=&#8221;161760&#8243; img_size=&#8221;full&#8221;][\/vc_column][\/vc_row][vc_row][vc_column][vc_wp_text]Oryginalny mini bob w klasycznym czerwono-czarnym kolorze - wiecznie zielony w?r\u00f3d plastikowych bob\u00f3w[\/vc_wp_text][\/vc_column][\/vc_row]<\/p>\n<\/div>","protected":false},"excerpt":{"rendered":"<p>[vc_row][vc_column width=&#8221;1\/2&#8243;][\/vc_column][vc_column width=&#8221;1\/2&#8243;][vc_custom_heading text=&#8221;Oryginalny mini bob (Zipflbob) w kolorze czerwonym&#8221; google_fonts=&#8221;font_family:Roboto%20Condensed%3A300%2C300italic%2Cregular%2Citalic%2C700%2C700italic|font_style:400%20regular%3A400%3Anormal&#8221;][vc_wp_text]Oryginalny mini bob (Zipfelbob) w kolorze czerwonym istnieje od 1976 roku. Producenci z Dalekiego Wschodu r\u00f3wnie? u?ywaj? kombinacji kolor\u00f3w &#8222;czerwonego i czarnego&#8221; dla swoich kopii, aby sprawia? wra?enie, ?e jest to oryginalny mini bob. Tylko z oryginalnym logo mini bob czerwony zipflbob jest naprawd? oryginalnym&hellip;<\/p>\n","protected":false},"author":1,"featured_media":0,"parent":0,"menu_order":0,"comment_status":"closed","ping_status":"closed","template":"","meta":{"_acf_changed":false,"footnotes":""},"class_list":["post-161754","page","type-page","status-publish","hentry","description-off"],"acf":[],"_links":{"self":[{"href":"https:\/\/mini-bob.com\/pl\/wp-json\/wp\/v2\/pages\/161754","targetHints":{"allow":["GET"]}}],"collection":[{"href":"https:\/\/mini-bob.com\/pl\/wp-json\/wp\/v2\/pages"}],"about":[{"href":"https:\/\/mini-bob.com\/pl\/wp-json\/wp\/v2\/types\/page"}],"author":[{"embeddable":true,"href":"https:\/\/mini-bob.com\/pl\/wp-json\/wp\/v2\/users\/1"}],"replies":[{"embeddable":true,"href":"https:\/\/mini-bob.com\/pl\/wp-json\/wp\/v2\/comments?post=161754"}],"version-history":[{"count":6,"href":"https:\/\/mini-bob.com\/pl\/wp-json\/wp\/v2\/pages\/161754\/revisions"}],"predecessor-version":[{"id":161769,"href":"https:\/\/mini-bob.com\/pl\/wp-json\/wp\/v2\/pages\/161754\/revisions\/161769"}],"wp:attachment":[{"href":"https:\/\/mini-bob.com\/pl\/wp-json\/wp\/v2\/media?parent=161754"}],"curies":[{"name":"wp","href":"https:\/\/api.w.org\/{rel}","templated":true}]}}