{"id":161763,"date":"2015-12-07T17:28:58","date_gmt":"2015-12-07T16:28:58","guid":{"rendered":"https:\/\/mini-bob.com\/metody-platnosci\/"},"modified":"2025-12-01T20:03:38","modified_gmt":"2025-12-01T19:03:38","slug":"metody-platnosci","status":"publish","type":"page","link":"https:\/\/mini-bob.com\/pl\/metody-platnosci\/","title":{"rendered":"Metody p?atno?ci"},"content":{"rendered":"<div class=\"woocommerce woocommerce-gzd\">\n\t<ul class=\"payment_methods methods\">\n\t\t\t\t\t<li class=\"payment_method_bacs\">\n\t\t\t\t<label>\u00dcberweisung<\/label>\n\t\t\t\t\t\t\t\t\t<div class=\"payment_box payment_method_bacs\">\n\t\t\t\t\t\t<p>Bezpo?rednio do naszego powi?zania bankowego. Numer zam\u00f3wienia nale?y traktowa? jako punkt kontrolny. Zam\u00f3wienie zostanie zrealizowane dopiero po wys?aniu na nasze konto.  <\/p>\n\t\t\t\t\t<\/div>\n\t\t\t\t\t\t\t<\/li>\n\t\t\t\t\t<li class=\"payment_method_stripe\">\n\t\t\t\t<label>Karta kredytowa\/debetowa<img decoding=\"async\" src=\"https:\/\/mini-bob.com\/wp-content\/plugins\/woocommerce-gateway-stripe\/assets\/images\/cards.svg\" class=\"stripe-cards-icon stripe-icon\" alt=\"Karta kredytowa\/debetowa\" \/><\/label>\n\t\t\t\t\t\t\t\t\t<div class=\"payment_box payment_method_stripe\">\n\t\t\t\t\t\t<p>Per Kreditkarte mittels Stripe bezahlen.<\/p>\n\t\t\t\t\t<\/div>\n\t\t\t\t\t\t\t<\/li>\n\t\t\t\t\t<li class=\"payment_method_stripe_link\">\n\t\t\t\t<label>Link<\/label>\n\t\t\t\t\t\t\t\t\t<div class=\"payment_box payment_method_stripe_link\">\n\t\t\t\t\t\t<p><\/p>\n\t\t\t\t\t<\/div>\n\t\t\t\t\t\t\t<\/li>\n\t\t\t\t\t<li class=\"payment_method_ppcp-gateway\">\n\t\t\t\t<label>PayPal<\/label>\n\t\t\t\t\t\t\t\t\t<div class=\"payment_box payment_method_ppcp-gateway\">\n\t\t\t\t\t\t<p>Nasze kompleksowe rozwi?zanie do obs?ugi p?atno?ci umo?liwia oferowanie opcji PayPal, Venmo, Pay Later i innych, aby zmaksymalizowa? konwersj?.<\/p>\n\t\t\t\t\t<\/div>\n\t\t\t\t\t\t\t<\/li>\n\t\t\t\t\t<li class=\"payment_method_ppcp-credit-card-gateway\">\n\t\t\t\t<label>Karty debetowe i kredytowe (PayPal)<\/label>\n\t\t\t\t\t\t\t\t\t<div class=\"payment_box payment_method_ppcp-credit-card-gateway\">\n\t\t\t\t\t\t<p>Bezahle mit deiner Kreditkarte.<\/p>\n\t\t\t\t\t<\/div>\n\t\t\t\t\t\t\t<\/li>\n\t\t\t<\/ul>\n<\/div>\n","protected":false},"excerpt":{"rendered":"<p>\u00dcberweisung Bezpo?rednio do naszego powi?zania bankowego. Numer zam\u00f3wienia nale?y traktowa? jako punkt kontrolny. Zam\u00f3wienie zostanie zrealizowane dopiero po wys?aniu na nasze konto. Karta kredytowa\/debetowa Per Kreditkarte mittels Stripe bezahlen. Link PayPal Nasze kompleksowe rozwi?zanie do obs?ugi p?atno?ci umo?liwia oferowanie opcji PayPal, Venmo, Pay Later i innych, aby zmaksymalizowa? konwersj?. Karty debetowe i kredytowe (PayPal) Bezahle&hellip;<\/p>\n","protected":false},"author":1,"featured_media":0,"parent":0,"menu_order":0,"comment_status":"closed","ping_status":"closed","template":"","meta":{"_acf_changed":false,"footnotes":""},"class_list":["post-161763","page","type-page","status-publish","hentry","description-off"],"acf":[],"_links":{"self":[{"href":"https:\/\/mini-bob.com\/pl\/wp-json\/wp\/v2\/pages\/161763","targetHints":{"allow":["GET"]}}],"collection":[{"href":"https:\/\/mini-bob.com\/pl\/wp-json\/wp\/v2\/pages"}],"about":[{"href":"https:\/\/mini-bob.com\/pl\/wp-json\/wp\/v2\/types\/page"}],"author":[{"embeddable":true,"href":"https:\/\/mini-bob.com\/pl\/wp-json\/wp\/v2\/users\/1"}],"replies":[{"embeddable":true,"href":"https:\/\/mini-bob.com\/pl\/wp-json\/wp\/v2\/comments?post=161763"}],"version-history":[{"count":1,"href":"https:\/\/mini-bob.com\/pl\/wp-json\/wp\/v2\/pages\/161763\/revisions"}],"predecessor-version":[{"id":161789,"href":"https:\/\/mini-bob.com\/pl\/wp-json\/wp\/v2\/pages\/161763\/revisions\/161789"}],"wp:attachment":[{"href":"https:\/\/mini-bob.com\/pl\/wp-json\/wp\/v2\/media?parent=161763"}],"curies":[{"name":"wp","href":"https:\/\/api.w.org\/{rel}","templated":true}]}}