{"id":161764,"date":"2015-12-07T17:28:58","date_gmt":"2015-12-07T16:28:58","guid":{"rendered":"https:\/\/mini-bob.com\/metody-wysylki\/"},"modified":"2025-12-01T20:03:33","modified_gmt":"2025-12-01T19:03:33","slug":"metody-wysylki","status":"publish","type":"page","link":"https:\/\/mini-bob.com\/pl\/metody-wysylki\/","title":{"rendered":"Metody wysy?ki"},"content":{"rendered":"<p>Metody wysy?ki<\/p>\n<p>Informacje o cenie<\/p>\n<p>Koszty wysy?ki zale?? od ilo?ci zam\u00f3wionych towar\u00f3w i metody wysy?ki. Zostan? one podane podczas procesu sk?adania zam\u00f3wienia. <\/p>\n<p>Poni?sza lista ma charakter informacyjny i orientacyjny.<br \/>\nRzeczywiste koszty wysy?ki s? okre?lane podczas procesu zamawiania, kt\u00f3ry mo?na anulowa? w dowolnym momencie.<\/p>\n<p>Koszty wysy?ki:<\/p>\n<p>Na terenie Niemiec DHL Paket zrycza?towana stawka 4,99 EUR<br \/>\nPoza Niemcami, ale na terenie Europy* DHL Premium Paket zrycza?towana stawka 10,50 EUR<\/p>\n<p>Przesy?ki do Szwajcarii s? obs?ugiwane przez DHL jako ubezpieczone paczki po zrycza?towanej stawce 26,90 EUR - nale?y zwr\u00f3ci? uwag? na przepisy celne w swoim kraju!<\/p>\n<p>Przesy?ki poza UE i inne kraje (np. Norwegia, Finlandia) s? obs?ugiwane przez DHL jako ubezpieczona paczka ze zrycza?towan? stawk? 26,90 EUR - nale?y zwr\u00f3ci? uwag? na przepisy celne w swoim kraju!<\/p>\n<p>Przesy?ki za pobraniem plus op?ata DHL w wysoko?ci 4,00 EUR <\/p>\n<p>Wszystkie ceny dla adres\u00f3w dostawy w UE zawieraj? niemiecki podatek VAT 19% - nale?y zwr\u00f3ci? uwag? na przepisy celne w swoim kraju! <\/p>\n<p>*W przypadku dostaw poza terytorium Niemiec mog? obowi?zywa? dodatkowe c?a, podatki i op?aty<br \/>\nOp?ata za zwrot niedor?czalnych przesy?ek DHL (par. 4 ust. 6 GTC PAKET\/EXPRESS NATIONAL), pod warunkiem, ?e DHL nie ponosi odpowiedzialno?ci za niedor?czalno??: 4,99 EUR za przesy?k?.<br \/>\nOp?ata za zwrot w wysoko?ci 4,99 EUR zostanie r\u00f3wnie? naliczona za wcze?niejsz? dyspozycj? (&#8222;Natychmiastowy zwrot&#8221;, &#8222;Niedor?czalna wiadomo??&#8221;, &#8222;Zaplanowane dor?czenie&#8221;, &#8222;Brak dor?czenia w s?siedztwie&#8221;) we wszystkich przypadkach, w kt\u00f3rych dokonywana jest przesy?ka zwrotna.<\/p>\n<p>Obowi?zuj? Og\u00f3lne Warunki DHL Parcel\/Express National (OWU Parcel\/Express National) w aktualnej wersji (dost?pne na stronie www.dhl.de).<\/p>\n","protected":false},"excerpt":{"rendered":"<p>Metody wysy?ki Informacje o cenie Koszty wysy?ki zale?? od ilo?ci zam\u00f3wionych towar\u00f3w i metody wysy?ki. Zostan? one podane podczas procesu sk?adania zam\u00f3wienia. Poni?sza lista ma charakter informacyjny i orientacyjny. Rzeczywiste koszty wysy?ki s? okre?lane podczas procesu zamawiania, kt\u00f3ry mo?na anulowa? w dowolnym momencie. Koszty wysy?ki: Na terenie Niemiec DHL Paket zrycza?towana stawka 4,99 EUR Poza&hellip;<\/p>\n","protected":false},"author":1,"featured_media":0,"parent":0,"menu_order":0,"comment_status":"closed","ping_status":"closed","template":"","meta":{"_acf_changed":false,"footnotes":""},"class_list":["post-161764","page","type-page","status-publish","hentry","description-off"],"acf":[],"_links":{"self":[{"href":"https:\/\/mini-bob.com\/pl\/wp-json\/wp\/v2\/pages\/161764","targetHints":{"allow":["GET"]}}],"collection":[{"href":"https:\/\/mini-bob.com\/pl\/wp-json\/wp\/v2\/pages"}],"about":[{"href":"https:\/\/mini-bob.com\/pl\/wp-json\/wp\/v2\/types\/page"}],"author":[{"embeddable":true,"href":"https:\/\/mini-bob.com\/pl\/wp-json\/wp\/v2\/users\/1"}],"replies":[{"embeddable":true,"href":"https:\/\/mini-bob.com\/pl\/wp-json\/wp\/v2\/comments?post=161764"}],"version-history":[{"count":1,"href":"https:\/\/mini-bob.com\/pl\/wp-json\/wp\/v2\/pages\/161764\/revisions"}],"predecessor-version":[{"id":161779,"href":"https:\/\/mini-bob.com\/pl\/wp-json\/wp\/v2\/pages\/161764\/revisions\/161779"}],"wp:attachment":[{"href":"https:\/\/mini-bob.com\/pl\/wp-json\/wp\/v2\/media?parent=161764"}],"curies":[{"name":"wp","href":"https:\/\/api.w.org\/{rel}","templated":true}]}}