{"id":161771,"date":"2015-12-07T17:28:58","date_gmt":"2015-12-07T16:28:58","guid":{"rendered":"https:\/\/mini-bob.com\/polityka-anulowania\/"},"modified":"2015-12-07T17:28:58","modified_gmt":"2015-12-07T16:28:58","slug":"polityka-anulowania","status":"publish","type":"page","link":"https:\/\/mini-bob.com\/pl\/polityka-anulowania\/","title":{"rendered":"Polityka anulowania"},"content":{"rendered":"<h3>Prawo konsument\u00f3w do odst?pienia od umowy<\/h3>\n<p>(Konsumentem jest ka?da osoba fizyczna, kt\u00f3ra dokonuje czynno?ci prawnej w celach, kt\u00f3re w przewa?aj?cej mierze nie s? zwi?zane z jej dzia?alno?ci? handlow?, gospodarcz? lub zawodow?).<\/p>\n<h1>Polityka anulowania<\/h1>\n<h3>Prawo do anulowania<\/h3>\n<p>U?ytkownik ma prawo do odst?pienia od umowy w ci?gu czternastu dni bez podania przyczyny.<\/p>\n<p>Okres anulowania wynosi czterna?cie dni od daty,<\/p>\n<ul>\n<li>w kt\u00f3rym u?ytkownik lub wskazana przez niego osoba trzecia, kt\u00f3ra nie jest przewo?nikiem, wesz?a lub wesz?a w posiadanie towar\u00f3w, pod warunkiem ?e u?ytkownik zam\u00f3wi? jeden lub wi?cej towar\u00f3w w ramach jednego zam\u00f3wienia i s? one lub b?d? dostarczane w spos\u00f3b jednolity, lub<\/li>\n<li>w kt\u00f3rym u?ytkownik lub wskazana przez niego osoba trzecia, kt\u00f3ra nie jest przewo?nikiem, wesz?a w posiadanie ostatnich towar\u00f3w, pod warunkiem ?e u?ytkownik zam\u00f3wi? kilka towar\u00f3w w ramach jednego zam\u00f3wienia i s? one dostarczane oddzielnie, lub<\/li>\n<li>w kt\u00f3rym u?ytkownik lub wskazana przez niego osoba trzecia, kt\u00f3ra nie jest przewo?nikiem, wesz?a w posiadanie ostatniej cz??ciowej przesy?ki lub ostatniej sztuki, je?eli u?ytkownik zam\u00f3wi? towary dostarczane w kilku cz??ciowych przesy?kach lub sztukach, lub<\/li>\n<li>w kt\u00f3rym u?ytkownik lub wskazana przez niego osoba trzecia, kt\u00f3ra nie jest przewo?nikiem, wesz?a w posiadanie pierwszego towaru, pod warunkiem ?e u?ytkownik zawar? umow? o regularn? dostaw? towar\u00f3w przez okre?lony czas.<\/li>\n<\/ul>\n<p>Aby skorzysta? z prawa do odst?pienia od umowy, nale?y poinformowa? nas (Loeger GmbH, Hauptstra\u00dfe 57, Deutschland, Telefonnummer: +49(0)815892101, E-Mail-Adresse: info@mini-bob.com) o swojej decyzji o odst?pieniu od niniejszej umowy w drodze jednoznacznego o?wiadczenia (np. pismo wys?ane poczt?, e-mail). Mo?na skorzysta? z za??czonego przyk?adowego formularza odst?pienia od umowy, ale nie jest to obowi?zkowe. <\/p>\n<p>Aby dotrzyma? terminu odst?pienia od umowy, wystarczy wys?a? powiadomienie o skorzystaniu z prawa do odst?pienia od umowy przed up?ywem terminu odst?pienia od umowy.<\/p>\n<h3>Konsekwencje anulowania<\/h3>\n<p>W przypadku odst?pienia od niniejszej umowy, zwr\u00f3cimy u?ytkownikowi wszystkie otrzymane od niego p?atno?ci, w tym koszty dostawy (z wyj?tkiem dodatkowych koszt\u00f3w wynikaj?cych z wyboru przez u?ytkownika innego rodzaju dostawy ni? najta?szy oferowany przez nas rodzaj dostawy standardowej), bez zb?dnej zw?oki, a w ka?dym razie nie p\u00f3?niej ni? 14 dni od dnia, w kt\u00f3rym zostali?my poinformowani o decyzji u?ytkownika o odst?pieniu od niniejszej umowy. W celu dokonania zwrotu u?yjemy tych samych ?rodk\u00f3w p?atniczych, kt\u00f3rych u?y?e? w pierwotnej transakcji, chyba ?e wyra?nie uzgodniono inaczej; w ?adnym wypadku nie zostaniesz obci??ony ?adnymi op?atami za ten zwrot. <\/p>\n<p>Mo?emy odm\u00f3wi? zwrotu pieni?dzy do czasu otrzymania towar\u00f3w z powrotem lub do czasu dostarczenia przez u?ytkownika dowodu, ?e zwr\u00f3ci? towary, w zale?no?ci od tego, co nast?pi wcze?niej.<\/p>\n<p>U?ytkownik musi zwr\u00f3ci? lub przekaza? nam towary niezw?ocznie, a w ka?dym razie nie p\u00f3?niej ni? w ci?gu czternastu dni od dnia, w kt\u00f3rym poinformowa? nas o odst?pieniu od niniejszej umowy. Termin jest zachowany, je?li towary zostan? wys?ane przed up?ywem czternastu dni. <\/p>\n<p>U?ytkownik ponosi bezpo?rednie koszty zwrotu towar\u00f3w.<\/p>\n<p>U?ytkownik musi zap?aci? za utrat? warto?ci towar\u00f3w tylko wtedy, gdy utrata warto?ci wynika z obchodzenia si? z towarami, kt\u00f3re nie jest konieczne do sprawdzenia ich stanu, w?a?ciwo?ci i funkcjonalno?ci.<\/p>\n<h2>Przyk?adowy formularz anulowania<\/h2>\n<p>(Je?li chcesz anulowa? umow?, wype?nij i ode?lij ten formularz).<\/p>\n<p>- Do<\/p>\n<p>Loeger GmbH, Hauptstra\u00dfe 57, Niemcy, numer telefonu: +49(0)815892101, adres e-mail: info@mini-bob.com<\/p>\n<p>- Ja\/My (*) niniejszym odst?puj?\/odst?pujemy (*) od zawartej przeze mnie\/nas (*) umowy zakupu nast?puj?cych towar\u00f3w (*)\/?wiadczenia nast?puj?cej us?ugi (*)<\/p>\n<p>- Zam\u00f3wione w dniu (*)\/otrzymane w dniu (*)<\/p>\n<p>- Imi? i nazwisko konsumenta(-\u00f3w)<\/p>\n<p>- Adres konsumenta(-\u00f3w)<\/p>\n<p>- Podpis konsumenta(-\u00f3w) (tylko w przypadku powiadomienia na papierze)<\/p>\n<p>- data<\/p>\n<p>___________<br \/>\n(*) Niepotrzebne skre?li?.<\/p>\n","protected":false},"excerpt":{"rendered":"<p>Prawo konsument\u00f3w do odst?pienia od umowy (Konsumentem jest ka?da osoba fizyczna, kt\u00f3ra dokonuje czynno?ci prawnej w celach, kt\u00f3re w przewa?aj?cej mierze nie s? zwi?zane z jej dzia?alno?ci? handlow?, gospodarcz? lub zawodow?). Polityka anulowania Prawo do anulowania U?ytkownik ma prawo do odst?pienia od umowy w ci?gu czternastu dni bez podania przyczyny. Okres anulowania wynosi czterna?cie dni&hellip;<\/p>\n","protected":false},"author":1,"featured_media":0,"parent":0,"menu_order":0,"comment_status":"closed","ping_status":"closed","template":"","meta":{"_acf_changed":false,"footnotes":""},"class_list":["post-161771","page","type-page","status-publish","hentry","description-off"],"acf":[],"_links":{"self":[{"href":"https:\/\/mini-bob.com\/pl\/wp-json\/wp\/v2\/pages\/161771","targetHints":{"allow":["GET"]}}],"collection":[{"href":"https:\/\/mini-bob.com\/pl\/wp-json\/wp\/v2\/pages"}],"about":[{"href":"https:\/\/mini-bob.com\/pl\/wp-json\/wp\/v2\/types\/page"}],"author":[{"embeddable":true,"href":"https:\/\/mini-bob.com\/pl\/wp-json\/wp\/v2\/users\/1"}],"replies":[{"embeddable":true,"href":"https:\/\/mini-bob.com\/pl\/wp-json\/wp\/v2\/comments?post=161771"}],"version-history":[{"count":0,"href":"https:\/\/mini-bob.com\/pl\/wp-json\/wp\/v2\/pages\/161771\/revisions"}],"wp:attachment":[{"href":"https:\/\/mini-bob.com\/pl\/wp-json\/wp\/v2\/media?parent=161771"}],"curies":[{"name":"wp","href":"https:\/\/api.w.org\/{rel}","templated":true}]}}