{"id":161777,"date":"2015-12-16T19:20:05","date_gmt":"2015-12-16T18:20:05","guid":{"rendered":"https:\/\/mini-bob.com\/oryginalny-zipfelbob\/"},"modified":"2025-12-01T20:03:36","modified_gmt":"2025-12-01T19:03:36","slug":"oryginalny-zipfelbob","status":"publish","type":"page","link":"https:\/\/mini-bob.com\/pl\/oryginalny-zipfelbob\/","title":{"rendered":"oryginalny Zipfelbob"},"content":{"rendered":"<div class=\"wpb-content-wrapper\"><p>[vc_row][vc_column width=&#8221;1\/2&#8243;][vc_wp_text]<\/p>\n<p><img decoding=\"async\" class=\"wp-image-1733 size-medium\" src=\"\/wp-content\/uploads\/2014\/03\/mini-bob-rot-350px.png\" alt=\"Oryginalny zipflbob w kolorze czerwonym\"><\/p>\n<p>[\/vc_wp_text][\/vc_column][vc_column width=&#8221;1\/2&#8243; css=&#8221;.vc_custom_1660904565980{padding-top: 70px !important;}&#8221;][vc_wp_text]<img loading=\"lazy\" decoding=\"async\" class=\"alignnone wp-image-151941 size-large\" src=\"https:\/\/mini-bob.com\/wp-content\/uploads\/2023\/03\/220319_mini-bob_Logo_1976_RGB_RZ-1024x492.png\" alt=\"\" width=\"1024\" height=\"492\" srcset=\"https:\/\/mini-bob.com\/wp-content\/uploads\/2023\/03\/220319_mini-bob_Logo_1976_RGB_RZ-1024x492.png 1024w, https:\/\/mini-bob.com\/wp-content\/uploads\/2023\/03\/220319_mini-bob_Logo_1976_RGB_RZ-300x144.png 300w, https:\/\/mini-bob.com\/wp-content\/uploads\/2023\/03\/220319_mini-bob_Logo_1976_RGB_RZ-768x369.png 768w, https:\/\/mini-bob.com\/wp-content\/uploads\/2023\/03\/220319_mini-bob_Logo_1976_RGB_RZ-1536x737.png 1536w, https:\/\/mini-bob.com\/wp-content\/uploads\/2023\/03\/220319_mini-bob_Logo_1976_RGB_RZ-2048x983.png 2048w, https:\/\/mini-bob.com\/wp-content\/uploads\/2023\/03\/220319_mini-bob_Logo_1976_RGB_RZ-600x288.png 600w\" sizes=\"auto, (max-width: 1024px) 100vw, 1024px\" \/>[\/vc_wp_text][\/vc_column][\/vc_row][vc_row][vc_column][vc_wp_text]<\/p>\n<p>Tutaj znajdziesz wszystkie potrzebne informacje na temat prawdziwego Zipfelboba (mini boba).<\/p>\n<p>Zipfelbob (mini bob) jest produkowany przez Loeger GmbH w niezmienionej formie i sprzedawany na ca?ym ?wiecie od 1976 roku.<\/p>\n<p>W zak?adce &#8222;the mini bob&#8221; mo?na dowiedzie? si? wszystkiego o historii prawdziwego Zipfelboba.<\/p>\n<p>Nazwa Zipfelbob lub &#8222;Zipfybob&#8221; &#8222;Zipflbob&#8221; pochodzi z regionu alpejskiego i r\u00f3?ni si? w zale?no?ci od regionu.<\/p>\n<p>Zipfelbob jest prawdziwym mini bobem tylko wtedy, gdy jest opatrzony logo &#8222;Original mini bob&#8221;!<\/p>\n<p>[\/vc_wp_text]<style type=\"text\/css\" data-type=\"the7_shortcodes-inline-css\">#default-btn-c42964f0d600aade1d981165af062bcf.ico-right-side > i {\n  margin-right: 0px;\n  margin-left: 8px;\n}\n#default-btn-c42964f0d600aade1d981165af062bcf > i {\n  margin-right: 8px;\n}<\/style><a href=\"https:\/\/mini-bob.com\/pl\/\" class=\"default-btn-shortcode dt-btn dt-btn-l pulse animate-element animation-builder link-hover-off btn-inline-left \" id=\"default-btn-c42964f0d600aade1d981165af062bcf\" title=\"Dom mini boba - oryginalnego zipflboba\"><span>KLIKNIJ TUTAJ PO MINI BOB<\/span><\/a>[\/vc_column][\/vc_row][vc_row][vc_column][vc_column_text]Pomys? oryginalnego Zipfelboba lub Zipfyboba narodzi? si? w Austrii w 1976 roku i od tego czasu jest produkowany i sprzedawany pod nazw? &#8222;mini bob&#8221; przez Loeger GmbH w Niemczech.<\/p>\n<p>Jego innowacyjny, odwa?ny i unikalny kszta?t by? od tego czasu wielokrotnie kopiowany.[\/vc_column_text][vc_empty_space][\/vc_column][\/vc_row][vc_row][vc_column width=&#8221;1\/2&#8243;][vc_single_image image=&#8221;161781&#8243; img_size=&#8221;medium&#8221;][\/vc_column][vc_column width=&#8221;1\/2&#8243;][vc_single_image image=&#8221;161782&#8243; img_size=&#8221;medium&#8221;][\/vc_column][\/vc_row][vc_row][vc_column][vc_column_text]Oryginalny Zipfelbob (minibob) jest dost?pny w wielu r\u00f3?nych kolorach. Od momentu wynalezienia w 1976 roku dost?pne s? klasyczne kolory: czerwony, ?\u00f3?ty, pomara?czowy, czarny i zielony. Z biegiem lat dodano wiele innych kolor\u00f3w, cz?sto jako specjalne kolory limitowane. Wszystkie aktualne kolory mo?na znale?? w naszym <a href=\"https:\/\/mini-bob.com\/mini-bob-zipfelbob-shop\/\">sklepie<\/a>. Oryginalny minibob jest rozpoznawalny dzi?ki charakterystycznemu kszta?towi i logo &#8222;original mini bob&#8221;. Oryginalny Zipfelbob charakteryzuje si? wysok? jako?ci? i solidnym wykonaniem oraz jest w stanie wytrzyma? najbardziej ekstremalne warunki. Dzi?ki produkcji w Niemczech i wysokim standardom jako?ci zapewniamy, ?e nasz produkt spe?nia najwy?sze wymagania.[\/vc_column_text][\/vc_column][\/vc_row]<\/p>\n<\/div>","protected":false},"excerpt":{"rendered":"<p>[vc_row][vc_column width=&#8221;1\/2&#8243;][vc_wp_text] [\/vc_wp_text][\/vc_column][vc_column width=&#8221;1\/2&#8243; css=&#8221;.vc_custom_1660904565980{padding-top: 70px !important;}&#8221;][vc_wp_text][\/vc_wp_text][\/vc_column][\/vc_row][vc_row][vc_column][vc_wp_text] Tutaj znajdziesz wszystkie potrzebne informacje na temat prawdziwego Zipfelboba (mini boba). Zipfelbob (mini bob) jest produkowany przez Loeger GmbH w niezmienionej formie i sprzedawany na ca?ym ?wiecie od 1976 roku. W zak?adce &#8222;the mini bob&#8221; mo?na dowiedzie? si? wszystkiego o historii prawdziwego Zipfelboba. Nazwa Zipfelbob lub &#8222;Zipfybob&#8221; &#8222;Zipflbob&#8221;&hellip;<\/p>\n","protected":false},"author":1,"featured_media":0,"parent":0,"menu_order":0,"comment_status":"closed","ping_status":"closed","template":"","meta":{"_acf_changed":false,"footnotes":""},"class_list":["post-161777","page","type-page","status-publish","hentry","description-off"],"acf":[],"_links":{"self":[{"href":"https:\/\/mini-bob.com\/pl\/wp-json\/wp\/v2\/pages\/161777","targetHints":{"allow":["GET"]}}],"collection":[{"href":"https:\/\/mini-bob.com\/pl\/wp-json\/wp\/v2\/pages"}],"about":[{"href":"https:\/\/mini-bob.com\/pl\/wp-json\/wp\/v2\/types\/page"}],"author":[{"embeddable":true,"href":"https:\/\/mini-bob.com\/pl\/wp-json\/wp\/v2\/users\/1"}],"replies":[{"embeddable":true,"href":"https:\/\/mini-bob.com\/pl\/wp-json\/wp\/v2\/comments?post=161777"}],"version-history":[{"count":3,"href":"https:\/\/mini-bob.com\/pl\/wp-json\/wp\/v2\/pages\/161777\/revisions"}],"predecessor-version":[{"id":161785,"href":"https:\/\/mini-bob.com\/pl\/wp-json\/wp\/v2\/pages\/161777\/revisions\/161785"}],"wp:attachment":[{"href":"https:\/\/mini-bob.com\/pl\/wp-json\/wp\/v2\/media?parent=161777"}],"curies":[{"name":"wp","href":"https:\/\/api.w.org\/{rel}","templated":true}]}}