{"id":161788,"date":"2015-02-14T11:09:58","date_gmt":"2015-02-14T10:09:58","guid":{"rendered":"https:\/\/mini-bob.com\/mini-bob-w-latach-80-tych\/"},"modified":"2025-12-01T20:03:40","modified_gmt":"2025-12-01T19:03:40","slug":"mini-bob-w-latach-80-tych","status":"publish","type":"page","link":"https:\/\/mini-bob.com\/pl\/mini-bob-w-latach-80-tych\/","title":{"rendered":"mini bob w latach 80-tych"},"content":{"rendered":"<div class=\"wpb-content-wrapper\"><p>[vc_row][vc_column][vc_custom_heading text=&#8221;Lata 80&#8243; google_fonts=&#8221;font_family:Roboto%20Condensed%3A300%2C300italic%2Cregular%2Citalic%2C700%2C700italic|font_style:400%20regular%3A400%3Anormal&#8221;][vc_column_text]To, co zacz??o si? w latach 70-tych, nabra?o rozp?du w latach 80-tych. Ma?y plastikowy bob &#8222;mini bob&#8221; stawa? si? coraz bardziej popularny. <\/p>\n<p>Coraz wi?cej wi?kszych sklep\u00f3w sportowych i hurtowni dostrzega?o potencja? ma?ego plastikowego boba. Zw?aszcza dzieci odkry?y frajd? ze zje?d?ania now? interpretacj? ?opaty do w?gla - mini bobem. Ale r\u00f3wnie? doro?li coraz cz??ciej korzystali z mini boba. Dzi?ki dzieci?cej technice jazdy mini bobem wszyscy byli i s? nim zachwyceni. Wystarczy przesun?? joystick i ci??ar cia?a w wybranym kierunku, a mini bob wystartuje. Poci?gni?cie joysticka w kierunku cia?a powoduje hamowanie. Ta prostota sport\u00f3w zimowych by?a rewolucyjna i mog?a by? opanowana przez ka?dego od razu.      <\/p>\n<p>Opr\u00f3cz klasycznych kolor\u00f3w czerwonego, ?\u00f3?tego i niebieskiego (kt\u00f3re by?y dost?pne od pierwszej serii produkcyjnej), mini bob by? r\u00f3wnie? dost?pny przez kr\u00f3tki czas w modnych kolorach tamtych czas\u00f3w: neonowym zielonym, neonowym r\u00f3?owym i neonowym ?\u00f3?tym.<\/p>\n<p>Ze wzgl?du na sw\u00f3j unikalny kszta?t, mini bob szybko zyska? przydomek &#8222;Zipflbob&#8221; \/ &#8222;Zipfelbob&#8221; w regionie alpejskim.[\/vc_column_text][vc_empty_space]<style type=\"text\/css\" data-type=\"the7_shortcodes-inline-css\">#default-btn-4b30ab45d736e607cfdfb2ef9c7b63f6.ico-right-side > i {\n  margin-right: 0px;\n  margin-left: 8px;\n}\n#default-btn-4b30ab45d736e607cfdfb2ef9c7b63f6 > i {\n  margin-right: 8px;\n}<\/style><a href=\"https:\/\/mini-bob.com\/pl\/mini-bob-w-latach-90-tych\/\" class=\"default-btn-shortcode dt-btn dt-btn-l link-hover-off btn-inline-left \" id=\"default-btn-4b30ab45d736e607cfdfb2ef9c7b63f6\" title=\"mini bob w latach 90-tych\"><span>TUTAJ PRZECHODZI DO LAT 90-TYCH<\/span><\/a>[\/vc_column][\/vc_row][vc_row][vc_column][vc_empty_space][\/vc_column][\/vc_row][vc_row][vc_column]<style type=\"text\/css\" data-type=\"the7_shortcodes-inline-css\">.gallery-shortcode.gallery-masonry-shortcode-id-f4bae21a5fb4eb66162e4853db4d2f5a figure,\n.gallery-shortcode.gallery-masonry-shortcode-id-f4bae21a5fb4eb66162e4853db4d2f5a .rollover,\n.gallery-shortcode.gallery-masonry-shortcode-id-f4bae21a5fb4eb66162e4853db4d2f5a img,\n.gallery-shortcode.gallery-masonry-shortcode-id-f4bae21a5fb4eb66162e4853db4d2f5a .gallery-rollover {\n  border-radius: 0px;\n}\n.gallery-shortcode.gallery-masonry-shortcode-id-f4bae21a5fb4eb66162e4853db4d2f5a.enable-bg-rollover .gallery-rollover {\n  background: -webkit-linear-gradient();\n  background: linear-gradient();\n}\n.gallery-shortcode.gallery-masonry-shortcode-id-f4bae21a5fb4eb66162e4853db4d2f5a.enable-bg-rollover.hover-scale figure .rollover:after {\n  background: -webkit-linear-gradient();\n  background: linear-gradient();\n}\n.gallery-shortcode.gallery-masonry-shortcode-id-f4bae21a5fb4eb66162e4853db4d2f5a .gallery-zoom-ico {\n  width: 44px;\n  height: 44px;\n  line-height: 44px;\n  border-radius: 100px;\n  margin: -22px 0 0 -22px;\n  border-width: 0px;\n  color: #ffffff;\n}\n.dt-icon-bg-on.gallery-shortcode.gallery-masonry-shortcode-id-f4bae21a5fb4eb66162e4853db4d2f5a .gallery-zoom-ico {\n  background: rgba(255,255,255,0.3);\n  box-shadow: none;\n}\n.gallery-shortcode.gallery-masonry-shortcode-id-f4bae21a5fb4eb66162e4853db4d2f5a .gallery-zoom-ico:before,\n.gallery-shortcode.gallery-masonry-shortcode-id-f4bae21a5fb4eb66162e4853db4d2f5a .gallery-zoom-ico span {\n  font-size: 32px;\n  line-height: 44px;\n  color: #ffffff;\n}\n.gallery-shortcode.gallery-masonry-shortcode-id-f4bae21a5fb4eb66162e4853db4d2f5a:not(.resize-by-browser-width) .dt-css-grid {\n  grid-row-gap: 10px;\n  grid-column-gap: 10px;\n  grid-template-columns: repeat(auto-fill,minmax(,1fr));\n}\n.gallery-shortcode.gallery-masonry-shortcode-id-f4bae21a5fb4eb66162e4853db4d2f5a:not(.resize-by-browser-width) .dt-css-grid .double-width {\n  grid-column: span 2;\n}\n.cssgridlegacy.no-cssgrid .gallery-shortcode.gallery-masonry-shortcode-id-f4bae21a5fb4eb66162e4853db4d2f5a:not(.resize-by-browser-width) .dt-css-grid,\n.no-cssgridlegacy.no-cssgrid .gallery-shortcode.gallery-masonry-shortcode-id-f4bae21a5fb4eb66162e4853db4d2f5a:not(.resize-by-browser-width) .dt-css-grid {\n  display: flex;\n  flex-flow: row wrap;\n  margin: -5px;\n}\n.cssgridlegacy.no-cssgrid .gallery-shortcode.gallery-masonry-shortcode-id-f4bae21a5fb4eb66162e4853db4d2f5a:not(.resize-by-browser-width) .dt-css-grid .wf-cell,\n.no-cssgridlegacy.no-cssgrid .gallery-shortcode.gallery-masonry-shortcode-id-f4bae21a5fb4eb66162e4853db4d2f5a:not(.resize-by-browser-width) .dt-css-grid .wf-cell {\n  flex: 1 0 ;\n  max-width: 100%;\n  padding: 5px;\n  box-sizing: border-box;\n}\n.gallery-shortcode.gallery-masonry-shortcode-id-f4bae21a5fb4eb66162e4853db4d2f5a.resize-by-browser-width .dt-css-grid {\n  grid-template-columns: repeat(6,1fr);\n  grid-template-rows: auto;\n  grid-column-gap: 10px;\n  grid-row-gap: 10px;\n}\n.gallery-shortcode.gallery-masonry-shortcode-id-f4bae21a5fb4eb66162e4853db4d2f5a.resize-by-browser-width .dt-css-grid .double-width {\n  grid-column: span 2;\n}\n.cssgridlegacy.no-cssgrid .gallery-shortcode.gallery-masonry-shortcode-id-f4bae21a5fb4eb66162e4853db4d2f5a.resize-by-browser-width .dt-css-grid {\n  margin: -5px;\n}\n.cssgridlegacy.no-cssgrid .gallery-shortcode.gallery-masonry-shortcode-id-f4bae21a5fb4eb66162e4853db4d2f5a.resize-by-browser-width .dt-css-grid .wf-cell {\n  width: 16.666666666667%;\n  padding: 5px;\n}\n.cssgridlegacy.no-cssgrid .gallery-shortcode.gallery-masonry-shortcode-id-f4bae21a5fb4eb66162e4853db4d2f5a.resize-by-browser-width .dt-css-grid .wf-cell.double-width {\n  width: calc(16.666666666667%) * 2;\n}\n.gallery-shortcode.gallery-masonry-shortcode-id-f4bae21a5fb4eb66162e4853db4d2f5a.resize-by-browser-width:not(.centered-layout-list):not(.content-bg-on) .dt-css-grid {\n  grid-row-gap: 10px - ;\n}\n@media screen and (max-width: 1199px) {\n  .gallery-shortcode.gallery-masonry-shortcode-id-f4bae21a5fb4eb66162e4853db4d2f5a.resize-by-browser-width .dt-css-grid {\n    grid-template-columns: repeat(4,1fr);\n  }\n  .cssgridlegacy.no-cssgrid .gallery-shortcode.gallery-masonry-shortcode-id-f4bae21a5fb4eb66162e4853db4d2f5a.resize-by-browser-width .dt-css-grid .wf-cell,\n  .no-cssgridlegacy.no-cssgrid .gallery-shortcode.gallery-masonry-shortcode-id-f4bae21a5fb4eb66162e4853db4d2f5a.resize-by-browser-width .dt-css-grid .wf-cell {\n    width: 25%;\n  }\n  .cssgridlegacy.no-cssgrid .gallery-shortcode.gallery-masonry-shortcode-id-f4bae21a5fb4eb66162e4853db4d2f5a.resize-by-browser-width .dt-css-grid .wf-cell.double-width,\n  .no-cssgridlegacy.no-cssgrid .gallery-shortcode.gallery-masonry-shortcode-id-f4bae21a5fb4eb66162e4853db4d2f5a.resize-by-browser-width .dt-css-grid .wf-cell.double-width {\n    width: calc(25%)*2;\n  }\n}\n@media screen and (max-width: 991px) {\n  .gallery-shortcode.gallery-masonry-shortcode-id-f4bae21a5fb4eb66162e4853db4d2f5a.resize-by-browser-width .dt-css-grid {\n    grid-template-columns: repeat(3,1fr);\n  }\n  .cssgridlegacy.no-cssgrid .gallery-shortcode.gallery-masonry-shortcode-id-f4bae21a5fb4eb66162e4853db4d2f5a.resize-by-browser-width .dt-css-grid .wf-cell,\n  .no-cssgridlegacy.no-cssgrid .gallery-shortcode.gallery-masonry-shortcode-id-f4bae21a5fb4eb66162e4853db4d2f5a.resize-by-browser-width .dt-css-grid .wf-cell {\n    width: 33.333333333333%;\n  }\n  .cssgridlegacy.no-cssgrid .gallery-shortcode.gallery-masonry-shortcode-id-f4bae21a5fb4eb66162e4853db4d2f5a.resize-by-browser-width .dt-css-grid .wf-cell.double-width,\n  .no-cssgridlegacy.no-cssgrid .gallery-shortcode.gallery-masonry-shortcode-id-f4bae21a5fb4eb66162e4853db4d2f5a.resize-by-browser-width .dt-css-grid .wf-cell.double-width {\n    width: calc(33.333333333333%)*2;\n  }\n}\n@media screen and (max-width: 767px) {\n  .gallery-shortcode.gallery-masonry-shortcode-id-f4bae21a5fb4eb66162e4853db4d2f5a.resize-by-browser-width .dt-css-grid {\n    grid-template-columns: repeat(2,1fr);\n  }\n  .cssgridlegacy.no-cssgrid .gallery-shortcode.gallery-masonry-shortcode-id-f4bae21a5fb4eb66162e4853db4d2f5a.resize-by-browser-width .dt-css-grid .wf-cell,\n  .no-cssgridlegacy.no-cssgrid .gallery-shortcode.gallery-masonry-shortcode-id-f4bae21a5fb4eb66162e4853db4d2f5a.resize-by-browser-width .dt-css-grid .wf-cell {\n    width: 50%;\n  }\n  .cssgridlegacy.no-cssgrid .gallery-shortcode.gallery-masonry-shortcode-id-f4bae21a5fb4eb66162e4853db4d2f5a.resize-by-browser-width .dt-css-grid .wf-cell.double-width,\n  .no-cssgridlegacy.no-cssgrid .gallery-shortcode.gallery-masonry-shortcode-id-f4bae21a5fb4eb66162e4853db4d2f5a.resize-by-browser-width .dt-css-grid .wf-cell.double-width {\n    width: calc(50%)*2;\n  }\n}<\/style><div class=\"gallery-shortcode dt-gallery-container gallery-masonry-shortcode-id-f4bae21a5fb4eb66162e4853db4d2f5a mode-masonry jquery-filter dt-icon-bg-off quick-scale-img enable-bg-rollover resize-by-browser-width  hover-fade loading-effect-fade-in description-on-hover\" data-padding=\"5px\" data-cur-page=\"1\" data-post-limit=\"-1\" data-pagination-mode=\"none\" data-desktop-columns-num=\"6\" data-v-tablet-columns-num=\"3\" data-h-tablet-columns-num=\"4\" data-phone-columns-num=\"2\" data-width=\"0px\" data-columns=\"0\"><div class=\"iso-container\" ><div class=\"wf-cell iso-item\" data-post-id=\"161756\" data-date=\"2025-12-01T20:03:24+01:00\" data-name=\"Zipflbob 1970 niebieski\"><figure class=\"post visible\"><a href=\"https:\/\/mini-bob.com\/wp-content\/uploads\/2015\/02\/IMG_2812-1024.jpg\" class=\"rollover dt-pswp-item layzr-bg\" data-large_image_width=\"1024\" data-large_image_height=\"683\" data-dt-img-description=\"\" title=\"Zipflbob 1970 niebieski\"><img fetchpriority=\"high\" decoding=\"async\" class=\"preload-me iso-lazy-load aspect\" src=\"data:image\/svg+xml,%3Csvg%20xmlns%3D&#39;http%3A%2F%2Fwww.w3.org%2F2000%2Fsvg&#39;%20viewBox%3D&#39;0%200%20379%20379&#39;%2F%3E\" data-src=\"https:\/\/mini-bob.com\/wp-content\/uploads\/2015\/02\/IMG_2812-1024-379x379.jpg\" data-srcset=\"https:\/\/mini-bob.com\/wp-content\/uploads\/2015\/02\/IMG_2812-1024-379x379.jpg 379w, https:\/\/mini-bob.com\/wp-content\/uploads\/2015\/02\/IMG_2812-1024-569x569.jpg 569w\" loading=\"eager\" style=\"--ratio: 379 \/ 379\" sizes=\"(max-width: 379px) 100vw, 379px\" alt=\"Zipflbob Prototyp Zipflbob 1970\" width=\"379\" height=\"379\"  \/><span class=\"gallery-rollover\"><span class=\"gallery-zoom-ico icomoon-the7-font-the7-zoom-06\"><span><\/span><\/span><\/span><\/a><\/figure><\/div><div class=\"wf-cell iso-item\" data-post-id=\"161791\" data-date=\"2025-12-01T20:03:39+01:00\" data-name=\"cl-23\"><figure class=\"post visible\"><a href=\"https:\/\/mini-bob.com\/wp-content\/uploads\/2015\/02\/cl-23.jpg\" class=\"rollover dt-pswp-item layzr-bg\" data-large_image_width=\"1920\" data-large_image_height=\"1866\" data-dt-img-description=\"\" title=\"cl-23\"><img decoding=\"async\" class=\"preload-me iso-lazy-load aspect\" src=\"data:image\/svg+xml,%3Csvg%20xmlns%3D&#039;http%3A%2F%2Fwww.w3.org%2F2000%2Fsvg&#039;%20viewBox%3D&#039;0%200%20379%20379&#039;%2F%3E\" data-src=\"https:\/\/mini-bob.com\/wp-content\/uploads\/2015\/02\/cl-23-379x379.jpg\" data-srcset=\"https:\/\/mini-bob.com\/wp-content\/uploads\/2015\/02\/cl-23-379x379.jpg 379w, https:\/\/mini-bob.com\/wp-content\/uploads\/2015\/02\/cl-23-569x569.jpg 569w\" loading=\"eager\" style=\"--ratio: 379 \/ 379\" sizes=\"(max-width: 379px) 100vw, 379px\" alt=\"\" width=\"379\" height=\"379\"><span class=\"gallery-rollover\"><span class=\"gallery-zoom-ico icomoon-the7-font-the7-zoom-06\"><span><\/span><\/span><\/span><\/a><\/figure><\/div><\/div><!-- iso-container|iso-grid --><\/div>[\/vc_column][\/vc_row]<\/p>\n<\/div>","protected":false},"excerpt":{"rendered":"<p>[vc_row][vc_column][vc_custom_heading text=&#8221;Lata 80&#8243; google_fonts=&#8221;font_family:Roboto%20Condensed%3A300%2C300italic%2Cregular%2Citalic%2C700%2C700italic|font_style:400%20regular%3A400%3Anormal&#8221;][vc_column_text]To, co zacz??o si? w latach 70-tych, nabra?o rozp?du w latach 80-tych. Ma?y plastikowy bob &#8222;mini bob&#8221; stawa? si? coraz bardziej popularny. Coraz wi?cej wi?kszych sklep\u00f3w sportowych i hurtowni dostrzega?o potencja? ma?ego plastikowego boba. Zw?aszcza dzieci odkry?y frajd? ze zje?d?ania now? interpretacj? ?opaty do w?gla - mini bobem. Ale r\u00f3wnie? doro?li coraz&hellip;<\/p>\n","protected":false},"author":1,"featured_media":0,"parent":0,"menu_order":0,"comment_status":"closed","ping_status":"closed","template":"","meta":{"_acf_changed":false,"footnotes":""},"class_list":["post-161788","page","type-page","status-publish","hentry","description-off"],"acf":[],"_links":{"self":[{"href":"https:\/\/mini-bob.com\/pl\/wp-json\/wp\/v2\/pages\/161788","targetHints":{"allow":["GET"]}}],"collection":[{"href":"https:\/\/mini-bob.com\/pl\/wp-json\/wp\/v2\/pages"}],"about":[{"href":"https:\/\/mini-bob.com\/pl\/wp-json\/wp\/v2\/types\/page"}],"author":[{"embeddable":true,"href":"https:\/\/mini-bob.com\/pl\/wp-json\/wp\/v2\/users\/1"}],"replies":[{"embeddable":true,"href":"https:\/\/mini-bob.com\/pl\/wp-json\/wp\/v2\/comments?post=161788"}],"version-history":[{"count":5,"href":"https:\/\/mini-bob.com\/pl\/wp-json\/wp\/v2\/pages\/161788\/revisions"}],"predecessor-version":[{"id":161807,"href":"https:\/\/mini-bob.com\/pl\/wp-json\/wp\/v2\/pages\/161788\/revisions\/161807"}],"wp:attachment":[{"href":"https:\/\/mini-bob.com\/pl\/wp-json\/wp\/v2\/media?parent=161788"}],"curies":[{"name":"wp","href":"https:\/\/api.w.org\/{rel}","templated":true}]}}