{"id":162839,"date":"2024-10-21T15:37:08","date_gmt":"2024-10-21T13:37:08","guid":{"rendered":"https:\/\/mini-bob.com\/produkt\/sonderedition-oryginalny-mini-bob-sanki-zipfelbob-w-jaskrawozoltym-kolorze\/"},"modified":"2024-10-21T15:37:08","modified_gmt":"2024-10-21T13:37:08","slug":"sonderedition-oryginalny-mini-bob-sanki-zipfelbob-w-jaskrawozoltym-kolorze","status":"publish","type":"product","link":"https:\/\/mini-bob.com\/pl\/produkt\/sonderedition-oryginalny-mini-bob-sanki-zipfelbob-w-jaskrawozoltym-kolorze\/","title":{"rendered":"++SONDEREDITION++ Oryginalny mini bob (sanki Zipfelbob) w jaskrawo?\u00f3?tym kolorze"},"content":{"rendered":"<h2>++ EDYCJA SPECJALNA JASNO?\u00d3?TA ++<\/h2>\n<p>oryginalny mini bob w jasno?\u00f3?tym kolorze<\/p>\n<p>&nbsp;<\/p>\n<h2>Oryginalny mini bob (Zipfelbob) jasno?\u00f3?ty<\/h2>\n<p>Wynaleziony w Austrii w latach 70-tych, <strong>oryginalny mini bob<\/strong> (znany r\u00f3wnie? jako &#8222;Zipflbob&#8221;, &#8222;Zipfelbob&#8221; lub &#8222;Zipfybob&#8221;) jest produkowany przez nas w Niemczech od 1976 roku, nadal cz??ciowo r?cznie.<\/p>\n<p>Dzi?ki odpornej na uszkodzenia i zwartej konstrukcji korpusu z tworzywa sztucznego, kt\u00f3ra by?a z powodzeniem testowana przez dziesi?ciolecia, jasno?\u00f3?ty <strong>mini bob<\/strong> jest praktycznie niezniszczalny i przy wadze oko?o 1,7 kg nadal bardzo lekki. Niska pozycja siedz?ca, dostosowana do cia?a, umo?liwia wygodn? i niem?cz?c? zimow? zabaw? zar\u00f3wno m?odszym, jak i starszym. Od czasu jego wynalezienia w latach 70-tych, trzy pokolenia mog?y pod??a? za has?em: <g id=\"gid_1\">&#8222;Maxi fun with mini bob&#8221;<\/g>. <g id=\"gid_2\">Mini bob w jaskrawo?\u00f3?tym<\/g> kolorze jest odpowiedni dla ka?dego dzi?ki bezpiecznej obs?udze! Zabawa jest gwarantowana na kr\u00f3tkich i p?askich stokach saneczkowych, a tak?e na torach wy?cigowych. Dzi?ki stabilnej konstrukcji i ekstremalnej zwrotno?ci, du?e pr?dko?ci nie stanowi? problemu.     <\/p>\n<blockquote><p><span style=\"color: #ff0000;\">!! Uwaga !!! Duplikaty s? oferowane w r\u00f3?nych sklepach internetowych. Przy zakupie szukaj licencjonowanego sprzedawcy i logo mini bob !!!  <\/span><\/p><\/blockquote>\n<p>Oryginalny mini bob jest wielokrotnym zwyci?zc? krajowych i mi?dzynarodowych mistrzostw &#8222;Zipflbob&#8221;.<\/p>\n<p>Dane:<\/p>\n<h3>jasno?\u00f3?ty szpiczasty bob (mini bob)<\/h3>\n<p>Waga: oko?o 1,7 kg<br \/>\nWymiary d?. x szer. x wys. (w cm): 53 x 33 x 40<br \/>\nMateria?: HD PE (bez ftalan\u00f3w)<br \/>\nDopuszczalne obci??enie: maks. 100 kg<\/p>\n<p>Made in Germany - Wyprodukowano w Niemczech<\/p>\n<p>Uwaga: produkt nieodpowiedni dla dzieci poni?ej trzeciego roku ?ycia. U?ywa? pod bezpo?rednim nadzorem doros?ych.  Do stosowania ze sprz?tem ochronnym.<\/p>\n<p>Do naszych towar\u00f3w maj? zastosowanie ustawowe prawa gwarancyjne. Prosimy o zapoznanie si? z naszymi instrukcjami bezpiecze?stwa i <a href=\"https:\/\/mini-bob.com\/pl\/faq\/\" target=\"_blank\" rel=\"noopener noreferrer\">FAQ<\/a>! <\/p>\n<p>Wi?cej interesuj?cych informacji na temat <strong>oryginalnego Zipfelboba<\/strong> w <strong>kolorze jasno?\u00f3?tym<\/strong> mo?na znale?? na stronie <strong>internetowej mini bob<\/strong>: <strong><a href=\"https:\/\/mini-bob.com\/pl\/mini-bob\/\" target=\"_blank\" rel=\"noopener noreferrer\">oryginalna strona mini bob<\/a><\/strong><\/p>\n<p>Sprzeda? tylko w normalnych ilo?ciach domowych - tylko do u?ytku prywatnego! Odsprzeda? komercyjna (za dop?at?) jest zabroniona! <\/p>\n","protected":false},"excerpt":{"rendered":"<h3><strong>+WYDANIE SPECJALNE+<\/strong><\/h3>\n<p>Oryginalny mini bob w jaskrawo?\u00f3?tym kolorze - Zipflbob jaskrawo?\u00f3?ty. ko?c\u00f3wka bob w jaskrawo?\u00f3?tym kolorze <\/p>\n","protected":false},"featured_media":162848,"comment_status":"open","ping_status":"closed","template":"","meta":{"_acf_changed":false},"product_brand":[],"product_cat":[1717,1718],"product_tag":[],"class_list":{"0":"post-162839","1":"product","2":"type-product","3":"status-publish","4":"has-post-thumbnail","6":"product_cat-mini-bob-edycja-specjalna","7":"product_cat-minibob","8":"product_shipping_class-minibob","9":"description-off","11":"first","12":"instock","13":"featured","14":"taxable","15":"shipping-taxable","16":"purchasable","17":"product-type-simple"},"acf":[],"_links":{"self":[{"href":"https:\/\/mini-bob.com\/pl\/wp-json\/wp\/v2\/product\/162839","targetHints":{"allow":["GET"]}}],"collection":[{"href":"https:\/\/mini-bob.com\/pl\/wp-json\/wp\/v2\/product"}],"about":[{"href":"https:\/\/mini-bob.com\/pl\/wp-json\/wp\/v2\/types\/product"}],"replies":[{"embeddable":true,"href":"https:\/\/mini-bob.com\/pl\/wp-json\/wp\/v2\/comments?post=162839"}],"wp:featuredmedia":[{"embeddable":true,"href":"https:\/\/mini-bob.com\/pl\/wp-json\/wp\/v2\/media\/162848"}],"wp:attachment":[{"href":"https:\/\/mini-bob.com\/pl\/wp-json\/wp\/v2\/media?parent=162839"}],"wp:term":[{"taxonomy":"product_brand","embeddable":true,"href":"https:\/\/mini-bob.com\/pl\/wp-json\/wp\/v2\/product_brand?post=162839"},{"taxonomy":"product_cat","embeddable":true,"href":"https:\/\/mini-bob.com\/pl\/wp-json\/wp\/v2\/product_cat?post=162839"},{"taxonomy":"product_tag","embeddable":true,"href":"https:\/\/mini-bob.com\/pl\/wp-json\/wp\/v2\/product_tag?post=162839"}],"curies":[{"name":"wp","href":"https:\/\/api.w.org\/{rel}","templated":true}]}}