{"id":163010,"date":"2020-10-22T16:34:13","date_gmt":"2020-10-22T14:34:13","guid":{"rendered":"https:\/\/mini-bob.com\/produkt\/oryginalny-mini-bob-sanki-zipfelbob-w-kolorze-zoltym\/"},"modified":"2026-02-07T10:05:00","modified_gmt":"2026-02-07T09:05:00","slug":"oryginalny-mini-bob-sanki-zipfelbob-w-kolorze-zoltym","status":"publish","type":"product","link":"https:\/\/mini-bob.com\/pl\/produkt\/oryginalny-mini-bob-sanki-zipfelbob-w-kolorze-zoltym\/","title":{"rendered":"Oryginalny mini bob (sanki Zipfelbob) w kolorze ?\u00f3?tym"},"content":{"rendered":"<h2>Oryginalny mini bob (Zipfelbob) ?\u00f3?ty<\/h2>\n<p>Produkowany w Niemczech od 1976 roku jako nie?amliwy i lekki bob z tworzywa sztucznego. <strong>Oryginalny mini bob<\/strong> w kolorze ?\u00f3?tym ma ergonomiczne siedzisko ze specjalnego materia?u, kt\u00f3ry jest r\u00f3wnie? u?ywany w przemy?le motoryzacyjnym. Bardzo wytrzyma?y joystick, kt\u00f3ry jest na sta?e przymocowany do ?\u00f3?tego (Zipflbob) mini boba, jest r\u00f3wnie? ergonomicznie ukszta?towany i antypo?lizgowy, aby dopasowa? si? do kszta?tu d?oni. Rowki na spodzie mini boba zapewniaj? stabilno?? kierunkow?.   <\/p>\n<blockquote><p><span style=\"color: #ff0000;\">!! Uwaga !!! Duplikaty s? oferowane w r\u00f3?nych sklepach internetowych. Przy zakupie nale?y szuka? licencjonowanego sprzedawcy i logo mini bob!  <\/span><\/p><\/blockquote>\n<p>Dane:<\/p>\n<h3>?\u00f3?ty szpiczasty bob (mini bob)<\/h3>\n<p>Waga: oko?o 1,7 kg<br \/>\nWymiary d?. x szer. x wys. (w cm): 53 x 33 x 40<br \/>\nMateria?: HD PE (bez ftalan\u00f3w)<br \/>\nDopuszczalne obci??enie: maks. 100 kg<br \/>\nMade in Germany - Wyprodukowano w Niemczech<\/p>\n<p>Uwaga: produkt nieodpowiedni dla dzieci poni?ej trzeciego roku ?ycia. U?ywa? pod bezpo?rednim nadzorem doros?ych.  Do stosowania ze sprz?tem ochronnym.<\/p>\n<p>Do naszych towar\u00f3w maj? zastosowanie ustawowe prawa gwarancyjne. Prosimy o zapoznanie si? z naszymi instrukcjami bezpiecze?stwa i <a href=\"https:\/\/mini-bob.com\/pl\/faq\/\" target=\"_blank\" rel=\"noopener noreferrer\">FAQ<\/a>! <\/p>\n<p>Wi?cej interesuj?cych informacji na temat oryginalnego Zipfelboba mo?na znale?? na stronie <strong>internetowej mini bob<\/strong>: <strong><a href=\"https:\/\/mini-bob.com\/pl\/mini-bob\/\">oryginalna strona mini bob<\/a><\/strong><\/p>\n<p>Sprzeda? tylko w normalnych ilo?ciach domowych - tylko do u?ytku prywatnego! Odsprzeda? komercyjna (za dop?at?) jest zabroniona! <\/p>\n","protected":false},"excerpt":{"rendered":"<p>Oryginalny mini bob w kolorze ?\u00f3?tym - zipflbob ?\u00f3?ty<\/p>\n","protected":false},"featured_media":163016,"comment_status":"open","ping_status":"closed","template":"","meta":{"_acf_changed":false},"product_brand":[],"product_cat":[1718,1831],"product_tag":[1833,1834,1835,1836,1832],"class_list":{"0":"post-163010","1":"product","2":"type-product","3":"status-publish","4":"has-post-thumbnail","6":"product_cat-minibob","7":"product_cat-minibob-edycje-standardowe","8":"product_tag-zolty-zipflbob","9":"product_tag-minibob-zolty","10":"product_tag-plastikowy-bob-zolty","11":"product_tag-zipfy-zolty","12":"product_tag-zipfybob-zolty","13":"product_shipping_class-minibob","14":"description-off","16":"first","17":"outofstock","18":"featured","19":"taxable","20":"shipping-taxable","21":"purchasable","22":"product-type-simple"},"acf":[],"_links":{"self":[{"href":"https:\/\/mini-bob.com\/pl\/wp-json\/wp\/v2\/product\/163010","targetHints":{"allow":["GET"]}}],"collection":[{"href":"https:\/\/mini-bob.com\/pl\/wp-json\/wp\/v2\/product"}],"about":[{"href":"https:\/\/mini-bob.com\/pl\/wp-json\/wp\/v2\/types\/product"}],"replies":[{"embeddable":true,"href":"https:\/\/mini-bob.com\/pl\/wp-json\/wp\/v2\/comments?post=163010"}],"wp:featuredmedia":[{"embeddable":true,"href":"https:\/\/mini-bob.com\/pl\/wp-json\/wp\/v2\/media\/163016"}],"wp:attachment":[{"href":"https:\/\/mini-bob.com\/pl\/wp-json\/wp\/v2\/media?parent=163010"}],"wp:term":[{"taxonomy":"product_brand","embeddable":true,"href":"https:\/\/mini-bob.com\/pl\/wp-json\/wp\/v2\/product_brand?post=163010"},{"taxonomy":"product_cat","embeddable":true,"href":"https:\/\/mini-bob.com\/pl\/wp-json\/wp\/v2\/product_cat?post=163010"},{"taxonomy":"product_tag","embeddable":true,"href":"https:\/\/mini-bob.com\/pl\/wp-json\/wp\/v2\/product_tag?post=163010"}],"curies":[{"name":"wp","href":"https:\/\/api.w.org\/{rel}","templated":true}]}}