{"id":163019,"date":"2020-01-22T16:24:39","date_gmt":"2020-01-22T15:24:39","guid":{"rendered":"https:\/\/mini-bob.com\/produkt\/oryginalny-mini-bob-sanki-zipfelbob-w-kolorze-niebieskim\/"},"modified":"2026-01-05T16:22:27","modified_gmt":"2026-01-05T15:22:27","slug":"oryginalny-mini-bob-sanki-zipfelbob-w-kolorze-niebieskim","status":"publish","type":"product","link":"https:\/\/mini-bob.com\/pl\/produkt\/oryginalny-mini-bob-sanki-zipfelbob-w-kolorze-niebieskim\/","title":{"rendered":"Oryginalny mini bob (sanki Zipfelbob) w kolorze niebieskim"},"content":{"rendered":"<h2>Oryginalny mini bob (Zipfelbob) niebieski<\/h2>\n<p>Produkowany w Niemczech od 1976 roku jako nie?amliwy i lekki bob z tworzywa sztucznego. Oryginalny mini bob w kolorze niebieskim ma ergonomiczne siedzisko ze specjalnego materia?u, kt\u00f3ry jest r\u00f3wnie? u?ywany w przemy?le motoryzacyjnym. Bardzo wytrzyma?y joystick, kt\u00f3ry jest na sta?e przymocowany do niebieskiego (zipflbob) mini boba, jest r\u00f3wnie? ergonomicznie ukszta?towany i antypo?lizgowy, aby dopasowa? si? do kszta?tu d?oni. Rowki na spodzie mini boba zapewniaj? stabilno?? kierunkow? i stabilno?? jazdy.   <\/p>\n<blockquote><p><span style=\"color: #ff0000;\">!! Uwaga !!! Duplikaty s? oferowane w r\u00f3?nych sklepach internetowych. Przy zakupie szukaj licencjonowanego sprzedawcy i logo mini bob!<\/span><\/p><\/blockquote>\n<p>Dane:<\/p>\n<h3>niebieski szpiczasty bob (mini bob)<\/h3>\n<p>Waga: oko?o 1,7 kg<br \/>\nWymiary d?. x szer. x wys. (w cm): 53 x 33 x 40<br \/>\nMateria?: HD PE (bez ftalan\u00f3w)<br \/>\nDopuszczalne obci??enie: maks. 100 kg<br \/>\nMade in Germany - Wyprodukowano w Niemczech<\/p>\n<p>Uwaga: produkt nieodpowiedni dla dzieci poni?ej trzeciego roku ?ycia. U?ywa? pod bezpo?rednim nadzorem doros?ych.  Do stosowania ze sprz?tem ochronnym.<\/p>\n<p>Do naszych towar\u00f3w maj? zastosowanie ustawowe prawa gwarancyjne. Prosimy o zapoznanie si? z naszymi instrukcjami bezpiecze?stwa i <a href=\"https:\/\/mini-bob.com\/pl\/faq\/\" target=\"_blank\" rel=\"noopener noreferrer\">FAQ<\/a>! <\/p>\n<p>Wi?cej interesuj?cych informacji na temat oryginalnego Zipfelboba mo?na znale?? na stronie <strong>internetowej mini bob<\/strong>: <strong><a href=\"https:\/\/mini-bob.com\/pl\/mini-bob\/\">oryginalna strona mini bob<\/a><\/strong><\/p>\n<p>Sprzeda? tylko w normalnych ilo?ciach domowych - tylko do u?ytku prywatnego! Odsprzeda? komercyjna (za dop?at?) jest zabroniona! <\/p>\n","protected":false},"excerpt":{"rendered":"<p>Oryginalny mini bob w kolorze niebieskim - zipflbob blue<\/p>\n","protected":false},"featured_media":163022,"comment_status":"open","ping_status":"closed","template":"","meta":{"_acf_changed":false},"product_brand":[],"product_cat":[1718,1831],"product_tag":[1848,1849,1850,1851,1847],"class_list":{"0":"post-163019","1":"product","2":"type-product","3":"status-publish","4":"has-post-thumbnail","6":"product_cat-minibob","7":"product_cat-minibob-edycje-standardowe","8":"product_tag-niebieski-zipflbob","9":"product_tag-plastikowy-bob-niebieski","10":"product_tag-zipfybob-niebieski","11":"product_tag-zipfy-niebieski","12":"product_tag-minibob-niebieski","13":"product_shipping_class-minibob","14":"description-off","16":"first","17":"instock","18":"featured","19":"taxable","20":"shipping-taxable","21":"purchasable","22":"product-type-simple"},"acf":[],"_links":{"self":[{"href":"https:\/\/mini-bob.com\/pl\/wp-json\/wp\/v2\/product\/163019","targetHints":{"allow":["GET"]}}],"collection":[{"href":"https:\/\/mini-bob.com\/pl\/wp-json\/wp\/v2\/product"}],"about":[{"href":"https:\/\/mini-bob.com\/pl\/wp-json\/wp\/v2\/types\/product"}],"replies":[{"embeddable":true,"href":"https:\/\/mini-bob.com\/pl\/wp-json\/wp\/v2\/comments?post=163019"}],"wp:featuredmedia":[{"embeddable":true,"href":"https:\/\/mini-bob.com\/pl\/wp-json\/wp\/v2\/media\/163022"}],"wp:attachment":[{"href":"https:\/\/mini-bob.com\/pl\/wp-json\/wp\/v2\/media?parent=163019"}],"wp:term":[{"taxonomy":"product_brand","embeddable":true,"href":"https:\/\/mini-bob.com\/pl\/wp-json\/wp\/v2\/product_brand?post=163019"},{"taxonomy":"product_cat","embeddable":true,"href":"https:\/\/mini-bob.com\/pl\/wp-json\/wp\/v2\/product_cat?post=163019"},{"taxonomy":"product_tag","embeddable":true,"href":"https:\/\/mini-bob.com\/pl\/wp-json\/wp\/v2\/product_tag?post=163019"}],"curies":[{"name":"wp","href":"https:\/\/api.w.org\/{rel}","templated":true}]}}