{"id":163028,"date":"2025-06-22T15:55:15","date_gmt":"2025-06-22T13:55:15","guid":{"rendered":"https:\/\/mini-bob.com\/produkt\/oryginalny-mini-bob-zipfelbob-tobogan-w-kolorze-czerwonym\/"},"modified":"2026-02-16T00:09:50","modified_gmt":"2026-02-15T23:09:50","slug":"oryginalny-mini-bob-zipfelbob-tobogan-w-kolorze-czerwonym","status":"publish","type":"product","link":"https:\/\/mini-bob.com\/pl\/produkt\/oryginalny-mini-bob-zipfelbob-tobogan-w-kolorze-czerwonym\/","title":{"rendered":"Oryginalny mini bob (Zipfelbob tobogan) w kolorze czerwonym"},"content":{"rendered":"<h2>Oryginalny mini bob (Zipfelbob) czerwony<\/h2>\n<p>Wynaleziony w Austrii w latach 70-tych, <strong>oryginalny mini bob<\/strong> (znany r\u00f3wnie? jako &#8222;Zipflbob&#8221;, &#8222;Zipfelbob&#8221; lub &#8222;Zipfybob&#8221;) jest produkowany przez nas w Niemczech od 1976 roku, cz??ciowo nadal r?cznie, jako odporny na uszkodzenia i lekki tobogan.<\/p>\n<p>Oryginalny mini bob w kolorze czerwonym posiada ergonomiczne siedzisko ze specjalnego materia?u siedziska, kt\u00f3ry jest r\u00f3wnie? u?ywany w przemy?le motoryzacyjnym. Wysoce wytrzyma?y joystick, kt\u00f3ry jest na sta?e przymocowany do czerwonego (zipflbob) mini boba, jest r\u00f3wnie? ergonomicznie ukszta?towany i antypo?lizgowy, aby dopasowa? si? do kszta?tu d?oni. Rowki na spodzie mini boba zapewniaj? stabilno?? kierunkow?.  <\/p>\n<blockquote><p><span style=\"color: #ff0000;\">!! Uwaga !!! Duplikaty s? oferowane w r\u00f3?nych sklepach internetowych. Przy zakupie nale?y szuka? licencjonowanego sprzedawcy i logo mini bob!  <\/span><\/p><\/blockquote>\n<p>Dane:<\/p>\n<h3>czerwony szpiczasty bob (mini bob)<\/h3>\n<p>Waga: oko?o 1,7 kg<br \/>\nWymiary d?. x szer. x wys. (w cm): 53 x 33 x 40<br \/>\nMateria?: HD PE (bez ftalan\u00f3w)<br \/>\nDopuszczalne obci??enie: maks. 100 kg<br \/>\nMade in Germany - Wyprodukowano w Niemczech<\/p>\n<p>Uwaga: produkt nieodpowiedni dla dzieci poni?ej trzeciego roku ?ycia. U?ywa? pod bezpo?rednim nadzorem doros?ych.  Do stosowania ze sprz?tem ochronnym.<\/p>\n<p>Do naszych towar\u00f3w maj? zastosowanie ustawowe prawa gwarancyjne. Prosimy o zapoznanie si? z naszymi instrukcjami bezpiecze?stwa i <a href=\"https:\/\/mini-bob.com\/pl\/faq\/\" target=\"_blank\" rel=\"noopener noreferrer\">FAQ<\/a>! <\/p>\n<p>Wi?cej interesuj?cych informacji na temat oryginalnego Zipfelboba mo?na znale?? na stronie <strong>internetowej mini bob<\/strong>: <strong><a href=\"https:\/\/mini-bob.com\/pl\/mini-bob\/\">oryginalna strona mini bob<\/a><\/strong><\/p>\n<p>Sprzeda? tylko w normalnych ilo?ciach domowych - tylko do u?ytku prywatnego! Odsprzeda? komercyjna (za dop?at?) jest zabroniona! <\/p>\n","protected":false},"excerpt":{"rendered":"<p>Oryginalny mini bob w kolorze czerwonym - zipflbob red<\/p>\n","protected":false},"featured_media":163047,"comment_status":"open","ping_status":"closed","template":"","meta":{"_acf_changed":false},"product_brand":[],"product_cat":[1831,1718],"product_tag":[1861,1862,1863,1864,1865],"class_list":{"0":"post-163028","1":"product","2":"type-product","3":"status-publish","4":"has-post-thumbnail","6":"product_cat-minibob-edycje-standardowe","7":"product_cat-minibob","8":"product_tag-zipflbob-czerwony","9":"product_tag-minibob-czerwony","10":"product_tag-czerwony-plastikowy-bob","11":"product_tag-zipfybob-czerwony","12":"product_tag-zipfy-czerwony","13":"product_shipping_class-minibob","14":"description-off","16":"first","17":"instock","18":"featured","19":"taxable","20":"shipping-taxable","21":"purchasable","22":"product-type-simple"},"acf":[],"_links":{"self":[{"href":"https:\/\/mini-bob.com\/pl\/wp-json\/wp\/v2\/product\/163028","targetHints":{"allow":["GET"]}}],"collection":[{"href":"https:\/\/mini-bob.com\/pl\/wp-json\/wp\/v2\/product"}],"about":[{"href":"https:\/\/mini-bob.com\/pl\/wp-json\/wp\/v2\/types\/product"}],"replies":[{"embeddable":true,"href":"https:\/\/mini-bob.com\/pl\/wp-json\/wp\/v2\/comments?post=163028"}],"wp:featuredmedia":[{"embeddable":true,"href":"https:\/\/mini-bob.com\/pl\/wp-json\/wp\/v2\/media\/163047"}],"wp:attachment":[{"href":"https:\/\/mini-bob.com\/pl\/wp-json\/wp\/v2\/media?parent=163028"}],"wp:term":[{"taxonomy":"product_brand","embeddable":true,"href":"https:\/\/mini-bob.com\/pl\/wp-json\/wp\/v2\/product_brand?post=163028"},{"taxonomy":"product_cat","embeddable":true,"href":"https:\/\/mini-bob.com\/pl\/wp-json\/wp\/v2\/product_cat?post=163028"},{"taxonomy":"product_tag","embeddable":true,"href":"https:\/\/mini-bob.com\/pl\/wp-json\/wp\/v2\/product_tag?post=163028"}],"curies":[{"name":"wp","href":"https:\/\/api.w.org\/{rel}","templated":true}]}}