{"id":158563,"date":"2025-11-23T18:20:31","date_gmt":"2025-11-23T17:20:31","guid":{"rendered":"https:\/\/mini-bob.com\/izvor-mini-bob\/"},"modified":"2025-11-23T18:20:34","modified_gmt":"2025-11-23T17:20:34","slug":"izvor-mini-bob","status":"publish","type":"page","link":"https:\/\/mini-bob.com\/sl\/izvor-mini-bob\/","title":{"rendered":"Izvor mini bob"},"content":{"rendered":"<div class=\"wpb-content-wrapper\"><p>[vc_row][vc_column][vc_custom_heading text=&#8221;Zamisel&#8221; google_fonts=&#8221;font_family:Roboto%20Condensed%3A300%2C300italic%2Cregular%2Citalic%2C700%2C700italic|font_style:400%20regular%3A400%3Anormal&#8221;][\/vc_column][\/vc_row][vc_row][vc_column width=&#8221;1\/2&#8243;][vc_column_text]Zamisel se je porodila med smu?arskimi po?itnicami v Kitzb\u00fchelu v sedemdesetih letih prej\u0161njega stoletja.<br \/>\nLopata za premog je slu\u017eila kot ideja za kasnej\u0161o osnovno obliko.<\/p>\n<p>Takrat so se otroci z gore spu\u0161?ali z najrazli?nej\u0161o opremo in ob spominu na lastno otro\u0161tvo v Avstriji, kjer so se po pobo?ju radi spu\u0161?ali z lopatami za premog - z ro?ajem spredaj -, se je porodila zamisel o izdelavi \u0161portne opreme, ki bi jo lahko za zimske \u0161porte uporabljali tako mladi kot stari.[\/vc_column_text][\/vc_column][vc_column width=&#8221;1\/2&#8243;][vc_single_image image=&#8221;158573&#8243; img_size=&#8221;medium&#8221; alignment=&#8221;center&#8221;][\/vc_column][\/vc_row][vc_row][vc_column][vc_custom_heading text=&#8221;Razvoj&#8221; google_fonts=&#8221;font_family:Roboto%20Condensed%3A300%2C300italic%2Cregular%2Citalic%2C700%2C700italic|font_style:400%20regular%3A400%3Anormal&#8221;][\/vc_column][\/vc_row][vc_row][vc_column]<style type=\"text\/css\" data-type=\"the7_shortcodes-inline-css\">.gallery-shortcode.gallery-masonry-shortcode-id-f8ab2e66a08fd1795e377b21f9e7b96d figure,\n.gallery-shortcode.gallery-masonry-shortcode-id-f8ab2e66a08fd1795e377b21f9e7b96d .rollover,\n.gallery-shortcode.gallery-masonry-shortcode-id-f8ab2e66a08fd1795e377b21f9e7b96d img,\n.gallery-shortcode.gallery-masonry-shortcode-id-f8ab2e66a08fd1795e377b21f9e7b96d .gallery-rollover {\n  border-radius: 0px;\n}\n.gallery-shortcode.gallery-masonry-shortcode-id-f8ab2e66a08fd1795e377b21f9e7b96d.enable-bg-rollover .gallery-rollover {\n  background: -webkit-linear-gradient();\n  background: linear-gradient();\n}\n.gallery-shortcode.gallery-masonry-shortcode-id-f8ab2e66a08fd1795e377b21f9e7b96d.enable-bg-rollover.hover-scale figure .rollover:after {\n  background: -webkit-linear-gradient();\n  background: linear-gradient();\n}\n.gallery-shortcode.gallery-masonry-shortcode-id-f8ab2e66a08fd1795e377b21f9e7b96d .gallery-zoom-ico {\n  width: 44px;\n  height: 44px;\n  line-height: 44px;\n  border-radius: 100px;\n  margin: -22px 0 0 -22px;\n  border-width: 0px;\n  color: #ffffff;\n}\n.dt-icon-bg-on.gallery-shortcode.gallery-masonry-shortcode-id-f8ab2e66a08fd1795e377b21f9e7b96d .gallery-zoom-ico {\n  background: rgba(255,255,255,0.3);\n  box-shadow: none;\n}\n.gallery-shortcode.gallery-masonry-shortcode-id-f8ab2e66a08fd1795e377b21f9e7b96d .gallery-zoom-ico:before,\n.gallery-shortcode.gallery-masonry-shortcode-id-f8ab2e66a08fd1795e377b21f9e7b96d .gallery-zoom-ico span {\n  font-size: 32px;\n  line-height: 44px;\n  color: #ffffff;\n}\n.gallery-shortcode.gallery-masonry-shortcode-id-f8ab2e66a08fd1795e377b21f9e7b96d:not(.resize-by-browser-width) .dt-css-grid {\n  grid-row-gap: 10px;\n  grid-column-gap: 10px;\n  grid-template-columns: repeat(auto-fill,minmax(,1fr));\n}\n.gallery-shortcode.gallery-masonry-shortcode-id-f8ab2e66a08fd1795e377b21f9e7b96d:not(.resize-by-browser-width) .dt-css-grid .double-width {\n  grid-column: span 2;\n}\n.cssgridlegacy.no-cssgrid .gallery-shortcode.gallery-masonry-shortcode-id-f8ab2e66a08fd1795e377b21f9e7b96d:not(.resize-by-browser-width) .dt-css-grid,\n.no-cssgridlegacy.no-cssgrid .gallery-shortcode.gallery-masonry-shortcode-id-f8ab2e66a08fd1795e377b21f9e7b96d:not(.resize-by-browser-width) .dt-css-grid {\n  display: flex;\n  flex-flow: row wrap;\n  margin: -5px;\n}\n.cssgridlegacy.no-cssgrid .gallery-shortcode.gallery-masonry-shortcode-id-f8ab2e66a08fd1795e377b21f9e7b96d:not(.resize-by-browser-width) .dt-css-grid .wf-cell,\n.no-cssgridlegacy.no-cssgrid .gallery-shortcode.gallery-masonry-shortcode-id-f8ab2e66a08fd1795e377b21f9e7b96d:not(.resize-by-browser-width) .dt-css-grid .wf-cell {\n  flex: 1 0 ;\n  max-width: 100%;\n  padding: 5px;\n  box-sizing: border-box;\n}\n.gallery-shortcode.gallery-masonry-shortcode-id-f8ab2e66a08fd1795e377b21f9e7b96d.resize-by-browser-width .dt-css-grid {\n  grid-template-columns: repeat(4,1fr);\n  grid-template-rows: auto;\n  grid-column-gap: 10px;\n  grid-row-gap: 10px;\n}\n.gallery-shortcode.gallery-masonry-shortcode-id-f8ab2e66a08fd1795e377b21f9e7b96d.resize-by-browser-width .dt-css-grid .double-width {\n  grid-column: span 2;\n}\n.cssgridlegacy.no-cssgrid .gallery-shortcode.gallery-masonry-shortcode-id-f8ab2e66a08fd1795e377b21f9e7b96d.resize-by-browser-width .dt-css-grid {\n  margin: -5px;\n}\n.cssgridlegacy.no-cssgrid .gallery-shortcode.gallery-masonry-shortcode-id-f8ab2e66a08fd1795e377b21f9e7b96d.resize-by-browser-width .dt-css-grid .wf-cell {\n  width: 25%;\n  padding: 5px;\n}\n.cssgridlegacy.no-cssgrid .gallery-shortcode.gallery-masonry-shortcode-id-f8ab2e66a08fd1795e377b21f9e7b96d.resize-by-browser-width .dt-css-grid .wf-cell.double-width {\n  width: calc(25%) * 2;\n}\n.gallery-shortcode.gallery-masonry-shortcode-id-f8ab2e66a08fd1795e377b21f9e7b96d.resize-by-browser-width:not(.centered-layout-list):not(.content-bg-on) .dt-css-grid {\n  grid-row-gap: 10px - ;\n}\n@media screen and (max-width: 1199px) {\n  .gallery-shortcode.gallery-masonry-shortcode-id-f8ab2e66a08fd1795e377b21f9e7b96d.resize-by-browser-width .dt-css-grid {\n    grid-template-columns: repeat(4,1fr);\n  }\n  .cssgridlegacy.no-cssgrid .gallery-shortcode.gallery-masonry-shortcode-id-f8ab2e66a08fd1795e377b21f9e7b96d.resize-by-browser-width .dt-css-grid .wf-cell,\n  .no-cssgridlegacy.no-cssgrid .gallery-shortcode.gallery-masonry-shortcode-id-f8ab2e66a08fd1795e377b21f9e7b96d.resize-by-browser-width .dt-css-grid .wf-cell {\n    width: 25%;\n  }\n  .cssgridlegacy.no-cssgrid .gallery-shortcode.gallery-masonry-shortcode-id-f8ab2e66a08fd1795e377b21f9e7b96d.resize-by-browser-width .dt-css-grid .wf-cell.double-width,\n  .no-cssgridlegacy.no-cssgrid .gallery-shortcode.gallery-masonry-shortcode-id-f8ab2e66a08fd1795e377b21f9e7b96d.resize-by-browser-width .dt-css-grid .wf-cell.double-width {\n    width: calc(25%)*2;\n  }\n}\n@media screen and (max-width: 991px) {\n  .gallery-shortcode.gallery-masonry-shortcode-id-f8ab2e66a08fd1795e377b21f9e7b96d.resize-by-browser-width .dt-css-grid {\n    grid-template-columns: repeat(3,1fr);\n  }\n  .cssgridlegacy.no-cssgrid .gallery-shortcode.gallery-masonry-shortcode-id-f8ab2e66a08fd1795e377b21f9e7b96d.resize-by-browser-width .dt-css-grid .wf-cell,\n  .no-cssgridlegacy.no-cssgrid .gallery-shortcode.gallery-masonry-shortcode-id-f8ab2e66a08fd1795e377b21f9e7b96d.resize-by-browser-width .dt-css-grid .wf-cell {\n    width: 33.333333333333%;\n  }\n  .cssgridlegacy.no-cssgrid .gallery-shortcode.gallery-masonry-shortcode-id-f8ab2e66a08fd1795e377b21f9e7b96d.resize-by-browser-width .dt-css-grid .wf-cell.double-width,\n  .no-cssgridlegacy.no-cssgrid .gallery-shortcode.gallery-masonry-shortcode-id-f8ab2e66a08fd1795e377b21f9e7b96d.resize-by-browser-width .dt-css-grid .wf-cell.double-width {\n    width: calc(33.333333333333%)*2;\n  }\n}\n@media screen and (max-width: 767px) {\n  .gallery-shortcode.gallery-masonry-shortcode-id-f8ab2e66a08fd1795e377b21f9e7b96d.resize-by-browser-width .dt-css-grid {\n    grid-template-columns: repeat(2,1fr);\n  }\n  .cssgridlegacy.no-cssgrid .gallery-shortcode.gallery-masonry-shortcode-id-f8ab2e66a08fd1795e377b21f9e7b96d.resize-by-browser-width .dt-css-grid .wf-cell,\n  .no-cssgridlegacy.no-cssgrid .gallery-shortcode.gallery-masonry-shortcode-id-f8ab2e66a08fd1795e377b21f9e7b96d.resize-by-browser-width .dt-css-grid .wf-cell {\n    width: 50%;\n  }\n  .cssgridlegacy.no-cssgrid .gallery-shortcode.gallery-masonry-shortcode-id-f8ab2e66a08fd1795e377b21f9e7b96d.resize-by-browser-width .dt-css-grid .wf-cell.double-width,\n  .no-cssgridlegacy.no-cssgrid .gallery-shortcode.gallery-masonry-shortcode-id-f8ab2e66a08fd1795e377b21f9e7b96d.resize-by-browser-width .dt-css-grid .wf-cell.double-width {\n    width: calc(50%)*2;\n  }\n}<\/style><div class=\"gallery-shortcode dt-gallery-container gallery-masonry-shortcode-id-f8ab2e66a08fd1795e377b21f9e7b96d mode-masonry jquery-filter dt-icon-bg-off quick-scale-img enable-bg-rollover resize-by-browser-width  hover-fade loading-effect-fade-in description-on-hover\" data-padding=\"5px\" data-cur-page=\"1\" data-post-limit=\"-1\" data-pagination-mode=\"none\" data-desktop-columns-num=\"4\" data-v-tablet-columns-num=\"3\" data-h-tablet-columns-num=\"4\" data-phone-columns-num=\"2\" data-width=\"0px\" data-columns=\"0\"><div class=\"iso-container\" ><div class=\"wf-cell iso-item\" data-post-id=\"158677\" data-date=\"2025-11-23T18:21:02+01:00\" data-name=\"1980 rumeni Zipfelbob - mini bob rumene barve z napisom &quot;Zipfl&quot; - prototip\"><figure class=\"post visible\"><a href=\"https:\/\/mini-bob.com\/wp-content\/uploads\/2015\/02\/IMG_2551-1024.jpg\" class=\"rollover dt-pswp-item layzr-bg\" data-large_image_width=\"1024\" data-large_image_height=\"683\" data-dt-img-description=\"\" title=\"1980 rumeni Zipfelbob - mini bob rumene barve z napisom &#8220;Zipfl&#8221; - prototip\"><img fetchpriority=\"high\" decoding=\"async\" class=\"preload-me iso-lazy-load aspect\" src=\"data:image\/svg+xml,%3Csvg%20xmlns%3D&#39;http%3A%2F%2Fwww.w3.org%2F2000%2Fsvg&#39;%20viewBox%3D&#39;0%200%20379%20379&#39;%2F%3E\" data-src=\"https:\/\/mini-bob.com\/wp-content\/uploads\/2015\/02\/IMG_2551-1024-379x379.jpg\" data-srcset=\"https:\/\/mini-bob.com\/wp-content\/uploads\/2015\/02\/IMG_2551-1024-379x379.jpg 379w, https:\/\/mini-bob.com\/wp-content\/uploads\/2015\/02\/IMG_2551-1024-569x569.jpg 569w\" loading=\"eager\" style=\"--ratio: 379 \/ 379\" sizes=\"(max-width: 379px) 100vw, 379px\" alt=\"Prototip Zipfybob 1970\" width=\"379\" height=\"379\"  \/><span class=\"gallery-rollover\"><span class=\"gallery-zoom-ico icomoon-the7-font-the7-zoom-06\"><span><\/span><\/span><\/span><\/a><\/figure><\/div><div class=\"wf-cell iso-item\" data-post-id=\"159082\" data-date=\"2015-02-15T18:57:46+01:00\" data-name=\"Nosilec razvoja zipflbob 1970\"><figure class=\"post visible\"><a href=\"https:\/\/mini-bob.com\/wp-content\/uploads\/2015\/02\/IMG_2537-1024.jpg\" class=\"rollover dt-pswp-item layzr-bg\" data-large_image_width=\"1024\" data-large_image_height=\"683\" data-dt-img-description=\"\" title=\"Nosilec razvoja zipflbob 1970\"><img decoding=\"async\" class=\"preload-me iso-lazy-load aspect\" src=\"data:image\/svg+xml,%3Csvg%20xmlns%3D&#39;http%3A%2F%2Fwww.w3.org%2F2000%2Fsvg&#39;%20viewBox%3D&#39;0%200%20379%20379&#39;%2F%3E\" data-src=\"https:\/\/mini-bob.com\/wp-content\/uploads\/2015\/02\/IMG_2537-1024-379x379.jpg\" data-srcset=\"https:\/\/mini-bob.com\/wp-content\/uploads\/2015\/02\/IMG_2537-1024-379x379.jpg 379w, https:\/\/mini-bob.com\/wp-content\/uploads\/2015\/02\/IMG_2537-1024-569x569.jpg 569w\" loading=\"eager\" style=\"--ratio: 379 \/ 379\" sizes=\"(max-width: 379px) 100vw, 379px\" alt=\"Prototip zipflbob 1970\" width=\"379\" height=\"379\"  \/><span class=\"gallery-rollover\"><span class=\"gallery-zoom-ico icomoon-the7-font-the7-zoom-06\"><span><\/span><\/span><\/span><\/a><\/figure><\/div><div class=\"wf-cell iso-item\" data-post-id=\"158642\" data-date=\"2025-11-23T18:20:53+01:00\" data-name=\"zipflbob 1970 modra\"><figure class=\"post visible\"><a href=\"https:\/\/mini-bob.com\/wp-content\/uploads\/2015\/02\/IMG_2812-1024.jpg\" class=\"rollover dt-pswp-item layzr-bg\" data-large_image_width=\"1024\" data-large_image_height=\"683\" data-dt-img-description=\"\" title=\"zipflbob 1970 modra\"><img decoding=\"async\" class=\"preload-me iso-lazy-load aspect\" src=\"data:image\/svg+xml,%3Csvg%20xmlns%3D&#39;http%3A%2F%2Fwww.w3.org%2F2000%2Fsvg&#39;%20viewBox%3D&#39;0%200%20379%20379&#39;%2F%3E\" data-src=\"https:\/\/mini-bob.com\/wp-content\/uploads\/2015\/02\/IMG_2812-1024-379x379.jpg\" data-srcset=\"https:\/\/mini-bob.com\/wp-content\/uploads\/2015\/02\/IMG_2812-1024-379x379.jpg 379w, https:\/\/mini-bob.com\/wp-content\/uploads\/2015\/02\/IMG_2812-1024-569x569.jpg 569w\" loading=\"eager\" style=\"--ratio: 379 \/ 379\" sizes=\"(max-width: 379px) 100vw, 379px\" alt=\"Zipfybob Prototip zipflbob 1970\" width=\"379\" height=\"379\"  \/><span class=\"gallery-rollover\"><span class=\"gallery-zoom-ico icomoon-the7-font-the7-zoom-06\"><span><\/span><\/span><\/span><\/a><\/figure><\/div><\/div><!-- iso-container|iso-grid --><\/div>[vc_column_text]Razvojno vozilo 1975[\/vc_column_text][\/vc_column][\/vc_row][vc_row][vc_column width=&#8221;1\/2&#8243;][vc_column_text]Po \u0161tevilnih premislekih in osnutkih mo\u017ene oblike je bilo treba najprej najti material, ki bi poleg dobrih drsnih lastnosti na snegu brez te\u017eav prenesel tudi temperature od minus 40 do plus 40 stopinj.<\/p>\n<p>Glavni cilj je bil razviti \u0161portno opremo, ki bi bila enako primerna za otroke kot za odrasle. Bodo?i mini bob je moral biti robusten in vzdr\u017eljiv, hkrati pa tudi lahek in enostaven za uporabo. <\/p>\n<p>Kalupe za prototipe je takrat izdelal rezbar iz Oberammergaua na Bavarskem. Ker je bila &#8220;plastika&#8221; v sedemdesetih letih prej\u0161njega stoletja takratni material, so z njo veliko eksperimentirali - le nekaj podjetij je bilo takrat sposobnih v popolnosti izdelati tako zapleten kalup. Takrat so bile sani izdelane izklju?no iz lesa ali kovine - mini bob naj bi postal predhodnik vseh plasti?nih sani in plasti?nih bobov &#8230; Po \u0161tevilnih preizkusih materialov in testnih serijah smo kon?no pri\u0161li do dana\u0161njega postopka iz plastike HD-PE.  <\/p>\n<p>Od leta 1976 mini bob v skoraj nespremenjeni obliki v Nem?iji proizvaja in prodaja podjetje Loeger GmbH. Mini bob je (odvisno od regije) znan tudi kot &#8220;zipflbob&#8221;, &#8220;Zipfelbob&#8221; ali &#8220;Zipfybob&#8221; in od takrat navdu\u0161uje \u017ee ve? generacij.[\/vc_column_text][\/vc_column][vc_column width=&#8221;1\/2&#8243;][vc_single_image image=&#8221;158571&#8243; img_size=&#8221;large&#8221;][vc_column_text]Siegmund Loeger in mini bob[\/vc_column_text][\/vc_column][\/vc_row][vc_row][vc_column][vc_custom_heading text=&#8221;Zgodba&#8221; google_fonts=&#8221;font_family:Roboto%20Condensed%3A300%2C300italic%2Cregular%2Citalic%2C700%2C700italic|font_style:400%20regular%3A400%3Anormal&#8221;][vc_column_text]Kako se je ta 40-letna zgodba o uspehu nadaljevala, si lahko preberete v razdelku Zgodovina.[\/vc_column_text][\/vc_column][\/vc_row][vc_row][vc_column]<style type=\"text\/css\" data-type=\"the7_shortcodes-inline-css\">#default-btn-beeea2159145b98c8eeefd44475521ab.ico-right-side > i {\n  margin-right: 0px;\n  margin-left: 8px;\n}\n#default-btn-beeea2159145b98c8eeefd44475521ab > i {\n  margin-right: 8px;\n}<\/style><a href=\"https:\/\/mini-bob.com\/geschichte\/\" class=\"default-btn-shortcode dt-btn dt-btn-l pulse animate-element animation-builder link-hover-off btn-inline-left \" id=\"default-btn-beeea2159145b98c8eeefd44475521ab\" title=\"Zgodovina\"><span>ZGODOVINA MINI BOBA<\/span><\/a>[\/vc_column][\/vc_row]<\/p>\n<\/div>","protected":false},"excerpt":{"rendered":"<p>[vc_row][vc_column][vc_custom_heading text=&#8221;Zamisel&#8221; google_fonts=&#8221;font_family:Roboto%20Condensed%3A300%2C300italic%2Cregular%2Citalic%2C700%2C700italic|font_style:400%20regular%3A400%3Anormal&#8221;][\/vc_column][\/vc_row][vc_row][vc_column width=&#8221;1\/2&#8243;][vc_column_text]Zamisel se je porodila med smu?arskimi po?itnicami v Kitzb\u00fchelu v sedemdesetih letih prej\u0161njega stoletja. Lopata za premog je slu\u017eila kot ideja za kasnej\u0161o osnovno obliko. Takrat so se otroci z gore spu\u0161?ali z najrazli?nej\u0161o opremo in ob spominu na lastno otro\u0161tvo v Avstriji, kjer so se po pobo?ju radi spu\u0161?ali z lopatami&hellip;<\/p>\n","protected":false},"author":1,"featured_media":0,"parent":0,"menu_order":0,"comment_status":"closed","ping_status":"closed","template":"","meta":{"_acf_changed":false,"footnotes":""},"class_list":["post-158563","page","type-page","status-publish","hentry","description-off"],"acf":[],"_links":{"self":[{"href":"https:\/\/mini-bob.com\/sl\/wp-json\/wp\/v2\/pages\/158563","targetHints":{"allow":["GET"]}}],"collection":[{"href":"https:\/\/mini-bob.com\/sl\/wp-json\/wp\/v2\/pages"}],"about":[{"href":"https:\/\/mini-bob.com\/sl\/wp-json\/wp\/v2\/types\/page"}],"author":[{"embeddable":true,"href":"https:\/\/mini-bob.com\/sl\/wp-json\/wp\/v2\/users\/1"}],"replies":[{"embeddable":true,"href":"https:\/\/mini-bob.com\/sl\/wp-json\/wp\/v2\/comments?post=158563"}],"version-history":[{"count":4,"href":"https:\/\/mini-bob.com\/sl\/wp-json\/wp\/v2\/pages\/158563\/revisions"}],"predecessor-version":[{"id":158587,"href":"https:\/\/mini-bob.com\/sl\/wp-json\/wp\/v2\/pages\/158563\/revisions\/158587"}],"wp:attachment":[{"href":"https:\/\/mini-bob.com\/sl\/wp-json\/wp\/v2\/media?parent=158563"}],"curies":[{"name":"wp","href":"https:\/\/api.w.org\/{rel}","templated":true}]}}