{"id":158566,"date":"2025-11-23T18:20:31","date_gmt":"2025-11-23T17:20:31","guid":{"rendered":"https:\/\/mini-bob.com\/odtis\/"},"modified":"2025-11-23T18:20:32","modified_gmt":"2025-11-23T17:20:32","slug":"odtis","status":"publish","type":"page","link":"https:\/\/mini-bob.com\/sl\/odtis\/","title":{"rendered":"Odtis"},"content":{"rendered":"<p>To pravno obvestilo velja tudi za strani na\u0161ega podjetja na <a href=\"https:\/\/www.facebook.com\/zipflbob\/\" target=\"_blank\" rel=\"noopener nofollow\">Facebooku,<\/a> <a href=\"https:\/\/www.youtube.com\/channel\/UCn3eWIhTjy0_Tq4BEy463OQ\" target=\"_blank\" rel=\"noopener nofollow\">YouTubu.<\/a><\/p>\n<h1>Odtis<\/h1>\n<h2>Informacije v skladu s \u00a7 5 TMG<\/h2>\n<p>Loeger GmbH<br \/>\nHauptstr. 57<br \/>\n82327 Tutzing <\/p>\n<h2>Zastopnik:<\/h2>\n<p>Siegmund L\u00f6ger<\/p>\n<h2>Pi\u0161ite nam<\/h2>\n<p>Telefon: +49 (0)8158 92101<br \/>\nFaks: +49 (0)8158 7288<br \/>\nE-naslov: info@mini-bob.com<\/p>\n<h2>Vnos v register<\/h2>\n<p>Vpis v poslovni register.<br \/>\nRegistrsko sodi\u0161?e: M\u00fcnchen HRB 54019<br \/>\nRegistrska \u0161tevilka: HRB 54019<\/p>\n<h2>Davek na dodano vrednost<\/h2>\n<p>Identifikacijska \u0161tevilka za davek na dodano vrednost v skladu s 27.a ?lenom Zakona o davku na dodano vrednost:<br \/>\nDE128234280<\/p>\n<h2>Re\u0161evanje sporov<\/h2>\n<p>Evropska komisija zagotavlja platformo za spletno re\u0161evanje sporov (OS): https <a href=\"https:\/\/ec.europa.eu\/consumers\/odr\" target=\"_blank\" rel=\"noopener nofollow\">:\/\/ec.europa.eu\/consumers\/odr<\/a>.<br \/>\nNa\u0161 e-po\u0161tni naslov najdete v zgornjem pravnem obvestilu.<\/p>\n<p>Nismo pripravljeni ali dol\u017eni sodelovati v postopku re\u0161evanja sporov pred potro\u0161ni\u0161ko arbitra\u017eo.<\/p>\n<h3>Odgovornost za vsebino<\/h3>\n<p>Kot ponudnik storitev smo v skladu s splo\u0161no zakonodajo odgovorni za svojo vsebino na teh straneh. Vendar kot ponudnik storitev nismo dol\u017eni spremljati prenesenih ali shranjenih podatkov tretjih oseb ali preiskovati okoli\u0161?in, ki ka\u017eejo na nezakonito dejavnost. <\/p>\n<p>To ne vpliva na obveznosti odstranitve ali prepre?itve uporabe informacij v skladu s splo\u0161no zakonodajo. Vendar je odgovornost v zvezi s tem mogo?a \u0161ele od trenutka, ko smo seznanjeni s konkretno kr\u0161itvijo. Takoj ko bomo izvedeli za tak\u0161ne kr\u0161itve, bomo to vsebino nemudoma odstranili.  <\/p>\n<h3>Odgovornost za povezave<\/h3>\n<p>Na\u0161e spletno mesto vsebuje povezave do zunanjih spletnih mest tretjih oseb, na katerih vsebino nimamo vpliva. Zato ne moremo prevzeti nobene odgovornosti za to vsebino tretjih oseb. Za vsebino povezanih strani je vedno odgovoren ustrezni ponudnik ali upravljavec strani. Povezane strani so bile v ?asu povezovanja preverjene glede morebitnih pravnih kr\u0161itev. V ?asu povezovanja nezakonite vsebine niso bile prepoznane.    <\/p>\n<p>Vendar pa stalno spremljanje vsebine povezanih strani ni smiselno, ?e ni konkretnih dokazov o kr\u0161itvi. ?e bomo izvedeli za kakr\u0161ne koli pravne kr\u0161itve, bomo tak\u0161ne povezave nemudoma odstranili. <\/p>\n<h3>Avtorske pravice<\/h3>\n<p>Za vsebino in dela, ki jih ustvarijo upravljavci spletnega mesta na teh straneh, velja nem\u0161ka zakonodaja o avtorskih pravicah. Za razmno\u017eevanje, obdelavo, distribucijo in kakr\u0161no koli uporabo zunaj meja avtorskega prava je potrebno pisno soglasje zadevnega avtorja ali ustvarjalca. Prenosi in kopije te strani so dovoljeni le za zasebno, nekomercialno uporabo.  <\/p>\n<p>?e vsebine na tem spletnem mestu ni ustvaril upravljavec, se spo\u0161tujejo avtorske pravice tretjih oseb. Zlasti vsebine tretjih oseb so ozna?ene kot take. ?e kljub temu opazite kr\u0161itev avtorskih pravic, nas o tem ustrezno obvestite. ?e bomo izvedeli za kakr\u0161no koli kr\u0161itev, bomo tak\u0161no vsebino nemudoma odstranili.<br \/>\n<div class=\"woocommerce woocommerce-gzd woocommerce-gzd-complaints-shortcode\">\n\t\t\t<h3>Alternative Dispute Resolution in accordance with Art. 14 (1) ODR-VO and \u00a7 36 VSBG:<\/h3>\n\t\nZur Teilnahme an einem Streitbeilegungsverfahren vor einer Verbraucherschlichtungsstelle sind wir nicht verpflichtet und nicht bereit.<\/div>\n","protected":false},"excerpt":{"rendered":"<p>To pravno obvestilo velja tudi za strani na\u0161ega podjetja na Facebooku, YouTubu. Odtis Informacije v skladu s \u00a7 5 TMG Loeger GmbH Hauptstr. 57 82327 Tutzing Zastopnik: Siegmund L\u00f6ger Pi\u0161ite nam Telefon: +49 (0)8158 92101 Faks: +49 (0)8158 7288 E-naslov: info@mini-bob.com Vnos v register Vpis v poslovni register. Registrsko sodi\u0161?e: M\u00fcnchen HRB 54019 Registrska \u0161tevilka:&hellip;<\/p>\n","protected":false},"author":1,"featured_media":0,"parent":0,"menu_order":0,"comment_status":"closed","ping_status":"closed","template":"","meta":{"_acf_changed":false,"footnotes":""},"class_list":["post-158566","page","type-page","status-publish","hentry","description-off"],"acf":[],"_links":{"self":[{"href":"https:\/\/mini-bob.com\/sl\/wp-json\/wp\/v2\/pages\/158566","targetHints":{"allow":["GET"]}}],"collection":[{"href":"https:\/\/mini-bob.com\/sl\/wp-json\/wp\/v2\/pages"}],"about":[{"href":"https:\/\/mini-bob.com\/sl\/wp-json\/wp\/v2\/types\/page"}],"author":[{"embeddable":true,"href":"https:\/\/mini-bob.com\/sl\/wp-json\/wp\/v2\/users\/1"}],"replies":[{"embeddable":true,"href":"https:\/\/mini-bob.com\/sl\/wp-json\/wp\/v2\/comments?post=158566"}],"version-history":[{"count":1,"href":"https:\/\/mini-bob.com\/sl\/wp-json\/wp\/v2\/pages\/158566\/revisions"}],"predecessor-version":[{"id":158578,"href":"https:\/\/mini-bob.com\/sl\/wp-json\/wp\/v2\/pages\/158566\/revisions\/158578"}],"wp:attachment":[{"href":"https:\/\/mini-bob.com\/sl\/wp-json\/wp\/v2\/media?parent=158566"}],"curies":[{"name":"wp","href":"https:\/\/api.w.org\/{rel}","templated":true}]}}