{"id":158588,"date":"2014-05-30T13:54:44","date_gmt":"2014-05-30T11:54:44","guid":{"rendered":"https:\/\/mini-bob.com\/dom-mini-bob-izvirni-zipflbob\/"},"modified":"2026-01-01T21:35:08","modified_gmt":"2026-01-01T20:35:08","slug":"dom-mini-bob-izvirni-zipflbob","status":"publish","type":"page","link":"https:\/\/mini-bob.com\/sl\/","title":{"rendered":"Dom mini bob - izvirni zipflbob"},"content":{"rendered":"<div class=\"wpb-content-wrapper\"><p>[vc_row][vc_column][vc_custom_heading text=&#8221;originalni Zipfelbob od leta 1976 - mini bob&#8221; font_container=&#8221;tag:h3|text_align:left&#8221; google_fonts=&#8221;font_family:Roboto%20Condensed%3A300%2C300italic%2Cregular%2Citalic%2C700%2C700italic|font_style:400%20regular%3A400%3Anormal&#8221;][vc_empty_space]<script>console.log(\"mini bob intro 1: No active slides found\")<\/script>\n[vc_separator][vc_custom_heading text=&#8221;Kakovost, izdelana v Nem?iji od leta 1976&#8243; font_container=&#8221;tag:h3|text_align:left&#8221; google_fonts=&#8221;font_family:Roboto%20Condensed%3A300%2C300italic%2Cregular%2Citalic%2C700%2C700italic|font_style:400%20regular%3A400%3Anormal&#8221;][vc_separator][vc_column_text css=&#8221;&#8221;]\u017de ve? kot 50 let mini bob (izvirni zipflbob) dokazuje, iz ?esa je narejen. Mini bob, ki se je rodil v Avstriji v sedemdesetih letih prej\u0161njega stoletja in je v alpski regiji ljubkovalno znan tudi pod imenom zipflbob, \u0161e danes \u017eivi po zaslugi idej in ustvarjalnosti navdu\u0161ene skupnosti obo\u017eevalcev. Vendar je ena stvar vedno v ospredju&#8230; MAXISPASS za mlade in stare z originalnim mini bobom.[\/vc_column_text][vc_empty_space][\/vc_column][\/vc_row][vc_row][vc_column width=&#8221;1\/2&#8243;][vc_wp_text]<\/p>\n<p style=\"margin-left: 60px; margin-top: 47px;\"><img loading=\"lazy\" decoding=\"async\" title=\"original Zipfelbob - zipflbob red\" src=\"\/wp-content\/uploads\/2015\/01\/mini-bob-rot-500px.png\" alt=\"mini bob - originalni zipflbob Zipfelbob\" width=\"500\" height=\"433\"><\/p>\n<p>[\/vc_wp_text][\/vc_column][vc_column width=&#8221;1\/2&#8243;][vc_accordion active_tab=&#8221;1&#8243; title=&#8221;mini bob - Zakaj izvirnik?&#8221;][vc_accordion_tab title=&#8221;Uspe\u0161no in nespremenjeno od leta 1976&#8243;][vc_column_text]Od svojega razvoja v sedemdesetih letih prej\u0161njega stoletja je mini bob do\u017eivel \u0161tevilne faze razvoja, dokler ni dosegel oblike in popolnosti, ki jo ima \u0161e danes.<\/p>\n<p>Mini bob se v tej izpopolnjeni obliki izdeluje v Nem?iji \u017ee od leta 1976 - \u017ee takrat so bili pri materialih in proizvodnji upo\u0161tevani funkcionalnost, dizajn, vzdr\u017eljivost in okoljska zdru\u017eljivost.<\/p>\n<p>Mini bob ima ergonomsko obliko sede\u017ea in odli?no oblikovan ro?aj, kar zagotavlja najve?jo zabavo in varnost za mlade in mlade po srcu.<\/p>\n<p>Zaradi krmilne palice in posebne oblike lahko mini bob natan?no, hitro in varno upravljate. Zaradi intuitivnega koncepta upravljanja ga je veselje voziti \u017ee od prve minute. <\/p>\n<p>\u017de leta pred uvedbo ustrezne zakonodaje so poskrbeli, da je bil mini bob izdelan brez ftalatov (brez plastifikatorjev). \u0160e danes mini bob prestane najvi\u0161je teste materialov in varnosti brez kakr\u0161nih koli prito\u017eb.[\/vc_column_text][\/vc_accordion_tab][vc_accordion_tab title=&#8221;Ponovno nagrajen z nagrado Bob.art Industry Award 2014&#8243;][vc_column_text]Kombinacija te\u017ee, hitrosti, stabilnosti, popolnega ravnovesja in dizajna je zagotovilo za zmago ne le v formuli 1!<\/p>\n<p>V nasprotju z replikami na\u0161ih izdelkov je to jamstvo del originalnega mini boba \u017ee od samega za?etka. To vam zagotavlja najvi\u0161jo mo\u017eno raven varne zabave pri vo\u017enji.[\/vc_column_text][\/vc_accordion_tab][vc_accordion_tab title=&#8221;Izumljeno v Avstriji - Izdelano v Nem?iji&#8221;][vc_column_text]Od izuma v sedemdesetih letih prej\u0161njega stoletja se mini bob proizvaja izklju?no v Nem?iji. To zagotavlja visoke zahteve za ta visokokakovostni izdelek ter uporabniku zagotavlja najve?jo varnost in vzdr\u017eljivost. <\/p>\n<p>Originalni mini bob je kakovosten izdelek za ve? generacij - ni le dolgo?asen plasti?ni bob.[\/vc_column_text][\/vc_accordion_tab][\/vc_accordion][\/vc_column][\/vc_row][vc_row][vc_column][vc_separator][\/vc_column][\/vc_row][vc_row][vc_column][vc_empty_space][vc_cta h2=&#8221;Kliknite tukaj za obisk spletne trgovine&#8221; txt_align=&#8221;justify&#8221; shape=&#8221;square&#8221; add_button=&#8221;left&#8221; btn_title=&#8221;v trgovino mini bob&#8221; btn_shape=&#8221;square&#8221; btn_color=&#8221;danger&#8221; btn_size=&#8221;lg&#8221; btn_align=&#8221;right&#8221; btn_i_type=&#8221;the7&#8243; btn_i_icon_the7=&#8221;icomoon-the7-font-the7-arrow-27&#8243; btn_button_block=&#8221;true&#8221; btn_add_icon=&#8221;true&#8221; btn_link=&#8221;url:https%3A%2F%2Fmini-bob.com%2Fmini-bob-zipfelbob-shop%2F|title:nakup%20mini%20bob%20%28Zipfelbob%29|&#8221;]Vse trenutno razpolo\u017eljive barve lahko kupite tudi v na\u0161i spletni trgovini[\/vc_cta][vc_cta h2=&#8221;nakup mini bob - zipflbob?&#8221; txt_align=&#8221;justify&#8221; shape=&#8221;square&#8221; add_button=&#8221;left&#8221; btn_title=&#8221;kupi mini bob&#8221; btn_shape=&#8221;square&#8221; btn_color=&#8221;danger&#8221; btn_size=&#8221;lg&#8221; btn_i_type=&#8221;the7&#8243; btn_i_icon_the7=&#8221;icomoon-the7-font-the7-arrow-27&#8243; btn_add_icon=&#8221;true&#8221; btn_link=&#8221;url:https%3A%2F%2Fmini-bob.com%2Fsl%2Fnakup-mini-bob-zipfelbob%2F|title:nakup%20mini%20bob%20%28Zipfelbob%29|&#8221;]Originalni mini bob lahko kupite pri poobla\u0161?enih prodajalcih tukaj![\/vc_cta][vc_cta h2=&#8221;Postati trgovinski partner?&#8221; txt_align=&#8221;justify&#8221; shape=&#8221;square&#8221; add_button=&#8221;left&#8221; btn_title=&#8221;Povpra\u0161evanje partnerjev&#8221; btn_shape=&#8221;square&#8221; btn_color=&#8221;danger&#8221; btn_size=&#8221;lg&#8221; btn_align=&#8221;right&#8221; btn_i_type=&#8221;the7&#8243; btn_i_icon_the7=&#8221;icomoon-the7-font-the7-arrow-27&#8243; btn_button_block=&#8221;true&#8221; btn_add_icon=&#8221;true&#8221; btn_link=&#8221;url:https%3A%2F%2Fmini-bob.com%2Fsl%2Fveselimo-se-vasega-povprasevanja%2F|title:nakup%20mini%20bob%20%28Zipfelbob%29|&#8221;]Imate trgovino ali spletno trgovino in \u017eelite prodajati izvirni mini bob?[\/vc_cta][\/vc_column][\/vc_row][vc_row][vc_column][vc_empty_space][vc_basic_grid post_type=&#8221;post&#8221; max_items=&#8221;10&#8243; element_width=&#8221;3&#8243; grid_id=&#8221;vc_gid:1767299586999-9e25d1ab-97fc-2&#8243;][\/vc_column][\/vc_row]<\/p>\n<\/div>","protected":false},"excerpt":{"rendered":"<p>[vc_row][vc_column][vc_custom_heading text=&#8221;originalni Zipfelbob od leta 1976 - mini bob&#8221; font_container=&#8221;tag:h3|text_align:left&#8221; google_fonts=&#8221;font_family:Roboto%20Condensed%3A300%2C300italic%2Cregular%2Citalic%2C700%2C700italic|font_style:400%20regular%3A400%3Anormal&#8221;][vc_empty_space][vc_separator][vc_custom_heading text=&#8221;Kakovost, izdelana v Nem?iji od leta 1976&#8243; font_container=&#8221;tag:h3|text_align:left&#8221; google_fonts=&#8221;font_family:Roboto%20Condensed%3A300%2C300italic%2Cregular%2Citalic%2C700%2C700italic|font_style:400%20regular%3A400%3Anormal&#8221;][vc_separator][vc_column_text css=&#8221;&#8221;]\u017de ve? kot 50 let mini bob (izvirni zipflbob) dokazuje, iz ?esa je narejen. Mini bob, ki se je rodil v Avstriji v sedemdesetih letih prej\u0161njega stoletja in je v alpski regiji ljubkovalno znan tudi&hellip;<\/p>\n","protected":false},"author":1,"featured_media":0,"parent":0,"menu_order":0,"comment_status":"closed","ping_status":"closed","template":"","meta":{"_acf_changed":false,"footnotes":""},"class_list":["post-158588","page","type-page","status-publish","hentry","description-off"],"acf":[],"_links":{"self":[{"href":"https:\/\/mini-bob.com\/sl\/wp-json\/wp\/v2\/pages\/158588","targetHints":{"allow":["GET"]}}],"collection":[{"href":"https:\/\/mini-bob.com\/sl\/wp-json\/wp\/v2\/pages"}],"about":[{"href":"https:\/\/mini-bob.com\/sl\/wp-json\/wp\/v2\/types\/page"}],"author":[{"embeddable":true,"href":"https:\/\/mini-bob.com\/sl\/wp-json\/wp\/v2\/users\/1"}],"replies":[{"embeddable":true,"href":"https:\/\/mini-bob.com\/sl\/wp-json\/wp\/v2\/comments?post=158588"}],"version-history":[{"count":7,"href":"https:\/\/mini-bob.com\/sl\/wp-json\/wp\/v2\/pages\/158588\/revisions"}],"predecessor-version":[{"id":165370,"href":"https:\/\/mini-bob.com\/sl\/wp-json\/wp\/v2\/pages\/158588\/revisions\/165370"}],"wp:attachment":[{"href":"https:\/\/mini-bob.com\/sl\/wp-json\/wp\/v2\/media?parent=158588"}],"curies":[{"name":"wp","href":"https:\/\/api.w.org\/{rel}","templated":true}]}}