{"id":158589,"date":"2025-11-23T18:20:37","date_gmt":"2025-11-23T17:20:37","guid":{"rendered":"https:\/\/mini-bob.com\/navodila-za-voznjo\/"},"modified":"2025-11-23T18:20:39","modified_gmt":"2025-11-23T17:20:39","slug":"navodila-za-voznjo","status":"publish","type":"page","link":"https:\/\/mini-bob.com\/sl\/navodila-za-voznjo\/","title":{"rendered":"Navodila za vo\u017enjo"},"content":{"rendered":"<div class=\"wpb-content-wrapper\"><p>[vc_row][vc_column][vc_custom_heading text=&#8221;Navodila za vo\u017enjo Zipfelbob&#8221; google_fonts=&#8221;font_family:Roboto%20Condensed%3A300%2C300italic%2Cregular%2Citalic%2C700%2C700italic|font_style:400%20regular%3A400%3Anormal&#8221;][vc_column_text]Nau?ili se boste, kako varno obvladati mini bob v kratkem ?asu!<br \/>\nNajprej preizkusite in se nau?ite tehnike vo\u017enje na terenu z blagim naklonom, \u0161ele nato uporabite mini bob na strmih pobo?jih - pomagajte otrokom pri u?enju![\/vc_column_text][\/vc_column][\/vc_row][vc_row][vc_column width=&#8221;1\/2&#8243;][vc_single_image image=&#8221;158596&#8243; img_size=&#8221;large&#8221;][\/vc_column][vc_column width=&#8221;1\/2&#8243;][vc_single_image image=&#8221;158597&#8243; img_size=&#8221;large&#8221;][\/vc_column][\/vc_row][vc_row][vc_column][vc_column_text]<strong>Za voznike za?etnike:<\/strong><\/p>\n<p>Zaviranje: Potegnite krmilno palico proti telesu (za to se uporablja samo zadnji stranski rob mini bob), pri tem pa zgornji del telesa dr\u017eite pokonci. Za zaviranje ne uporabljajte nog - te so namenjene le za stabilnost! <\/p>\n<p>Krmiljenje: premaknite zgornji del telesa v levo ali desno, odvisno od smeri, v katero \u017eelite krmiliti, pri tem pa vedno trdno dr\u017eite ro?aj!<\/p>\n<p>Vo\u017enja: Sedite udobno na mini bobu in z obema rokama primite krmilo. Noge naj vedno po?ivajo na podporni povr\u0161ini - med vo\u017enjo se stopala ne smejo dotikati tal. <\/p>\n<p><strong>Nasveti za strokovnjake:<\/strong><\/p>\n<p>Za?etek vo\u017enje\/ravni odseki: Preverite, ali varno sedite na mini bobu in dr\u017eite krmilno palico med nogami. Zdaj lahko z obema rokama izvajate pogon. <\/p>\n<p>Krmiljenje: Za krmiljenje v ostrih ovinkih lahko roko na notranji strani ovinka spustite z ro?aja in jo iztegnete v stran ter se rahlo zagozdite v sneg. (Prepri?ajte se, da nosite primerne rokavice in da ste pozorni na morebitne nevarnosti, kot so kamni v snegu). <\/p>\n<p>Hitrost: Profesionalci zmanj\u0161ajo zra?ni upor tako, da zgornji del telesa pomaknejo ?im bolj nazaj in iztegnejo noge (pri tem ne izpustijo ro?aja!) - tako optimizirajo hitrost vo\u017enje.<\/p>\n<p><strong>Upo\u0161tevajte: noge<\/strong> in stopala niso potrebna za vozni\u0161ke manevre. Zagotavljajo le stabilnost! Preberite tudi na\u0161a navodila za obla?enje v <a title=\"POGOSTA VPRA\u0160ANJA\" href=\"https:\/\/mini-bob.com\/faq\/\">pogosto zastavljenih vpra\u0161anjih.<\/a> Mini bob ima vsakdo varno pod nadzorom, saj svojega voznika, ne glede na to, ali je mlad ali star, uboga &#8220;na besedo&#8221;. Usedite se nanj in \u017ee ste na poti.[\/vc_column_text][\/vc_column][\/vc_row][vc_row][vc_column][vc_custom_heading text=&#8221;Zgodovinska navodila za vo\u017enjo iz leta 1970&#8243; google_fonts=&#8221;font_family:Roboto%20Condensed%3A300%2C300italic%2Cregular%2Citalic%2C700%2C700italic|font_style:400%20regular%3A400%3Anormal&#8221;][vc_single_image image=&#8221;158598&#8243; img_size=&#8221;large&#8221;][\/vc_column][\/vc_row]<\/p>\n<\/div>","protected":false},"excerpt":{"rendered":"<p>[vc_row][vc_column][vc_custom_heading text=&#8221;Navodila za vo\u017enjo Zipfelbob&#8221; google_fonts=&#8221;font_family:Roboto%20Condensed%3A300%2C300italic%2Cregular%2Citalic%2C700%2C700italic|font_style:400%20regular%3A400%3Anormal&#8221;][vc_column_text]Nau?ili se boste, kako varno obvladati mini bob v kratkem ?asu! Najprej preizkusite in se nau?ite tehnike vo\u017enje na terenu z blagim naklonom, \u0161ele nato uporabite mini bob na strmih pobo?jih - pomagajte otrokom pri u?enju![\/vc_column_text][\/vc_column][\/vc_row][vc_row][vc_column width=&#8221;1\/2&#8243;][vc_single_image image=&#8221;158596&#8243; img_size=&#8221;large&#8221;][\/vc_column][vc_column width=&#8221;1\/2&#8243;][vc_single_image image=&#8221;158597&#8243; img_size=&#8221;large&#8221;][\/vc_column][\/vc_row][vc_row][vc_column][vc_column_text]Za voznike za?etnike: Zaviranje: Potegnite krmilno palico proti telesu&hellip;<\/p>\n","protected":false},"author":1,"featured_media":0,"parent":0,"menu_order":0,"comment_status":"closed","ping_status":"closed","template":"","meta":{"_acf_changed":false,"footnotes":""},"class_list":["post-158589","page","type-page","status-publish","hentry","description-off"],"acf":[],"_links":{"self":[{"href":"https:\/\/mini-bob.com\/sl\/wp-json\/wp\/v2\/pages\/158589","targetHints":{"allow":["GET"]}}],"collection":[{"href":"https:\/\/mini-bob.com\/sl\/wp-json\/wp\/v2\/pages"}],"about":[{"href":"https:\/\/mini-bob.com\/sl\/wp-json\/wp\/v2\/types\/page"}],"author":[{"embeddable":true,"href":"https:\/\/mini-bob.com\/sl\/wp-json\/wp\/v2\/users\/1"}],"replies":[{"embeddable":true,"href":"https:\/\/mini-bob.com\/sl\/wp-json\/wp\/v2\/comments?post=158589"}],"version-history":[{"count":4,"href":"https:\/\/mini-bob.com\/sl\/wp-json\/wp\/v2\/pages\/158589\/revisions"}],"predecessor-version":[{"id":158607,"href":"https:\/\/mini-bob.com\/sl\/wp-json\/wp\/v2\/pages\/158589\/revisions\/158607"}],"wp:attachment":[{"href":"https:\/\/mini-bob.com\/sl\/wp-json\/wp\/v2\/media?parent=158589"}],"curies":[{"name":"wp","href":"https:\/\/api.w.org\/{rel}","templated":true}]}}