{"id":158602,"date":"2025-11-23T18:20:38","date_gmt":"2025-11-23T17:20:38","guid":{"rendered":"https:\/\/mini-bob.com\/pogosta-vprasanja\/"},"modified":"2025-11-23T18:20:39","modified_gmt":"2025-11-23T17:20:39","slug":"pogosta-vprasanja","status":"publish","type":"page","link":"https:\/\/mini-bob.com\/sl\/pogosta-vprasanja\/","title":{"rendered":"POGOSTA VPRA\u0160ANJA"},"content":{"rendered":"<div class=\"wpb-content-wrapper\"><p>[vc_row][vc_column][vc_custom_heading text=&#8221;Vpra\u0161anja? Odgovarjamo nanje! &#8221; font_container=&#8221;tag:h4|text_align:left&#8221; google_fonts=&#8221;font_family:Roboto%20Condensed%3A300%2C300italic%2Cregular%2Citalic%2C700%2C700italic|font_style:400%20regular%3A400%3Anormal&#8221;][vc_column_text]Tukaj smo posku\u0161ali odgovoriti na vsa va\u0161a vpra\u0161anja o mini bobu - ?e \u0161e vedno potrebujete ve? informacij, se obrnite na nas![\/vc_column_text][\/vc_column][\/vc_row][vc_row][vc_column][vc_toggle title=&#8221;Kako lahko prepoznam izvirni mini bob?&#8221; style=&#8221;round&#8221;]Originalni mini bob prepoznate po nezamenljivem za\u0161?itenem logotipu mini bob, ki je vtisnjen na sprednji strani.<\/p>\n<p><img decoding=\"async\" src=\"\/wp-content\/uploads\/2015\/02\/MaxispassmitMinibob.gif\" alt=\"\" width=\"300\">[\/vc_toggle][vc_toggle title=&#8221;Kaj je zipflbob?&#8221; style=&#8221;round&#8221;]Mini bob je (odvisno od nare?ja) znan tudi kot &#8220;zipflbob&#8221;, &#8220;Zipfelbob&#8221;, &#8220;Zipfibob&#8221; ali &#8220;Zipfybob&#8221;. Izraz je nastal v tirolskih gorah zaradi njegove edinstvene oblike. <\/p>\n<p>Torej je le originalni mini bob tudi pravi &#8220;zipflbob&#8221;![\/vc_toggle][vc_toggle title=&#8221;Kako dolgo \u017ee obstaja mini bob?&#8221; style=&#8221;round&#8221;]Zamisel se je porodila med smu?arskimi po?itnicami v Kitzb\u00fchelu v sedemdesetih letih prej\u0161njega stoletja.<br \/>\nPodjetje Loeger GmbH mini bob v skoraj nespremenjeni obliki proizvaja in prodaja v Nem?iji od leta 1976.[\/vc_toggle][vc_toggle title=&#8221;Kdo je izumil mini bob?&#8221; style=&#8221;round&#8221;]Mini bob sta razvila in patentirala Siegmund Loeger in Johann Uttenthaler v sedemdesetih letih prej\u0161njega stoletja. Po smrti Johanna Uttenthalerja so bile patentne pravice prenesene na podjetje Loeger GmbH, ki je od takrat ekskluzivni proizvajalec in distributer mini bobov.[\/vc_toggle][vc_toggle title=&#8221;Kje je izdelan mini bob?&#8221; style=&#8221;round&#8221;]Mini bob se v Nem?iji proizvaja od leta 1976. Sodelujemo z malimi in srednje velikimi dru\u017einskimi podjetji.[\/vc_toggle][vc_toggle title=&#8221;Moj mini bob ima na sede\u017eu dve luknji. Je to normalno? &#8221; style=&#8221;round&#8221;]Med izdelavo mini boba je tako imenovani &#8220;sede\u017e&#8221; v pihanem kalupu obe\u0161en\/pritrjen na dve &#8220;\u0161pici&#8221;. Ta dva trna pustita na povr\u0161ini sede\u017ea zna?ilne vdolbine (glej sliko). To niso luknje, temve? le vdolbina v materialu, ki ne vpliva na delovanje in varnost mini bob.  <\/p>\n<p>&nbsp;<\/p>\n<p><img loading=\"lazy\" decoding=\"async\" src=\"\/wp-content\/uploads\/2017\/01\/Loch-in-mini-bob-zipflbob.jpg\" alt=\"Odprtina v mini bobu - luknje za sede\u017e\" width=\"350\" height=\"382\">[\/vc_toggle][vc_toggle title=&#8221;Ali je mini bob varen za zdravje?&#8221; style=&#8221;round&#8221;]Mini bob je bil od svoje iznajdbe v sedemdesetih letih prej\u0161njega stoletja zasnovan tudi kot otro\u0161ke sanke. \u017de od samega za?etka je bila pri razvoju in izbiri materialov pozornost namenjena zdru\u017eljivosti s ko\u017eo. Pri izvirnem mini bobu na primer niso uporabljena meh?ala (brez ftalatov).  <\/p>\n<p>Uporabljeni material HD PE je odobren za \u017eivila, varen za \u017eivila in fiziolo\u0161ko ne\u0161kodljiv. HD PE se na primer uporablja tudi za deske za rezanje v kuhinji in za \u0161katle za shranjevanje \u017eivil, ki prihajajo v stik z \u017eivili.[\/vc_toggle][vc_toggle title=&#8221;Ali je mogo?e mini bob reciklirati?&#8221; style=&#8221;round&#8221;]Mini bob je izdelan iz zelo trdnega in vzdr\u017eljivega materiala HD-PE, ki pomeni polietilen visoke gostote. HD-PE ima visoko trdnost in togost (tudi pri zelo nizkih temperaturah) ter zelo dobro kemijsko odpornost. Original mini bob je izdelek za ve? generacij in je zasnovan za dolgo \u017eivljenjsko dobo.  <\/p>\n<p>?e pa morate mini bob odstraniti, to ni te\u017eava. HD-PE je sestavljen izklju?no iz ogljika in vodika, zato je njegovo odstranjevanje okolju zelo prijazno. Mini bob preprosto odnesite v najbli\u017eji center za recikliranje, da se lahko pravilno reciklira.[\/vc_toggle][vc_toggle title=&#8221;Ali mini bob po\u0161koduje smu?i\u0161?e\/povr\u0161ino?&#8221; style=&#8221;round&#8221;]Zaradi ravne oblike spodnje strani je mini bob na sankali\u0161?ih in smu?arskih progah \u0161e posebej ne\u017een. V nasprotju s klasi?nimi lesenimi sanmi s teka?i mini bob povr\u0161ino celo &#8220;povalja&#8221;, namesto da bi jo uni?il. Zato mini bob nima negativnega vpliva na vegetacijo ali urejeno smu?i\u0161?e.[\/vc_toggle][vc_toggle title=&#8221;Pri kateri starosti lahko vozim mini bob?&#8221; style=&#8221;round&#8221;]Mini bob je primeren za vse, ki so stari od 3 do 99 let. Zabava z mini bobom ne pozna starostne omejitve. Zaradi nizke vi\u0161ine sede\u017ea se majhne plasti?ne sani skoraj ne prevrnejo, zato jih lahko vozijo tudi najmlaj\u0161i otroci. Zaradi majhne te\u017ee, ki zna\u0161a le pribli\u017eno 1,6 kg, so ene najla\u017ejih plasti?nih sani na trgu, zato jih lahko tudi najmlaj\u0161i ljubitelji mini bobov na vrvici brez te\u017eav vle?ejo po strmini navzgor.[\/vc_toggle][vc_toggle title=&#8221;Do kak\u0161ne te\u017ee lahko vozim mini bob?&#8221; style=&#8221;round&#8221;]Mini bob je zaradi nerazbitnega plasti?nega materiala zelo vzdr\u017eljiv in ga je mogo?e voziti do te\u017ee 100 kg.[\/vc_toggle][vc_toggle title=&#8221;Kje lahko kupim mini bob?&#8221; style=&#8221;round&#8221;]Mini bob je na voljo pri dobro zalo\u017eenih prodajalcih \u0161portnih izdelkov in igra? ter na \u0161tevilnih spletnih portalih.<br \/>\nVse<a href=\"https:\/\/mini-bob.com\/sl\/?page_id=158632\">prodajalce, ki jih poznamo, lahko najdetena &#8220;buy<\/a> mini bob&#8221;.<\/p>\n<p><a href=\"https:\/\/mini-bob.com\/mini-bob-zipfelbob-shop\/\">In seveda<\/a> v na\u0161i trgovini![\/vc_toggle][vc_toggle title=&#8221;V katerih barvah je na voljo mini bob?&#8221; style=&#8221;round&#8221;]Mini bob je trenutno na voljo v rde?i, ro\u017enati in modri barvi.<\/p>\n<p>Rde?a in rumena barva sta prisotni \u017ee od izuma mini bobov v 70. letih prej\u0161njega stoletja. Kratek ?as je bil mini bob na voljo tudi v modnih barvah neonsko zelene, neonsko roza in ?rne z rumenim sede\u017eem. <\/p>\n<p>Leta 2010 je bil na voljo oran\u017eni zipflbob, ki ga je leta 2014 zamenjal &#8220;novi&#8221; rumeni zipflbob. Leta 2013 je bil mini bob v omejenem \u0161tevilu na voljo v posebni izdaji v bronasti kovini, zeleni kovini in biserno beli barvi. Leta 2015 je bil mali plasti?ni bob na voljo tudi v vijoli?ni barvi. Zadnja posebna barva &#8220;roza&#8221; je bila izdelana leta 2020.   <\/p>\n<p>Da ne bo nikoli dolg?as, \u017ee na?rtujemo novo posebno barvo!<\/p>\n<p>Zato je vredno redno obiskovati na\u0161o spletno stran :-)[\/vc_toggle][vc_toggle title=&#8221;Ali lahko kupim tudi mini bob v posameznih barvah?&#8221; style=&#8221;round&#8221;]Na splo\u0161no je mogo?e izdelati mini bob v posameznih barvah, vendar je to mogo?e le od dolo?ene koli?ine. Podjetjem in ve?jim strankam lahko na primer ponudimo mini bob v posameznih barvnih kombinacijah kot promocijski izdelek (glej &#8220;Reference&#8221;)<a href=\"https:\/\/mini-bob.com\/sl\/?page_id=158617\">.<\/a> <\/p>\n<p>Veseli smo va\u0161ega povpra\u0161evanja![\/vc_toggle][vc_toggle title=&#8221;Kako se lahko udele\u017eim mini bob dirk?&#8221; style=&#8221;round&#8221;]V ve?ini primerov se lahko mini bob dirke udele\u017ei vsakdo. Obi?ajno se delijo na mo\u0161ki in \u017eenski razred ter glede na starost udele\u017eencev. Pogosto obstajajo tudi hobi in profesionalni razredi. Zmagovalci se nato dolo?ijo po sistemu izlo?anja. Uporaba ?elade je obvezna, priporo?ljivi pa so tudi \u0161?itniki. Natan?ne pogoje za posamezno prireditev lahko dobite pri organizatorju.[\/vc_toggle][vc_toggle title=&#8221;Ali obstajajo mini bob dirke?&#8221; style=&#8221;round&#8221;]Zdaj je organiziranih veliko \u0161tevilo dirk v razli?nih razredih. Datumi in poro?ila o dirkah so na voljo v razdelku &#8220;Novice&#8221;. Obstaja svetovna serija zipflbob in \u0161tevilne regionalne prireditve.  <\/p>\n<p>?e sami organizirate Zipfelbobrennen, vam bomo z veseljem pomagali! Preprosto uporabite na\u0161 <a href=\"https:\/\/mini-bob.com\/sl\/?page_id=158560&#038;v=3a52f3c22ed6\">kontaktni obrazec!<\/a>[\/vc_toggle][vc_toggle title=&#8221;Ali obstajajo mini bob klubi?&#8221; style=&#8221;round&#8221;]Da, zdaj obstajajo dobro organizirani mini bob \/ zipflbob klubi.<\/p>\n<p>?e \u017eelite kot klub objaviti poro?ilo o dirki ali obvestilo o dirki zipflbob na na\u0161i spletni strani, nas <a href=\"https:\/\/mini-bob.com\/sl\/?page_id=158560&#038;v=3a52f3c22ed6\">kontaktirajte<\/a> - z veseljem vas bomo podprli![\/vc_toggle][vc_toggle title=&#8221;Kje se lahko vozim z mini bobom?&#8221; style=&#8221;round&#8221;]Mini bob lahko uporabite skoraj povsod. Kot naprava za zimske \u0161porte se enako dobro po?uti tako na majhnih sne\u017enih strminah kot na strmih smu?i\u0161?ih. Nekateri so se z mini bobom vozili celo po pesku pri temperaturi +30 C. To je na primer mogo?e na gori Monte Kaolino v Nem?iji. Ve? sankali\u0161? v Alpah s poro?ili o snegu in razmerah na progi najdete v rubriki &#8220;Vodnik po sankali\u0161?u&#8221;.[\/vc_toggle][vc_toggle title=&#8221;Kaj potrebujem za mini bobing? Ali potrebujem posebna obla?ila? &#8221; style=&#8221;round&#8221;]Minibobing ne zahteva posebnih obla?il, vendar se je tako kot pri vsakem zimskem \u0161portu treba oble?i vremenu primerno. Le z nepremo?ljivimi obla?ili lahko resni?no u\u017eivate v zabavi.<br \/>\nPriporo?amo tudi trpe\u017eno obutev (npr. ?evlje za deskanje na snegu) ter uporabo smu?arskih o?al, \u0161?itnikov in ?elade.<br \/>\n?elada je obvezna na dirkah, nositi pa je treba tudi \u0161?itnike. Na dirkah mini bobov se v?asih dose\u017eejo visoke hitrosti, zato tu vedno velja &#8220;varnost na prvem mestu&#8221;![\/vc_toggle][vc_toggle title=&#8221;\u017delim sam organizirati mini bob dirko, kaj moram upo\u0161tevati?&#8221; style=&#8221;round&#8221;]Z veseljem vam bomo pomagali s svojimi izku\u0161njami pri pripravi dogodka in vas povezali s profesionalnimi organizatorji. Prejeli boste pomembne nasvete za uspe\u0161en in zanimiv dogodek. Z veseljem bomo dogodek objavili tudi na na\u0161i uradni doma?i strani mini boba in strani na Facebooku ter pripravili poro?ila o dirki z besedilom, fotografijami in videoposnetki. Preprosto nam po\u0161ljite svoje povpra\u0161evanje prek na\u0161ega <a href=\"https:\/\/mini-bob.com\/sl\/?page_id=158560&#038;v=3a52f3c22ed6\">kontaktnega obrazca!<\/a>[\/vc_toggle][\/vc_column][\/vc_row]<\/p>\n<\/div>","protected":false},"excerpt":{"rendered":"<p>[vc_row][vc_column][vc_custom_heading text=&#8221;Vpra\u0161anja? Odgovarjamo nanje! &#8221; font_container=&#8221;tag:h4|text_align:left&#8221; google_fonts=&#8221;font_family:Roboto%20Condensed%3A300%2C300italic%2Cregular%2Citalic%2C700%2C700italic|font_style:400%20regular%3A400%3Anormal&#8221;][vc_column_text]Tukaj smo posku\u0161ali odgovoriti na vsa va\u0161a vpra\u0161anja o mini bobu - ?e \u0161e vedno potrebujete ve? informacij, se obrnite na nas![\/vc_column_text][\/vc_column][\/vc_row][vc_row][vc_column][vc_toggle title=&#8221;Kako lahko prepoznam izvirni mini bob?&#8221; style=&#8221;round&#8221;]Originalni mini bob prepoznate po nezamenljivem za\u0161?itenem logotipu mini bob, ki je vtisnjen na sprednji strani. [\/vc_toggle][vc_toggle title=&#8221;Kaj je zipflbob?&#8221; style=&#8221;round&#8221;]Mini&hellip;<\/p>\n","protected":false},"author":1,"featured_media":0,"parent":0,"menu_order":0,"comment_status":"closed","ping_status":"closed","template":"","meta":{"_acf_changed":false,"footnotes":""},"class_list":["post-158602","page","type-page","status-publish","hentry","description-off"],"acf":[],"_links":{"self":[{"href":"https:\/\/mini-bob.com\/sl\/wp-json\/wp\/v2\/pages\/158602","targetHints":{"allow":["GET"]}}],"collection":[{"href":"https:\/\/mini-bob.com\/sl\/wp-json\/wp\/v2\/pages"}],"about":[{"href":"https:\/\/mini-bob.com\/sl\/wp-json\/wp\/v2\/types\/page"}],"author":[{"embeddable":true,"href":"https:\/\/mini-bob.com\/sl\/wp-json\/wp\/v2\/users\/1"}],"replies":[{"embeddable":true,"href":"https:\/\/mini-bob.com\/sl\/wp-json\/wp\/v2\/comments?post=158602"}],"version-history":[{"count":5,"href":"https:\/\/mini-bob.com\/sl\/wp-json\/wp\/v2\/pages\/158602\/revisions"}],"predecessor-version":[{"id":158609,"href":"https:\/\/mini-bob.com\/sl\/wp-json\/wp\/v2\/pages\/158602\/revisions\/158609"}],"wp:attachment":[{"href":"https:\/\/mini-bob.com\/sl\/wp-json\/wp\/v2\/media?parent=158602"}],"curies":[{"name":"wp","href":"https:\/\/api.w.org\/{rel}","templated":true}]}}