{"id":158610,"date":"2015-08-07T11:32:01","date_gmt":"2015-08-07T09:32:01","guid":{"rendered":"https:\/\/mini-bob.com\/plasticni-bob-nakup-plasticnih-sani\/"},"modified":"2025-11-23T18:20:42","modified_gmt":"2025-11-23T17:20:42","slug":"plasticni-bob-nakup-plasticnih-sani","status":"publish","type":"page","link":"https:\/\/mini-bob.com\/sl\/plasticni-bob-nakup-plasticnih-sani\/","title":{"rendered":"Plasti?ni bob - Nakup plasti?nih sani"},"content":{"rendered":"<div class=\"wpb-content-wrapper\"><p>[vc_row][vc_column][vc_custom_heading text=&#8221;Kupite plasti?ni bob - originalni mini bob od leta 1976&#8243; google_fonts=&#8221;font_family:Roboto%3A100%2C100italic%2C300%2C300italic%2Cregular%2Citalic%2C500%2C500italic%2C700%2C700italic%2C900%2C900italic|font_style:400%20regular%3A400%3Anormal&#8221;][vc_column_text]I\u0161?ete najbolj\u0161i plasti?ni bob ali plasti?ne sani zase ali za svoje otroke?<\/p>\n<p>Ne glede na to, ali \u017eelite kupiti plasti?ni bob za darilo ali pa sami i\u0161?ete najve?jo zabavo za sankanje &#8230;<\/p>\n<p>z originalnim mini bobom ste pri\u0161li na pravo mesto!<\/p>\n<p>Tukaj izveste, kateri je morda najbolj\u0161i plasti?ni bob ali plasti?ne sani![\/vc_column_text][\/vc_column][\/vc_row][vc_row][vc_column]<style type=\"text\/css\" data-type=\"the7_shortcodes-inline-css\">#default-btn-4f46d0bdad97c440c618520f291bce11.ico-right-side > i {\n  margin-right: 0px;\n  margin-left: 8px;\n}\n#default-btn-4f46d0bdad97c440c618520f291bce11 > i {\n  margin-right: 8px;\n}<\/style><a href=\"https:\/\/mini-bob.com\/mini-bob-zipfelbob-shop\/\" class=\"default-btn-shortcode dt-btn dt-btn-l link-hover-off btn-inline-left \" id=\"default-btn-4f46d0bdad97c440c618520f291bce11\" title=\"Originalni mini bob (Zipfelbob) Trgovina\"><i class=\"icomoon-the7-font-the7-arrow-27\"><\/i><span>kupi izvirni minibob zdaj<\/span><\/a>[\/vc_column][\/vc_row][vc_row][vc_column width=&#8221;1\/2&#8243;][vc_wp_text]<\/p>\n<p><a href=\"\/\"><img decoding=\"async\" class=\"wp-image-1733 size-medium\" src=\"\/wp-content\/uploads\/2014\/03\/mini-bob-rot-350px.png\" alt=\"Kupite plasti?ni bob\" width=\"500\"><\/a><\/p>\n<p>[\/vc_wp_text][\/vc_column][vc_column width=&#8221;1\/2&#8243;][vc_wp_text]<\/p>\n<p>&nbsp;<\/p>\n<p>&nbsp;<\/p>\n<p>&nbsp;<\/p>\n<p>&nbsp;<\/p>\n<p><a href=\"\/\"><img decoding=\"async\" class=\"wp-image-1733 size-medium\" src=\"\/wp-content\/uploads\/2015\/02\/mini-bob-logo-original10-300x152.png\" alt=\"Logotip Original zipflbob\" width=\"300\" srcset=\"https:\/\/mini-bob.com\/wp-content\/uploads\/2015\/02\/mini-bob-logo-original10-300x152.png 300w, https:\/\/mini-bob.com\/wp-content\/uploads\/2015\/02\/mini-bob-logo-original10.png 500w\" sizes=\"(max-width: 300px) 100vw, 300px\" \/><\/a><\/p>\n<p>[\/vc_wp_text][\/vc_column][\/vc_row][vc_row][vc_column]<style type=\"text\/css\" data-type=\"the7_shortcodes-inline-css\">.gallery-shortcode.gallery-masonry-shortcode-id-f48d8b6e84b09c1f137d732db6ef2108 figure,\n.gallery-shortcode.gallery-masonry-shortcode-id-f48d8b6e84b09c1f137d732db6ef2108 .rollover,\n.gallery-shortcode.gallery-masonry-shortcode-id-f48d8b6e84b09c1f137d732db6ef2108 img,\n.gallery-shortcode.gallery-masonry-shortcode-id-f48d8b6e84b09c1f137d732db6ef2108 .gallery-rollover {\n  border-radius: 0px;\n}\n.gallery-shortcode.gallery-masonry-shortcode-id-f48d8b6e84b09c1f137d732db6ef2108.enable-bg-rollover .gallery-rollover {\n  background: -webkit-linear-gradient();\n  background: linear-gradient();\n}\n.gallery-shortcode.gallery-masonry-shortcode-id-f48d8b6e84b09c1f137d732db6ef2108.enable-bg-rollover.hover-scale figure .rollover:after {\n  background: -webkit-linear-gradient();\n  background: linear-gradient();\n}\n.gallery-shortcode.gallery-masonry-shortcode-id-f48d8b6e84b09c1f137d732db6ef2108 .gallery-zoom-ico {\n  width: 44px;\n  height: 44px;\n  line-height: 44px;\n  border-radius: 100px;\n  margin: -22px 0 0 -22px;\n  border-width: 0px;\n  color: #ffffff;\n}\n.dt-icon-bg-on.gallery-shortcode.gallery-masonry-shortcode-id-f48d8b6e84b09c1f137d732db6ef2108 .gallery-zoom-ico {\n  background: rgba(255,255,255,0.3);\n  box-shadow: none;\n}\n.gallery-shortcode.gallery-masonry-shortcode-id-f48d8b6e84b09c1f137d732db6ef2108 .gallery-zoom-ico:before,\n.gallery-shortcode.gallery-masonry-shortcode-id-f48d8b6e84b09c1f137d732db6ef2108 .gallery-zoom-ico span {\n  font-size: 32px;\n  line-height: 44px;\n  color: #ffffff;\n}\n.gallery-shortcode.gallery-masonry-shortcode-id-f48d8b6e84b09c1f137d732db6ef2108:not(.resize-by-browser-width) .dt-css-grid {\n  grid-row-gap: 10px;\n  grid-column-gap: 10px;\n  grid-template-columns: repeat(auto-fill,minmax(,1fr));\n}\n.gallery-shortcode.gallery-masonry-shortcode-id-f48d8b6e84b09c1f137d732db6ef2108:not(.resize-by-browser-width) .dt-css-grid .double-width {\n  grid-column: span 2;\n}\n.cssgridlegacy.no-cssgrid .gallery-shortcode.gallery-masonry-shortcode-id-f48d8b6e84b09c1f137d732db6ef2108:not(.resize-by-browser-width) .dt-css-grid,\n.no-cssgridlegacy.no-cssgrid .gallery-shortcode.gallery-masonry-shortcode-id-f48d8b6e84b09c1f137d732db6ef2108:not(.resize-by-browser-width) .dt-css-grid {\n  display: flex;\n  flex-flow: row wrap;\n  margin: -5px;\n}\n.cssgridlegacy.no-cssgrid .gallery-shortcode.gallery-masonry-shortcode-id-f48d8b6e84b09c1f137d732db6ef2108:not(.resize-by-browser-width) .dt-css-grid .wf-cell,\n.no-cssgridlegacy.no-cssgrid .gallery-shortcode.gallery-masonry-shortcode-id-f48d8b6e84b09c1f137d732db6ef2108:not(.resize-by-browser-width) .dt-css-grid .wf-cell {\n  flex: 1 0 ;\n  max-width: 100%;\n  padding: 5px;\n  box-sizing: border-box;\n}\n.gallery-shortcode.gallery-masonry-shortcode-id-f48d8b6e84b09c1f137d732db6ef2108.resize-by-browser-width .dt-css-grid {\n  grid-template-columns: repeat(3,1fr);\n  grid-template-rows: auto;\n  grid-column-gap: 10px;\n  grid-row-gap: 10px;\n}\n.gallery-shortcode.gallery-masonry-shortcode-id-f48d8b6e84b09c1f137d732db6ef2108.resize-by-browser-width .dt-css-grid .double-width {\n  grid-column: span 2;\n}\n.cssgridlegacy.no-cssgrid .gallery-shortcode.gallery-masonry-shortcode-id-f48d8b6e84b09c1f137d732db6ef2108.resize-by-browser-width .dt-css-grid {\n  margin: -5px;\n}\n.cssgridlegacy.no-cssgrid .gallery-shortcode.gallery-masonry-shortcode-id-f48d8b6e84b09c1f137d732db6ef2108.resize-by-browser-width .dt-css-grid .wf-cell {\n  width: 33.333333333333%;\n  padding: 5px;\n}\n.cssgridlegacy.no-cssgrid .gallery-shortcode.gallery-masonry-shortcode-id-f48d8b6e84b09c1f137d732db6ef2108.resize-by-browser-width .dt-css-grid .wf-cell.double-width {\n  width: calc(33.333333333333%) * 2;\n}\n.gallery-shortcode.gallery-masonry-shortcode-id-f48d8b6e84b09c1f137d732db6ef2108.resize-by-browser-width:not(.centered-layout-list):not(.content-bg-on) .dt-css-grid {\n  grid-row-gap: 10px - ;\n}\n@media screen and (max-width: 1199px) {\n  .gallery-shortcode.gallery-masonry-shortcode-id-f48d8b6e84b09c1f137d732db6ef2108.resize-by-browser-width .dt-css-grid {\n    grid-template-columns: repeat(3,1fr);\n  }\n  .cssgridlegacy.no-cssgrid .gallery-shortcode.gallery-masonry-shortcode-id-f48d8b6e84b09c1f137d732db6ef2108.resize-by-browser-width .dt-css-grid .wf-cell,\n  .no-cssgridlegacy.no-cssgrid .gallery-shortcode.gallery-masonry-shortcode-id-f48d8b6e84b09c1f137d732db6ef2108.resize-by-browser-width .dt-css-grid .wf-cell {\n    width: 33.333333333333%;\n  }\n  .cssgridlegacy.no-cssgrid .gallery-shortcode.gallery-masonry-shortcode-id-f48d8b6e84b09c1f137d732db6ef2108.resize-by-browser-width .dt-css-grid .wf-cell.double-width,\n  .no-cssgridlegacy.no-cssgrid .gallery-shortcode.gallery-masonry-shortcode-id-f48d8b6e84b09c1f137d732db6ef2108.resize-by-browser-width .dt-css-grid .wf-cell.double-width {\n    width: calc(33.333333333333%)*2;\n  }\n}\n@media screen and (max-width: 991px) {\n  .gallery-shortcode.gallery-masonry-shortcode-id-f48d8b6e84b09c1f137d732db6ef2108.resize-by-browser-width .dt-css-grid {\n    grid-template-columns: repeat(3,1fr);\n  }\n  .cssgridlegacy.no-cssgrid .gallery-shortcode.gallery-masonry-shortcode-id-f48d8b6e84b09c1f137d732db6ef2108.resize-by-browser-width .dt-css-grid .wf-cell,\n  .no-cssgridlegacy.no-cssgrid .gallery-shortcode.gallery-masonry-shortcode-id-f48d8b6e84b09c1f137d732db6ef2108.resize-by-browser-width .dt-css-grid .wf-cell {\n    width: 33.333333333333%;\n  }\n  .cssgridlegacy.no-cssgrid .gallery-shortcode.gallery-masonry-shortcode-id-f48d8b6e84b09c1f137d732db6ef2108.resize-by-browser-width .dt-css-grid .wf-cell.double-width,\n  .no-cssgridlegacy.no-cssgrid .gallery-shortcode.gallery-masonry-shortcode-id-f48d8b6e84b09c1f137d732db6ef2108.resize-by-browser-width .dt-css-grid .wf-cell.double-width {\n    width: calc(33.333333333333%)*2;\n  }\n}\n@media screen and (max-width: 767px) {\n  .gallery-shortcode.gallery-masonry-shortcode-id-f48d8b6e84b09c1f137d732db6ef2108.resize-by-browser-width .dt-css-grid {\n    grid-template-columns: repeat(2,1fr);\n  }\n  .cssgridlegacy.no-cssgrid .gallery-shortcode.gallery-masonry-shortcode-id-f48d8b6e84b09c1f137d732db6ef2108.resize-by-browser-width .dt-css-grid .wf-cell,\n  .no-cssgridlegacy.no-cssgrid .gallery-shortcode.gallery-masonry-shortcode-id-f48d8b6e84b09c1f137d732db6ef2108.resize-by-browser-width .dt-css-grid .wf-cell {\n    width: 50%;\n  }\n  .cssgridlegacy.no-cssgrid .gallery-shortcode.gallery-masonry-shortcode-id-f48d8b6e84b09c1f137d732db6ef2108.resize-by-browser-width .dt-css-grid .wf-cell.double-width,\n  .no-cssgridlegacy.no-cssgrid .gallery-shortcode.gallery-masonry-shortcode-id-f48d8b6e84b09c1f137d732db6ef2108.resize-by-browser-width .dt-css-grid .wf-cell.double-width {\n    width: calc(50%)*2;\n  }\n}<\/style><div class=\"gallery-shortcode dt-gallery-container gallery-masonry-shortcode-id-f48d8b6e84b09c1f137d732db6ef2108 mode-masonry jquery-filter dt-icon-bg-off quick-scale-img enable-bg-rollover resize-by-browser-width  hover-fade loading-effect-none description-on-hover\" data-padding=\"5px\" data-cur-page=\"1\" data-post-limit=\"-1\" data-pagination-mode=\"none\" data-desktop-columns-num=\"3\" data-v-tablet-columns-num=\"3\" data-h-tablet-columns-num=\"3\" data-phone-columns-num=\"2\" data-width=\"0px\" data-columns=\"0\"><div class=\"iso-container\" ><div class=\"wf-cell iso-item\" data-post-id=\"158796\" data-date=\"2015-03-03T16:38:49+01:00\" data-name=\"JUMP-09-1024\"><figure class=\"post visible\"><a href=\"https:\/\/mini-bob.com\/wp-content\/uploads\/2015\/03\/JUMP-09-1024.jpg\" class=\"rollover dt-pswp-item layzr-bg\" data-large_image_width=\"1024\" data-large_image_height=\"683\" data-dt-img-description=\"\" title=\"JUMP-09-1024\"><img fetchpriority=\"high\" decoding=\"async\" class=\"preload-me iso-lazy-load aspect\" src=\"data:image\/svg+xml,%3Csvg%20xmlns%3D&#039;http%3A%2F%2Fwww.w3.org%2F2000%2Fsvg&#039;%20viewBox%3D&#039;0%200%20379%20253&#039;%2F%3E\" data-src=\"https:\/\/mini-bob.com\/wp-content\/uploads\/2015\/03\/JUMP-09-1024-379x253.jpg\" data-srcset=\"https:\/\/mini-bob.com\/wp-content\/uploads\/2015\/03\/JUMP-09-1024-379x253.jpg 379w, https:\/\/mini-bob.com\/wp-content\/uploads\/2015\/03\/JUMP-09-1024-569x380.jpg 569w\" loading=\"eager\" style=\"--ratio: 379 \/ 253\" sizes=\"(max-width: 379px) 100vw, 379px\" alt=\"\" width=\"379\" height=\"253\"><span class=\"gallery-rollover\"><span class=\"gallery-zoom-ico icomoon-the7-font-the7-zoom-06\"><span><\/span><\/span><\/span><\/a><\/figure><\/div><div class=\"wf-cell iso-item\" data-post-id=\"158778\" data-date=\"2015-01-20T15:58:56+01:00\" data-name=\"mini bob\"><figure class=\"post visible\"><a href=\"https:\/\/mini-bob.com\/wp-content\/uploads\/2015\/01\/mini-bob-race6.jpg\" class=\"rollover dt-pswp-item layzr-bg\" data-large_image_width=\"1179\" data-large_image_height=\"758\" data-dt-img-description=\"\" title=\"mini bob\"><img decoding=\"async\" class=\"preload-me iso-lazy-load aspect\" src=\"data:image\/svg+xml,%3Csvg%20xmlns%3D&#039;http%3A%2F%2Fwww.w3.org%2F2000%2Fsvg&#039;%20viewBox%3D&#039;0%200%20379%20244&#039;%2F%3E\" data-src=\"https:\/\/mini-bob.com\/wp-content\/uploads\/2015\/01\/mini-bob-race6-379x244.jpg\" data-srcset=\"https:\/\/mini-bob.com\/wp-content\/uploads\/2015\/01\/mini-bob-race6-379x244.jpg 379w, https:\/\/mini-bob.com\/wp-content\/uploads\/2015\/01\/mini-bob-race6-569x366.jpg 569w\" loading=\"eager\" style=\"--ratio: 379 \/ 244\" sizes=\"(max-width: 379px) 100vw, 379px\" alt=\"\" width=\"379\" height=\"244\"><span class=\"gallery-rollover\"><span class=\"gallery-zoom-ico icomoon-the7-font-the7-zoom-06\"><span><\/span><\/span><\/span><\/a><\/figure><\/div><div class=\"wf-cell iso-item\" data-post-id=\"158823\" data-date=\"2018-02-27T16:24:25+01:00\" data-name=\"Zipfelbob modra in rde?a - Dammkar\"><figure class=\"post visible\"><a href=\"https:\/\/mini-bob.com\/wp-content\/uploads\/2018\/02\/Zipfelbob-Dammkar.jpg\" class=\"rollover dt-pswp-item layzr-bg\" data-large_image_width=\"1210\" data-large_image_height=\"907\" data-dt-img-description=\"\" title=\"Zipfelbob modra in rde?a - Dammkar\"><img decoding=\"async\" class=\"preload-me iso-lazy-load aspect\" src=\"data:image\/svg+xml,%3Csvg%20xmlns%3D&#39;http%3A%2F%2Fwww.w3.org%2F2000%2Fsvg&#39;%20viewBox%3D&#39;0%200%20379%20284&#39;%2F%3E\" data-src=\"https:\/\/mini-bob.com\/wp-content\/uploads\/2018\/02\/Zipfelbob-Dammkar-379x284.jpg\" data-srcset=\"https:\/\/mini-bob.com\/wp-content\/uploads\/2018\/02\/Zipfelbob-Dammkar-379x284.jpg 379w, https:\/\/mini-bob.com\/wp-content\/uploads\/2018\/02\/Zipfelbob-Dammkar-569x426.jpg 569w\" loading=\"eager\" style=\"--ratio: 379 \/ 284\" sizes=\"(max-width: 379px) 100vw, 379px\" alt=\"Dammkar sestop Zipfy\" width=\"379\" height=\"284\"  \/><span class=\"gallery-rollover\"><span class=\"gallery-zoom-ico icomoon-the7-font-the7-zoom-06\"><span><\/span><\/span><\/span><\/a><\/figure><\/div><\/div><!-- iso-container|iso-grid --><\/div>[\/vc_column][\/vc_row][vc_row][vc_column][vc_wp_text]<\/p>\n<p>Plasti?ni bob: &#8220;Najve?ja zabava z mini bobom&#8221; za otroke in odrasle - to je slogan malega plasti?nega boba \u017ee od leta 1976!<\/p>\n<p>Tako kot sani Davos, plasti?ne sani, plasti?ni bob, tobogan, popo sanke, <a href=\"https:\/\/mini-bob.com\/sl\/?page_id=158752\">tobogan, bob<\/a>, plasti?na skleda, drsna plo\u0161?a, sne\u017eni tobogan, tobogan za zadnjico, sne\u017eni drsnik, sne\u017eni proga?, sne\u017eni vok, airboard ali preprosti tobogan, so tudi plasti?ne sani &#8220;mini bob&#8221; idealno sredstvo za najve?jo zimsko zabavo na snegu na smu?i\u0161?u, sankali\u0161?u ali preprosto na pobo?ju v vasi. Klasi?ne lesene sani se vedno upravljajo z nogami, ki se dotikajo tal. S tako imenovano airboard, vrsto napihljivih sani, pa nad sankali\u0161?em lebdite (podobno kot zra?no plovilo nad vodo). Plasti?ni bob &#8220;mini bob&#8221; zelo preprosto upravljate s pomo?jo krmilne palice in s premikanjem svoje te\u017ee. Bobi, sanke in sanka?i so zato idealna \u0161portna oprema za zimsko zabavo tako za mlade kot za starej\u0161e.    <\/p>\n<p>Majhen plasti?ni bob ali plasti?ne sanke &#8220;mini bob&#8221; so idealne za otroke, saj jih je mogo?e hitro in varno upravljati - va\u0161 otrok se bo na sankali\u0161?u hitro zabaval in postal &#8220;kralj&#8221; na pobo?ju.<\/p>\n<p>?e \u017eelite zase ali za svoje otroke kupiti nove plasti?ne bobe ali plasti?ne sani, morate upo\u0161tevati nekaj stvari:<\/p>\n<p>kakovost - plasti?ni bob ne sme biti poceni izdelek slab\u0161e kakovosti - originalni mini bob se proizvaja izklju?no v Nem?iji - vsak bob se po proizvodnji preveri za napake in po potrebi ro?no predela.<\/p>\n<p>2. te\u017ea kolesarja v povezavi s plasti?nim bobom. Mini bob je namenjen otrokom od 3. leta starosti in odraslim do te\u017ee 90 kg. <\/p>\n<p>3. razvoj - plasti?ni bob mora biti preizku\u0161en \u017ee ve? let in vedno delovati brezhibno. Dolga \u017eivljenjska doba kljub intenzivni uporabi bi morala biti vedno zagotovljena. Originalni mini bob je v nespremenjeni obliki na trgu \u017ee od leta 1976 in \u017ee ve? generacij u\u017eiva veliko priljubljenost.  <\/p>\n<p>Zato se odlo?ite za plasti?ne bobe ali plasti?ne sani, ki bodo vam, va\u0161i dru\u017eini in prijateljem \u0161e dolgo nudile veliko zabave. Plasti?ni bob &#8220;mini bob&#8221; je na voljo pri dobro zalo\u017eenih prodajalcih \u0161portnih izdelkov in igra? ter v \u0161tevilnih spletnih trgovinah! Pri nakupu plasti?nega boba pa bodite vedno pozorni na originalni logotip &#8220;mini bob&#8221; in pri prodajalcu zahtevajte &#8220;original&#8221;!  <\/p>\n<p>Trgovce lahko najdete na na\u0161i<a href=\"https:\/\/mini-bob.com\/sl\/?page_id=158632\">strani&#8221;Nakup mini bob&#8221;<\/a>.<\/p>\n<p>[\/vc_wp_text][\/vc_column][\/vc_row][vc_row][vc_column]<style type=\"text\/css\" data-type=\"the7_shortcodes-inline-css\">#default-btn-4f46d0bdad97c440c618520f291bce11.ico-right-side > i {\n  margin-right: 0px;\n  margin-left: 8px;\n}\n#default-btn-4f46d0bdad97c440c618520f291bce11 > i {\n  margin-right: 8px;\n}<\/style><a href=\"https:\/\/mini-bob.com\/mini-bob-zipfelbob-shop\/\" class=\"default-btn-shortcode dt-btn dt-btn-l link-hover-off btn-inline-left \" id=\"default-btn-4f46d0bdad97c440c618520f291bce11\" title=\"Originalni mini bob (Zipfelbob) Trgovina\"><i class=\"icomoon-the7-font-the7-arrow-27\"><\/i><span>kupi originalnega miniboba - plasti?ni bob!<\/span><\/a>[\/vc_column][\/vc_row]<\/p>\n<\/div>","protected":false},"excerpt":{"rendered":"<p>[vc_row][vc_column][vc_custom_heading text=&#8221;Kupite plasti?ni bob - originalni mini bob od leta 1976&#8243; google_fonts=&#8221;font_family:Roboto%3A100%2C100italic%2C300%2C300italic%2Cregular%2Citalic%2C500%2C500italic%2C700%2C700italic%2C900%2C900italic|font_style:400%20regular%3A400%3Anormal&#8221;][vc_column_text]I\u0161?ete najbolj\u0161i plasti?ni bob ali plasti?ne sani zase ali za svoje otroke? Ne glede na to, ali \u017eelite kupiti plasti?ni bob za darilo ali pa sami i\u0161?ete najve?jo zabavo za sankanje &#8230; z originalnim mini bobom ste pri\u0161li na pravo mesto! Tukaj izveste, kateri&hellip;<\/p>\n","protected":false},"author":1,"featured_media":0,"parent":0,"menu_order":0,"comment_status":"closed","ping_status":"closed","template":"","meta":{"_acf_changed":false,"footnotes":""},"class_list":["post-158610","page","type-page","status-publish","hentry","description-off"],"acf":[],"_links":{"self":[{"href":"https:\/\/mini-bob.com\/sl\/wp-json\/wp\/v2\/pages\/158610","targetHints":{"allow":["GET"]}}],"collection":[{"href":"https:\/\/mini-bob.com\/sl\/wp-json\/wp\/v2\/pages"}],"about":[{"href":"https:\/\/mini-bob.com\/sl\/wp-json\/wp\/v2\/types\/page"}],"author":[{"embeddable":true,"href":"https:\/\/mini-bob.com\/sl\/wp-json\/wp\/v2\/users\/1"}],"replies":[{"embeddable":true,"href":"https:\/\/mini-bob.com\/sl\/wp-json\/wp\/v2\/comments?post=158610"}],"version-history":[{"count":3,"href":"https:\/\/mini-bob.com\/sl\/wp-json\/wp\/v2\/pages\/158610\/revisions"}],"predecessor-version":[{"id":158614,"href":"https:\/\/mini-bob.com\/sl\/wp-json\/wp\/v2\/pages\/158610\/revisions\/158614"}],"wp:attachment":[{"href":"https:\/\/mini-bob.com\/sl\/wp-json\/wp\/v2\/media?parent=158610"}],"curies":[{"name":"wp","href":"https:\/\/api.w.org\/{rel}","templated":true}]}}