{"id":158616,"date":"2015-02-18T16:52:58","date_gmt":"2015-02-18T15:52:58","guid":{"rendered":"https:\/\/mini-bob.com\/milka-mini-bob\/"},"modified":"2025-11-23T18:20:49","modified_gmt":"2025-11-23T17:20:49","slug":"milka-mini-bob","status":"publish","type":"page","link":"https:\/\/mini-bob.com\/sl\/milka-mini-bob\/","title":{"rendered":"Milka mini bob"},"content":{"rendered":"<div class=\"wpb-content-wrapper\"><p>[vc_row][vc_column][vc_custom_heading text=&#8221;mini bob v dizajnu MILKA&#8221; google_fonts=&#8221;font_family:Roboto%20Condensed%3A300%2C300italic%2Cregular%2Citalic%2C700%2C700italic|font_style:400%20regular%3A400%3Anormal&#8221;][vc_column_text]MILKA in mini bob sta sklenila tesno partnerstvo.<br \/>\nRezultat je mini bob v dizajnu MILKA.[\/vc_column_text][\/vc_column][\/vc_row][vc_row][vc_column width=&#8221;1\/2&#8243;][vc_single_image image=&#8221;158621&#8243; img_size=&#8221;large&#8221;][\/vc_column][vc_column width=&#8221;1\/2&#8243;][vc_column_text]Mini bob v dizajnu MILKA je originalni mini bob in zato ponuja vse obi?ajne funkcije za zabavo pri vo\u017enji. Barva je MILKA - ?okoladno vijoli?na in bela. Mini bob v dizajnu MILKA je omejena posebna serija.  <\/p>\n<p>Vas zanima mini bob v oblikovanju MILKA? Mini bob v dizajnu MILKA lahko naro?ite v spletni trgovini Milka. <\/p>\n<p>&nbsp;<\/p>\n<p>++ \u017dal je mini bob v dizajnu MILKA \u017ee razprodan! ++[\/vc_column_text]<style type=\"text\/css\" data-type=\"the7_shortcodes-inline-css\">#default-btn-4876619e5f34e0b279cd85c1ec79de35.ico-right-side > i {\n  margin-right: 0px;\n  margin-left: 8px;\n}\n#default-btn-4876619e5f34e0b279cd85c1ec79de35 > i {\n  margin-right: 8px;\n}<\/style><a href=\"https:\/\/mini-bob.com\/mini-bob-zipfelbob-shop\/\" class=\"default-btn-shortcode dt-btn dt-btn-l link-hover-off btn-inline-left \" id=\"default-btn-4876619e5f34e0b279cd85c1ec79de35\" title=\"Originalni mini bob (Zipfelbob) Trgovina\"><span>NAKUP mini bob<\/span><\/a>[vc_empty_space][vc_column_text]I\u0161?ete personalizirano, visokokakovostno darilo za stranke ali \u017eelite svoje podjetje predstaviti z ustreznim promocijskim predmetom?<\/p>\n<p>Mini bob prena\u0161a va\u0161e sporo?ilo v pravem pomenu besede! Na snegu je zabaven tako za mlade kot za stare, navdu\u0161uje pa s svojo zanesljivostjo in kakovostjo - narejen v Nem?iji. <\/p>\n<p>Z veseljem izdelamo mini bob v barvah va\u0161ega podjetja, lahko pa tudi izpolnimo va\u0161e individualne zahteve.<\/p>\n<p>Primere tega najdete na na\u0161i strani: <a href=\"https:\/\/mini-bob.com\/sl\/?page_id=158617\">mali plasti?ni bob kot ogla\u0161evalski medij<\/a>.<\/p>\n<p>Preprosto stopite v stik z nami in poiskali bomo ustrezno re\u0161itev za vas![\/vc_column_text][\/vc_column][\/vc_row][vc_row][vc_column][vc_custom_heading text=&#8221;mini bob v dizajnu Milka&#8221; font_container=&#8221;tag:h3|text_align:left&#8221; google_fonts=&#8221;font_family:Roboto%20Condensed%3A300%2C300italic%2Cregular%2Citalic%2C700%2C700italic|font_style:400%20regular%3A400%3Anormal&#8221;][\/vc_column][\/vc_row][vc_row][vc_column]<style type=\"text\/css\" data-type=\"the7_shortcodes-inline-css\">.gallery-shortcode.gallery-masonry-shortcode-id-22e790befea13240da82b6975b40ec6c figure,\n.gallery-shortcode.gallery-masonry-shortcode-id-22e790befea13240da82b6975b40ec6c .rollover,\n.gallery-shortcode.gallery-masonry-shortcode-id-22e790befea13240da82b6975b40ec6c img,\n.gallery-shortcode.gallery-masonry-shortcode-id-22e790befea13240da82b6975b40ec6c .gallery-rollover {\n  border-radius: 0px;\n}\n.gallery-shortcode.gallery-masonry-shortcode-id-22e790befea13240da82b6975b40ec6c.enable-bg-rollover .gallery-rollover {\n  background: -webkit-linear-gradient();\n  background: linear-gradient();\n}\n.gallery-shortcode.gallery-masonry-shortcode-id-22e790befea13240da82b6975b40ec6c.enable-bg-rollover.hover-scale figure .rollover:after {\n  background: -webkit-linear-gradient();\n  background: linear-gradient();\n}\n.gallery-shortcode.gallery-masonry-shortcode-id-22e790befea13240da82b6975b40ec6c .gallery-zoom-ico {\n  width: 44px;\n  height: 44px;\n  line-height: 44px;\n  border-radius: 100px;\n  margin: -22px 0 0 -22px;\n  border-width: 0px;\n  color: #ffffff;\n}\n.dt-icon-bg-on.gallery-shortcode.gallery-masonry-shortcode-id-22e790befea13240da82b6975b40ec6c .gallery-zoom-ico {\n  background: rgba(255,255,255,0.3);\n  box-shadow: none;\n}\n.gallery-shortcode.gallery-masonry-shortcode-id-22e790befea13240da82b6975b40ec6c .gallery-zoom-ico:before,\n.gallery-shortcode.gallery-masonry-shortcode-id-22e790befea13240da82b6975b40ec6c .gallery-zoom-ico span {\n  font-size: 32px;\n  line-height: 44px;\n  color: #ffffff;\n}\n.gallery-shortcode.gallery-masonry-shortcode-id-22e790befea13240da82b6975b40ec6c:not(.resize-by-browser-width) .dt-css-grid {\n  grid-row-gap: 10px;\n  grid-column-gap: 10px;\n  grid-template-columns: repeat(auto-fill,minmax(,1fr));\n}\n.gallery-shortcode.gallery-masonry-shortcode-id-22e790befea13240da82b6975b40ec6c:not(.resize-by-browser-width) .dt-css-grid .double-width {\n  grid-column: span 2;\n}\n.cssgridlegacy.no-cssgrid .gallery-shortcode.gallery-masonry-shortcode-id-22e790befea13240da82b6975b40ec6c:not(.resize-by-browser-width) .dt-css-grid,\n.no-cssgridlegacy.no-cssgrid .gallery-shortcode.gallery-masonry-shortcode-id-22e790befea13240da82b6975b40ec6c:not(.resize-by-browser-width) .dt-css-grid {\n  display: flex;\n  flex-flow: row wrap;\n  margin: -5px;\n}\n.cssgridlegacy.no-cssgrid .gallery-shortcode.gallery-masonry-shortcode-id-22e790befea13240da82b6975b40ec6c:not(.resize-by-browser-width) .dt-css-grid .wf-cell,\n.no-cssgridlegacy.no-cssgrid .gallery-shortcode.gallery-masonry-shortcode-id-22e790befea13240da82b6975b40ec6c:not(.resize-by-browser-width) .dt-css-grid .wf-cell {\n  flex: 1 0 ;\n  max-width: 100%;\n  padding: 5px;\n  box-sizing: border-box;\n}\n.gallery-shortcode.gallery-masonry-shortcode-id-22e790befea13240da82b6975b40ec6c.resize-by-browser-width .dt-css-grid {\n  grid-template-columns: repeat(3,1fr);\n  grid-template-rows: auto;\n  grid-column-gap: 10px;\n  grid-row-gap: 10px;\n}\n.gallery-shortcode.gallery-masonry-shortcode-id-22e790befea13240da82b6975b40ec6c.resize-by-browser-width .dt-css-grid .double-width {\n  grid-column: span 2;\n}\n.cssgridlegacy.no-cssgrid .gallery-shortcode.gallery-masonry-shortcode-id-22e790befea13240da82b6975b40ec6c.resize-by-browser-width .dt-css-grid {\n  margin: -5px;\n}\n.cssgridlegacy.no-cssgrid .gallery-shortcode.gallery-masonry-shortcode-id-22e790befea13240da82b6975b40ec6c.resize-by-browser-width .dt-css-grid .wf-cell {\n  width: 33.333333333333%;\n  padding: 5px;\n}\n.cssgridlegacy.no-cssgrid .gallery-shortcode.gallery-masonry-shortcode-id-22e790befea13240da82b6975b40ec6c.resize-by-browser-width .dt-css-grid .wf-cell.double-width {\n  width: calc(33.333333333333%) * 2;\n}\n.gallery-shortcode.gallery-masonry-shortcode-id-22e790befea13240da82b6975b40ec6c.resize-by-browser-width:not(.centered-layout-list):not(.content-bg-on) .dt-css-grid {\n  grid-row-gap: 10px - ;\n}\n@media screen and (max-width: 1199px) {\n  .gallery-shortcode.gallery-masonry-shortcode-id-22e790befea13240da82b6975b40ec6c.resize-by-browser-width .dt-css-grid {\n    grid-template-columns: repeat(3,1fr);\n  }\n  .cssgridlegacy.no-cssgrid .gallery-shortcode.gallery-masonry-shortcode-id-22e790befea13240da82b6975b40ec6c.resize-by-browser-width .dt-css-grid .wf-cell,\n  .no-cssgridlegacy.no-cssgrid .gallery-shortcode.gallery-masonry-shortcode-id-22e790befea13240da82b6975b40ec6c.resize-by-browser-width .dt-css-grid .wf-cell {\n    width: 33.333333333333%;\n  }\n  .cssgridlegacy.no-cssgrid .gallery-shortcode.gallery-masonry-shortcode-id-22e790befea13240da82b6975b40ec6c.resize-by-browser-width .dt-css-grid .wf-cell.double-width,\n  .no-cssgridlegacy.no-cssgrid .gallery-shortcode.gallery-masonry-shortcode-id-22e790befea13240da82b6975b40ec6c.resize-by-browser-width .dt-css-grid .wf-cell.double-width {\n    width: calc(33.333333333333%)*2;\n  }\n}\n@media screen and (max-width: 991px) {\n  .gallery-shortcode.gallery-masonry-shortcode-id-22e790befea13240da82b6975b40ec6c.resize-by-browser-width .dt-css-grid {\n    grid-template-columns: repeat(3,1fr);\n  }\n  .cssgridlegacy.no-cssgrid .gallery-shortcode.gallery-masonry-shortcode-id-22e790befea13240da82b6975b40ec6c.resize-by-browser-width .dt-css-grid .wf-cell,\n  .no-cssgridlegacy.no-cssgrid .gallery-shortcode.gallery-masonry-shortcode-id-22e790befea13240da82b6975b40ec6c.resize-by-browser-width .dt-css-grid .wf-cell {\n    width: 33.333333333333%;\n  }\n  .cssgridlegacy.no-cssgrid .gallery-shortcode.gallery-masonry-shortcode-id-22e790befea13240da82b6975b40ec6c.resize-by-browser-width .dt-css-grid .wf-cell.double-width,\n  .no-cssgridlegacy.no-cssgrid .gallery-shortcode.gallery-masonry-shortcode-id-22e790befea13240da82b6975b40ec6c.resize-by-browser-width .dt-css-grid .wf-cell.double-width {\n    width: calc(33.333333333333%)*2;\n  }\n}\n@media screen and (max-width: 767px) {\n  .gallery-shortcode.gallery-masonry-shortcode-id-22e790befea13240da82b6975b40ec6c.resize-by-browser-width .dt-css-grid {\n    grid-template-columns: repeat(2,1fr);\n  }\n  .cssgridlegacy.no-cssgrid .gallery-shortcode.gallery-masonry-shortcode-id-22e790befea13240da82b6975b40ec6c.resize-by-browser-width .dt-css-grid .wf-cell,\n  .no-cssgridlegacy.no-cssgrid .gallery-shortcode.gallery-masonry-shortcode-id-22e790befea13240da82b6975b40ec6c.resize-by-browser-width .dt-css-grid .wf-cell {\n    width: 50%;\n  }\n  .cssgridlegacy.no-cssgrid .gallery-shortcode.gallery-masonry-shortcode-id-22e790befea13240da82b6975b40ec6c.resize-by-browser-width .dt-css-grid .wf-cell.double-width,\n  .no-cssgridlegacy.no-cssgrid .gallery-shortcode.gallery-masonry-shortcode-id-22e790befea13240da82b6975b40ec6c.resize-by-browser-width .dt-css-grid .wf-cell.double-width {\n    width: calc(50%)*2;\n  }\n}<\/style><div class=\"gallery-shortcode dt-gallery-container gallery-masonry-shortcode-id-22e790befea13240da82b6975b40ec6c mode-masonry jquery-filter dt-icon-bg-off quick-scale-img enable-bg-rollover resize-by-browser-width  hover-fade loading-effect-fade-in description-on-hover\" data-padding=\"5px\" data-cur-page=\"1\" data-post-limit=\"-1\" data-pagination-mode=\"none\" data-desktop-columns-num=\"3\" data-v-tablet-columns-num=\"3\" data-h-tablet-columns-num=\"3\" data-phone-columns-num=\"2\" data-width=\"0px\" data-columns=\"0\"><div class=\"iso-container\" ><\/div><!-- iso-container|iso-grid --><\/div>[\/vc_column][\/vc_row]<\/p>\n<\/div>","protected":false},"excerpt":{"rendered":"<p>[vc_row][vc_column][vc_custom_heading text=&#8221;mini bob v dizajnu MILKA&#8221; google_fonts=&#8221;font_family:Roboto%20Condensed%3A300%2C300italic%2Cregular%2Citalic%2C700%2C700italic|font_style:400%20regular%3A400%3Anormal&#8221;][vc_column_text]MILKA in mini bob sta sklenila tesno partnerstvo. Rezultat je mini bob v dizajnu MILKA.[\/vc_column_text][\/vc_column][\/vc_row][vc_row][vc_column width=&#8221;1\/2&#8243;][vc_single_image image=&#8221;158621&#8243; img_size=&#8221;large&#8221;][\/vc_column][vc_column width=&#8221;1\/2&#8243;][vc_column_text]Mini bob v dizajnu MILKA je originalni mini bob in zato ponuja vse obi?ajne funkcije za zabavo pri vo\u017enji. Barva je MILKA - ?okoladno vijoli?na in bela. Mini bob v dizajnu&hellip;<\/p>\n","protected":false},"author":1,"featured_media":0,"parent":0,"menu_order":0,"comment_status":"closed","ping_status":"closed","template":"","meta":{"_acf_changed":false,"footnotes":""},"class_list":["post-158616","page","type-page","status-publish","hentry","description-off"],"acf":[],"_links":{"self":[{"href":"https:\/\/mini-bob.com\/sl\/wp-json\/wp\/v2\/pages\/158616","targetHints":{"allow":["GET"]}}],"collection":[{"href":"https:\/\/mini-bob.com\/sl\/wp-json\/wp\/v2\/pages"}],"about":[{"href":"https:\/\/mini-bob.com\/sl\/wp-json\/wp\/v2\/types\/page"}],"author":[{"embeddable":true,"href":"https:\/\/mini-bob.com\/sl\/wp-json\/wp\/v2\/users\/1"}],"replies":[{"embeddable":true,"href":"https:\/\/mini-bob.com\/sl\/wp-json\/wp\/v2\/comments?post=158616"}],"version-history":[{"count":4,"href":"https:\/\/mini-bob.com\/sl\/wp-json\/wp\/v2\/pages\/158616\/revisions"}],"predecessor-version":[{"id":158630,"href":"https:\/\/mini-bob.com\/sl\/wp-json\/wp\/v2\/pages\/158616\/revisions\/158630"}],"wp:attachment":[{"href":"https:\/\/mini-bob.com\/sl\/wp-json\/wp\/v2\/media?parent=158616"}],"curies":[{"name":"wp","href":"https:\/\/api.w.org\/{rel}","templated":true}]}}